{"id":2842,"date":"2025-12-09T14:06:47","date_gmt":"2025-12-09T13:06:47","guid":{"rendered":"https:\/\/hotelardesia.com\/messe-rimini"},"modified":"2025-12-09T14:06:48","modified_gmt":"2025-12-09T13:06:48","slug":"messe-rimini","status":"publish","type":"page","link":"https:\/\/hotelardesia.com\/de\/messe-rimini","title":{"rendered":"Hotel Ardesia in der N\u00e4he der Messe Rimini"},"content":{"rendered":"<div class=\"wpb-content-wrapper\"><p>[vc_row css_animation=&#8220;&#8220; row_type=&#8220;row&#8220; use_row_as_full_screen_section=&#8220;no&#8220; type=&#8220;grid&#8220; angled_section=&#8220;no&#8220; text_align=&#8220;left&#8220; background_image_as_pattern=&#8220;without_pattern&#8220; z_index=&#8220;&#8220;][vc_column][vc_empty_space][vc_column_text css=&#8220;&#8220;]<\/p>\n<h3>Das Hotel Ardesia, f\u00fcnf Minuten von der Messe Rimini entfernt<\/h3>\n<p>Zu den zahlreichen Ressourcen Riminis geh\u00f6rt auch ein Messegel\u00e4nde, das im Laufe der Jahre zu einem Treffpunkt von gro\u00dfem Interesse f\u00fcr nationale und internationale Unternehmen geworden ist, die dort viele der Innovationen vorgestellt haben, die die heutige Welt pr\u00e4gen.<\/p>\n<p>Die Messe Rimini ist ein gro\u00dfes, hochmodernes Zentrum f\u00fcr Technologie und Dienstleistungen, eine Gesch\u00e4ftswelt, die jedes Jahr eine betr\u00e4chtliche Anzahl von G\u00e4sten aus der Branche und einfachen Besuchern anzieht.<\/p>\n<p>Mehr als vierzig Veranstaltungen finden jedes Jahr auf der Messe Rimini statt, die verschiedene Bereiche betreffen, darunter Tourismus, Wellness, Freizeit, Industrieanlagen und vieles mehr.<br \/>Eine imposante Anlage empf\u00e4ngt die G\u00e4ste, in der alle R\u00e4ume f\u00fcr maximale Funktionalit\u00e4t und Modernit\u00e4t optimiert sind und in der sich neben den Ausstellungsr\u00e4umen, die mit allen Arten von Dienstleistungen ausgestattet sind, auch Presser\u00e4ume, Empfangsbereiche, Gastronomiebereiche und vieles mehr, was die Messe zu einer Stadt in der Stadt macht, die mit besonderem Augenmerk auf die Umweltvertr\u00e4glichkeit gebaut wurde, wie aus einer Struktur hervorgeht, die Holz und Gr\u00fcnfl\u00e4chen mit verschiedenen Pflanzenarten und spektakul\u00e4ren Springbrunnen bevorzugt.<\/p>\n<p>Auf dem Weg zwischen den Loggien und Arkaden, die die verschiedenen Messehallen verbinden, kann man die Angebote der verschiedenen an den Messen teilnehmenden Unternehmen betrachten, darunter vor allem: die SIGEP, Messe f\u00fcr Eisdielen und Konditoreien, Pianeta Birra f\u00fcr Bier, Getr\u00e4nke und Snacks, MIA, die Messe f\u00fcr hochwertige Agrar- und Lebensmittelprodukte, Rimini Wellness, die sich dem Wohlbefinden und allen damit verbundenen Aktivit\u00e4ten widmet, Mondo Natura mit Wohnmobilen, Wohnwagen und allem, was mit Outdoor-Tourismus zu tun hat, und Ecomondo mit den neuesten Angeboten zu neuen Energien und Materialien, die eine umweltvertr\u00e4gliche Entwicklung erm\u00f6glichen.<\/p>\n<p>F\u00fcr Liebhaber von Renn- und Spezialfahrzeugen ist die Veranstaltung My Special Car ein Muss, bei der sie die innovativsten Sportwagen und die kreativsten \u201eSpezialfahrzeuge\u201d bewundern k\u00f6nnen. Und f\u00fcr alle, die in der Welt der Gastronomie Gesch\u00e4fte machen m\u00f6chten, sollte die Messe Sia Guest unbedingt einen Platz im Terminkalender einnehmen.<\/p>\n<p>Die Messe Rimini ist eine Welt, die immer wieder \u00fcberrascht, ein au\u00dfergew\u00f6hnliches Umfeld, das sich rund um ihre Veranstaltungen formt und verwandelt. Nur wenige Schritte vom Messegel\u00e4nde entfernt befindet sich das Hotel Ardesia, ein komfortabler Ausgangspunkt f\u00fcr einen Urlaub oder eine Gesch\u00e4ftsreise.[\/vc_column_text][vc_empty_space][\/vc_column][\/vc_row]<\/p>\n<\/div>","protected":false},"excerpt":{"rendered":"<p>[vc_row css_animation=&#8220;&#8220; row_type=&#8220;row&#8220; use_row_as_full_screen_section=&#8220;no&#8220; type=&#8220;grid&#8220; angled_section=&#8220;no&#8220; text_align=&#8220;left&#8220; background_image_as_pattern=&#8220;without_pattern&#8220; z_index=&#8220;&#8220;][vc_column][vc_empty_space][vc_column_text css=&#8220;&#8220;] Das Hotel Ardesia, f\u00fcnf Minuten von der Messe Rimini entfernt Zu den zahlreichen Ressourcen Riminis geh\u00f6rt auch ein Messegel\u00e4nde, das im Laufe der Jahre zu einem Treffpunkt von gro\u00dfem Interesse f\u00fcr nationale und internationale Unternehmen&#8230;<\/p>\n","protected":false},"author":1,"featured_media":0,"parent":0,"menu_order":0,"comment_status":"closed","ping_status":"closed","template":"full_width.php","meta":{"_monsterinsights_skip_tracking":false,"_monsterinsights_sitenote_active":false,"_monsterinsights_sitenote_note":"","_monsterinsights_sitenote_category":0,"footnotes":""},"class_list":["post-2842","page","type-page","status-publish","hentry"],"aioseo_notices":[],"_links":{"self":[{"href":"https:\/\/hotelardesia.com\/de\/wp-json\/wp\/v2\/pages\/2842","targetHints":{"allow":["GET"]}}],"collection":[{"href":"https:\/\/hotelardesia.com\/de\/wp-json\/wp\/v2\/pages"}],"about":[{"href":"https:\/\/hotelardesia.com\/de\/wp-json\/wp\/v2\/types\/page"}],"author":[{"embeddable":true,"href":"https:\/\/hotelardesia.com\/de\/wp-json\/wp\/v2\/users\/1"}],"replies":[{"embeddable":true,"href":"https:\/\/hotelardesia.com\/de\/wp-json\/wp\/v2\/comments?post=2842"}],"version-history":[{"count":0,"href":"https:\/\/hotelardesia.com\/de\/wp-json\/wp\/v2\/pages\/2842\/revisions"}],"wp:attachment":[{"href":"https:\/\/hotelardesia.com\/de\/wp-json\/wp\/v2\/media?parent=2842"}],"curies":[{"name":"wp","href":"https:\/\/api.w.org\/{rel}","templated":true}]}}