{"id":2853,"date":"2025-12-09T14:08:18","date_gmt":"2025-12-09T13:08:18","guid":{"rendered":"https:\/\/hotelardesia.com\/oltremare"},"modified":"2025-12-09T14:08:19","modified_gmt":"2025-12-09T13:08:19","slug":"oltremare","status":"publish","type":"page","link":"https:\/\/hotelardesia.com\/de\/oltremare","title":{"rendered":"Entdecken Sie die faszinierende Welt von Oltremare"},"content":{"rendered":"<div class=\"wpb-content-wrapper\"><p>[vc_row css_animation=&#8220;&#8220; row_type=&#8220;row&#8220; use_row_as_full_screen_section=&#8220;no&#8220; type=&#8220;full_width&#8220; angled_section=&#8220;no&#8220; text_align=&#8220;left&#8220; background_image_as_pattern=&#8220;without_pattern&#8220;][vc_column][vc_empty_space][vc_column_text css=&#8220;&#8220;]<\/p>\n<h3>Entdecken Sie die faszinierende Welt von Oltremare<\/h3>\n<p>Ein Besuch in <strong>Oltremare<\/strong> ist wie das Bl\u00e4ttern in einem Buch mit magischen Seiten, die Details einer Welt zeigen, die wir vor Augen haben, die uns aber st\u00e4ndig entgeht. In diesem unglaublichen Park in Riccione in der N\u00e4he des Aquafan machen Sie spannende Entdeckungen \u00fcber die Erde, ihre Geschichte und das Meer, das sie umsp\u00fclt.<\/p>\n<p>Bei einem Besuch in Oltremare k\u00f6nnen Sie viele Tiere bewundern, von Meerestieren wie Delfinen oder Seepferdchen bis hin zu Landtieren wie V\u00f6geln, Insekten und Nutztieren.<\/p>\n<p>Die Reise nach Oltremare beginnt mit der Geschichte von <strong>Pianeta Terra<\/strong> (Planet Erde), einem Parcours, der speziell daf\u00fcr konzipiert wurde, alle Details der Erdentwicklung von der Vorgeschichte bis zum Erscheinen des Menschen zu zeigen, eine Reise \u00fcber Millionen von Jahren mit realistischen Nachbildungen von Dinosauriern.<\/p>\n<p><strong>Pianeta mare<\/strong> hingegen ist eine riesige Ausstellung, die der Meeresumwelt gewidmet ist, mit Exemplaren der gr\u00f6\u00dften Fische, wie Haien, und seltsamen Fischen, wie Mondfischen. Insbesondere im Jahr 2010 wurden zwei Neuheiten eingef\u00fchrt, mit gro\u00dfen Aquarien und interaktiven Becken, in denen man den bizarrsten und lustigsten Arten des Meeres von Angesicht zu Angesicht begegnen kann. Der Rundgang endet mit der Beobachtung von Delfinen durch ein gro\u00dfes Unterwasserfenster, begleitet von Erkl\u00e4rungen und interessanten Fakten, die von den Trainern vermittelt werden.<\/p>\n<p>\u00dcbrigens k\u00f6nnen auch Sie f\u00fcr einen Tag zum Trainer werden und die Aufregung erleben, neben diesen fantastischen Kreaturen zu stehen, die in der <strong>Laguna dei Delfini<\/strong> wundersch\u00f6ne Kunstst\u00fccke vorf\u00fchren. Unter den elf Exemplaren, die im Park leben, lernen Sie Ulisse kennen, den neugierigen Delfin.<\/p>\n<p>Eine weitere Neuheit in diesem Jahr ist die M\u00f6glichkeit, Falkner zu werden und die wahre Kunst der Falknerausbildung nach besonderen Techniken zu erlernen, die aus alten Traditionen bekannt sind.<\/p>\n<p>Nicht nur f\u00fcr die Kleinsten wird der Besuch des Bereichs <strong>Hippocampus<\/strong> ein beeindruckendes Erlebnis sein, einem Reservat, in dem Seepferdchen, Nadelfische und Seeteufel in ihrem nat\u00fcrlichen Lebensraum frei schwimmen k\u00f6nnen.<\/p>\n<p>Zum kr\u00f6nenden Abschluss darf nat\u00fcrlich das i-T\u00fcpfelchen nicht fehlen: das I max, ein einzigartiges Kinoerlebnis, das Sie in dreidimensionale Projektionen von Naturdokumentationen eintauchen l\u00e4sst, mit Video- und Audioeffekten, die Ihnen das Gef\u00fchl geben, die Projektion in der Realit\u00e4t zu erleben.<\/p>\n<p>Buchen Sie Ihren Aufenthalt im <strong>Albergo Ardesia<\/strong>, wo Sie in einer <strong>famili\u00e4ren Umgebung nur wenige Schritte vom Meer und wenige Minuten von Oltremare entfernt<\/strong> untergebracht werden und viele Angebote f\u00fcr Sie und Ihre Kinder erwarten.[\/vc_column_text][vc_empty_space][\/vc_column][\/vc_row]<\/p>\n<\/div>","protected":false},"excerpt":{"rendered":"<p>[vc_row css_animation=&#8220;&#8220; row_type=&#8220;row&#8220; use_row_as_full_screen_section=&#8220;no&#8220; type=&#8220;full_width&#8220; angled_section=&#8220;no&#8220; text_align=&#8220;left&#8220; background_image_as_pattern=&#8220;without_pattern&#8220;][vc_column][vc_empty_space][vc_column_text css=&#8220;&#8220;] Entdecken Sie die faszinierende Welt von Oltremare Ein Besuch in Oltremare ist wie das Bl\u00e4ttern in einem Buch mit magischen Seiten, die Details einer Welt zeigen, die wir vor Augen haben, die uns aber st\u00e4ndig entgeht&#8230;.<\/p>\n","protected":false},"author":1,"featured_media":0,"parent":0,"menu_order":0,"comment_status":"closed","ping_status":"closed","template":"","meta":{"_monsterinsights_skip_tracking":false,"_monsterinsights_sitenote_active":false,"_monsterinsights_sitenote_note":"","_monsterinsights_sitenote_category":0,"footnotes":""},"class_list":["post-2853","page","type-page","status-publish","hentry"],"aioseo_notices":[],"_links":{"self":[{"href":"https:\/\/hotelardesia.com\/de\/wp-json\/wp\/v2\/pages\/2853","targetHints":{"allow":["GET"]}}],"collection":[{"href":"https:\/\/hotelardesia.com\/de\/wp-json\/wp\/v2\/pages"}],"about":[{"href":"https:\/\/hotelardesia.com\/de\/wp-json\/wp\/v2\/types\/page"}],"author":[{"embeddable":true,"href":"https:\/\/hotelardesia.com\/de\/wp-json\/wp\/v2\/users\/1"}],"replies":[{"embeddable":true,"href":"https:\/\/hotelardesia.com\/de\/wp-json\/wp\/v2\/comments?post=2853"}],"version-history":[{"count":0,"href":"https:\/\/hotelardesia.com\/de\/wp-json\/wp\/v2\/pages\/2853\/revisions"}],"wp:attachment":[{"href":"https:\/\/hotelardesia.com\/de\/wp-json\/wp\/v2\/media?parent=2853"}],"curies":[{"name":"wp","href":"https:\/\/api.w.org\/{rel}","templated":true}]}}