{"id":2872,"date":"2025-12-09T14:11:29","date_gmt":"2025-12-09T13:11:29","guid":{"rendered":"https:\/\/hotelardesia.com\/weiterer-text"},"modified":"2025-12-09T14:11:29","modified_gmt":"2025-12-09T13:11:29","slug":"weiterer-text","status":"publish","type":"page","link":"https:\/\/hotelardesia.com\/de\/weiterer-text","title":{"rendered":"WEITERER TEXT"},"content":{"rendered":"<p>Albergo Ardesia &#8211; Viale delle Rimembranze, 80 &#8211; 47924 Bellariva, Rimini (RN) &#8211; Umsatzsteuer-Identifikationsnummer 00267650406<br \/>\nTel. 0541.389363 \/ 0541.389453 Fax. 0541.305357 Mobil 328\/7425826 &#8211; E-Mail: info@hotelardesia.com<\/p>\n<p>Hotel Rimini Ganzj\u00e4hrig ge\u00f6ffnet<\/p>\n<p>In privilegierter Lage in Bellariva di Rimini, nur wenige Schritte vom Zentrum von Rimini entfernt und leicht mit dem Fahrrad oder Bus erreichbar, ist das Albergo Ardesia ein 3-Sterne-Hotel mit Vollpension in Rimini, das ganzj\u00e4hrig ge\u00f6ffnet ist und sich mit seinen familienorientierten Dienstleistungen zu einem der besten Hotels f\u00fcr Kinder an der Riviera Romagnola z\u00e4hlt. Unser Familienhotel in Rimini liegt in unmittelbarer N\u00e4he zum Strand und nur wenige Minuten vom Vergn\u00fcgungspark Fiabilandia entfernt, ganz zu schweigen vom Delfinarium und Italia in Miniatura.<br \/>\nBegeisternd sind die Ausfl\u00fcge, die von unserem g\u00fcnstigen Hotel in Rimini aus starten und zur Entdeckung von Orten f\u00fchren, an denen die Zeit stehen geblieben zu sein scheint, charakteristische D\u00f6rfer im Hinterland der Romagna wie San Marino, wo Sie auf keinen Fall die magischen Mittelaltertage mit historischen Nachstellungen und Armbrustturnieren verpassen sollten, f\u00fcr die diese Region eine gro\u00dfe Tradition hat.<br \/>\nErleben Sie w\u00e4hrend Ihres Familienurlaubs in Rimini intensive, unterhaltsame und unbeschwerte Tage in den zahlreichen Parks der Romagna und profitieren Sie von der N\u00e4he unseres Hotels am Meer in der N\u00e4he von Rimini zu jedem einzelnen davon. F\u00fcr einen Nachmittag voller Shopping oder einen entspannten Spaziergang, nur wenige Minuten von unserem Familienhotel in Rimini entfernt.<\/p>\n<p>&nbsp;<\/p>\n<p>Nur wenige Meter vom Hotel entfernt befindet sich auch die Poliambulatorio Nuova Ricerca, ein hochmodernes medizinisches Zentrum f\u00fcr die gesamte Region Romagna.<br \/>\nHotel in der N\u00e4he der Messe Rimini<\/p>\n<p>Wer gesch\u00e4ftlich in der Stadt ist, findet in diesem 3-Sterne-Hotel in Bellariva di Rimini einen hervorragenden Ausgangspunkt, um die Messe Rimini zu erreichen und an den prestigetr\u00e4chtigen Veranstaltungen teilzunehmen, die den Kalender bereichern, wie beispielsweise Sigep, Rimini Wellness und TTG.<br \/>\nDas Gesch\u00e4ftsangebot hat sich mittlerweile so weit erweitert, dass die Stadt dank des neuen Kongresszentrums Palacongressi di Rimini zur Hauptstadt f\u00fcr Konferenzen und Tagungen geworden ist und Gesch\u00e4ftsleuten in der Stadt alle M\u00f6glichkeiten bietet, um erfolgreiche Veranstaltungen zu organisieren oder daran teilzunehmen.<\/p>\n<p>Komfort und Diskretion sind die Elemente, die das Hotel f\u00fcr einen Gesch\u00e4ftsaufenthalt auszeichnen, mit einem Servicepersonal, das den G\u00e4sten jederzeit zur Verf\u00fcgung steht: Nutzen Sie ein Last-Minute-Angebot in Bellariva di Rimini, vielleicht anl\u00e4sslich einer Messe, und \u00fcberzeugen Sie sich selbst davon, indem Sie zun\u00e4chst eines der verschiedenen Messeangebote unseres Hotels in Rimini konsultieren.<\/p>\n<p>&nbsp;<\/p>\n<p>Wenn Sie sich f\u00fcr unsere Angebote und Dienstleistungen entscheiden, stehen Ihnen n\u00fctzliche Ressourcen f\u00fcr Ihren Urlaub zur Verf\u00fcgung.<\/p>\n<p>Erstellung von Websites, Hosting und Suchmaschinenoptimierung durch Network Service f\u00fcr Hotels in Rimini.<br \/>\nCopyright \u00a9 2025 &#8211; Alle Rechte vorbehalten.<\/p>\n","protected":false},"excerpt":{"rendered":"<p>Albergo Ardesia &#8211; Viale delle Rimembranze, 80 &#8211; 47924 Bellariva, Rimini (RN) &#8211; Umsatzsteuer-Identifikationsnummer 00267650406 Tel. 0541.389363 \/ 0541.389453 Fax. 0541.305357 Mobil 328\/7425826 &#8211; E-Mail: info@hotelardesia.com Hotel Rimini Ganzj\u00e4hrig ge\u00f6ffnet In privilegierter Lage in Bellariva di Rimini, nur wenige Schritte vom Zentrum von Rimini entfernt&#8230;<\/p>\n","protected":false},"author":1,"featured_media":0,"parent":0,"menu_order":0,"comment_status":"closed","ping_status":"closed","template":"","meta":{"_monsterinsights_skip_tracking":false,"_monsterinsights_sitenote_active":false,"_monsterinsights_sitenote_note":"","_monsterinsights_sitenote_category":0,"footnotes":""},"class_list":["post-2872","page","type-page","status-publish","hentry"],"aioseo_notices":[],"_links":{"self":[{"href":"https:\/\/hotelardesia.com\/de\/wp-json\/wp\/v2\/pages\/2872","targetHints":{"allow":["GET"]}}],"collection":[{"href":"https:\/\/hotelardesia.com\/de\/wp-json\/wp\/v2\/pages"}],"about":[{"href":"https:\/\/hotelardesia.com\/de\/wp-json\/wp\/v2\/types\/page"}],"author":[{"embeddable":true,"href":"https:\/\/hotelardesia.com\/de\/wp-json\/wp\/v2\/users\/1"}],"replies":[{"embeddable":true,"href":"https:\/\/hotelardesia.com\/de\/wp-json\/wp\/v2\/comments?post=2872"}],"version-history":[{"count":0,"href":"https:\/\/hotelardesia.com\/de\/wp-json\/wp\/v2\/pages\/2872\/revisions"}],"wp:attachment":[{"href":"https:\/\/hotelardesia.com\/de\/wp-json\/wp\/v2\/media?parent=2872"}],"curies":[{"name":"wp","href":"https:\/\/api.w.org\/{rel}","templated":true}]}}