{"id":2873,"date":"2025-12-09T14:17:54","date_gmt":"2025-12-09T13:17:54","guid":{"rendered":"https:\/\/hotelardesia.com\/aquafan-3"},"modified":"2025-12-09T14:17:55","modified_gmt":"2025-12-09T13:17:55","slug":"aquafan-3","status":"publish","type":"page","link":"https:\/\/hotelardesia.com\/de\/aquafan-3","title":{"rendered":"Aquafan"},"content":{"rendered":"<div class=\"wpb-content-wrapper\"><p>[vc_row css_animation=&#8220;&#8220; row_type=&#8220;row&#8220; use_row_as_full_screen_section=&#8220;no&#8220; type=&#8220;full_width&#8220; angled_section=&#8220;no&#8220; text_align=&#8220;left&#8220; background_image_as_pattern=&#8220;without_pattern&#8220; el_class=&#8220;max-1400&#8243; z_index=&#8220;&#8220;][vc_column][vc_empty_space height=&#8220;60px&#8220;][vc_column_text]<\/p>\n<h1 style=\"text-align: center;\">Aquafan<\/h1>\n<p>\n[\/vc_column_text][vc_column_text]<\/p>\n<p style=\"text-align: center;\">Der <strong>Aquafan<\/strong> ist der <strong>au\u00dfergew\u00f6hnliche Wasserpark von Riccione<\/strong>, der eine  Vielzahl von Attraktionen und Animationen bietet und seine Besucher jedes Jahr mit vielen \u00dcberraschungen begeistert.<br \/>\nEs handelt sich um den <strong>bekanntesten Wasserpark Europas<\/strong> mit 150.000 Quadratmetern Wasserrutschen, die sich zwischen akrobatischen und aufregenden Parcours erstrecken. Der Aquafan bietet Spa\u00df f\u00fcr alle, Gro\u00df und Klein, Familien und Gruppen von Jugendlichen, die von diesem Park begeistert sind.\n<\/p>\n<p>[\/vc_column_text][vc_empty_space height=&#8220;60px&#8220;][\/vc_column][\/vc_row][vc_row css_animation=&#8220;&#8220; row_type=&#8220;row&#8220; use_row_as_full_screen_section=&#8220;no&#8220; type=&#8220;full_width&#8220; angled_section=&#8220;no&#8220; text_align=&#8220;left&#8220; background_image_as_pattern=&#8220;without_pattern&#8220; el_class=&#8220;index-risto&#8220; z_index=&#8220;&#8220; css=&#8220;.vc_custom_1518098798166{background-color: #ffffff !important;}&#8220;][vc_column][qode_elements_holder number_of_columns=&#8220;two_columns&#8220;][qode_elements_holder_item advanced_animations=&#8220;no&#8220; item_padding=&#8220;0 15px 0 0&#8243;][vc_single_image image=&#8220;2032&#8243; img_size=&#8220;full&#8220; alignment=&#8220;right&#8220; qode_css_animation=&#8220;element_from_left&#8220; css=&#8220;.vc_custom_1521471594276{padding-right: 15px !important;padding-left: 15px !important;}&#8220;][\/qode_elements_holder_item][qode_elements_holder_item advanced_animations=&#8220;no&#8220; item_padding=&#8220;0 0 0 15px&#8220;][vc_column_text css=&#8220;.vc_custom_1683201003460{padding-right: 15px !important;padding-left: 15px !important;}&#8220;]<\/p>\n<p style=\"text-align: center;\">Atemberaubende Rutschen und Abfahrten stehen an erster Stelle: F\u00fcr Nervenkitzel-Suchende und Wagemutige gibt es  den  Kamikaze, die \u00e4lteste Attraktion des Parks, die nach wie vor die adrenalinreichste ist, mit zwei 90 Meter langen Bahnen, auf denen man eine Geschwindigkeit von 65 km\/h erreicht, oder River Run, eine lange, steile Strecke, die man an Bord von Schlauchbooten zur\u00fccklegt, oder Twist, wo sich drei R\u00f6hren wirbelnd ineinander verflechten, und schlie\u00dflich Speedriul, ein System aus R\u00f6hren und Trichtern, die sich f\u00fcr eine rasante Abfahrt kreuzen.\n<\/p>\n<p>[\/vc_column_text][\/qode_elements_holder_item][\/qode_elements_holder][vc_empty_space height=&#8220;60px&#8220;][\/vc_column][\/vc_row][vc_row css_animation=&#8220;&#8220; row_type=&#8220;row&#8220; use_row_as_full_screen_section=&#8220;no&#8220; type=&#8220;full_width&#8220; angled_section=&#8220;no&#8220; text_align=&#8220;left&#8220; background_image_as_pattern=&#8220;without_pattern&#8220; z_index=&#8220;&#8220; css=&#8220;.vc_custom_1521192956462{background-color: #dfd9d4 !important;}&#8220;][vc_column][vc_column_text css=&#8220;.vc_custom_1521470491330{padding-top: 6% !important;padding-bottom: 6% !important;}&#8220;]<\/p>\n<p style=\"text-align: center;\" >Auch die Kleinsten k\u00f6nnen sich im Wasser vergn\u00fcgen, zum Beispiel in der Arche Noah, wo sie sicher klettern k\u00f6nnen, um an Bord die verschiedenen Tierarten zu entdecken, und dann \u00fcber bunte R\u00f6hren wieder herunterrutschen k\u00f6nnen, im Elefantenpool, wo lustige Rutschen aus dem Bauch des rosa Elefanten herausragen, der mit seinem R\u00fcssel Wasser spritzt, und am Antartic Baby Beach, wo sie mit einem neugierigen Eisb\u00e4ren spielen k\u00f6nnen. <\/p>\n<p>[\/vc_column_text][\/vc_column][\/vc_row][vc_row css_animation=&#8220;&#8220; row_type=&#8220;row&#8220; use_row_as_full_screen_section=&#8220;no&#8220; type=&#8220;full_width&#8220; angled_section=&#8220;no&#8220; text_align=&#8220;left&#8220; background_image_as_pattern=&#8220;without_pattern&#8220; el_class=&#8220;full&#8220; z_index=&#8220;&#8220;][vc_column][vc_raw_html]PGRpdiBjbGFzcz0icGFyYWxsYXggYXF1YWZhbiI+PC9kaXY+[\/vc_raw_html][\/vc_column][\/vc_row]<\/p>\n<\/div>","protected":false},"excerpt":{"rendered":"<p>[vc_row css_animation=&#8220;&#8220; row_type=&#8220;row&#8220; use_row_as_full_screen_section=&#8220;no&#8220; type=&#8220;full_width&#8220; angled_section=&#8220;no&#8220; text_align=&#8220;left&#8220; background_image_as_pattern=&#8220;without_pattern&#8220; el_class=&#8220;max-1400&#8243; z_index=&#8220;&#8220;][vc_column][vc_empty_space height=&#8220;60px&#8220;][vc_column_text] Aquafan [\/vc_column_text][vc_column_text] Der Aquafan ist der au\u00dfergew\u00f6hnliche Wasserpark von Riccione, der eine Vielzahl von Attraktionen und Animationen bietet und seine Besucher jedes Jahr mit vielen \u00dcberraschungen begeistert. Es handelt sich um den bekanntesten Wasserpark&#8230;<\/p>\n","protected":false},"author":1,"featured_media":0,"parent":0,"menu_order":0,"comment_status":"closed","ping_status":"closed","template":"full_width.php","meta":{"_monsterinsights_skip_tracking":false,"_monsterinsights_sitenote_active":false,"_monsterinsights_sitenote_note":"","_monsterinsights_sitenote_category":0,"footnotes":""},"class_list":["post-2873","page","type-page","status-publish","hentry"],"aioseo_notices":[],"_links":{"self":[{"href":"https:\/\/hotelardesia.com\/de\/wp-json\/wp\/v2\/pages\/2873","targetHints":{"allow":["GET"]}}],"collection":[{"href":"https:\/\/hotelardesia.com\/de\/wp-json\/wp\/v2\/pages"}],"about":[{"href":"https:\/\/hotelardesia.com\/de\/wp-json\/wp\/v2\/types\/page"}],"author":[{"embeddable":true,"href":"https:\/\/hotelardesia.com\/de\/wp-json\/wp\/v2\/users\/1"}],"replies":[{"embeddable":true,"href":"https:\/\/hotelardesia.com\/de\/wp-json\/wp\/v2\/comments?post=2873"}],"version-history":[{"count":0,"href":"https:\/\/hotelardesia.com\/de\/wp-json\/wp\/v2\/pages\/2873\/revisions"}],"wp:attachment":[{"href":"https:\/\/hotelardesia.com\/de\/wp-json\/wp\/v2\/media?parent=2873"}],"curies":[{"name":"wp","href":"https:\/\/api.w.org\/{rel}","templated":true}]}}