{"id":2877,"date":"2025-12-09T14:19:34","date_gmt":"2025-12-09T13:19:34","guid":{"rendered":"https:\/\/hotelardesia.com\/bellariva-di-rimini"},"modified":"2025-12-09T14:19:36","modified_gmt":"2025-12-09T13:19:36","slug":"bellariva-di-rimini","status":"publish","type":"page","link":"https:\/\/hotelardesia.com\/de\/bellariva-di-rimini","title":{"rendered":"Bellariva, um die Wunder der Riviera Romagnola zu entdecken"},"content":{"rendered":"<div class=\"wpb-content-wrapper\"><p>[vc_row css_animation=&#8220;&#8220; row_type=&#8220;row&#8220; use_row_as_full_screen_section=&#8220;no&#8220; type=&#8220;full_width&#8220; angled_section=&#8220;no&#8220; text_align=&#8220;left&#8220; background_image_as_pattern=&#8220;without_pattern&#8220;][vc_column][vc_empty_space][vc_column_text css=&#8220;&#8220;]<\/p>\n<h3>Bellariva, um die Wunder der Riviera Romagnola zu entdecken<\/h3>\n<p>Wenn Sie in unserem Hotel in Bellariva di Rimini \u00fcbernachten, haben Sie die besten Sehensw\u00fcrdigkeiten, die die Riviera Romagnola ihren geliebten Besuchern zu bieten hat, nur wenige Schritte entfernt.<\/p>\n<p>Bellariva liegt strategisch g\u00fcnstig am Meer zwischen Rimini und Riccione und ist ein unvergleichlicher Ausgangspunkt f\u00fcr Ausfl\u00fcge zu Vergn\u00fcgungsparks, zur Messe, zu den gr\u00f6\u00dften Einkaufszentren und vielem mehr.<\/p>\n<p>Wenn Sie in einem der gem\u00fctlichsten Hotels in Bellariva di Rimini wie dem unseren \u00fcbernachten, das mit zahlreichen Serviceleistungen f\u00fcr jeden Bedarf aufwartet, k\u00f6nnen Sie all dies in vollem Komfort und Entspannung genie\u00dfen.<\/p>\n<p>Wenn Sie Unterhaltung f\u00fcr sich und Ihre Familie suchen, finden Sie in nur 6 Minuten Entfernung den fantastischen Park Fiabilandia mit vielen Themenattraktionen, die Gro\u00df und Klein begeistern, oder in etwas mehr als 10 Minuten Entfernung das erstaunliche Italia in Miniatura mit \u00fcber 270 Nachbildungen der wichtigsten italienischen Denkm\u00e4ler und vielen Fahrgesch\u00e4ften f\u00fcr die ganze Familie.<\/p>\n<p>Wenn Sie die Geheimnisse des Meeres kennenlernen und direkt mit ihm in Kontakt treten m\u00f6chten, finden Sie in etwa einer Viertelstunde Entfernung den Park <strong>Oltremare<\/strong> in Riccione oder in nur 8 Minuten das spannende Delfinarium von Rimini, wo Sie atemberaubende Vorf\u00fchrungen und aufregende Shows der intelligentesten Meeresbewohner erleben k\u00f6nnen.<\/p>\n<p>Und nur einen Katzensprung vom historischen Zentrum von Rimini entfernt bietet Ihnen das Hotel die M\u00f6glichkeit zu angenehmen und entspannenden Spazierg\u00e4ngen zwischen pr\u00e4chtigen Monumenten, allen voran dem <strong>Malatesta-Tempel<\/strong>, die <strong>Tiberiusbr\u00fccke<\/strong> oder die <strong>Domus del Chirurgo<\/strong> (Chirurgenhaus), wobei Sie von Zeit zu Zeit in einer der eleganten Bars auf den wichtigsten Pl\u00e4tzen der Stadt einen Kaffee oder ein Eis genie\u00dfen k\u00f6nnen.<\/p>\n<p>Und um einen fantastischen <strong>Shoppingtag<\/strong> zu genie\u00dfen, finden Sie nur 2 km von uns entfernt das gro\u00dfartige Einkaufszentrum <strong>Le Befane<\/strong>, das gr\u00f6\u00dfte in der Romagna, mit \u00fcber 130 Gesch\u00e4ften und einem spektakul\u00e4ren Multiplex-Kino mit 12 S\u00e4len, die mit den innovativsten audiovisuellen Technologien ausgestattet sind.<\/p>\n<p>Mit unserem Hotel, das zu den g\u00fcnstigsten Hotels in Rimini geh\u00f6rt, k\u00f6nnen Sie all dies und noch viel mehr inmitten von Komfort und Bequemlichkeit genie\u00dfen und einen unvergesslichen Urlaub an der Riviera verbringen.[\/vc_column_text][\/vc_column][\/vc_row][vc_row css_animation=&#8220;&#8220; row_type=&#8220;row&#8220; use_row_as_full_screen_section=&#8220;no&#8220; type=&#8220;full_width&#8220; angled_section=&#8220;no&#8220; text_align=&#8220;left&#8220; background_image_as_pattern=&#8220;without_pattern&#8220;][vc_column][vc_empty_space][\/vc_column][\/vc_row]<\/p>\n<\/div>","protected":false},"excerpt":{"rendered":"<p>[vc_row css_animation=&#8220;&#8220; row_type=&#8220;row&#8220; use_row_as_full_screen_section=&#8220;no&#8220; type=&#8220;full_width&#8220; angled_section=&#8220;no&#8220; text_align=&#8220;left&#8220; background_image_as_pattern=&#8220;without_pattern&#8220;][vc_column][vc_empty_space][vc_column_text css=&#8220;&#8220;] Bellariva, um die Wunder der Riviera Romagnola zu entdecken Wenn Sie in unserem Hotel in Bellariva di Rimini \u00fcbernachten, haben Sie die besten Sehensw\u00fcrdigkeiten, die die Riviera Romagnola ihren geliebten Besuchern zu bieten hat, nur wenige&#8230;<\/p>\n","protected":false},"author":1,"featured_media":0,"parent":0,"menu_order":0,"comment_status":"closed","ping_status":"closed","template":"","meta":{"_monsterinsights_skip_tracking":false,"_monsterinsights_sitenote_active":false,"_monsterinsights_sitenote_note":"","_monsterinsights_sitenote_category":0,"footnotes":""},"class_list":["post-2877","page","type-page","status-publish","hentry"],"aioseo_notices":[],"_links":{"self":[{"href":"https:\/\/hotelardesia.com\/de\/wp-json\/wp\/v2\/pages\/2877","targetHints":{"allow":["GET"]}}],"collection":[{"href":"https:\/\/hotelardesia.com\/de\/wp-json\/wp\/v2\/pages"}],"about":[{"href":"https:\/\/hotelardesia.com\/de\/wp-json\/wp\/v2\/types\/page"}],"author":[{"embeddable":true,"href":"https:\/\/hotelardesia.com\/de\/wp-json\/wp\/v2\/users\/1"}],"replies":[{"embeddable":true,"href":"https:\/\/hotelardesia.com\/de\/wp-json\/wp\/v2\/comments?post=2877"}],"version-history":[{"count":0,"href":"https:\/\/hotelardesia.com\/de\/wp-json\/wp\/v2\/pages\/2877\/revisions"}],"wp:attachment":[{"href":"https:\/\/hotelardesia.com\/de\/wp-json\/wp\/v2\/media?parent=2877"}],"curies":[{"name":"wp","href":"https:\/\/api.w.org\/{rel}","templated":true}]}}