{"id":2897,"date":"2025-12-09T14:27:13","date_gmt":"2025-12-09T13:27:13","guid":{"rendered":"https:\/\/hotelardesia.com\/zimmer"},"modified":"2025-12-11T18:51:58","modified_gmt":"2025-12-11T17:51:58","slug":"zimmer","status":"publish","type":"page","link":"https:\/\/hotelardesia.com\/de\/zimmer","title":{"rendered":"Zimmer"},"content":{"rendered":"<div class=\"wpb-content-wrapper\"><p>[vc_row css_animation=&#8220;&#8220; row_type=&#8220;row&#8220; use_row_as_full_screen_section=&#8220;no&#8220; type=&#8220;full_width&#8220; angled_section=&#8220;no&#8220; text_align=&#8220;center&#8220; background_image_as_pattern=&#8220;without_pattern&#8220; z_index=&#8220;&#8220; background_color=&#8220;#dfd9d4&#8243; css=&#8220;.vc_custom_1708328100632{background-color: #dfd9d4 !important;}&#8220;][vc_column][vc_empty_space height=&#8220;60px&#8220; el_class=&#8220;empty60&#8243;][vc_column_text]<\/p>\n<h1 style=\"text-align: center;\">Zimmer<\/h1>\n<p>[\/vc_column_text][vc_column_text css=&#8220;&#8220;]<\/p>\n<p style=\"text-align: center;\">Unsere Zimmer empfangen Sie in einer <strong>entspannten und komfortablen<\/strong> Atmosph\u00e4re, die Ihnen w\u00e4hrend Ihres Aufenthalts h\u00f6chsten Komfort bietet.<\/p>\n<p><\/p>\n<p style=\"text-align: center;\">Dank der zahlreichen <strong>Dienstleistungen, die Ihnen zur Verf\u00fcgung stehen<\/strong>, k\u00f6nnen Sie einen angenehmen und sorgenfreien Urlaub genie\u00dfen, egal ob Sie privat oder gesch\u00e4ftlich unterwegs sind.<\/p>\n<p><\/p>\n<p style=\"text-align: center;\">Alle Zimmer sind <strong>ger\u00e4umig, hell und geschmackvoll eingerichtet<\/strong>, um Ihnen einen gem\u00fctlichen und funktionalen Aufenthalt zu garantieren. Jedes Zimmer ist so gestaltet, dass es den Bed\u00fcrfnissen von <strong>Familien, Paaren und Alleinreisenden<\/strong> gerecht wird und <strong>komfortable und gut organisierte R\u00e4ume<\/strong> f\u00fcr maximale Funktionalit\u00e4t bietet.<\/p>\n<p><\/p>\n<p style=\"text-align: center;\">Sie k\u00f6nnen <strong>exklusive Dienstleistungen<\/strong> wie kostenloses WLAN, Klimaanlage, Flachbildfernseher und vieles mehr in Anspruch nehmen.<\/p>\n<p><\/p>\n<p style=\"text-align: center;\">Dank der strategisch g\u00fcnstigen Lage der Unterkunft erreichen Sie bequem die wichtigsten Sehensw\u00fcrdigkeiten der Umgebung, was Ihren Aufenthalt noch angenehmer macht.<\/p>\n<p><\/p>\n<p style=\"text-align: center;\">Buchen Sie jetzt Ihr Zimmer und g\u00f6nnen Sie sich einen Aufenthalt im Zeichen der Entspannung und des Komforts!<\/p>\n<p>[\/vc_column_text][vc_empty_space height=&#8220;64px&#8220;][\/vc_column][\/vc_row][vc_row css_animation=&#8220;&#8220; row_type=&#8220;row&#8220; use_row_as_full_screen_section=&#8220;no&#8220; type=&#8220;full_width&#8220; angled_section=&#8220;no&#8220; text_align=&#8220;center&#8220; background_image_as_pattern=&#8220;without_pattern&#8220; z_index=&#8220;&#8220; css=&#8220;.vc_custom_1737657202127{padding-top: 2% !important;padding-bottom: 2% !important;background-color: #a6a09b !important;background-position: center !important;background-repeat: no-repeat !important;background-size: cover !important;}&#8220; el_id=&#8220;guenda-bg&#8220;][vc_column][vc_column_text]<script type=\"text\/javascript\" id=\"scidoo-widget-inlinev2\" src=\"https:\/\/www.scidoo.com\/preventivo_picker\/include_widget_inlinev2.js\" data-codice=\"1028\" data-container=\"booking\" data-lang=\"4\" data-struttura=\"-1\" data-provenienza=\"0\"><\/script><\/p>\n<div id=\"booking\"><\/div>\n<p>\n[\/vc_column_text][\/vc_column][\/vc_row][vc_row css_animation=&#8220;&#8220; row_type=&#8220;row&#8220; use_row_as_full_screen_section=&#8220;no&#8220; type=&#8220;full_width&#8220; angled_section=&#8220;no&#8220; text_align=&#8220;left&#8220; background_image_as_pattern=&#8220;without_pattern&#8220; css=&#8220;.vc_custom_1521456416472{margin-top: 3.5% !important;background-color: #a6a09b !important;}&#8220; z_index=&#8220;&#8220; el_class=&#8220;index-risto&#8220; el_id=&#8220;zimmer-mein&#8220;][vc_column][qode_elements_holder number_of_columns=&#8220;three_columns&#8220;][qode_elements_holder_item advanced_animations=&#8220;no&#8220; custom_class=&#8220;relative-box one&#8220;][vc_single_image image=&#8220;2053&#8243; img_size=&#8220;full&#8220; qode_css_animation=&#8220;element_from_left&#8220;][\/qode_elements_holder_item][qode_elements_holder_item advanced_animations=&#8220;no&#8220; custom_class=&#8220;relative-box two&#8220;][vc_single_image image=&#8220;2043&#8243; img_size=&#8220;full&#8220; qode_css_animation=&#8220;element_from_right&#8220;][\/qode_elements_holder_item][qode_elements_holder_item advanced_animations=&#8220;no&#8220; custom_class=&#8220;risto-home&#8220;][vc_column_text css=&#8220;.vc_custom_1683200820005{padding-top: 60px !important;padding-right: 60px !important;padding-bottom: 60px !important;padding-left: 60px !important;}&#8220; el_class=&#8220;text-rooms&#8220;]<\/p>\n<h3 style=\"text-align: center;\"><span style=\"color: #ffffff;\">Viel Komfort f\u00fcr Sie<\/span><\/h3>\n<p><\/p>\n<p style=\"text-align: center;\"><span style=\"color: #ffffff;\">Alle Zimmer verf\u00fcgen \u00fcber ein eigenes Bad mit Dusche oder Duschkabine, Haartrockner, Deckenventilator (alternativ kann eine Klimaanlage angefordert werden), Farbfernseher, Direktwahltelefon und Safe.<\/span><\/p>\n<p><\/p>\n<p style=\"text-align: center;\"><a class=\"qbutton read_more_button white\" href=\"https:\/\/hotelardesia.com\/de\/kontakte-hotel-ardesia\">Kontaktieren Sie uns f\u00fcr weitere Informationen<\/a><\/p>\n<p>[\/vc_column_text][\/qode_elements_holder_item][\/qode_elements_holder][\/vc_column][\/vc_row][vc_row css_animation=&#8220;&#8220; row_type=&#8220;row&#8220; use_row_as_full_screen_section=&#8220;no&#8220; type=&#8220;full_width&#8220; angled_section=&#8220;no&#8220; text_align=&#8220;left&#8220; background_image_as_pattern=&#8220;without_pattern&#8220;][vc_column][vc_empty_space height=&#8220;64px&#8220;][\/vc_column][\/vc_row][vc_row css_animation=&#8220;&#8220; row_type=&#8220;row&#8220; use_row_as_full_screen_section=&#8220;no&#8220; type=&#8220;full_width&#8220; angled_section=&#8220;no&#8220; text_align=&#8220;left&#8220; background_image_as_pattern=&#8220;without_pattern&#8220;][vc_column][vc_column_text]<\/p>\n<h2 style=\"text-align: center;\">Standard-Doppelzimmer<\/h2>\n<p>\n[\/vc_column_text][\/vc_column][\/vc_row][vc_row css_animation=&#8220;&#8220; row_type=&#8220;row&#8220; use_row_as_full_screen_section=&#8220;no&#8220; type=&#8220;full_width&#8220; angled_section=&#8220;no&#8220; text_align=&#8220;left&#8220; background_image_as_pattern=&#8220;without_pattern&#8220;][vc_column][vc_column_text css=&#8220;&#8220;]<\/p>\n<h4 style=\"text-align: center;\"><strong>Standard-Doppel- oder Zweibettzimmer: Einfachheit und Komfort f\u00fcr einen praktischen Aufenthalt<\/strong><\/h4>\n<p><\/p>\n<p style=\"text-align: center;\">Die <strong>Standardzimmer<\/strong> unseres Hotels Ardesia in <strong>Bellariva di Rimini<\/strong> sind die perfekte Wahl f\u00fcr alle, die eine <strong>komfortable Unterkunft<\/strong> mit einem ausgezeichneten Preis-Leistungs-Verh\u00e4ltnis und einer strategisch g\u00fcnstigen Lage in Meeresn\u00e4he suchen. Sie sind ideal f\u00fcr Paare, Familien und Gesch\u00e4ftsreisende und bieten <strong>Funktionalit\u00e4t und Praktikabilit\u00e4t<\/strong>, wodurch ein entspannter und sorgenfreier Aufenthalt garantiert ist.<\/p>\n<p><\/p>\n<p style=\"text-align: center;\">Dank der <strong>umfassenden Dienstleistungen<\/strong> sind die Zimmer so gestaltet, dass sie maximalen Komfort bieten:<\/p>\n<ul>\n<li style=\"text-align: center;\"><strong>Privates Badezimmer<\/strong> mit Duschkabine, Pflegeprodukten und Haartrockner<\/li>\n<li style=\"text-align: center;\"><strong>Regulierbare Klimaanlage<\/strong> f\u00fcr ein stets perfektes Raumklima<\/li>\n<li style=\"text-align: center;\"><strong>T\u00e4gliche Reinigung<\/strong> f\u00fcr stets ordentliche und gem\u00fctliche R\u00e4ume<\/li>\n<li style=\"text-align: center;\"><strong>Flachbildfernseher<\/strong> f\u00fcr Ihre Unterhaltung<\/li>\n<li style=\"text-align: center;\"><strong>Schnelle und kostenlose WLAN-Internetverbindung<\/strong>, ideal zum Arbeiten oder um mit Freunden und Familie in Kontakt zu bleiben<\/li>\n<li style=\"text-align: center;\"><strong>Direktwahltelefon und Safe<\/strong>, f\u00fcr Sicherheit und Komfort<\/li>\n<\/ul>\n<p><\/p>\n<p style=\"text-align: center;\">Unsere <strong>ger\u00e4umigen und hellen Zimmer<\/strong> sind modern und gem\u00fctlich eingerichtet und eignen sich perfekt f\u00fcr alle, die sich nach einem Tag voller Eindr\u00fccke in <strong>Rimini und an der Riviera Romagnola<\/strong> entspannen m\u00f6chten.<\/p>\n<p>&nbsp;<\/p>\n<div class=\"post-link\" style=\"text-align: center;\"><a class=\"post-link__btn\" href=\"https:\/\/www.scidoo.com\/preventivov2\/?cod=1028&amp;lang=0&amp;dataarr=2026-4-1&amp;notti=2&amp;adult=2&amp; IDsotto_struttura=0&amp;settore=1\" target=\"_blank\" rel=\"noopener noreferrer\">Standardzimmer buchen<\/a><\/div>\n<p>&nbsp;<\/p>\n<div style=\"text-align: center;\">und genie\u00dfen Sie einen Aufenthalt im Zeichen der Entspannung und des Komforts, nur wenige Schritte vom Meer entfernt!<\/div>\n<p>[\/vc_column_text][vc_empty_space][\/vc_column][\/vc_row][vc_row css_animation=&#8220;&#8220; row_type=&#8220;row&#8220; use_row_as_full_screen_section=&#8220;no&#8220; type=&#8220;full_width&#8220; angled_section=&#8220;no&#8220; text_align=&#8220;left&#8220; background_image_as_pattern=&#8220;without_pattern&#8220;][vc_column][qode_content_slider][qode_content_slider_item][vc_single_image image=&#8220;1403&#8243; img_size=&#8220;large&#8220; alignment=&#8220;center&#8220; qode_css_animation=&#8220;&#8220;][\/qode_content_slider_item][qode_content_slider_item][vc_single_image image=&#8220;1404&#8243; img_size=&#8220;large&#8220; alignment=&#8220;center&#8220; qode_css_animation=&#8220;&#8220;][\/qode_content_slider_item][qode_content_slider_item][vc_single_image image=&#8220;1402&#8243; img_size=&#8220;large&#8220; alignment=&#8220;center&#8220; qode_css_animation=&#8220;&#8220;][\/qode_content_slider_item][\/qode_content_slider][vc_empty_space][vc_separator css_animation=&#8220;bounceInDown&#8220; type=&#8220;normal&#8220; color=&#8220;#bcbcbc&#8220;][\/vc_column][\/vc_row][vc_row css_animation=&#8220;&#8220; row_type=&#8220;row&#8220; use_row_as_full_screen_section=&#8220;no&#8220; type=&#8220;full_width&#8220; angled_section=&#8220;no&#8220; text_align=&#8220;left&#8220; background_image_as_pattern=&#8220;without_pattern&#8220;][vc_column][vc_empty_space height=&#8220;64px&#8220;][\/vc_column][\/vc_row][vc_row css_animation=&#8220;&#8220; row_type=&#8220;row&#8220; use_row_as_full_screen_section=&#8220;no&#8220; type=&#8220;full_width&#8220; angled_section=&#8220;no&#8220; text_align=&#8220;left&#8220; background_image_as_pattern=&#8220;without_pattern&#8220;][vc_column][vc_column_text]<\/p>\n<h2 style=\"text-align: center;\">Economy Doppelzimmer<\/h2>\n<p>\n[\/vc_column_text][\/vc_column][\/vc_row][vc_row css_animation=&#8220;&#8220; row_type=&#8220;row&#8220; use_row_as_full_screen_section=&#8220;no&#8220; type=&#8220;full_width&#8220; angled_section=&#8220;no&#8220; text_align=&#8220;left&#8220; background_image_as_pattern=&#8220;without_pattern&#8220;][vc_column][vc_column_text css=&#8220;&#8220;]<\/p>\n<h4 style=\"text-align: center;\"><strong>Economy-Doppel- oder Zweibettzimmer: preisg\u00fcnstiger Aufenthalt ohne Verzicht auf Komfort<\/strong><\/h4>\n<p><\/p>\n<p style=\"text-align: center;\">Die <strong>Economy-Doppel- oder Zweibettzimmer<\/strong> sind die ideale L\u00f6sung f\u00fcr alle, die einen <strong>einfachen, aber komfortablen Aufenthalt<\/strong> in <strong>Bellariva di Rimini<\/strong> suchen, ohne auf die wesentlichen Annehmlichkeiten verzichten zu m\u00fcssen. Sie sind perfekt f\u00fcr Paare, Freunde oder Alleinreisende und bieten eine praktische und funktionale Umgebung, ideal f\u00fcr alle, die einen Urlaub ohne Schnickschnack, aber dennoch komfortabel und entspannend verbringen m\u00f6chten.<\/p>\n<p style=\"text-align: center;\">Die <strong>Economy-Zimmer<\/strong> sind ausgestattet mit:\n<\/p>\n<p>[\/vc_column_text][vc_column_text css=&#8220;&#8220;]<\/p>\n<ul>\n<li style=\"text-align: center;\"><strong>Privates Badezimmer<\/strong> mit Duschkabine, Pflegeprodukten und Haartrockner<\/li>\n<li style=\"text-align: center;\"><strong>Regulierbare Klimaanlage<\/strong> f\u00fcr ein stets perfektes Raumklima<\/li>\n<li style=\"text-align: center;\"><strong>T\u00e4gliche Reinigung<\/strong> f\u00fcr stets ordentliche und gem\u00fctliche R\u00e4ume<\/li>\n<li style=\"text-align: center;\"><strong>Flachbildfernseher<\/strong> f\u00fcr Ihre Unterhaltung<\/li>\n<li style=\"text-align: center;\"><strong>Schnelle und kostenlose WLAN-Internetverbindung<\/strong>, ideal zum Arbeiten oder um mit Freunden und Familie in Kontakt zu bleiben<\/li>\n<li style=\"text-align: center;\"><strong>Direktwahltelefon und Safe<\/strong>, f\u00fcr Sicherheit und Komfort<\/li>\n<\/ul>\n<p>[\/vc_column_text][vc_column_text css=&#8220;&#8220;]<\/p>\n<p style=\"text-align: center;\">Obwohl die <strong>Economy-Zimmer<\/strong> nicht \u00fcber eine <strong>Duschkabine oder Duschwanne<\/strong> verf\u00fcgen, sind sie ideal f\u00fcr alle, die eine <strong>preiswerte, aber komplette L\u00f6sung<\/strong> in strategisch g\u00fcnstiger Lage, nur wenige Schritte vom Meer und den Sehensw\u00fcrdigkeiten von Rimini entfernt, suchen. Wenn Sie einen praktischen und g\u00fcnstigen Aufenthalt w\u00fcnschen, ohne auf Qualit\u00e4t zu verzichten<\/p>\n<p>&nbsp;<\/p>\n<div class=\"post-link\" style=\"text-align: center;\"><a class=\"post-link__btn\" href=\"https:\/\/www.scidoo.com\/preventivov2\/?cod=1028&amp;lang=0&amp;dataarr=2026-4-1&amp;notti=2&amp;adult=2&amp; IDsotto_struttura=0&amp;settore=1\" target=\"_blank\" rel=\"noopener noreferrer\">Economy-Zimmer buchen<\/a><\/div>\n<p>&nbsp;<\/p>\n<div style=\"text-align: center;\">Die richtige Wahl f\u00fcr Sie!<\/div>\n<p>[\/vc_column_text][vc_empty_space][\/vc_column][\/vc_row][vc_row css_animation=&#8220;&#8220; row_type=&#8220;row&#8220; use_row_as_full_screen_section=&#8220;no&#8220; type=&#8220;full_width&#8220; angled_section=&#8220;no&#8220; text_align=&#8220;left&#8220; background_image_as_pattern=&#8220;without_pattern&#8220;][vc_column][qode_content_slider][qode_content_slider_item][vc_single_image image=&#8220;2903&#8243; img_size=&#8220;large&#8220; alignment=&#8220;center&#8220; qode_css_animation=&#8220;&#8220;][\/qode_content_slider_item][qode_content_slider_item][vc_single_image image=&#8220;2902&#8243; img_size=&#8220;large&#8220; alignment=&#8220;center&#8220; qode_css_animation=&#8220;&#8220;][\/qode_content_slider_item][qode_content_slider_item][vc_single_image image=&#8220;2904&#8243; img_size=&#8220;large&#8220; alignment=&#8220;center&#8220; qode_css_animation=&#8220;&#8220;][\/qode_content_slider_item][\/qode_content_slider][vc_empty_space][vc_separator css_animation=&#8220;bounceInDown&#8220; type=&#8220;normal&#8220; color=&#8220;#bcbcbc&#8220;][\/vc_column][\/vc_row][vc_row css_animation=&#8220;&#8220; row_type=&#8220;row&#8220; use_row_as_full_screen_section=&#8220;no&#8220; type=&#8220;full_width&#8220; angled_section=&#8220;no&#8220; text_align=&#8220;left&#8220; background_image_as_pattern=&#8220;without_pattern&#8220;][vc_column][vc_empty_space height=&#8220;64px&#8220;][\/vc_column][\/vc_row][vc_row css_animation=&#8220;&#8220; row_type=&#8220;row&#8220; use_row_as_full_screen_section=&#8220;no&#8220; type=&#8220;full_width&#8220; angled_section=&#8220;no&#8220; text_align=&#8220;left&#8220; background_image_as_pattern=&#8220;without_pattern&#8220;][vc_column][vc_column_text]<\/p>\n<h2 style=\"text-align: center;\">Familienzimmer<\/h2>\n<p>\n[\/vc_column_text][\/vc_column][\/vc_row][vc_row css_animation=&#8220;&#8220; row_type=&#8220;row&#8220; use_row_as_full_screen_section=&#8220;no&#8220; type=&#8220;full_width&#8220; angled_section=&#8220;no&#8220; text_align=&#8220;left&#8220; background_image_as_pattern=&#8220;without_pattern&#8220;][vc_column][vc_column_text css=&#8220;&#8220;]<\/p>\n<h4 style=\"text-align: center;\"><strong>Familienzimmer: Platz und Komfort f\u00fcr Familien und Gruppen<\/strong><\/h4>\n<p><\/p>\n<p style=\"text-align: center;\">Die <strong>Familienzimmer<\/strong> sind f\u00fcr Familien oder Gruppen von Freunden gedacht, die eine <strong>komfortable<\/strong>, funktionale und praktische Unterkunft suchen.<\/p>\n<p><\/p>\n<p style=\"text-align: center;\">Sie sind ger\u00e4umig und <strong>hell<\/strong> und bieten ausreichend Platz f\u00fcr einen ruhigen und entspannten Aufenthalt.<\/p>\n<p><\/p>\n<p style=\"text-align: center;\">Die Zimmer sind ausgestattet mit:<\/p>\n<ul style=\"text-align: center;\">\n<li><strong>Eigenes Bad<\/strong> mit <strong>Duschkabine<\/strong>, Pflegeprodukten und Haartrockner<\/li>\n<li><strong>Klimaanlage<\/strong> f\u00fcr h\u00f6chsten Komfort zu jeder Jahreszeit<\/li>\n<li><strong>T\u00e4gliche Reinigung<\/strong> f\u00fcr stets ordentliche und gem\u00fctliche R\u00e4ume<\/li>\n<li><strong>Flachbildfernseher<\/strong> f\u00fcr Unterhaltung f\u00fcr alle<\/li>\n<li><strong>Telefon<\/strong> und <strong>kostenloses WLAN<\/strong>, damit Sie immer in Verbindung bleiben<\/li>\n<li><strong>Safe<\/strong>, um die Sicherheit Ihrer pers\u00f6nlichen Gegenst\u00e4nde zu gew\u00e4hrleisten<\/li>\n<\/ul>\n<p><\/p>\n<p style=\"text-align: center;\">Die <strong>Familienzimmer<\/strong> bieten bequem Platz f\u00fcr <strong>drei bis vier Personen<\/strong> und sind ideal f\u00fcr Familien und kleine Gruppen.<\/p>\n<p><\/p>\n<p style=\"text-align: center;\">Dank ihrer strategisch g\u00fcnstigen Lage in <strong>Bellariva di Rimini<\/strong> sind diese Zimmer perfekt f\u00fcr einen Urlaub im Zeichen der Entspannung und der Bequemlichkeit.<\/p>\n<p>&nbsp;<\/p>\n<div class=\"post-link\" style=\"text-align: center;\"><a class=\"post-link__btn\" href=\"https:\/\/www.scidoo.com\/preventivov2\/?cod=1028&amp;lang=0&amp;dataarr=2026-4-1&amp;notti=2&amp;adult=2&amp; IDsotto_struttura=0&amp;settore=1\" target=\"_blank\" rel=\"noopener noreferrer\">Familienzimmer buchen<\/a><\/div>\n<p>[\/vc_column_text][vc_empty_space][\/vc_column][\/vc_row][vc_row css_animation=&#8220;&#8220; row_type=&#8220;row&#8220; use_row_as_full_screen_section=&#8220;no&#8220; type=&#8220;full_width&#8220; angled_section=&#8220;no&#8220; text_align=&#8220;left&#8220; background_image_as_pattern=&#8220;without_pattern&#8220;][vc_column][qode_content_slider][qode_content_slider_item][vc_single_image image=&#8220;1412&#8243; img_size=&#8220;large&#8220; alignment=&#8220;center&#8220; qode_css_animation=&#8220;&#8220;][\/qode_content_slider_item][qode_content_slider_item][vc_single_image image=&#8220;1421&#8243; img_size=&#8220;large&#8220; alignment=&#8220;center&#8220; qode_css_animation=&#8220;&#8220;][\/qode_content_slider_item][qode_content_slider_item][vc_single_image image=&#8220;1411&#8243; img_size=&#8220;large&#8220; alignment=&#8220;center&#8220; qode_css_animation=&#8220;&#8220;][\/qode_content_slider_item][qode_content_slider_item][vc_single_image image=&#8220;1410&#8243; img_size=&#8220;large&#8220; alignment=&#8220;center&#8220; qode_css_animation=&#8220;&#8220;][\/qode_content_slider_item][\/qode_content_slider][\/vc_column][\/vc_row][vc_row css_animation=&#8220;&#8220; row_type=&#8220;row&#8220; use_row_as_full_screen_section=&#8220;no&#8220; type=&#8220;full_width&#8220; angled_section=&#8220;no&#8220; text_align=&#8220;left&#8220; background_image_as_pattern=&#8220;without_pattern&#8220;][vc_column][vc_empty_space height=&#8220;64px&#8220;][\/vc_column][\/vc_row][vc_row css_animation=&#8220;&#8220; row_type=&#8220;row&#8220; use_row_as_full_screen_section=&#8220;no&#8220; type=&#8220;full_width&#8220; angled_section=&#8220;no&#8220; text_align=&#8220;left&#8220; background_image_as_pattern=&#8220;without_pattern&#8220; z_index=&#8220;&#8220; css=&#8220;.vc_custom_1521128407800{padding-top: 7% !important;padding-bottom: 7% !important;background-color: #dfd9d4 !important;}&#8220;][vc_column][vc_column_text el_class=&#8220;rooms-my&#8220;]<\/p>\n<p style=\"text-align: center;\"><span style=\"color: #5f5959;\"><strong>Verbringen Sie Ihren Urlaub in vollkommener Gelassenheit, Sie k\u00f6nnen sich jederzeit auf <\/strong><strong>ein freundliches und auf Ihre Bed\u00fcrfnisse eingehendes Personal verlassen. <\/strong><\/span><\/p>\n<p>[\/vc_column_text][\/vc_column][\/vc_row][vc_row css_animation=&#8220;&#8220; row_type=&#8220;row&#8220; use_row_as_full_screen_section=&#8220;no&#8220; type=&#8220;full_width&#8220; angled_section=&#8220;no&#8220; text_align=&#8220;left&#8220; background_image_as_pattern=&#8220;without_pattern&#8220;][vc_column][vc_empty_space height=&#8220;64px&#8220;][\/vc_column][\/vc_row]<\/p>\n<\/div>","protected":false},"excerpt":{"rendered":"<p>[vc_row css_animation=&#8220;&#8220; row_type=&#8220;row&#8220; use_row_as_full_screen_section=&#8220;no&#8220; type=&#8220;full_width&#8220; angled_section=&#8220;no&#8220; text_align=&#8220;center&#8220; background_image_as_pattern=&#8220;without_pattern&#8220; z_index=&#8220;&#8220; background_color=&#8220;#dfd9d4&#8243; css=&#8220;.vc_custom_1708328100632{background-color: #dfd9d4 !important;}&#8220;][vc_column][vc_empty_space height=&#8220;60px&#8220; el_class=&#8220;empty60&#8243;][vc_column_text] Zimmer [\/vc_column_text][vc_column_text css=&#8220;&#8220;] Unsere Zimmer empfangen Sie in einer entspannten und komfortablen Atmosph\u00e4re, die Ihnen w\u00e4hrend Ihres Aufenthalts h\u00f6chsten Komfort bietet. Dank der zahlreichen Dienstleistungen, die Ihnen zur Verf\u00fcgung stehen,&#8230;<\/p>\n","protected":false},"author":1,"featured_media":0,"parent":0,"menu_order":0,"comment_status":"closed","ping_status":"closed","template":"","meta":{"_monsterinsights_skip_tracking":false,"_monsterinsights_sitenote_active":false,"_monsterinsights_sitenote_note":"","_monsterinsights_sitenote_category":0,"footnotes":""},"class_list":["post-2897","page","type-page","status-publish","hentry"],"aioseo_notices":[],"_links":{"self":[{"href":"https:\/\/hotelardesia.com\/de\/wp-json\/wp\/v2\/pages\/2897","targetHints":{"allow":["GET"]}}],"collection":[{"href":"https:\/\/hotelardesia.com\/de\/wp-json\/wp\/v2\/pages"}],"about":[{"href":"https:\/\/hotelardesia.com\/de\/wp-json\/wp\/v2\/types\/page"}],"author":[{"embeddable":true,"href":"https:\/\/hotelardesia.com\/de\/wp-json\/wp\/v2\/users\/1"}],"replies":[{"embeddable":true,"href":"https:\/\/hotelardesia.com\/de\/wp-json\/wp\/v2\/comments?post=2897"}],"version-history":[{"count":0,"href":"https:\/\/hotelardesia.com\/de\/wp-json\/wp\/v2\/pages\/2897\/revisions"}],"wp:attachment":[{"href":"https:\/\/hotelardesia.com\/de\/wp-json\/wp\/v2\/media?parent=2897"}],"curies":[{"name":"wp","href":"https:\/\/api.w.org\/{rel}","templated":true}]}}