{"id":2909,"date":"2025-12-09T14:29:19","date_gmt":"2025-12-09T13:29:19","guid":{"rendered":"https:\/\/hotelardesia.com\/fruehstueck"},"modified":"2026-02-17T15:18:14","modified_gmt":"2026-02-17T14:18:14","slug":"fruehstueck","status":"publish","type":"page","link":"https:\/\/hotelardesia.com\/de\/fruehstueck","title":{"rendered":"Fr\u00fchst\u00fcck"},"content":{"rendered":"<div class=\"wpb-content-wrapper\"><p>[vc_row css_animation=&#8220;&#8220; row_type=&#8220;row&#8220; use_row_as_full_screen_section=&#8220;no&#8220; type=&#8220;full_width&#8220; angled_section=&#8220;no&#8220; text_align=&#8220;left&#8220; background_image_as_pattern=&#8220;without_pattern&#8220; css=&#8220;.vc_custom_1682210138308{margin-top: 3% !important;}&#8220; z_index=&#8220;&#8220;][vc_column][qode_elements_holder number_of_columns=&#8220;three_columns&#8220;][qode_elements_holder_item advanced_animations=&#8220;no&#8220; custom_class=&#8220;relative-box two&#8220;][vc_single_image image=&#8220;984&#8243; img_size=&#8220;full&#8220; qode_css_animation=&#8220;&#8220;][\/qode_elements_holder_item][qode_elements_holder_item advanced_animations=&#8220;no&#8220; custom_class=&#8220;relative-box two&#8220;][vc_single_image image=&#8220;987&#8243; img_size=&#8220;full&#8220; qode_css_animation=&#8220;&#8220;][\/qode_elements_holder_item][qode_elements_holder_item vertical_alignment=&#8220;middle&#8220; advanced_animations=&#8220;no&#8220; custom_class=&#8220;relative-box two&#8220;][vc_column_text css=&#8220;&#8220;]<\/p>\n<h1 style=\"text-align: center;\">FR\u00dcHST\u00dcCK<\/h1>\n<p><\/p>\n<p style=\"text-align: center;\">Im Hotel Ardesia k\u00f6nnen Sie ein authentisches, hausgemachtes Fr\u00fchst\u00fcck genie\u00dfen.<br \/>\nEin <strong>reichhaltiges Buffet mit s\u00fc\u00dfen und herzhaften Speisen <\/strong>und hausgemachtem Geb\u00e4ck sorgt daf\u00fcr, dass Sie mit der richtigen Energie in den Tag starten.<\/p>\n<p style=\"text-align: center;\">Sie k\u00f6nnen w\u00e4hlen, ob Sie es im gro\u00dfen <strong>klimatisierten Speisesaal<\/strong> oder im Freien im <strong>Garten<\/strong> des Hotels genie\u00dfen m\u00f6chten. <\/p>\n<p><\/p>\n<p style=\"text-align: center;\"><a class=\"qbutton read_more_button blue\" href=\"https:\/\/hotelardesia.com\/de\/dienstleistungen\">Alle Dienstleistungen<\/a><\/p>\n<p>[\/vc_column_text][\/qode_elements_holder_item][\/qode_elements_holder][vc_empty_space height=&#8220;60px&#8220;][\/vc_column][\/vc_row][vc_row row_type=&#8220;parallax&#8220; header_style=&#8220;dark&#8220; parallax_content_width=&#8220;full_width&#8220; text_align=&#8220;center&#8220; full_screen_section_height=&#8220;no&#8220; background_image=&#8220;1188&#8243; section_height=&#8220;350&#8243; parallax_speed=&#8220;0.3&#8243;][vc_column][\/vc_column][\/vc_row][vc_row css_animation=&#8220;&#8220; row_type=&#8220;row&#8220; use_row_as_full_screen_section=&#8220;no&#8220; type=&#8220;full_width&#8220; angled_section=&#8220;no&#8220; text_align=&#8220;left&#8220; background_image_as_pattern=&#8220;without_pattern&#8220; z_index=&#8220;&#8220;][vc_column][vc_empty_space][vc_column_text]<\/p>\n<p style=\"text-align: center;\">Das Aufwachen war noch nie so angenehm wie mit dem <strong>Fr\u00fchst\u00fccksbuffet<\/strong> des Hotels Ardesia.<\/p>\n<p style=\"text-align: center;\">Monica wird ihre G\u00e4ste mit einfachen Gerichten begeistern, die saisonal und aus kurzer Lieferkette stammen, damit sie an sch\u00f6nen Sommertagen im Freien oder im Speisesaal Momente der <strong>Unbeschwertheit<\/strong> und <strong>Entspannung<\/strong> genie\u00dfen k\u00f6nnen.<\/p>\n<p style=\"text-align: center;\">Es stehen stets <strong>vegetarische<\/strong> und <strong>vegane<\/strong> Alternativen sowie <strong>glutenfreie Produkte<\/strong> zur Verf\u00fcgung, um den Geschm\u00e4ckern und Vorlieben aller G\u00e4ste gerecht zu werden.<\/p>\n<p>[\/vc_column_text][vc_empty_space][\/vc_column][\/vc_row]<\/p>\n<\/div>","protected":false},"excerpt":{"rendered":"<p>[vc_row css_animation=&#8220;&#8220; row_type=&#8220;row&#8220; use_row_as_full_screen_section=&#8220;no&#8220; type=&#8220;full_width&#8220; angled_section=&#8220;no&#8220; text_align=&#8220;left&#8220; background_image_as_pattern=&#8220;without_pattern&#8220; css=&#8220;.vc_custom_1682210138308{margin-top: 3% !important;}&#8220; z_index=&#8220;&#8220;][vc_column][qode_elements_holder number_of_columns=&#8220;three_columns&#8220;][qode_elements_holder_item advanced_animations=&#8220;no&#8220; custom_class=&#8220;relative-box two&#8220;][vc_single_image image=&#8220;984&#8243; img_size=&#8220;full&#8220; qode_css_animation=&#8220;&#8220;][\/qode_elements_holder_item][qode_elements_holder_item advanced_animations=&#8220;no&#8220; custom_class=&#8220;relative-box two&#8220;][vc_single_image image=&#8220;987&#8243; img_size=&#8220;full&#8220; qode_css_animation=&#8220;&#8220;][\/qode_elements_holder_item][qode_elements_holder_item vertical_alignment=&#8220;middle&#8220; advanced_animations=&#8220;no&#8220; custom_class=&#8220;relative-box two&#8220;][vc_column_text css=&#8220;&#8220;] FR\u00dcHST\u00dcCK Im Hotel Ardesia k\u00f6nnen Sie ein authentisches, hausgemachtes Fr\u00fchst\u00fcck genie\u00dfen. Ein reichhaltiges Buffet mit&#8230;<\/p>\n","protected":false},"author":1,"featured_media":0,"parent":0,"menu_order":0,"comment_status":"closed","ping_status":"closed","template":"","meta":{"_monsterinsights_skip_tracking":false,"_monsterinsights_sitenote_active":false,"_monsterinsights_sitenote_note":"","_monsterinsights_sitenote_category":0,"footnotes":""},"class_list":["post-2909","page","type-page","status-publish","hentry"],"aioseo_notices":[],"_links":{"self":[{"href":"https:\/\/hotelardesia.com\/de\/wp-json\/wp\/v2\/pages\/2909","targetHints":{"allow":["GET"]}}],"collection":[{"href":"https:\/\/hotelardesia.com\/de\/wp-json\/wp\/v2\/pages"}],"about":[{"href":"https:\/\/hotelardesia.com\/de\/wp-json\/wp\/v2\/types\/page"}],"author":[{"embeddable":true,"href":"https:\/\/hotelardesia.com\/de\/wp-json\/wp\/v2\/users\/1"}],"replies":[{"embeddable":true,"href":"https:\/\/hotelardesia.com\/de\/wp-json\/wp\/v2\/comments?post=2909"}],"version-history":[{"count":0,"href":"https:\/\/hotelardesia.com\/de\/wp-json\/wp\/v2\/pages\/2909\/revisions"}],"wp:attachment":[{"href":"https:\/\/hotelardesia.com\/de\/wp-json\/wp\/v2\/media?parent=2909"}],"curies":[{"name":"wp","href":"https:\/\/api.w.org\/{rel}","templated":true}]}}