{"id":2916,"date":"2025-12-09T14:31:05","date_gmt":"2025-12-09T13:31:05","guid":{"rendered":"https:\/\/hotelardesia.com\/kontakte-hotel-ardesia"},"modified":"2026-02-17T14:52:08","modified_gmt":"2026-02-17T13:52:08","slug":"kontakte-hotel-ardesia","status":"publish","type":"page","link":"https:\/\/hotelardesia.com\/de\/kontakte-hotel-ardesia","title":{"rendered":"Kontakte"},"content":{"rendered":"<div class=\"wpb-content-wrapper\"><p>[vc_row css_animation=&#8220;&#8220; row_type=&#8220;row&#8220; use_row_as_full_screen_section=&#8220;no&#8220; type=&#8220;full_width&#8220; angled_section=&#8220;no&#8220; text_align=&#8220;left&#8220; background_image_as_pattern=&#8220;without_pattern&#8220;][vc_column][vc_column_text][\/vc_column_text][\/vc_column][\/vc_row][vc_row css_animation=&#8220;&#8220; row_type=&#8220;row&#8220; use_row_as_full_screen_section=&#8220;no&#8220; type=&#8220;full_width&#8220; angled_section=&#8220;no&#8220; text_align=&#8220;left&#8220; background_image_as_pattern=&#8220;without_pattern&#8220;][vc_column][vc_empty_space height=&#8220;100px&#8220;][vc_column_text]<\/p>\n<h1 style=\"text-align: center;\">Kontakte<\/h1>\n<p>[\/vc_column_text][vc_empty_space height=&#8220;30px&#8220;][vc_column_text]<\/p>\n<p style=\"text-align: center;\">Haben Sie Fragen? Wir stehen Ihnen gerne zur Verf\u00fcgung!<br \/>\nSie k\u00f6nnen uns unverbindlich telefonisch, per E-Mail oder \u00fcber das untenstehende Formular kontaktieren.<br \/>\nWir beantworten gerne alle Ihre Anfragen.<\/p>\n<p>[\/vc_column_text][qode_elements_holder number_of_columns=&#8220;one_column&#8220; alignment_one_column=&#8220;center&#8220;][qode_elements_holder_item advanced_animations=&#8220;no&#8220;][vc_column_text css=&#8220;&#8220; el_class=&#8220;max-1000&#8243;]<\/p>\n<p style=\"text-align: center;\"><strong>Tel: <\/strong><a class=\"email-footer\" href=\"tel:+390541389363\">0541.389363<\/a><br \/>\n<strong>E-mail<\/strong>: <a class=\"email-contatti\" href=\"mailto:info@hotelardesia.com?subject=Richiesta informazioni dal sito albergoardesia.it\">info@hotelardesia.com<\/a><br \/>\n<strong>Whatsapp<\/strong>: <a class=\"email-footer\" href=\"https:\/\/wa.me\/393886338363\">+39 388 633 8363<\/a><\/p>\n<p>[\/vc_column_text][vc_raw_html css=&#8220;&#8220;]PGRpdiBjbGFzcz0iZm9ybS1leHQiIHN0eWxlPSJ0ZXh0LWFsaWduOiBjZW50ZXI7Ij4NCjxkaXYgc3R5bGU9InBhZGRpbmctdG9wOiAyMHB4OyBtYXJnaW4tdG9wOiA4cHg7Ij48L2Rpdj48YnI+PGgzPkluZm9ybWF0aW9uZW4gYW5mb3JkZXJuPC9oMz48YnI+PGRpdiBpZD0iY29udGFpbmVyX2NvbnRhdHRpIiBzdHlsZT0idGV4dC1hbGlnbjogY2VudGVyIWltcG9ydGFudDsiPjwvZGl2Pjxicj48L2Rpdj48YnI+PHNjcmlwdCBzcmM9Imh0dHBzOi8vd3d3LnNjaWRvby5jb20vd2lkZ2V0X2NvbnRhdHRpL2luY2x1ZGVfd2lkZ2V0X2NvbnRhdHRpLmpzIiBkYXRhLWNvZGljZT0iMTAyOCIgZGF0YS1sYW5nPSI0IiBkYXRhLXZpc3VhbGl6emEtZXh0cmE9IjEiIGRhdGEtc3RydXR0dXJhPSItMSIgZGF0YS1sdW9nbz0iMCIgZGF0YS1jb250YWluZXI9ImNvbnRhaW5lcl9jb250YXR0aSI+PC9zY3JpcHQ+[\/vc_raw_html][\/qode_elements_holder_item][\/qode_elements_holder][vc_empty_space height=&#8220;60px&#8220;][\/vc_column][\/vc_row][vc_row css_animation=&#8220;&#8220; row_type=&#8220;row&#8220; use_row_as_full_screen_section=&#8220;no&#8220; type=&#8220;full_width&#8220; angled_section=&#8220;no&#8220; text_align=&#8220;left&#8220; background_image_as_pattern=&#8220;without_pattern&#8220;][vc_column][vc_column_text][\/vc_column_text][\/vc_column][\/vc_row]<\/p>\n<\/div>","protected":false},"excerpt":{"rendered":"<p>[vc_row css_animation=&#8220;&#8220; row_type=&#8220;row&#8220; use_row_as_full_screen_section=&#8220;no&#8220; type=&#8220;full_width&#8220; angled_section=&#8220;no&#8220; text_align=&#8220;left&#8220; background_image_as_pattern=&#8220;without_pattern&#8220;][vc_column][vc_column_text][\/vc_column_text][\/vc_column][\/vc_row][vc_row css_animation=&#8220;&#8220; row_type=&#8220;row&#8220; use_row_as_full_screen_section=&#8220;no&#8220; type=&#8220;full_width&#8220; angled_section=&#8220;no&#8220; text_align=&#8220;left&#8220; background_image_as_pattern=&#8220;without_pattern&#8220;][vc_column][vc_empty_space height=&#8220;100px&#8220;][vc_column_text] Kontakte [\/vc_column_text][vc_empty_space height=&#8220;30px&#8220;][vc_column_text] Haben Sie Fragen? Wir stehen Ihnen gerne zur Verf\u00fcgung! Sie k\u00f6nnen uns unverbindlich telefonisch, per E-Mail oder \u00fcber das untenstehende Formular kontaktieren. Wir beantworten gerne alle&#8230;<\/p>\n","protected":false},"author":1,"featured_media":0,"parent":0,"menu_order":0,"comment_status":"closed","ping_status":"closed","template":"","meta":{"_monsterinsights_skip_tracking":false,"_monsterinsights_sitenote_active":false,"_monsterinsights_sitenote_note":"","_monsterinsights_sitenote_category":0,"footnotes":""},"class_list":["post-2916","page","type-page","status-publish","hentry"],"aioseo_notices":[],"_links":{"self":[{"href":"https:\/\/hotelardesia.com\/de\/wp-json\/wp\/v2\/pages\/2916","targetHints":{"allow":["GET"]}}],"collection":[{"href":"https:\/\/hotelardesia.com\/de\/wp-json\/wp\/v2\/pages"}],"about":[{"href":"https:\/\/hotelardesia.com\/de\/wp-json\/wp\/v2\/types\/page"}],"author":[{"embeddable":true,"href":"https:\/\/hotelardesia.com\/de\/wp-json\/wp\/v2\/users\/1"}],"replies":[{"embeddable":true,"href":"https:\/\/hotelardesia.com\/de\/wp-json\/wp\/v2\/comments?post=2916"}],"version-history":[{"count":0,"href":"https:\/\/hotelardesia.com\/de\/wp-json\/wp\/v2\/pages\/2916\/revisions"}],"wp:attachment":[{"href":"https:\/\/hotelardesia.com\/de\/wp-json\/wp\/v2\/media?parent=2916"}],"curies":[{"name":"wp","href":"https:\/\/api.w.org\/{rel}","templated":true}]}}