{"id":2926,"date":"2025-12-09T14:33:33","date_gmt":"2025-12-09T13:33:33","guid":{"rendered":"https:\/\/hotelardesia.com\/betriebsvereinbarungen"},"modified":"2026-02-18T10:20:34","modified_gmt":"2026-02-18T09:20:34","slug":"betriebsvereinbarungen","status":"publish","type":"page","link":"https:\/\/hotelardesia.com\/de\/betriebsvereinbarungen","title":{"rendered":"Betriebsvereinbarungen"},"content":{"rendered":"<div class=\"wpb-content-wrapper\"><p>[vc_row css_animation=&#8220;&#8220; row_type=&#8220;row&#8220; use_row_as_full_screen_section=&#8220;no&#8220; type=&#8220;full_width&#8220; angled_section=&#8220;no&#8220; text_align=&#8220;left&#8220; background_image_as_pattern=&#8220;without_pattern&#8220;][vc_column][vc_column_text css=&#8220;&#8220;]<\/p>\n<h1><\/h1>\n<p>&nbsp;<\/p>\n<h1>FIRMENVEREINBARUNGEN<\/h1>\n<p>&nbsp;<\/p>\n<h2>W\u00e4hlen Sie das Hotel Ardesia f\u00fcr Ihren Gesch\u00e4ftsaufenthalt oder f\u00fcr Ihre Mitarbeiter!<\/h2>\n<p>Eine Unternehmensvereinbarung mit unserem Hotel bietet Ihnen zahlreiche Vorteile:<\/p>\n<ul>\n<li style=\"list-style-type: none;\">\n<ul>\n<li><strong>Preissicherheit<\/strong>: Sie k\u00f6nnen zum besten verf\u00fcgbaren Unternehmenstarif buchen und vermeiden so \u00dcberraschungen in letzter Minute und marktbedingte Aufschl\u00e4ge.<\/li>\n<li class=\"v1MsoNormal\"><span lang=\"IT\"><strong>Kostenlose Stornierung<\/strong>:<\/span><span lang=\"IT\"> Bis zu 24 Stunden vor dem Anreisetag k\u00f6nnen Sie ohne Stornogeb\u00fchren stornieren. <\/span><\/li>\n<li><strong>Einfache Buchung und Kommunikation<\/strong>: Sie k\u00f6nnen uns jederzeit eine E-Mail an info@hotelardesia.com oder eine WhatsApp-Nachricht an +39 388 633 83 63 senden.<\/li>\n<li><strong>Bestes verf\u00fcgbares Zimmer:<\/strong> Sie erhalten kostenlos das beste verf\u00fcgbare Zimmer.<\/li>\n<li class=\"v1MsoNormal\"><span lang=\"IT\"><b>Fr\u00fchst\u00fccksbuffet:<\/b> hochwertige Produkte und der Geschmack eines authentischen, hausgemachten Fr\u00fchst\u00fccks<\/span><\/li>\n<\/ul>\n<p><\/li>\n<p><\/ul>\n<p>&nbsp;<\/p>\n<ul>\n<li style=\"list-style-type: none;\">\n<ul>\n<li class=\"v1MsoNormal\"><span lang=\"IT\"><b>WLAN:<\/b> unbegrenztes und kostenloses Ultra-Glasfaser-Internet<\/span><\/li>\n<\/ul>\n<p><\/li>\n<p><\/ul>\n<p>&nbsp;<\/p>\n<ul>\n<li style=\"list-style-type: none;\">\n<ul>\n<li><strong>Partnerrestaurants:<\/strong> 10 % Rabatt<\/li>\n<\/ul>\n<p><\/li>\n<p><\/ul>\n<p>&nbsp;<\/p>\n<ul>\n<li style=\"list-style-type: none;\">\n<ul>\n<li><strong>Kostenlose Parkpl\u00e4tze<\/strong>: auf der Stra\u00dfe vor dem Hotel oder in der unmittelbaren Umgebung<\/li>\n<\/ul>\n<p><\/li>\n<p><\/ul>\n<p>&nbsp;<\/p>\n<p>&nbsp;<\/p>\n<h5>Wir arbeiten bereits mit dem <a href=\"https:\/\/www.auslromagna.it\/luoghi\/ospedali\/ospedale-infermi-di-rimini\">Krankenhaus von Rimini<\/a>, <a href=\"https:\/\/www.nuovaricerca.com\/\">Nuova Ricerca di Rimini<\/a>, <a href=\"https:\/\/www.sgrlucegas.com\/\">dem Kongresszentrum SGR<\/a>, <a href=\"https:\/\/grosrimini.com\/\">GROS Rimini<\/a>, <a href=\"https:\/\/www.riminipalacongressi.it\/\">Palacongressi Rimini<\/a>, <a href=\"https:\/\/www.lebefane.it\/\">Le Befane Shopping Centre<\/a> und viele andere nationale und internationale Einrichtungen. Wir befinden uns in unmittelbarer N\u00e4he zum <a href=\"https:\/\/www.stadiumrimini.net\/\">RDS Stadium und Concerti !<\/a><\/h5>\n<p>&nbsp;<\/p>\n<p style=\"text-align: center;\"><b><span lang=\"IT\">F\u00fcr INFORMATIONEN UND RESERVIERUNGEN<\/span><\/b><\/p>\n<p>&nbsp;<\/p>\n<p class=\"v1MsoNormal\" style=\"text-align: center;\"><b><span lang=\"IT\">Tel.<\/span><\/b><span lang=\"IT\"> +39 0541 389363<\/span><\/p>\n<p>&nbsp;<\/p>\n<p class=\"v1MsoNormal\" style=\"text-align: center;\"><b>Whatsapp<\/b>. +39 388 633 8363<\/p>\n<p>&nbsp;<\/p>\n<p class=\"v1MsoNormal\" style=\"text-align: center;\"><b>E-Mail<\/b>: <span lang=\"IT\"><a href=\"mailto:info@hotelardesia.com\" rel=\"noreferrer\"><span lang=\"EN-US\">info@hotelardesia.com<\/span><\/a><\/span><\/p>\n<p>[\/vc_column_text][\/vc_column][\/vc_row][vc_row css_animation=&#8220;&#8220; row_type=&#8220;row&#8220; use_row_as_full_screen_section=&#8220;no&#8220; type=&#8220;full_width&#8220; angled_section=&#8220;no&#8220; text_align=&#8220;left&#8220; background_image_as_pattern=&#8220;without_pattern&#8220;][vc_column][qode_elements_holder number_of_columns=&#8220;one_column&#8220;][qode_elements_holder_item advanced_animations=&#8220;no&#8220;][vc_column_text el_class=&#8220;max-1000&#8243;]<\/p>\n<div class=\"form-ext\">\n<h3>Informationen anfordern<\/h3>\n<p><script src=\"https:\/\/www.scidoo.com\/widget_contatti\/include_widget_contatti.js\" data-codice=\"1028\" data-lang=\"4\" data-visualizza-extra=\"1\" data-struttura=\"-1\" data-luogo=\"4\" data-container=\"container_contatti\"><\/script><\/p>\n<div id=\"container_contatti\"><\/div>\n<p><\/div>\n<p>[\/vc_column_text][\/qode_elements_holder_item][\/qode_elements_holder][vc_empty_space][\/vc_column][\/vc_row][vc_row css_animation=&#8220;&#8220; row_type=&#8220;row&#8220; use_row_as_full_screen_section=&#8220;no&#8220; type=&#8220;full_width&#8220; angled_section=&#8220;no&#8220; text_align=&#8220;left&#8220; background_image_as_pattern=&#8220;without_pattern&#8220;][vc_column][vc_column_text][\/vc_column_text][\/vc_column][\/vc_row]<\/p>\n<\/div>","protected":false},"excerpt":{"rendered":"<p>[vc_row css_animation=&#8220;&#8220; row_type=&#8220;row&#8220; use_row_as_full_screen_section=&#8220;no&#8220; type=&#8220;full_width&#8220; angled_section=&#8220;no&#8220; text_align=&#8220;left&#8220; background_image_as_pattern=&#8220;without_pattern&#8220;][vc_column][vc_column_text css=&#8220;&#8220;] &nbsp; FIRMENVEREINBARUNGEN &nbsp; W\u00e4hlen Sie das Hotel Ardesia f\u00fcr Ihren Gesch\u00e4ftsaufenthalt oder f\u00fcr Ihre Mitarbeiter! Eine Unternehmensvereinbarung mit unserem Hotel bietet Ihnen zahlreiche Vorteile: Preissicherheit: Sie k\u00f6nnen zum besten verf\u00fcgbaren Unternehmenstarif buchen und vermeiden so \u00dcberraschungen&#8230;<\/p>\n","protected":false},"author":1,"featured_media":0,"parent":0,"menu_order":0,"comment_status":"closed","ping_status":"closed","template":"","meta":{"_monsterinsights_skip_tracking":false,"_monsterinsights_sitenote_active":false,"_monsterinsights_sitenote_note":"","_monsterinsights_sitenote_category":0,"footnotes":""},"class_list":["post-2926","page","type-page","status-publish","hentry"],"aioseo_notices":[],"_links":{"self":[{"href":"https:\/\/hotelardesia.com\/de\/wp-json\/wp\/v2\/pages\/2926","targetHints":{"allow":["GET"]}}],"collection":[{"href":"https:\/\/hotelardesia.com\/de\/wp-json\/wp\/v2\/pages"}],"about":[{"href":"https:\/\/hotelardesia.com\/de\/wp-json\/wp\/v2\/types\/page"}],"author":[{"embeddable":true,"href":"https:\/\/hotelardesia.com\/de\/wp-json\/wp\/v2\/users\/1"}],"replies":[{"embeddable":true,"href":"https:\/\/hotelardesia.com\/de\/wp-json\/wp\/v2\/comments?post=2926"}],"version-history":[{"count":0,"href":"https:\/\/hotelardesia.com\/de\/wp-json\/wp\/v2\/pages\/2926\/revisions"}],"wp:attachment":[{"href":"https:\/\/hotelardesia.com\/de\/wp-json\/wp\/v2\/media?parent=2926"}],"curies":[{"name":"wp","href":"https:\/\/api.w.org\/{rel}","templated":true}]}}