{"id":2929,"date":"2025-12-09T14:36:58","date_gmt":"2025-12-09T13:36:58","guid":{"rendered":"https:\/\/hotelardesia.com\/business-vereinbarungen"},"modified":"2025-12-11T14:32:34","modified_gmt":"2025-12-11T13:32:34","slug":"business-vereinbarungen","status":"publish","type":"page","link":"https:\/\/hotelardesia.com\/de\/business-vereinbarungen","title":{"rendered":"Business"},"content":{"rendered":"<div class=\"wpb-content-wrapper\"><p>[vc_row css_animation=&#8220;&#8220; row_type=&#8220;row&#8220; use_row_as_full_screen_section=&#8220;no&#8220; type=&#8220;full_width&#8220; angled_section=&#8220;no&#8220; text_align=&#8220;left&#8220; background_image_as_pattern=&#8220;without_pattern&#8220; el_class=&#8220;max-1400&#8243; z_index=&#8220;&#8220;][vc_column][vc_empty_space height=&#8220;60px&#8220;][vc_column_text]<\/p>\n<h1 style=\"text-align: center;\">Die Messe und das Kongresszentrum<\/h1>\n<p>[\/vc_column_text][vc_column_text]<\/p>\n<p style=\"text-align: center;\">Die <strong>Messe Rimini<\/strong> ist seit langem ein wichtiger wirtschaftlicher und sozialer Treffpunkt, der von Jahr zu Jahr immer bessere Ergebnisse erzielt.<\/p>\n<p style=\"text-align: center;\">Sie wurde 2001 auf einer Gesamtfl\u00e4che von 460.000 m\u00b2 er\u00f6ffnet und verf\u00fcgt \u00fcber einen eigenen Bahnhof und einen Hubschrauberlandeplatz. <\/p>\n<p><\/p>\n<p style=\"text-align: center;\" >Das auf einer Ebene angelegte Messegel\u00e4nde verf\u00fcgt \u00fcber drei Eing\u00e4nge, 113.000 m\u00b2 Ausstellungsfl\u00e4che, 16 klimatisierte und verdunkelbare Hallen, 20 modulare Kongresss\u00e4le, ein Businesscenter, drei Presser\u00e4ume, 2 Restaurants, 3 frei zug\u00e4ngliche Lokale, 10 Gastronomiebetriebe und Parkpl\u00e4tze f\u00fcr 11.000 Autos.<\/p>\n<p>[\/vc_column_text][vc_empty_space height=&#8220;60px&#8220;][\/vc_column][\/vc_row][vc_row css_animation=&#8220;&#8220; row_type=&#8220;row&#8220; use_row_as_full_screen_section=&#8220;no&#8220; type=&#8220;full_width&#8220; angled_section=&#8220;no&#8220; text_align=&#8220;left&#8220; background_image_as_pattern=&#8220;without_pattern&#8220; el_class=&#8220;full&#8220; z_index=&#8220;&#8220;][vc_column][vc_empty_space height=&#8220;60px&#8220;][vc_raw_html]W21ldGFzbGlkZXIgaWQ9IjEyNzYiXQ==[\/vc_raw_html][vc_empty_space height=&#8220;60px&#8220;][\/vc_column][\/vc_row][vc_row css_animation=&#8220;&#8220; row_type=&#8220;row&#8220; use_row_as_full_screen_section=&#8220;no&#8220; type=&#8220;full_width&#8220; angled_section=&#8220;no&#8220; text_align=&#8220;left&#8220; background_image_as_pattern=&#8220;without_pattern&#8220; el_class=&#8220;index-risto&#8220; z_index=&#8220;&#8220; css=&#8220;.vc_custom_1518098798166{background-color: #ffffff !important;}&#8220;][vc_column][qode_elements_holder number_of_columns=&#8220;two_columns&#8220;][qode_elements_holder_item advanced_animations=&#8220;no&#8220; item_padding=&#8220;0 15px 0 0&#8243;][vc_single_image image=&#8220;2331&#8243; img_size=&#8220;full&#8220; alignment=&#8220;right&#8220; css=&#8220;.vc_custom_1702072996345{padding-right: 15px !important;padding-left: 15px !important;}&#8220; qode_css_animation=&#8220;element_from_fade&#8220;][\/qode_elements_holder_item][qode_elements_holder_item advanced_animations=&#8220;no&#8220; item_padding=&#8220;0 0 0 15px&#8220;][vc_column_text css=&#8220;.vc_custom_1702072960390{padding-right: 15px !important;padding-left: 15px !important;}&#8220;]<\/p>\n<p style=\"text-align: center;\">Das moderne Messegel\u00e4nde besticht durch seine gro\u00dfz\u00fcgige Ausstellungsfl\u00e4che und die Vielzahl an j\u00e4hrlichen, zweij\u00e4hrlichen und dreij\u00e4hrlichen Veranstaltungen, die hier stattfinden.<\/p>\n<p><\/p>\n<p style=\"text-align: center;\">Die Bereiche Tourismus, Unterhaltung und Freizeit sowie Industrieanlagen geh\u00f6ren zu den Hauptakteuren der Ausstellungen der <strong>Rimini Fiera<\/strong>, und zu den interessantesten Veranstaltungen z\u00e4hlen: <a href=\"https:\/\/www.riminiwellness.com\/\"><strong>Rimini Wellness<\/strong><\/a>, <a href=\"https:\/\/en.sigep.it\/\"><strong>SIGEP<\/strong><\/a>, <a href=\"https:\/\/www.sunexpo.it\/\"><strong>SUN Expo<\/strong><\/a>, <a href=\"https:\/\/en.enada.it\/\"><strong>Enada<\/strong><\/a> und <strong><a href=\"https:\/\/en.beerandfoodattraction.it\/\">Beer&amp; Food attraction<\/a>, <a href=\"https:\/\/en.key-expo.com\/\">Key Energy<\/a>, <a href=\"https:\/\/www.macfrut.com\/\">Macfruit<\/a>, <a href=\"https:\/\/www.tecnaexpo.com\/\">Tecna<\/a><\/strong>.<\/p>\n<p><\/p>\n<p style=\"text-align: center;\">Seit mehreren Jahren finden auf der Messe in Rimini auch die <strong><a href=\"https:\/\/www.federginnastica.it\/news\/27952-rimini-%E2%80%93-apre-la-biglietteria-per-i-campionati-europei-di-artistica-maschile-e-femminile-del-2024.html \">Meisterschaften im Kunstturnen f\u00fcr M\u00e4nner und Frauen<\/a> und die <a href=\"https:\/\/www.federdanza.it\/\">italienischen Tanzmeisterschaften FIDS<\/a> statt.<\/strong><\/p>\n<p>[\/vc_column_text][\/qode_elements_holder_item][\/qode_elements_holder][vc_empty_space height=&#8220;60px&#8220;][\/vc_column][\/vc_row][vc_row css_animation=&#8220;&#8220; row_type=&#8220;row&#8220; use_row_as_full_screen_section=&#8220;no&#8220; type=&#8220;full_width&#8220; angled_section=&#8220;no&#8220; text_align=&#8220;right&#8220; background_image_as_pattern=&#8220;without_pattern&#8220; el_class=&#8220;index-risto&#8220; z_index=&#8220;&#8220; css=&#8220;.vc_custom_1702072643551{background-color: #ffffff !important;}&#8220;][vc_column][qode_elements_holder number_of_columns=&#8220;two_columns&#8220;][qode_elements_holder_item advanced_animations=&#8220;no&#8220; item_padding=&#8220;0 0 0 15px&#8220;][vc_column_text css=&#8220;.vc_custom_1719921601201{padding-right: 15px !important;padding-left: 15px !important;}&#8220;]<\/p>\n<p style=\"text-align: center;\">Ein weiteres Zentrum von gro\u00dfer Bedeutung ist das <strong><a href=\"https:\/\/www.riminipalacongressi.it\/\">Kongresszentrum<\/a> von Rimini, <\/strong>ein moderner, technologischer, eleganter und nachhaltiger Veranstaltungsort, an dem jedes Jahr wichtige Veranstaltungen stattfinden, darunter <a href=\"https:\/\/congress.anmco.it\/\"><strong>Medizinkongress<\/strong><\/a>, <strong><a href=\"https:\/\/www.scivacrimini.it\/it\/\">SCIVAC-Veterin\u00e4rkongress<\/a>, <a href=\"https:\/\/simposio.afiscientifica.it\/\">AFI-Symposium<\/a> und <a href=\"https:\/\/ihss2024. azuleon.org\/\">IHSS<\/a>, <a href=\"https:\/\/ecscw.eusset.eu\/2024\/\">ECSCW2024 <\/a>.<\/strong><\/p>\n<p>[\/vc_column_text][\/qode_elements_holder_item][qode_elements_holder_item advanced_animations=&#8220;no&#8220; item_padding=&#8220;0 15px 0 0&#8243;][vc_single_image image=&#8220;2930&#8243; img_size=&#8220;full&#8220; css=&#8220;.vc_custom_1702073008516{padding-right: 15px !important;padding-left: 15px !important;}&#8220; qode_css_animation=&#8220;element_from_fade&#8220;][\/qode_elements_holder_item][\/qode_elements_holder][vc_empty_space height=&#8220;60px&#8220;][\/vc_column][\/vc_row][vc_row css_animation=&#8220;&#8220; row_type=&#8220;row&#8220; use_row_as_full_screen_section=&#8220;no&#8220; type=&#8220;full_width&#8220; angled_section=&#8220;no&#8220; text_align=&#8220;left&#8220; background_image_as_pattern=&#8220;without_pattern&#8220; z_index=&#8220;&#8220; css=&#8220;.vc_custom_1521192956462{background-color: #dfd9d4 !important;}&#8220;][vc_column][vc_column_text css=&#8220;.vc_custom_1702073062270{padding-top: 6% !important;padding-bottom: 6% !important;}&#8220;]<\/p>\n<p style=\"text-align: center;\"><span style=\"color: #5f5959;\">Die den Ausstellern zur Verf\u00fcgung stehenden Fl\u00e4chen werden durch logistische und technologische Dienstleistungen aller Art unterst\u00fctzt, die in Bezug auf Entwicklung und Benutzerfreundlichkeit auf dem neuesten Stand der Technik sind, und verteilen sich auf <strong>16 modulare Pavillons<\/strong>, die von Empfangsbereichen, Presser\u00e4umen, Konferenzr\u00e4umen und anderen exklusiven Dienstleistungen flankiert werden. <\/span><\/p>\n<p><\/p>\n<p style=\"text-align: center;\"><span style=\"color: #5f5959;\">Die <strong>Messe<\/strong> ist \u00fcber drei Eing\u00e4nge zug\u00e4nglich, die durch einen <strong>Shuttlebus<\/strong> verbunden sind und die gleichzeitige Durchf\u00fchrung mehrerer Veranstaltungen erm\u00f6glichen, ohne dass es zu Behinderungen kommt. Das Herzst\u00fcck des Messezentrums bildet eine zentrale Halle mit einer spektakul\u00e4ren 20 Meter hohen Kuppel, die von zahlreichen Dienstleistungen umgeben ist. <\/span><\/p>\n<p><\/p>\n<p style=\"text-align: center;\"><a class=\"qbutton read_more_button blue\" href=\"https:\/\/hotelardesia.com\/de\/wo-wir-sind\">Sehen Sie, wo wir sind<\/a><\/p>\n<p>[\/vc_column_text][\/vc_column][\/vc_row]<\/p>\n<\/div>","protected":false},"excerpt":{"rendered":"<p>[vc_row css_animation=&#8220;&#8220; row_type=&#8220;row&#8220; use_row_as_full_screen_section=&#8220;no&#8220; type=&#8220;full_width&#8220; angled_section=&#8220;no&#8220; text_align=&#8220;left&#8220; background_image_as_pattern=&#8220;without_pattern&#8220; el_class=&#8220;max-1400&#8243; z_index=&#8220;&#8220;][vc_column][vc_empty_space height=&#8220;60px&#8220;][vc_column_text] Die Messe und das Kongresszentrum [\/vc_column_text][vc_column_text] Die Messe Rimini ist seit langem ein wichtiger wirtschaftlicher und sozialer Treffpunkt, der von Jahr zu Jahr immer bessere Ergebnisse erzielt. Sie wurde 2001 auf einer Gesamtfl\u00e4che von&#8230;<\/p>\n","protected":false},"author":1,"featured_media":0,"parent":0,"menu_order":0,"comment_status":"closed","ping_status":"closed","template":"full_width.php","meta":{"_monsterinsights_skip_tracking":false,"_monsterinsights_sitenote_active":false,"_monsterinsights_sitenote_note":"","_monsterinsights_sitenote_category":0,"footnotes":""},"class_list":["post-2929","page","type-page","status-publish","hentry"],"aioseo_notices":[],"_links":{"self":[{"href":"https:\/\/hotelardesia.com\/de\/wp-json\/wp\/v2\/pages\/2929","targetHints":{"allow":["GET"]}}],"collection":[{"href":"https:\/\/hotelardesia.com\/de\/wp-json\/wp\/v2\/pages"}],"about":[{"href":"https:\/\/hotelardesia.com\/de\/wp-json\/wp\/v2\/types\/page"}],"author":[{"embeddable":true,"href":"https:\/\/hotelardesia.com\/de\/wp-json\/wp\/v2\/users\/1"}],"replies":[{"embeddable":true,"href":"https:\/\/hotelardesia.com\/de\/wp-json\/wp\/v2\/comments?post=2929"}],"version-history":[{"count":0,"href":"https:\/\/hotelardesia.com\/de\/wp-json\/wp\/v2\/pages\/2929\/revisions"}],"wp:attachment":[{"href":"https:\/\/hotelardesia.com\/de\/wp-json\/wp\/v2\/media?parent=2929"}],"curies":[{"name":"wp","href":"https:\/\/api.w.org\/{rel}","templated":true}]}}