{"id":2934,"date":"2025-12-09T14:40:39","date_gmt":"2025-12-09T13:40:39","guid":{"rendered":"https:\/\/hotelardesia.com\/ecomondo"},"modified":"2025-12-09T14:40:39","modified_gmt":"2025-12-09T13:40:39","slug":"ecomondo","status":"publish","type":"page","link":"https:\/\/hotelardesia.com\/de\/ecomondo","title":{"rendered":"Economondo, die internationale Messe f\u00fcr Nachhaltigkeit"},"content":{"rendered":"<div class=\"wpb-content-wrapper\"><p>[vc_row css_animation=&#8220;&#8220; row_type=&#8220;row&#8220; use_row_as_full_screen_section=&#8220;no&#8220; type=&#8220;full_width&#8220; angled_section=&#8220;no&#8220; text_align=&#8220;left&#8220; background_image_as_pattern=&#8220;without_pattern&#8220;][vc_column][vc_empty_space][vc_column_text css=&#8220;&#8220;]<\/p>\n<h2 data-start=\"\u201e164\u201c\" data-end=\"\u201e244\u201c\">Hotels in Rimini f\u00fcr die Ecomondo \u2013 Komfort und Bequemlichkeit nur wenige Minuten von der Messe entfernt<\/h2>\n<p><\/p>\n<p data-start=\"\u201e246\u201c\" data-end=\"\u201e596\u201c\">Wenn Sie ein <strong data-start=\"\u201e266\u201c\" data-end=\"\u201a302\u2018\">Hotel in Rimini in der N\u00e4he der Ecomondo<\/strong> suchen, ist unser Hotel die ideale L\u00f6sung f\u00fcr alle, die an der wichtigsten europ\u00e4ischen Messe f\u00fcr <strong data-start=\"\u201e398\u201c\" data-end=\"\u201e415\u201e\">gr\u00fcnen Wirtschaft<\/strong>, der <strong data-start=\"\u201c421\u201e\" data-end=\"\u201c443\u201e\">Kreislaufwirtschaft<\/strong> und <strong data-start=\"\u201a451\u2018\" data-end=\"\u201c477&quot;\">nachhaltigen Technologien<\/strong> teilnehmen. Wir bieten Komfort, Business-Services und eine strategisch g\u00fcnstige Lage, um das <strong data-start=\"\u201e571\u201c\" data-end=\"\u201e593\u201c\">Rimini Expo Centre<\/strong> bequem zu erreichen.<\/p>\n<h3 data-start=\"\u201e598\u201c\" data-end=\"\u201e649\u201c\">Komfortabler Aufenthalt in der N\u00e4he des Rimini Expo Centre<\/h3>\n<p><\/p>\n<p data-start=\"\u201e650\u201c\" data-end=\"\u201e922\u201c\">Dank unserer Lage und der schnellen Anbindung an die <strong data-start=\"\u201a711\u2018\" data-end=\"\u201e730\u201c\">Messe Rimini<\/strong> sind Sie in wenigen Minuten dort und k\u00f6nnen die Ecomondo stressfrei erleben. Das Hotel ist sowohl f\u00fcr Aussteller als auch f\u00fcr Besucher ideal, die einen komfortablen und gut organisierten Ausgangspunkt suchen.<\/p>\n<h3 data-start=\"\u201e924\u201c\" data-end=\"\u201e983\u201c\">Ecomondo: die internationale Messe f\u00fcr Nachhaltigkeit<\/h3>\n<p><\/p>\n<p data-start=\"\u201e984\u201c\" data-end=\"\u201e1193\u201c\"><strong data-start=\"\u201a984\u2018\" data-end=\"\u201e996\u201c\">Ecomondo<\/strong> ist die Leitmesse f\u00fcr \u00f6kologischen Wandel und Umweltinnovation in Europa. Jedes Jahr kommen hier Unternehmen, Start-ups, Fachleute und Institutionen zusammen, um die neuesten Entwicklungen in folgenden Bereichen vorzustellen:<\/p>\n<ul data-start=\"\u201e1195\u201c\" data-end=\"\u201e1492\u201c\">\n<li data-start=\"\u201e1195\u201c\" data-end=\"\u201e1233\u201c\">\n<p data-start=\"\u201e1197\u201c\" data-end=\"\u201e1233\u201c\"><strong data-start=\"\u201a1197\u2018\" data-end=\"\u201e1231\u201c\">Abfallwirtschaft und Recycling<\/strong><\/p>\n<\/li>\n<li data-start=\"\u201e1234\u201c\" data-end=\"\u201e1279\u201c\">\n<p data-start=\"\u201e1236\u201c\" data-end=\"\u201e1279\u201c\"><strong data-start=\"\u201a1236\u2018\" data-end=\"\u201e1277\u201c\">Wasseraufbereitung und -reinigung<\/strong><\/p>\n<\/li>\n<li data-start=\"\u201e1280\u201c\" data-end=\"\u201e1323\u201c\">\n<p data-start=\"\u201e1282\u201c\" data-end=\"\u201e1323\u201c\"><strong data-start=\"\u201a1282\u2018\" data-end=\"\u201e1321\u201c\">Bodensanierung und -regenerierung<\/strong><\/p>\n<\/li>\n<li data-start=\"\u201e1324\u201c\" data-end=\"\u201e1368\u201c\">\n<p data-start=\"\u201e1326\u201c\" data-end=\"\u201e1368\u201c\"><strong data-start=\"\u201a1326\u2018\" data-end=\"\u201e1366\u201c\">Bioenergie und nachhaltige Landwirtschaft<\/strong><\/p>\n<\/li>\n<li data-start=\"\u201e1369\u201c\" data-end=\"\u201e1406\u201c\">\n<p data-start=\"\u201e1371\u201c\" data-end=\"\u201e1406\u201c\"><strong data-start=\"\u201a1371\u2018\" data-end=\"\u201e1404\u201c\">Gr\u00fcne Mobilit\u00e4t und intelligente St\u00e4dte<\/strong><\/p>\n<\/li>\n<li data-start=\"\u201e1407\u201c\" data-end=\"\u201e1442\u201c\">\n<p data-start=\"\u201e1409\u201c\" data-end=\"\u201e1442\u201c\"><strong data-start=\"\u201a1409\u2018\" data-end=\"\u201e1440\u201c\">Digitalisierung der Umwelt<\/strong><\/p>\n<\/li>\n<li data-start=\"\u201e1443\u201c\" data-end=\"\u201e1492\u201c\">\n<p data-start=\"\u201e1445\u201c\" data-end=\"\u201e1492\u201c\"><strong data-start=\"\u201a1445\u2018\" data-end=\"\u201e1490\u201c\">Energieeffizienz und Dekarbonisierung<\/strong><\/p>\n<\/li>\n<\/ul>\n<p><\/p>\n<p data-start=\"\u201e1494\u201c\" data-end=\"\u201e1725\u201c\">Die Messe umfasst auch <strong data-start=\"\u201a1519\u2018\" data-end=\"\u201e1597\u201c\">Konferenzen, Workshops, Podiumsdiskussionen und internationale Networking-Veranstaltungen<\/strong> und bietet die perfekte Gelegenheit, sich \u00fcber gr\u00fcne Technologien zu informieren, Erfahrungen auszutauschen und neue Kooperationen zu kn\u00fcpfen.<\/p>\n<h3 data-start=\"\u201e1727\u201c\" data-end=\"\u201e1777\u201c\">Dienstleistungen f\u00fcr Besucher der Ecomondo<\/h3>\n<p><\/p>\n<p data-start=\"\u201e1778\u201c\" data-end=\"\u201e1894\u201c\">Unser Hotel bietet Ihnen alles, was Sie brauchen, um die intensiven Messetage optimal zu meistern:<\/p>\n<ul data-start=\"\u201e1896\u201c\" data-end=\"\u201e2291\u201c\">\n<li data-start=\"\u201e1896\u201c\" data-end=\"\u201e1969\u201c\">\n<p data-start=\"\u201e1898\u201c\" data-end=\"\u201e1969\u201c\"><strong data-start=\"\u201a1898\u2018\" data-end=\"\u201e1927\u201c\">Schnelles und unbegrenztes WLAN<\/strong> in allen Zimmern und Gemeinschaftsbereichen<\/p>\n<\/li>\n<li data-start=\"\u201e1970\u201c\" data-end=\"\u201e2048\u201c\">\n<p data-start=\"\u201e1972\u201c\" data-end=\"\u201e2048\u201c\"><strong data-start=\"\u201a1972\u2018\" data-end=\"\u201e1996\u201c\">Fr\u00fches Fr\u00fchst\u00fcck<\/strong> f\u00fcr alle, die in den fr\u00fchen Morgenstunden zur Ecomondo m\u00fcssen<\/p>\n<\/li>\n<li data-start=\"\u201e2049\u201c\" data-end=\"\u201e2129\u201c\">\n<p data-start=\"\u201e2051\u201c\" data-end=\"\u201e2129\u201c\"><strong data-start=\"\u201a2051\u2018\" data-end=\"\u201e2073\u201c\">Privatparkplatz<\/strong> und Transferm\u00f6glichkeit zum Messegel\u00e4nde<\/p>\n<\/li>\n<li data-start=\"\u201e2130\u201c\" data-end=\"\u201e2179\u201c\">\n<p data-start=\"\u201e2132\u201c\" data-end=\"\u201e2179\u201c\"><strong data-start=\"\u201a2132\u2018\" data-end=\"\u201e2177\u201c\">Moderne, ruhige und klimatisierte Zimmer<\/strong><\/p>\n<\/li>\n<li data-start=\"\u201e2180\u201c\" data-end=\"\u201e2233\u201c\">\n<p data-start=\"\u201e2182\u201c\" data-end=\"\u201e2233\u201c\"><strong data-start=\"\u201a2182\u2018\" data-end=\"\u201e2201\u201c\">Business Corner<\/strong> mit PC und Drucker<\/p>\n<\/li>\n<li data-start=\"\u201e2234\u201c\" data-end=\"\u201e2291\u201c\">\n<p data-start=\"\u201e2236\u201c\" data-end=\"\u201e2291\u201c\"><strong data-start=\"\u201a2236\u2018\" data-end=\"\u201e2254\u201c\">Sp\u00e4ter Check-out<\/strong>, n\u00fctzlich f\u00fcr diejenigen, die Verpflichtungen auf der Messe haben<\/p>\n<\/li>\n<\/ul>\n<p><\/p>\n<h3 data-start=\"\u201e2293\u201c\" data-end=\"\u201e2346\u201c\">Buchen Sie Ihr Hotel in Rimini f\u00fcr die Ecomondo<\/h3>\n<p><\/p>\n<p data-start=\"\u201e2347\u201c\" data-end=\"\u201e2584\u201c\">Die Verf\u00fcgbarkeiten w\u00e4hrend der Messetage sind schnell ausgebucht. Buchen Sie jetzt Ihre Unterkunft in einem <strong data-start=\"\u201e2462\u201c\" data-end=\"\u201e2489\u201c\">Hotel in der N\u00e4he der Ecomondo<\/strong> und erleben Sie die Veranstaltung zum Thema Nachhaltigkeit mit allem Komfort und der Effizienz, die Sie verdienen.<\/p>\n<p>[\/vc_column_text][vc_empty_space][\/vc_column][\/vc_row]<\/p>\n<\/div>","protected":false},"excerpt":{"rendered":"<p>[vc_row css_animation=&#8220;&#8220; row_type=&#8220;row&#8220; use_row_as_full_screen_section=&#8220;no&#8220; type=&#8220;full_width&#8220; angled_section=&#8220;no&#8220; text_align=&#8220;left&#8220; background_image_as_pattern=&#8220;without_pattern&#8220;][vc_column][vc_empty_space][vc_column_text css=&#8220;&#8220;] Hotels in Rimini f\u00fcr die Ecomondo \u2013 Komfort und Bequemlichkeit nur wenige Minuten von der Messe entfernt Wenn Sie ein Hotel in Rimini in der N\u00e4he der Ecomondo suchen, ist unser Hotel die ideale L\u00f6sung f\u00fcr&#8230;<\/p>\n","protected":false},"author":1,"featured_media":0,"parent":0,"menu_order":0,"comment_status":"closed","ping_status":"closed","template":"","meta":{"_monsterinsights_skip_tracking":false,"_monsterinsights_sitenote_active":false,"_monsterinsights_sitenote_note":"","_monsterinsights_sitenote_category":0,"footnotes":""},"class_list":["post-2934","page","type-page","status-publish","hentry"],"aioseo_notices":[],"_links":{"self":[{"href":"https:\/\/hotelardesia.com\/de\/wp-json\/wp\/v2\/pages\/2934","targetHints":{"allow":["GET"]}}],"collection":[{"href":"https:\/\/hotelardesia.com\/de\/wp-json\/wp\/v2\/pages"}],"about":[{"href":"https:\/\/hotelardesia.com\/de\/wp-json\/wp\/v2\/types\/page"}],"author":[{"embeddable":true,"href":"https:\/\/hotelardesia.com\/de\/wp-json\/wp\/v2\/users\/1"}],"replies":[{"embeddable":true,"href":"https:\/\/hotelardesia.com\/de\/wp-json\/wp\/v2\/comments?post=2934"}],"version-history":[{"count":0,"href":"https:\/\/hotelardesia.com\/de\/wp-json\/wp\/v2\/pages\/2934\/revisions"}],"wp:attachment":[{"href":"https:\/\/hotelardesia.com\/de\/wp-json\/wp\/v2\/media?parent=2934"}],"curies":[{"name":"wp","href":"https:\/\/api.w.org\/{rel}","templated":true}]}}