{"id":2949,"date":"2025-12-09T14:46:23","date_gmt":"2025-12-09T13:46:23","guid":{"rendered":"https:\/\/hotelardesia.com\/amuesement"},"modified":"2025-12-09T16:06:03","modified_gmt":"2025-12-09T15:06:03","slug":"amuesement","status":"publish","type":"page","link":"https:\/\/hotelardesia.com\/de\/amuesement","title":{"rendered":"Am\u00fcsement"},"content":{"rendered":"<div class=\"wpb-content-wrapper\"><p>[vc_row css_animation=&#8220;&#8220; row_type=&#8220;row&#8220; use_row_as_full_screen_section=&#8220;no&#8220; type=&#8220;full_width&#8220; angled_section=&#8220;no&#8220; text_align=&#8220;left&#8220; background_image_as_pattern=&#8220;without_pattern&#8220;][vc_column][vc_empty_space height=&#8220;200px&#8220;][\/vc_column][\/vc_row][vc_row css_animation=&#8220;&#8220; row_type=&#8220;row&#8220; use_row_as_full_screen_section=&#8220;no&#8220; type=&#8220;full_width&#8220; angled_section=&#8220;no&#8220; text_align=&#8220;left&#8220; background_image_as_pattern=&#8220;without_pattern&#8220;][vc_column][vc_column_text css=&#8220;&#8220;]<\/p>\n<p><\/p>\n<h1 style=\"text-align: center;\"> Am\u00fcsement<\/h1>\n<p><\/p>\n<p>[\/vc_column_text][vc_column_text css=&#8220;&#8220;]<\/p>\n<p style=\"text-align: center;\" data-start=\u201e98\u201c data-end=\u201e855\u201c>Entdecken Sie den <strong>Spa\u00df in Rimini<\/strong>, indem Sie in unserem Hotel \u00fcbernachten, dem idealen Ausgangspunkt, um die <strong>Riviera Romagnola<\/strong> in vollen Z\u00fcgen zu genie\u00dfen. Von Familien bis hin zu <strong>Sport<\/strong>&#8211; und <strong>Unterhaltungsbegeisterten<\/strong> bietet Rimini Themenparks wie <strong>Mirabilandia<\/strong>, <strong>Fiabilandia<\/strong> und <strong>Italia<\/strong> <strong>in Miniatura<\/strong>, Sommerveranstaltungen, Konzerte und Shows f\u00fcr alle Altersgruppen. Sportbegeisterte k\u00f6nnen Outdoor-Aktivit\u00e4ten wie Beachvolleyball oder Windsurfen aus\u00fcben, w\u00e4hrend diejenigen, die Entspannung suchen, lange Spazierg\u00e4nge entlang der Strandpromenade genie\u00dfen k\u00f6nnen. Rimini ist auch ein perfektes Ziel zum Shoppen, mit Boutiquen, M\u00e4rkten und Einkaufszentren nur wenige Schritte vom Hotel entfernt. W\u00e4hlen Sie unser Hotel f\u00fcr einen Aufenthalt voller Spa\u00df, Sport, Shopping und Unterhaltung, mit allem Komfort in Reichweite.<br \/>&nbsp;[\/vc_column_text][\/vc_column][\/vc_row][vc_row css_animation=&#8220;&#8220; row_type=&#8220;row&#8220; use_row_as_full_screen_section=&#8220;no&#8220; type=&#8220;full_width&#8220; angled_section=&#8220;no&#8220; text_align=&#8220;left&#8220; background_image_as_pattern=&#8220;without_pattern&#8220;][vc_column][vc_empty_space height=&#8220;60px&#8220;][\/vc_column][\/vc_row][vc_row css_animation=&#8220;&#8220; row_type=&#8220;row&#8220; use_row_as_full_screen_section=&#8220;no&#8220; type=&#8220;full_width&#8220; angled_section=&#8220;no&#8220; text_align=&#8220;left&#8220; background_image_as_pattern=&#8220;without_pattern&#8220; z_index=&#8220;&#8220; css=&#8220;.vc_custom_1765056372953{background-color: #ffffff !important;}&#8220; el_class=&#8220;index-risto&#8220;][vc_column][qode_elements_holder number_of_columns=&#8220;two_columns&#8220;][qode_elements_holder_item advanced_animations=&#8220;no&#8220; item_padding=&#8220;0 15px 0 0&#8243;][vc_column_text css=&#8220;&#8220;][\/vc_column_text][vc_single_image image=&#8220;2588&#8243; img_size=&#8220;full&#8220; alignment=&#8220;right&#8220; css=&#8220;.vc_custom_1765116306961{padding-right: 15px !important;padding-left: 15px !important;}&#8220; qode_css_animation=&#8220;element_from_fade&#8220;][\/qode_elements_holder_item][qode_elements_holder_item advanced_animations=&#8220;no&#8220; item_padding=&#8220;0 0 0 15px&#8220;][vc_column_text css=&#8220;.vc_custom_1765117399259{padding-right: 15px !important;padding-left: 15px !important;}&#8220;]<\/p>\n<p style=\"text-align: center;\"><strong>Themenparks und Sehensw\u00fcrdigkeiten<\/strong><\/p>\n<p><\/p>\n<p style=\"text-align: center;\" data-start=\"\u201e84\u201c\" data-end=\"\u201e942\u201c\">Entdecken Sie die <strong>Themenparks<\/strong> und Sehensw\u00fcrdigkeiten von Rimini und Umgebung w\u00e4hrend Ihres Aufenthalts in unserem 3-Sterne-Hotel. <strong>Italia in Miniatura<\/strong> nimmt Sie mit auf eine Reise durch die Wunder Italiens im Kleinformat, ideal f\u00fcr Gro\u00df und Klein. <strong>Oltremare<\/strong> und <strong>Aquafan<\/strong> bieten Spannung mit Shows, Wasserrutschen und adrenalingeladenen Abenteuern, w\u00e4hrend <strong>Fiabilandia<\/strong> mit Karussells, Shows und magischen Welten zum Erkunden perfekt f\u00fcr die Kleinsten ist. F\u00fcr diejenigen, die den Adrenalinkick lieben, ist <strong>Mirabilandia<\/strong> mit seinen Achterbahnen und atemberaubenden Attraktionen der ideale Park. Liebhaber des Meeres und der Natur sollten sich das <strong>Aquarium von Cattolica<\/strong> mit seinen faszinierenden Meeresbewohnern und Lehrpfaden nicht entgehen lassen. Dank der strategisch g\u00fcnstigen Lage unseres Hotels sind all diese Parks leicht zu erreichen, um unvergessliche Tage voller Spa\u00df, Entspannung und Abenteuer an der <strong>Riviera Romagnola<\/strong> zu erleben.\n<\/p>\n<p>[\/vc_column_text][\/qode_elements_holder_item][\/qode_elements_holder][\/vc_column][\/vc_row][vc_row css_animation=&#8220;&#8220; row_type=&#8220;row&#8220; use_row_as_full_screen_section=&#8220;no&#8220; type=&#8220;full_width&#8220; angled_section=&#8220;no&#8220; text_align=&#8220;right&#8220; background_image_as_pattern=&#8220;without_pattern&#8220; el_class=&#8220;index-risto&#8220; z_index=&#8220;&#8220; css=&#8220;.vc_custom_1702072643551{background-color: #ffffff !important;}&#8220;][vc_column][qode_elements_holder number_of_columns=&#8220;two_columns&#8220;][qode_elements_holder_item advanced_animations=&#8220;no&#8220; item_padding=&#8220;0 0 0 15px&#8220;][vc_column_text css=&#8220;.vc_custom_1765117424668{padding-right: 15px !important;padding-left: 15px !important;}&#8220;]<\/p>\n<p style=\"text-align: center;\"><strong>Sport und Veranstaltungen<\/strong><\/p>\n<p><\/p>\n<p style=\"text-align: center;\" data-start=\"\u201e943\u201c\" data-end=\"\u201e1065\u201c\"><strong data-start=\"\u201a117\u2018\" data-end=\"\u201e148\u201c\">Sport und Abenteuer in Rimini: <\/strong> Mieten Sie Fahrr\u00e4der, um die Strandpromenade zu erkunden, nehmen Sie an Kajak- oder Bootstouren teil, probieren Sie Surfen oder SUP an den wundersch\u00f6nen Str\u00e4nden aus oder vergn\u00fcgen Sie sich mit Sandsparten wie Beachvolleyball und Beachtennis. F\u00fcr Adrenalinjunkies gibt es auch Wakeboarding, Jetski und Wasserparcours, w\u00e4hrend diejenigen, die Entspannung bevorzugen, sich f\u00fcr Yoga auf dem Wasser oder einfache Spazierg\u00e4nge am Meer entscheiden k\u00f6nnen.<\/p>\n<p><\/p>\n<p style=\"text-align: center;\" data-start=\"\u201e1068\u201c\" data-end=\"\u201e1189\u201c\"><strong data-start=\"\u201a99\u2018\" data-end=\"\u201e130\u201c\">Veranstaltungen und Festivals in Rimini:<\/strong> Die Stadt bietet das ganze Jahr \u00fcber Konzerte, Kulturfestivals, Theaterauff\u00fchrungen, Volksfeste und \u00f6nogastronomische Veranstaltungen. Von Sommerveranstaltungen und Abenden am Strand \u00fcber Musik- und Theaterfestivals in der Stadt bis hin zu traditionellen Veranstaltungen im Herbst und Winter bietet Rimini eine Mischung aus Musik, Kunst, Folklore und Unterhaltung f\u00fcr jeden Geschmack und jedes Alter.\n<\/p>\n<p>[\/vc_column_text][\/qode_elements_holder_item][qode_elements_holder_item advanced_animations=&#8220;no&#8220; item_padding=&#8220;0 15px 0 0&#8243;][vc_single_image image=&#8220;2593&#8243; img_size=&#8220;full&#8220; css=&#8220;.vc_custom_1765116113975{padding-right: 15px !important;padding-left: 15px !important;}&#8220; qode_css_animation=&#8220;element_from_fade&#8220;][\/qode_elements_holder_item][\/qode_elements_holder][\/vc_column][\/vc_row][vc_row css_animation=&#8220;&#8220; row_type=&#8220;row&#8220; use_row_as_full_screen_section=&#8220;no&#8220; type=&#8220;full_width&#8220; angled_section=&#8220;no&#8220; text_align=&#8220;left&#8220; background_image_as_pattern=&#8220;without_pattern&#8220; z_index=&#8220;&#8220; css=&#8220;.vc_custom_1765056372953{background-color: #ffffff !important;}&#8220; el_class=&#8220;index-risto&#8220;][vc_column][qode_elements_holder number_of_columns=&#8220;two_columns&#8220;][qode_elements_holder_item advanced_animations=&#8220;no&#8220; item_padding=&#8220;0 15px 0 0&#8243;][vc_column_text css=&#8220;&#8220;][\/vc_column_text][vc_single_image image=&#8220;2644&#8243; img_size=&#8220;full&#8220; alignment=&#8220;right&#8220; css=&#8220;.vc_custom_1765124260379{padding-right: 15px !important;padding-left: 15px !important;}&#8220; qode_css_animation=&#8220;element_from_fade&#8220;][\/qode_elements_holder_item][qode_elements_holder_item advanced_animations=&#8220;no&#8220; item_padding=&#8220;0 0 0 15px&#8220;][vc_column_text css=&#8220;.vc_custom_1765116642040{padding-right: 15px !important;padding-left: 15px !important;}&#8220;]<\/p>\n<p style=\"text-align: center;\"><strong>Shopping und Restaurants<\/strong><\/p>\n<article class=\"text-token-text-primary w-full focus:outline-none [--shadow-height:45px] has-data-writing-block:pointer-events-none has-data-writing-block:-mt-(--shadow-height) has-data-writing-block:pt-(--shadow-height) [&amp;:has([data-writing-block])&gt;*]:pointer-events-auto scroll-mt-[calc(var(--header-height)+min(200px,max(70px,20svh)))]\u201e dir=\" tabindex=\"-1\" data-turn-id=\"\u201crequest\" data-testid=\"\u201cconversation-turn-26\u201e\" data-scroll-anchor=\"\u201atrue\u2018\" data-turn=\"\u201cassistant&quot;\">\n<div class=\"text-base my-auto mx-auto pb-10 [- -thread-content-margin:--spacing(4)] @w-sm\/main:[--thread-content-margin:--spacing(6)] @w-lg\/main:[--thread-content-margin:--spacing(16)] px-(--thread-content-margin)\">\n<div class=\"[- -thread-content-max-width:40rem] @w-lg\/main:[--thread-content-max-width:48rem] mx-auto max-w-(--thread-content-max-width) flex-1 group\/turn-messages focus-visible:outline-hidden relative flex w-full min-w-0 flex-col agent-turn\" tabindex=\"-1\">\n<div class=\"flex max-w-full flex-col grow\">\n<div class=\"min-h-8 text-message relative flex w-full flex-col items-end gap-2 text-start break-words whitespace-normal [.text-message+&amp;]:mt-1\" dir=\"auto\" data-message-author-role=\"\u201eassistant\u201c\" data-message-id=\"4f7655f4-face-4d66-be7f -996135c729c5\u201e data-message-model-slug=\u201cgpt-5-mini\">\n<div class=\"flex w-full flex-col gap-1 empty:hidden first:pt-[1px]\">\n<div class=\"markdown prose dark:prose-invert w-full break-words light markdown-new-styling\">\n<p style=\"text-align: center;\" data-start=\"\u201e0\u201c\" data-end=\"\u201e631\u201c\" data-is-last-node=\"\u201a\u2018\" data-is-only-node=\"\u201e\u201c\">Entdecken Sie das Beste von <strong>Rimini<\/strong> zwischen <strong>Shopping<\/strong>, <strong>Restaurants<\/strong> und Ausfl\u00fcgen bei einem Aufenthalt in unserem 3-Sterne-Hotel. Nur wenige Schritte entfernt finden Sie Boutiquen, M\u00e4rkte und Einkaufszentren f\u00fcr jeden Geschmack, w\u00e4hrend typische Restaurants und moderne Lokale Sie die <strong>traditionellen Gerichte der romagnolischen K\u00fcche<\/strong> genie\u00dfen lassen. Die strategisch g\u00fcnstige Lage unseres Hotels erm\u00f6glicht es Ihnen, die Stadt, die Strandpromenade und die Einkaufsstra\u00dfen bequem zu erkunden, aber auch Ausfl\u00fcge nach <strong>San Marino<\/strong> zu unternehmen, das nur 30 Minuten entfernt liegt, um ein einzigartiges Erlebnis zwischen Kultur, Panoramen und Duty-Free-Shops zu genie\u00dfen. Entspannung, Komfort und Unterhaltung erwarten Sie f\u00fcr einen unvergesslichen Aufenthalt.<\/p>\n<\/div>\n<\/div>\n<\/div>\n<\/div>\n<\/div>\n<\/div>\n<\/article>\n<p>&nbsp;[\/vc_column_text][\/qode_elements_holder_item][\/qode_elements_holder][vc_empty_space height=&#8220;60px&#8220;][\/vc_column][\/vc_row][vc_row css_animation=&#8220;&#8220; row_type=&#8220;row&#8220; use_row_as_full_screen_section=&#8220;no&#8220; type=&#8220;full_width&#8220; angled_section=&#8220;no&#8220; text_align=&#8220;left&#8220; background_image_as_pattern=&#8220;without_pattern&#8220; z_index=&#8220;&#8220; css=&#8220;.vc_custom_1521192956462{background-color: #dfd9d4 !important;}&#8220;][vc_column][vc_column_text css=&#8220;.vc_custom_1764976110410{padding-top: 6% !important;padding-bottom: 6% !important;}&#8220;]<\/p>\n<h3 style=\"text-align: center;\" data-start=\"\u201e1658\u201c\" data-end=\"\u201e1680\u201c\"><strong data-start=\"\u201a1662\u2018\" data-end=\"\u201e1680\u201c\">N\u00fctzliche Tipps<\/strong><\/h3>\n<p><\/p>\n<p style=\"text-align: center;\" data-start=\"\u201e1683\u201c\" data-end=\"\u201e1771\u201c\">Planen Sie Ihre Besuche in den <strong>Themenparks<\/strong> an Tagen mit geringem Andrang, um Warteschlangen zu vermeiden.<\/p>\n<p><\/p>\n<p style=\"text-align: center;\" data-start=\"\u201e1774\u201c\" data-end=\"\u201e1897\u201c\">Nutzen Sie die <strong>Abendspazierg\u00e4nge an der Strandpromenade<\/strong>, um <strong>Musik, handwerklich hergestelltes Eis<\/strong> und die einzigartige Atmosph\u00e4re der Stadt zu genie\u00dfen.<\/p>\n<p><\/p>\n<p style=\"text-align: center;\" data-start=\"\u201e1900\u201c\" data-end=\"\u201e1994\u201c\">Schauen Sie sich den Veranstaltungskalender an, um keine <strong>Shows und Veranstaltungen zu verpassen.<\/strong><\/p>\n<p><\/p>\n<p style=\"text-align: center;\"><a class=\"qbutton read_more_button blue\" href=\"https:\/\/hotelardesia.com\/de\/wo-wir-sind\">Sehen Sie, wo wir sind<\/a><\/p>\n<p>&nbsp;[\/vc_column_text][\/vc_column][\/vc_row][vc_row css_animation=&#8220;&#8220; row_type=&#8220;row&#8220; use_row_as_full_screen_section=&#8220;no&#8220; type=&#8220;full_width&#8220; angled_section=&#8220;no&#8220; text_align=&#8220;left&#8220; background_image_as_pattern=&#8220;without_pattern&#8220;][vc_column][vc_raw_html css=&#8220;&#8220;]PGRpdiBjbGFzcz0icGFyYWxsYXggc2Vjb25kIj48L2Rpdj4=[\/vc_raw_html][\/vc_column][\/vc_row]<\/p>\n<\/div>","protected":false},"excerpt":{"rendered":"<p>[vc_row css_animation=&#8220;&#8220; row_type=&#8220;row&#8220; use_row_as_full_screen_section=&#8220;no&#8220; type=&#8220;full_width&#8220; angled_section=&#8220;no&#8220; text_align=&#8220;left&#8220; background_image_as_pattern=&#8220;without_pattern&#8220;][vc_column][vc_empty_space height=&#8220;200px&#8220;][\/vc_column][\/vc_row][vc_row css_animation=&#8220;&#8220; row_type=&#8220;row&#8220; use_row_as_full_screen_section=&#8220;no&#8220; type=&#8220;full_width&#8220; angled_section=&#8220;no&#8220; text_align=&#8220;left&#8220; background_image_as_pattern=&#8220;without_pattern&#8220;][vc_column][vc_column_text css=&#8220;&#8220;] Am\u00fcsement [\/vc_column_text][vc_column_text css=&#8220;&#8220;] Entdecken Sie den Spa\u00df in Rimini, indem Sie in unserem Hotel \u00fcbernachten, dem idealen Ausgangspunkt, um die Riviera Romagnola in vollen Z\u00fcgen zu genie\u00dfen. Von&#8230;<\/p>\n","protected":false},"author":1,"featured_media":0,"parent":0,"menu_order":0,"comment_status":"closed","ping_status":"closed","template":"full_width.php","meta":{"_monsterinsights_skip_tracking":false,"_monsterinsights_sitenote_active":false,"_monsterinsights_sitenote_note":"","_monsterinsights_sitenote_category":0,"footnotes":""},"class_list":["post-2949","page","type-page","status-publish","hentry"],"aioseo_notices":[],"_links":{"self":[{"href":"https:\/\/hotelardesia.com\/de\/wp-json\/wp\/v2\/pages\/2949","targetHints":{"allow":["GET"]}}],"collection":[{"href":"https:\/\/hotelardesia.com\/de\/wp-json\/wp\/v2\/pages"}],"about":[{"href":"https:\/\/hotelardesia.com\/de\/wp-json\/wp\/v2\/types\/page"}],"author":[{"embeddable":true,"href":"https:\/\/hotelardesia.com\/de\/wp-json\/wp\/v2\/users\/1"}],"replies":[{"embeddable":true,"href":"https:\/\/hotelardesia.com\/de\/wp-json\/wp\/v2\/comments?post=2949"}],"version-history":[{"count":0,"href":"https:\/\/hotelardesia.com\/de\/wp-json\/wp\/v2\/pages\/2949\/revisions"}],"wp:attachment":[{"href":"https:\/\/hotelardesia.com\/de\/wp-json\/wp\/v2\/media?parent=2949"}],"curies":[{"name":"wp","href":"https:\/\/api.w.org\/{rel}","templated":true}]}}