{"id":2966,"date":"2025-12-09T16:06:01","date_gmt":"2025-12-09T15:06:01","guid":{"rendered":"https:\/\/hotelardesia.com\/wo-wir-sind"},"modified":"2025-12-11T23:11:21","modified_gmt":"2025-12-11T22:11:21","slug":"wo-wir-sind","status":"publish","type":"page","link":"https:\/\/hotelardesia.com\/de\/wo-wir-sind","title":{"rendered":"Wo wir sind"},"content":{"rendered":"<div class=\"wpb-content-wrapper\"><p>[vc_row css_animation=&#8220;&#8220; row_type=&#8220;row&#8220; use_row_as_full_screen_section=&#8220;no&#8220; type=&#8220;full_width&#8220; angled_section=&#8220;no&#8220; text_align=&#8220;left&#8220; background_image_as_pattern=&#8220;without_pattern&#8220; el_class=&#8220;full&#8220; z_index=&#8220;&#8220;][vc_column][vc_column_text][\/vc_column_text][\/vc_column][\/vc_row][vc_row css_animation=&#8220;&#8220; row_type=&#8220;row&#8220; use_row_as_full_screen_section=&#8220;no&#8220; type=&#8220;grid&#8220; angled_section=&#8220;no&#8220; text_align=&#8220;left&#8220; background_image_as_pattern=&#8220;without_pattern&#8220; css=&#8220;.vc_custom_1681908197340{margin-top: 5% !important;}&#8220; z_index=&#8220;&#8220;][vc_column width=&#8220;1\/2&#8243;]<div class=\"qode-scrolling-image-holder qode-si-rounded-yes qode-si-box-shadow-yes\">\n\t\t<div class=\"qode-si-content-holder\">\n\t\t\t\t<div class=\"qode-si-image-holder\">\n\t\t\t<div class=\"qode-si-image-holder-inner\">\n\t\t\t\t<img decoding=\"async\" class=\"qode-si-image\" src=\"https:\/\/hotelardesia.com\/wp-content\/uploads\/2023\/04\/Come-arrivare-in-auto.jpg\" alt=\"Come arrivare in auto>\" \/>\n\t\t\t<\/div>\n\t\t\t<img decoding=\"async\" class=\"qode-si-frame\" src=\"https:\/\/hotelardesia.com\/wp-content\/themes\/bridge\/css\/img\/scrolling-image-frame.png\" alt=\"Scrolling Image Frame\" \/>\n\t\t<\/div>\n\t\t\t<\/div>\n<\/div>[\/vc_column][vc_column width=&#8220;1\/2&#8243;][vc_column_text]<\/p>\n<p class=\"titolone\" style=\"text-align: center;\">Anfahrt mit dem Auto<\/p>\n<p>Von der Mautstelle Rimini Sud (6 Min.\/3,4 km) fahren Sie in Richtung Rimini, weiter auf der SS72 und biegen dann an der ersten Kreuzung rechts auf die SS16 Adriatica ab. Fahren Sie weiter bis zum gro\u00dfen Kreisverkehr, vorbei am Einkaufszentrum Le Befane. Nehmen Sie hier die dritte Ausfahrt und biegen Sie sofort rechts in die Viale Rimembranze ein. Fahren Sie 850 m geradeaus weiter, vorbei an der Ampel. Wir befinden uns in der Hausnummer 80.[\/vc_column_text][\/vc_column][\/vc_row][vc_row css_animation=&#8220;&#8220; row_type=&#8220;row&#8220; use_row_as_full_screen_section=&#8220;no&#8220; type=&#8220;grid&#8220; angled_section=&#8220;no&#8220; text_align=&#8220;left&#8220; background_image_as_pattern=&#8220;without_pattern&#8220; css=&#8220;.vc_custom_1681908197340{margin-top: 5% !important;}&#8220; z_index=&#8220;&#8220;][vc_column width=&#8220;1\/2&#8243;][vc_column_text]<\/p>\n<p class=\"titolone\" style=\"text-align: center;\">Anreise mit dem Zug<\/p>\n<p>Wenn Sie ein Ecopassenger sind, Nachhaltigkeit lieben und lieber langsam, entspannt und wohlf\u00fchlend reisen, dann kommen Sie mit dem Zug zu uns. Vom Hauptbahnhof Rimini aus sind wir dank des bequemen <a href=\"https:\/\/www.startromagna.it\/servizi\/metromare\/\">Metromare<\/a>-Services in nur 5 Minuten zu erreichen. Steigen Sie an der Haltestelle Bellariva aus und in wenigen Schritten sind Sie bereits vor der Gartenterrasse unseres Hotels.<\/p>\n<p>* Alternativ k\u00f6nnen Sie den Bus 11 nehmen, der ebenfalls vom Hauptbahnhof Rimini in Richtung Riccione f\u00e4hrt, und an der Haltestelle Nr. 22 Gondar aussteigen. An der Ampel biegen Sie in die Viale Rimembranze ein, passieren die Unterf\u00fchrung und fahren geradeaus weiter, bis Sie uns auf der rechten Seite finden.[\/vc_column_text][\/vc_column][vc_column width=&#8220;1\/2&#8243;]<div class=\"qode-scrolling-image-holder qode-si-rounded-yes qode-si-box-shadow-yes\">\n\t\t<div class=\"qode-si-content-holder\">\n\t\t\t\t<div class=\"qode-si-image-holder\">\n\t\t\t<div class=\"qode-si-image-holder-inner\">\n\t\t\t\t<img decoding=\"async\" class=\"qode-si-image\" src=\"https:\/\/hotelardesia.com\/wp-content\/uploads\/2023\/04\/Come-arrivare-in-treno-Hotel-Ardesia.jpg\" alt=\"Come-arrivare-in-treno-Hotel-Ardesia>\" \/>\n\t\t\t<\/div>\n\t\t\t<img decoding=\"async\" class=\"qode-si-frame\" src=\"https:\/\/hotelardesia.com\/wp-content\/themes\/bridge\/css\/img\/scrolling-image-frame.png\" alt=\"Scrolling Image Frame\" \/>\n\t\t<\/div>\n\t\t\t<\/div>\n<\/div>[\/vc_column][\/vc_row][vc_row css_animation=&#8220;&#8220; row_type=&#8220;row&#8220; use_row_as_full_screen_section=&#8220;no&#8220; type=&#8220;grid&#8220; angled_section=&#8220;no&#8220; text_align=&#8220;left&#8220; background_image_as_pattern=&#8220;without_pattern&#8220; css=&#8220;.vc_custom_1681908197340{margin-top: 5% !important;}&#8220; z_index=&#8220;&#8220;][vc_column width=&#8220;1\/2&#8243;]<div class=\"qode-scrolling-image-holder qode-si-rounded-yes qode-si-box-shadow-yes\">\n\t\t<div class=\"qode-si-content-holder\">\n\t\t\t\t<div class=\"qode-si-image-holder\">\n\t\t\t<div class=\"qode-si-image-holder-inner\">\n\t\t\t\t<img decoding=\"async\" class=\"qode-si-image\" src=\"https:\/\/hotelardesia.com\/wp-content\/uploads\/2023\/04\/Come-arrivare-in-aereo.jpg\" alt=\"Come arrivare in aereo>\" \/>\n\t\t\t<\/div>\n\t\t\t<img decoding=\"async\" class=\"qode-si-frame\" src=\"https:\/\/hotelardesia.com\/wp-content\/themes\/bridge\/css\/img\/scrolling-image-frame.png\" alt=\"Scrolling Image Frame\" \/>\n\t\t<\/div>\n\t\t\t<\/div>\n<\/div>[\/vc_column][vc_column width=&#8220;1\/2&#8243;][vc_column_text]<\/p>\n<p class=\"titolone\" style=\"text-align: center;\">Anreise mit dem Flugzeug<\/p>\n<p>Vom <a href=\"https:\/\/riminiairport.com\/\">internationalen Flughafen Rimini und San Marino<\/a> ist unser Hotel in 10 Minuten erreichbar. Sie k\u00f6nnen einen Taxiservice in Anspruch nehmen, indem Sie die Nummer <a href=\"tel:+39054150020\"><strong>+39 0541 50020<\/strong><\/a> anrufen, oder Sie nehmen den Bus Nr. 9 vor dem Flughafen und fahren bis zur Haltestelle Pagano und dann noch 200 m bis zu unserem Hotel.<\/p>\n<p>Der <a href=\"https:\/\/www.bologna-airport.it\/en\/welcome-to-bologna-airport\/?idC=62175\">Flughafen Bologna<\/a> ist hingegen mit der Stadt Rimini durch Z\u00fcge und einen Shuttlebus verbunden, der online unter <a href=\"https:\/\/www.shuttleriminibologna.it\/\" >hier<\/a> buchen k\u00f6nnen. Wir empfehlen, bis zum Hauptbahnhof von Rimini zu fahren und die Metromare zu nehmen, wie im Abschnitt \u201eMit dem Zug\u201d beschrieben.[\/vc_column_text][\/vc_column][\/vc_row][vc_row css_animation=&#8220;&#8220; row_type=&#8220;row&#8220; use_row_as_full_screen_section=&#8220;no&#8220; type=&#8220;full_width&#8220; angled_section=&#8220;no&#8220; text_align=&#8220;left&#8220; background_image_as_pattern=&#8220;without_pattern&#8220; background_image=&#8220;502&#8243; z_index=&#8220;&#8220; el_class=&#8220;background-home&#8220; css=&#8220;.vc_custom_1681909193265{margin-top: 5% !important;}&#8220;][vc_column][qode_elements_holder number_of_columns=&#8220;three_columns&#8220; custom_class=&#8220;max-1600&#8243;][qode_elements_holder_item vertical_alignment=&#8220;top&#8220; advanced_animations=&#8220;no&#8220; custom_class=&#8220;serv1&#8243;][vc_single_image image=&#8220;2649&#8243; img_size=&#8220;500&#215;500&#8243; alignment=&#8220;center&#8220; style=&#8220;vc_box_rounded&#8220; onclick=&#8220;custom_link&#8220; css=&#8220;&#8220; qode_css_animation=&#8220;&#8220; link=&#8220;https:\/\/hotelardesia.com\/de\/zimmer&#8220;][vc_empty_space height=&#8220;60px&#8220;][vc_column_text css=&#8220;.vc_custom_1765112207553{padding-right: 10px !important;padding-left: 10px !important;}&#8220;]<\/p>\n<h3 style=\"text-align: center;\"><span style=\"color: #333f48;\">Die Zimmer<\/span><\/h3>\n<p><\/p>\n<p class=\"home-boxes\" style=\"text-align: center;\">Ger\u00e4umige und helle Standard- und Economy-Zimmer mit Balkon, kostenlosem WLAN, TV, Klimaanlage und eigenem Bad. Idealer Komfort f\u00fcr einen entspannten Aufenthalt in unserem 3-Sterne-Hotel in Rimini.<\/p>\n<p>[\/vc_column_text][vc_raw_html]PGEgaHJlZj0iaHR0cHM6Ly9ob3RlbGFyZGVzaWEuY29tL2RlL3ppbW1lciIgY2xhc3M9InFidXR0b24gcmVhZF9tb3JlX2J1dHRvbiBkYXJrIj5adSBkZW4gWmltbWVybjwvYT4=[\/vc_raw_html][\/qode_elements_holder_item][qode_elements_holder_item advanced_animations=&#8220;no&#8220; custom_class=&#8220;serv1&#8243;][vc_single_image image=&#8220;2658&#8243; img_size=&#8220;500&#215;500&#8243; alignment=&#8220;center&#8220; style=&#8220;vc_box_rounded&#8220; onclick=&#8220;custom_link&#8220; css=&#8220;&#8220; qode_css_animation=&#8220;&#8220; link=&#8220;\/fiera&#8220;][vc_empty_space height=&#8220;60px&#8220;][vc_column_text css=&#8220;.vc_custom_1765112216339{padding-right: 10px !important;padding-left: 10px !important;}&#8220;]<\/p>\n<h3 style=\"text-align: center;\"><span style=\"color: #333f48;\">Urlaub und Arbeit<\/span><\/h3>\n<p><\/p>\n<p class=\"home-boxes\" style=\"text-align: center;\">Perfekt f\u00fcr Urlaub und Arbeit in Rimini: nur wenige Minuten vom Strand, der Messe, dem Kongresszentrum, dem SGR-Zentrum und dem Krankenhaus entfernt. Komfort und strategische Lage f\u00fcr jeden Bedarf.<\/p>\n<p>[\/vc_column_text][vc_raw_html css=&#8220;&#8220;]PGEgY2xhc3M9InFidXR0b24gcmVhZF9tb3JlX2J1dHRvbiBkYXJrIiBocmVmPSJodHRwczovL2hvdGVsYXJkZXNpYS5jb20vZGUvYnVzaW5lc3MtdmVyZWluYmFydW5nZW4iPkbDvHIgVW50ZXJuZWhtZW48L2E+[\/vc_raw_html][\/qode_elements_holder_item][qode_elements_holder_item advanced_animations=&#8220;no&#8220; custom_class=&#8220;serv1&#8243;][vc_single_image image=&#8220;2666&#8243; img_size=&#8220;500&#215;500&#8243; alignment=&#8220;center&#8220; style=&#8220;vc_box_rounded&#8220; onclick=&#8220;custom_link&#8220; css=&#8220;&#8220; qode_css_animation=&#8220;&#8220; link=&#8220;https:\/\/hotelardesia.com\/de\/dienstleistungen&#8220;][vc_empty_space height=&#8220;60px&#8220;][vc_column_text css=&#8220;.vc_custom_1765112223744{padding-right: 10px !important;padding-left: 10px !important;}&#8220;]<\/p>\n<h3 style=\"text-align: center;\"><span style=\"color: #333f48;\">Parkplatz<\/span><\/h3>\n<p><\/p>\n<p class=\"home-boxes\" style=\"text-align: center;\">Bei Ihrer Ankunft im Hotel Ardesia k\u00f6nnen Sie kostenlos in den umliegenden Stra\u00dfen parken oder die bequemen, vertraglich vereinbarten kostenpflichtigen Parkpl\u00e4tze in der N\u00e4he des Hotels nutzen, die leicht zu erreichen sind.<\/p>\n<p>[\/vc_column_text][vc_raw_html]PGEgY2xhc3M9InFidXR0b24gcmVhZF9tb3JlX2J1dHRvbiBkYXJrIiBocmVmPSJodHRwczovL2hvdGVsYXJkZXNpYS5jb20vZGUvZGllbnN0bGVpc3R1bmdlbiI+RW50ZGVja2VuIFNpZSB1bnNlcmUgRGllbnN0bGVpc3R1bmdlbjwvYT4=[\/vc_raw_html][\/qode_elements_holder_item][\/qode_elements_holder][vc_empty_space height=&#8220;60px&#8220;][\/vc_column][\/vc_row]<\/p>\n<\/div>","protected":false},"excerpt":{"rendered":"<p>[vc_row css_animation=&#8220;&#8220; row_type=&#8220;row&#8220; use_row_as_full_screen_section=&#8220;no&#8220; type=&#8220;full_width&#8220; angled_section=&#8220;no&#8220; text_align=&#8220;left&#8220; background_image_as_pattern=&#8220;without_pattern&#8220; el_class=&#8220;full&#8220; z_index=&#8220;&#8220;][vc_column][vc_column_text][\/vc_column_text][\/vc_column][\/vc_row][vc_row css_animation=&#8220;&#8220; row_type=&#8220;row&#8220; use_row_as_full_screen_section=&#8220;no&#8220; type=&#8220;grid&#8220; angled_section=&#8220;no&#8220; text_align=&#8220;left&#8220; background_image_as_pattern=&#8220;without_pattern&#8220; css=&#8220;.vc_custom_1681908197340{margin-top: 5% !important;}&#8220; z_index=&#8220;&#8220;][vc_column width=&#8220;1\/2&#8243;][\/vc_column][vc_column width=&#8220;1\/2&#8243;][vc_column_text] Anfahrt mit dem Auto Von der Mautstelle Rimini Sud (6 Min.\/3,4 km) fahren Sie in Richtung Rimini, weiter auf der SS72 und&#8230;<\/p>\n","protected":false},"author":1,"featured_media":0,"parent":0,"menu_order":0,"comment_status":"closed","ping_status":"closed","template":"full_width.php","meta":{"_monsterinsights_skip_tracking":false,"_monsterinsights_sitenote_active":false,"_monsterinsights_sitenote_note":"","_monsterinsights_sitenote_category":0,"footnotes":""},"class_list":["post-2966","page","type-page","status-publish","hentry"],"aioseo_notices":[],"_links":{"self":[{"href":"https:\/\/hotelardesia.com\/de\/wp-json\/wp\/v2\/pages\/2966","targetHints":{"allow":["GET"]}}],"collection":[{"href":"https:\/\/hotelardesia.com\/de\/wp-json\/wp\/v2\/pages"}],"about":[{"href":"https:\/\/hotelardesia.com\/de\/wp-json\/wp\/v2\/types\/page"}],"author":[{"embeddable":true,"href":"https:\/\/hotelardesia.com\/de\/wp-json\/wp\/v2\/users\/1"}],"replies":[{"embeddable":true,"href":"https:\/\/hotelardesia.com\/de\/wp-json\/wp\/v2\/comments?post=2966"}],"version-history":[{"count":0,"href":"https:\/\/hotelardesia.com\/de\/wp-json\/wp\/v2\/pages\/2966\/revisions"}],"wp:attachment":[{"href":"https:\/\/hotelardesia.com\/de\/wp-json\/wp\/v2\/media?parent=2966"}],"curies":[{"name":"wp","href":"https:\/\/api.w.org\/{rel}","templated":true}]}}