{"id":2980,"date":"2025-12-09T16:06:59","date_gmt":"2025-12-09T15:06:59","guid":{"rendered":"https:\/\/hotelardesia.com\/familien-hotel-rimini"},"modified":"2025-12-09T16:07:00","modified_gmt":"2025-12-09T15:07:00","slug":"familien-hotel-rimini","status":"publish","type":"page","link":"https:\/\/hotelardesia.com\/de\/familien-hotel-rimini","title":{"rendered":"Familienhotel Rimini"},"content":{"rendered":"<div class=\"wpb-content-wrapper\"><p>[vc_row css_animation=&#8220;&#8220; row_type=&#8220;row&#8220; use_row_as_full_screen_section=&#8220;no&#8220; type=&#8220;full_width&#8220; angled_section=&#8220;no&#8220; text_align=&#8220;left&#8220; background_image_as_pattern=&#8220;without_pattern&#8220;][vc_column][vc_empty_space][vc_column_text]<strong>Familienhotel Rimini<\/strong><\/p>\n<p>Wenn Sie hier in diesem Familienhotel in Rimini ankommen, k\u00f6nnen Sie sich entspannen, alle \u00c4ngste hinter sich lassen und sich endlich der gesunden Erholung widmen, die Sie schon so lange suchen und herbeisehnen.<\/p>\n<p>Dank unserer langj\u00e4hrigen Erfahrung im Hotelgewerbe haben wir unter den <strong>Familienhotels in Rimini<\/strong> die F\u00e4higkeit entwickelt, den unterschiedlichen Bed\u00fcrfnissen aller gerecht zu werden, sowohl der Erwachsenen als auch der Kinder, die hier stets viel Aufmerksamkeit und Verst\u00e4ndnis finden.<\/p>\n<p>Angefangen beispielsweise bei der Zusammenstellung eines individuellen Men\u00fcs, das Sie im Restaurant unseres <span style=\"color: #dca879;\"> <a style=\"color: #dca879;\" href=\u201e\/servizi\u201c>3-Sterne-Hotels in Rimini  <\/a><\/span><strong>Bellariva<\/strong> anfordern k\u00f6nnen, da wir stets bem\u00fcht sind, den W\u00fcnschen und manchmal auch den Launen der Kinder gerecht zu werden.<br \/>Die Lage f\u00fcr Ihren Strandurlaub an der Riviera Romagnola ist ausgesprochen g\u00fcnstig, denn sobald Sie hier sind, sind Sie nur 200 Meter vom Meer entfernt und k\u00f6nnen mit den Fahrr\u00e4dern, die wir Ihnen kostenlos zur Verf\u00fcgung stellen, bequem viele andere Orte und Sehensw\u00fcrdigkeiten der Stadt erreichen, wie zum Beispiel das Delfinarium oder auch Fiabilandia, die zweifellos faszinierend und attraktiv f\u00fcr Kinder sind.<\/p>\n<p>Mit dem Auto oder dem bequemen Bus gelangen Sie in nur 10 km Entfernung nach Italia in Miniatura, wo Sie die vielen Sch\u00f6nheiten Italiens und Europas alle zusammen sehen k\u00f6nnen, originalgetreu in verkleinertem Ma\u00dfstab dargestellt.<\/p>\n<p>Genau das ist das Geheimnis von Rimini und das Sch\u00f6ne daran, ein Familienhotel zu sein: dass man neben dem Strandurlaub zwischen der Ruhe des Meeres und der W\u00e4rme der Sonne auch viele Ausfl\u00fcge organisieren kann, die der ganzen Familie Spa\u00df machen. Vergessen Sie nicht, dass Sie nicht weit entfernt von den bereits erw\u00e4hnten Parks auch Mirabilandia (in Savio di Ravenna) und Aquafan in Riccione finden.<br \/>Haben Sie gesehen? Warum planen Sie Ihren n\u00e4chsten Familienurlaub nicht in Bellariva di Rimini, einer Oase der Ruhe an der Riviera Romagnola?[\/vc_column_text][vc_empty_space][\/vc_column][\/vc_row]<\/p>\n<\/div>","protected":false},"excerpt":{"rendered":"<p>[vc_row css_animation=&#8220;&#8220; row_type=&#8220;row&#8220; use_row_as_full_screen_section=&#8220;no&#8220; type=&#8220;full_width&#8220; angled_section=&#8220;no&#8220; text_align=&#8220;left&#8220; background_image_as_pattern=&#8220;without_pattern&#8220;][vc_column][vc_empty_space][vc_column_text]Familienhotel Rimini Wenn Sie hier in diesem Familienhotel in Rimini ankommen, k\u00f6nnen Sie sich entspannen, alle \u00c4ngste hinter sich lassen und sich endlich der gesunden Erholung widmen, die Sie schon so lange suchen und herbeisehnen. Dank unserer langj\u00e4hrigen&#8230;<\/p>\n","protected":false},"author":1,"featured_media":0,"parent":0,"menu_order":0,"comment_status":"closed","ping_status":"closed","template":"full_width.php","meta":{"_monsterinsights_skip_tracking":false,"_monsterinsights_sitenote_active":false,"_monsterinsights_sitenote_note":"","_monsterinsights_sitenote_category":0,"footnotes":""},"class_list":["post-2980","page","type-page","status-publish","hentry"],"aioseo_notices":[],"_links":{"self":[{"href":"https:\/\/hotelardesia.com\/de\/wp-json\/wp\/v2\/pages\/2980","targetHints":{"allow":["GET"]}}],"collection":[{"href":"https:\/\/hotelardesia.com\/de\/wp-json\/wp\/v2\/pages"}],"about":[{"href":"https:\/\/hotelardesia.com\/de\/wp-json\/wp\/v2\/types\/page"}],"author":[{"embeddable":true,"href":"https:\/\/hotelardesia.com\/de\/wp-json\/wp\/v2\/users\/1"}],"replies":[{"embeddable":true,"href":"https:\/\/hotelardesia.com\/de\/wp-json\/wp\/v2\/comments?post=2980"}],"version-history":[{"count":0,"href":"https:\/\/hotelardesia.com\/de\/wp-json\/wp\/v2\/pages\/2980\/revisions"}],"wp:attachment":[{"href":"https:\/\/hotelardesia.com\/de\/wp-json\/wp\/v2\/media?parent=2980"}],"curies":[{"name":"wp","href":"https:\/\/api.w.org\/{rel}","templated":true}]}}