{"id":2987,"date":"2025-12-09T16:09:57","date_gmt":"2025-12-09T15:09:57","guid":{"rendered":"https:\/\/hotelardesia.com\/faq"},"modified":"2025-12-10T17:34:24","modified_gmt":"2025-12-10T16:34:24","slug":"faq","status":"publish","type":"page","link":"https:\/\/hotelardesia.com\/de\/faq","title":{"rendered":"FAQ"},"content":{"rendered":"<div class=\"wpb-content-wrapper\"><p>[vc_row css_animation=&#8220;&#8220; row_type=&#8220;row&#8220; use_row_as_full_screen_section=&#8220;no&#8220; type=&#8220;full_width&#8220; angled_section=&#8220;no&#8220; text_align=&#8220;left&#8220; background_image_as_pattern=&#8220;without_pattern&#8220;][vc_column][vc_column_text css=&#8220;&#8220;]<\/p>\n<h1><\/h1>\n<p>&nbsp;<\/p>\n<h1><span style=\"color: #dca879;\">FAQ<\/span><\/h1>\n<hr \/>\n<h3>Wie sind die Check-in- und Check-out-Zeiten?<\/h3>\n<p>Der Check-in ist ab <strong>15:00 Uhr<\/strong> m\u00f6glich, der Check-out muss bis <strong>11:00 Uhr<\/strong> erfolgen.<\/p>\n<h3>Ich reise morgens ab, kann ich vor 7:30 Uhr fr\u00fchst\u00fccken oder ein Fr\u00fchst\u00fcck zum Mitnehmen bekommen?<\/h3>\n<p>Sie k\u00f6nnen am Abend vor Ihrer Abreise ein <strong>einfaches Fr\u00fchst\u00fcck<\/strong> auch vor 7:00 Uhr oder ein Fr\u00fchst\u00fcck zum Mitnehmen ohne zus\u00e4tzliche Kosten anfordern.<\/p>\n<h3>Ich komme fr\u00fch an, kann ich fr\u00fcher einchecken?<\/h3>\n<p>Das Zimmer ist ab ca. 14:00 Uhr verf\u00fcgbar, aber wenn Sie fr\u00fcher anreisen m\u00f6chten, k\u00f6nnen Sie Ihr Gep\u00e4ck in unserem <strong>Gep\u00e4ckraum<\/strong> unterstellen. Wir werden uns bem\u00fchen, das Zimmer so schnell wie m\u00f6glich f\u00fcr Sie vorzubereiten.<\/p>\n<h3>Ich komme sp\u00e4t an, bis wann kann ich einchecken?<\/h3>\n<p>Der Check-in ist bis 23:00 Uhr m\u00f6glich, danach wird ein Aufpreis berechnet. Bitte teilen Sie unseren Mitarbeitern immer Ihre Ankunftszeit mit, damit wir Sie bestm\u00f6glich empfangen k\u00f6nnen.<\/p>\n<h3>Wo kann ich bei meiner Ankunft parken?<\/h3>\n<p>In der Umgebung des Hotels und in den angrenzenden Gebieten k\u00f6nnen Sie <strong>kostenlos parken<\/strong>. Wir empfehlen:<br \/>Via Bersezio <a href=\"https:\/\/maps.app.goo.gl\/VSGsVaZxXak7Roxu5\" target=\"_blank\" rel=\"noopener noreferrer\"><u>HIER KLICKEN<\/u><\/a><br \/>Via Armellini <a href=\"https:\/\/maps.app.goo.gl\/GF9jKt5PEqRdXkT69\" target=\"_blank\" rel=\"noopener noreferrer\"><u>HIER KLICKEN<\/u><\/a><br \/>oder auf dem kostenpflichtigen Parkplatz Chiabrera <a href=\"https:\/\/maps.app.goo.gl\/T4my4fX9HBqCW31MA\" target=\"_blank\" rel=\"noopener noreferrer\"><u>HIER KLICKEN<\/u><\/a><\/p>\n<h3>Wie hoch ist die Kurtaxe?<\/h3>\n<p>Die Kurtaxe betr\u00e4gt <strong>2,50 Euro<\/strong> pro Person und Tag f\u00fcr maximal 7 Tage und ist nicht im Buchungspreis enthalten.<br \/>Kinder unter 14 Jahren sind davon ausgenommen.<\/p>\n<h3>Kann ich Halbpension oder All-inclusive buchen?<\/h3>\n<p>Unsere Pakete beinhalten nur die Verpflegung mit <strong>\u00dcbernachtung und Fr\u00fchst\u00fcck<\/strong>. Regionale Produkte, hochwertige Zutaten, hausgemachte S\u00fc\u00dfspeisen sowie vegane und glutenfreie Alternativen erwarten Sie jeden Morgen, um Ihnen einen guten Start in den Tag zu bereiten. Gerne geben wir Ihnen auch Tipps zu <strong>Restaurants<\/strong> und <strong>Pizzerien<\/strong> in unserer N\u00e4he, mit denen wir <strong>Vereinbarungen getroffen haben<\/strong>.<\/p>\n<h3>Ist ein sp\u00e4ter Check-out m\u00f6glich?<\/h3>\n<p>Selbstverst\u00e4ndlich, dieser Service ist <strong>kostenpflichtig<\/strong>, unterliegt der Verf\u00fcgbarkeit und ist auf Anfrage erh\u00e4ltlich.<\/p>\n<h3>Sind Haustiere willkommen? Gibt es einen Aufpreis f\u00fcr Tiere?<\/h3>\n<p><strong>Kleine und mittelgro\u00dfe Tiere<\/strong> sind sowohl im Hotel als auch an unserem Partnerstrand Bagno 87 Carlo &amp; 88 Vittorio willkommen. Die Kosten f\u00fcr den Aufenthalt Ihres Tieres betragen <strong>10 Euro pro Nacht<\/strong>, da die Zimmer gr\u00fcndlicher und mit geeigneten Reinigungs- und Desinfektionsmitteln gereinigt werden m\u00fcssen.<\/p>\n<h3>Gibt es glutenfreie Produkte zum Fr\u00fchst\u00fcck?<\/h3>\n<p>Wir haben immer <strong>verpackte glutenfreie Produkte<\/strong> vorr\u00e4tig: Kekse, Cornflakes, Kekse, Zwieback, T\u00f6rtchen, Cracker, Fruchtp\u00fcree, Soja-, Reis- und Mandelgetr\u00e4nke. Bitte informieren Sie unser Personal beim Check-in, damit diese Produkte jeden Morgen bereitstehen.<\/p>\n<h3>Kann ich meine Buchung kostenlos stornieren?<\/h3>\n<p>Die Buchungs- und Stornierungsbedingungen k\u00f6nnen je nach Saison variieren. Wir empfehlen Ihnen, die Stornierungsbedingungen zu lesen, die immer in Ihrer Buchung angegeben sind.<\/p>\n<h3>Welche Zahlungsarten akzeptieren Sie?<\/h3>\n<p>Kredit- und Debitkarten, \u00dcberweisungen und Bargeld.<\/p>\n<h3>Wie erreicht man Ihr Hotel?<\/h3>\n<p>Weitere Informationen finden Sie unter diesem <a href=\"https:\/\/hotelardesia.com\/de\/wo-wir-sind\">Link<\/a>.<\/p>\n<h3>Gibt es aktuelle Angebote f\u00fcr meinen Aufenthalt in Ihrem Hotel Ardesia?<\/h3>\n<p>Wir garantieren Ihnen immer den <strong>besten Preis auf unserer offiziellen Website<\/strong> im Vergleich zu den gr\u00f6\u00dften Online-Buchungsportalen mit sicheren Zahlungen und Servern sowie die st\u00e4ndige Unterst\u00fctzung unserer Mitarbeiter, die Ihnen w\u00e4hrend des Buchungsvorgangs zur Seite stehen und Ihnen die beste L\u00f6sung f\u00fcr Ihren Aufenthalt anbieten. Abonnieren Sie unseren Newsletter, um \u00fcber Sonderangebote und Neuigkeiten auf dem Laufenden zu bleiben.[\/vc_column_text][\/vc_column][\/vc_row]<\/p>\n<\/div>","protected":false},"excerpt":{"rendered":"<p>[vc_row css_animation=&#8220;&#8220; row_type=&#8220;row&#8220; use_row_as_full_screen_section=&#8220;no&#8220; type=&#8220;full_width&#8220; angled_section=&#8220;no&#8220; text_align=&#8220;left&#8220; background_image_as_pattern=&#8220;without_pattern&#8220;][vc_column][vc_column_text css=&#8220;&#8220;] &nbsp; FAQ Wie sind die Check-in- und Check-out-Zeiten? Der Check-in ist ab 15:00 Uhr m\u00f6glich, der Check-out muss bis 11:00 Uhr erfolgen. Ich reise morgens ab, kann ich vor 7:30 Uhr fr\u00fchst\u00fccken oder ein Fr\u00fchst\u00fcck zum&#8230;<\/p>\n","protected":false},"author":1,"featured_media":0,"parent":0,"menu_order":0,"comment_status":"closed","ping_status":"closed","template":"","meta":{"_monsterinsights_skip_tracking":false,"_monsterinsights_sitenote_active":false,"_monsterinsights_sitenote_note":"","_monsterinsights_sitenote_category":0,"footnotes":""},"class_list":["post-2987","page","type-page","status-publish","hentry"],"aioseo_notices":[],"_links":{"self":[{"href":"https:\/\/hotelardesia.com\/de\/wp-json\/wp\/v2\/pages\/2987","targetHints":{"allow":["GET"]}}],"collection":[{"href":"https:\/\/hotelardesia.com\/de\/wp-json\/wp\/v2\/pages"}],"about":[{"href":"https:\/\/hotelardesia.com\/de\/wp-json\/wp\/v2\/types\/page"}],"author":[{"embeddable":true,"href":"https:\/\/hotelardesia.com\/de\/wp-json\/wp\/v2\/users\/1"}],"replies":[{"embeddable":true,"href":"https:\/\/hotelardesia.com\/de\/wp-json\/wp\/v2\/comments?post=2987"}],"version-history":[{"count":0,"href":"https:\/\/hotelardesia.com\/de\/wp-json\/wp\/v2\/pages\/2987\/revisions"}],"wp:attachment":[{"href":"https:\/\/hotelardesia.com\/de\/wp-json\/wp\/v2\/media?parent=2987"}],"curies":[{"name":"wp","href":"https:\/\/api.w.org\/{rel}","templated":true}]}}