{"id":2990,"date":"2025-12-09T16:16:24","date_gmt":"2025-12-09T15:16:24","guid":{"rendered":"https:\/\/hotelardesia.com\/cookie-policy"},"modified":"2025-12-11T08:37:14","modified_gmt":"2025-12-11T07:37:14","slug":"cookie-policy","status":"publish","type":"page","link":"https:\/\/hotelardesia.com\/de\/cookie-policy","title":{"rendered":"Cookie Policy"},"content":{"rendered":"<div class=\"wpb-content-wrapper\"><p>[vc_row css_animation=&#8220;&#8220; row_type=&#8220;row&#8220; use_row_as_full_screen_section=&#8220;no&#8220; type=&#8220;full_width&#8220; angled_section=&#8220;no&#8220; text_align=&#8220;left&#8220; background_image_as_pattern=&#8220;without_pattern&#8220;][vc_column][vc_empty_space height=&#8220;60px&#8220;][vc_column_text]<\/p>\n<h1 style=\"text-align: center;\">Cookie Policy<\/h1>\n<p>\n[\/vc_column_text][vc_empty_space height=&#8220;60px&#8220;][\/vc_column][\/vc_row][vc_row css_animation=&#8220;&#8220; row_type=&#8220;row&#8220; use_row_as_full_screen_section=&#8220;no&#8220; type=&#8220;full_width&#8220; angled_section=&#8220;no&#8220; text_align=&#8220;left&#8220; background_image_as_pattern=&#8220;without_pattern&#8220;][vc_column][vc_column_text css=&#8220;&#8220;]<\/p>\n<table width=\"100%\">\n<tbody>\n<tr>\n<th style=\"text-align: left;\" colspan=\"2\" valign=\"top\">Unternehmensinformationen<\/th>\n<\/tr>\n<tr>\n<td valign=\"top\" nowrap=\"nowrap\" width=\"30%\">Verantwortlicher f\u00fcr die Datenverarbeitung<\/td>\n<td valign=\"top\"><strong>Gems Hotel Sas<\/strong><\/td>\n<\/tr>\n<tr>\n<td valign=\"top\" nowrap=\"nowrap\" width=\"30%\">Adresse des Firmensitzes<\/td>\n<td valign=\"top\"><strong> Viale delle Rimembranze, 80 47924 Bellariva, Rimini (RN)<\/strong><\/td>\n<\/tr>\n<tr>\n<td valign=\"top\" nowrap=\"nowrap\" width=\"30%\">Umsatzsteuer-Identifikationsnummer<\/td>\n<td valign=\"top\"><strong>00267650406<\/strong><\/td>\n<\/tr>\n<tr>\n<td valign=\"top\" nowrap=\"nowrap\" width=\"30%\">Verantwortlicher f\u00fcr die Verarbeitung personenbezogener Daten<\/td>\n<td valign=\"top\"><strong>Guenda Mancini<\/strong><\/td>\n<\/tr>\n<tr>\n<td valign=\"top\" nowrap=\"nowrap\" width=\"30%\">Eintragungsnummer im Handelsregister<\/td>\n<td valign=\"top\"><strong>RN &#8211; 190807<\/strong><\/td>\n<\/tr>\n<tr>\n<td valign=\"top\" nowrap=\"nowrap\" width=\"30%\">Identifikationscode<\/td>\n<td valign=\"top\"><strong>CIR 099014-AL-01009 CIN IT099014A1ZCTZ4KQZ<\/strong><\/td>\n<\/tr>\n<\/tbody>\n<\/table>\n<p><\/p>\n<h4><\/h4>\n<p>&nbsp;<\/p>\n<h4><strong><u>Richtlinie zu Cookies und Pr\u00e4ferenzen<\/u><\/strong><\/h4>\n<p>Wir weisen darauf hin, dass das Hotel Ardesia Cookies oder andere Tracking-Tools auf seiner Website https:\/\/hotelardesia.com\/ verwendet.<\/p>\n<p>Die Tracking-Tools k\u00f6nnen auf dem Ger\u00e4t des Benutzers entsprechend den bereits angegebenen oder jederzeit gem\u00e4\u00df dieser Richtlinie angegebenen Pr\u00e4ferenzen installiert werden.<\/p>\n<p><strong>1. Wozu dient die Cookie-Richtlinie?<\/strong><\/p>\n<p>Um maximale Transparenz zu gew\u00e4hrleisten, hat das Hotel Ardesia diese Richtlinie festgelegt, um dem Benutzer weitere Informationen zu folgenden Punkten zu bieten:<\/p>\n<ul>\n<li>Herkunft und Zweck der Informationen, die w\u00e4hrend der Navigation des Benutzers auf<br \/>\nhttps:\/\/hotelardesia.com\/ verarbeitet werden.<\/li>\n<li>Rechte des Benutzers in Bezug auf Cookies und andere von Hotel Ardesia verwendete Tracking-Tools.<\/li>\n<\/ul>\n<p><strong>2. Was ist ein Cookie?<\/strong><br \/>Cookies und andere \u00e4hnliche Tracking-Tools sind Datenpakete, die von Servern verwendet werden, um Statusinformationen an den Browser des Benutzers zu \u00fcbertragen und Statusinformationen \u00fcber denselben Browser an den Ursprungsserver zu senden.<br \/>Beispiele f\u00fcr Statusinformationen sind die Kennung einer Sitzung, die Sprache, das Ablaufdatum, das Antwortfeld oder andere Arten von Informationen.<br \/>W\u00e4hrend ihrer G\u00fcltigkeitsdauer werden Cookies verwendet, um Statusinformationen zu speichern, wenn der Benutzer \u00fcber seinen Browser auf die verschiedenen Seiten einer Website zugreift oder wenn er dieselbe Website zu einem sp\u00e4teren Zeitpunkt erneut besucht.<\/p>\n<p>Es gibt verschiedene Arten von Cookies:<\/p>\n<ul>\n<li>Sitzungscookies werden gel\u00f6scht, sobald der Benutzer seinen Browser schlie\u00dft oder die Website verl\u00e4sst<\/li>\n<li>Permanente Cookies verbleiben auf dem Ger\u00e4t des Benutzers, bis sie ablaufen oder mit den Funktionen des Browsers gel\u00f6scht werden<\/li>\n<\/ul>\n<p><strong>3. Warum verwenden wir Cookies?<\/strong><\/p>\n<p>Cookies und andere Tracking-Tools werden haupts\u00e4chlich aus den folgenden Gr\u00fcnden verwendet:<br \/>Cookies sind f\u00fcr die Navigation auf der Website https:\/\/hotelardesia.com\/ und die vollst\u00e4ndige Nutzung ihrer Funktionen unerl\u00e4sslich und erm\u00f6glichen insbesondere:<\/p>\n<ul>\n<li>die Verwaltung der Authentifizierung der Besucher der Website und der damit verbundenen Sicherheitsma\u00dfnahmen sowie die Gew\u00e4hrleistung des ordnungsgem\u00e4\u00dfen Funktionierens des Authentifizierungsmoduls<\/li>\n<li>die Benutzererfahrung zu optimieren und die Navigation zu vereinfachen, insbesondere durch die Festlegung \u201etechnischer Pfade\u201d f\u00fcr die Navigation<\/li>\n<li>Informationen \u00fcber das Informationsbanner \u201eCookies\u201d zu speichern, das von Besuchern der Website gesehen wird, die nach der Annahme von Cookies auf ihrem Ger\u00e4t weiter auf der Website surfen<\/li>\n<li>Sicherheitsma\u00dfnahmen zu ergreifen (z. B. wenn der Benutzer aufgefordert wird, sich nach einer bestimmten Zeitspanne erneut anzumelden, um auf Inhalte oder Dienste zuzugreifen, oder um die Grundfunktionen von https:\/\/hotelardesia.com\/ und die Nutzung seiner Hauptfunktionen zu gew\u00e4hrleisten, darunter die \u00dcberwachung der Leistung und von Navigationsfehlern, die Verwaltung von Benutzersitzungen usw.).<\/li>\n<\/ul>\n<p>Funktionscookies sind vor allem erforderlich f\u00fcr:<\/p>\n<ul>\n<li>Anpassung von https:\/\/hotelardesia.com\/ an die Anzeigeeinstellungen des Ger\u00e4ts des Benutzers (Sprache, W\u00e4hrung, Bildschirmaufl\u00f6sung, verwendetes Betriebssystem, Konfiguration und Einstellungen f\u00fcr die Anzeige von Webseiten entsprechend dem verwendeten Ger\u00e4t und dem Standort des Benutzers usw.)<\/li>\n<li>Informationen zu speichern, die der Benutzer auf https:\/\/hotelardesia.com\/ eingibt, um seine sp\u00e4teren Besuche auf denselben Websites zu erleichtern und zu personalisieren (einschlie\u00dflich der Anzeige des Vor- und Nachnamens des Besuchers, wenn er \u00fcber ein Benutzerkonto verf\u00fcgt)<\/li>\n<li>dem Benutzer einen schnelleren Zugriff auf seine pers\u00f6nlichen Seiten zu erm\u00f6glichen, indem zuvor eingegebene Daten oder Anmeldeinformationen gespeichert werden<br \/>\nCookies zur Nachverfolgung von Besuchern dienen dazu, die Benutzererfahrung zu verbessern, indem sie uns helfen zu verstehen, wie der Benutzer mit https:\/\/hotelardesia.com\/ interagiert (meistbesuchte Seiten, verwendete Anwendungen usw.). Diese Cookies k\u00f6nnen statistische Daten sammeln oder verschiedene Arten der Informationsanzeige testen, um die Relevanz und Benutzerfreundlichkeit unserer Dienste zu verbessern.<\/li>\n<\/ul>\n<p>Cookies f\u00fcr Werbezwecke dienen dazu, (i) gezielte Inhalte in Werbefl\u00e4chen anzubieten, die f\u00fcr den Nutzer aufgrund seiner Interessen, seines Surfverhaltens, seiner Pr\u00e4ferenzen und anderer Faktoren interessant sein k\u00f6nnten (beste Angebote, andere Reiseziele usw.), und (ii) die Anzahl der Anzeigenaufrufe zu reduzieren.<br \/>Affiliate-Cookies identifizieren die Website eines Drittanbieters, die einen Besucher auf https:\/\/hotelardesia.com\/ weitergeleitet hat.<\/p>\n<p>Cookies von sozialen Netzwerken, die von Dritten gesetzt werden, erm\u00f6glichen es dem Benutzer, seine Meinung und die Inhalte von https:\/\/hotelardesia.com\/ in sozialen Netzwerken zu teilen (z. B. \u00fcber die Schaltfl\u00e4chen \u201eTeilen\u201c oder \u201eGef\u00e4llt mir\u201c der sozialen Netzwerke).<\/p>\n<p>In einigen F\u00e4llen k\u00f6nnen die oben genannten Anwendungen sozialer Netzwerke auf https:\/\/hotelardesia.com\/ es den entsprechenden sozialen Netzwerken erm\u00f6glichen, den Benutzer zu identifizieren, auch wenn er die Schaltfl\u00e4che f\u00fcr den Zugriff auf die Anwendung nicht ausw\u00e4hlt. Diese Art von Schaltfl\u00e4che kann es einem sozialen Netzwerk erm\u00f6glichen, die Browsing-Aktivit\u00e4ten des Benutzers auf https:\/\/hotelardesia.com\/ zu \u00fcberwachen, einfach weil das Konto des sozialen Netzwerks auf dem Ger\u00e4t des Benutzers w\u00e4hrend des Browsens aktiviert ist (offene Sitzung).<\/p>\n<p>Wir empfehlen dem Nutzer, die Nutzungsrichtlinien der oben genannten sozialen Netzwerke zu lesen, um besser zu verstehen, wie diese die von ihnen gesammelten Navigationsinformationen verwenden, insbesondere zu Werbezwecken. Diese Richtlinien m\u00fcssen dem Nutzer ausdr\u00fccklich die M\u00f6glichkeit geben, Entscheidungen in den sozialen Netzwerken zu treffen, insbesondere durch die Konfiguration der Benutzerkonten f\u00fcr jede Anwendung.<\/p>\n<p><strong>4. Einwilligung<\/strong><br \/>Cookies sind Daten, die von einem Server erstellt und in Textdateien auf der Festplatte Ihres Computers gespeichert werden. Sie erm\u00f6glichen den Betrieb dieser Website, die Nutzung einer vom Benutzer ausdr\u00fccklich angeforderten bestimmten Funktion oder verbessern die Funktionsweise dieser Website, wie z. B. Cookies, die das Surfen beschleunigen oder Inhalte anzeigen, die f\u00fcr den Benutzer aufgrund fr\u00fcherer Auswahlentscheidungen von gr\u00f6\u00dferem Interesse sind. Cookies k\u00f6nnen dauerhaft sein (sogenannte persistente Cookies), aber auch eine begrenzte Lebensdauer haben (sogenannte Sitzungscookies). Diese Website verwendet sowohl persistente als auch Sitzungscookies. Sitzungscookies werden nicht dauerhaft auf Ihrem Computer gespeichert und verschwinden, wenn Sie den Browser schlie\u00dfen. Persistente Cookies dienen dazu, die Navigation entsprechend dem vom Nutzer verwendeten Ger\u00e4t (Computer, Tablet, Smartphone) anzupassen, ebenso wie Cookies von Drittanbietern, die dazu dienen, die Zugriffe auf die Website zu analysieren (z. B. Google Analytics) und den Nutzern zu erm\u00f6glichen, die Inhalte der Website \u00fcber soziale Netzwerke (FB) oder E-Mail (Add This) zu teilen. Diese Cookies werden dauerhaft auf Ihrem Computer gespeichert und haben eine variable Lebensdauer.<\/p>\n<p>Die Website verwendet insbesondere die folgenden Cookies:<br \/><strong>Website-Cookies<\/strong><\/p>\n<table width=\"100%\">\n<tbody>\n<tr bgcolor=\"\">\n<th>Cookie-Name<\/th>\n<th>Typ<\/th>\n<th>Dienstname<\/th>\n<th>Beschreibung<\/th>\n<th>Dauer<\/th>\n<th>Dom\u00e4ne<\/th>\n<\/tr>\n<tr>\n<td nowrap=\"nowrap\">_ga<\/td>\n<td>Analytik von Drittanbietern<\/td>\n<td>Google Analytics<\/td>\n<td>Wird von den APIs von Google Analytics verwendet<\/td>\n<td>6 Monate<\/td>\n<td>www.hotelardesia.com<\/td>\n<\/tr>\n<tr>\n<td nowrap=\"nowrap\">_gat<\/td>\n<td>Analytik von Drittanbietern<\/td>\n<td>Google Analytics<\/td>\n<td>Verwendet von den APIs von Google Analytics<\/td>\n<td>10 Minuten<\/td>\n<td>www.hotelardesia.com<\/td>\n<\/tr>\n<tr>\n<td nowrap=\"nowrap\">viewed_cookie_policy<\/td>\n<td>Funktional<\/td>\n<td>Datenschutzerkl\u00e4rung<\/td>\n<td>H\u00e4lt die Leiste mit der Datenschutzerkl\u00e4rung ausgeblendet<\/td>\n<td>1 Jahr<\/td>\n<td>www.hotelardesia.com<\/td>\n<\/tr>\n<tr>\n<td nowrap=\"nowrap\">wfvt_xxxxxxx<\/td>\n<td>analytisch<\/td>\n<td>Analytisch Wordfence<\/td>\n<td>Verfolgt die von einem Benutzer aufgerufenen Seiten<\/td>\n<td>30 Minuten<\/td>\n<td>www.hotelardesia.com<\/td>\n<\/tr>\n<tr>\n<td nowrap=\"nowrap\">googtrans<\/td>\n<td>funktional<\/td>\n<td>Translate<\/td>\n<td>Verfolgt die gew\u00e4hlte Sprache<\/td>\n<td>bis zum Ende der Browsersitzung<\/td>\n<td>www.hotelardesia.com<\/td>\n<\/tr>\n<tr>\n<td nowrap=\"nowrap\">PHPSESSID<\/td>\n<td>technisch<\/td>\n<td>WebServer<\/td>\n<td>Identifikationsnummer der Browsersitzung<\/td>\n<td>bis zum Ende der Browsersitzung<\/td>\n<td>www.hotelardesia.com<\/td>\n<\/tr>\n<tr>\n<td nowrap=\"nowrap\">SERVERID<\/td>\n<td>technisch<\/td>\n<td>WebServer<\/td>\n<td>Kennung des Servers, der die Anfrage des Benutzers bearbeitet hat<\/td>\n<td>bis zum Ende der Browsersitzung<\/td>\n<td>www.hotelardesia.com<\/td>\n<\/tr>\n<\/tbody>\n<\/table>\n<p><strong>Google Analytics Cookies<\/strong><br \/>Unsere Website verwendet Google Analytics von Google, Inc., einen Dienst, der mithilfe von Cookies Statistiken zur Messung und Analyse der Website-Leistung bereitstellt. Die Datenschutzerkl\u00e4rung von Google Analytics finden Sie unter <a href=\"http:\/\/www.google.com\/intl\/en\/analytics\/privacyoverview.html\" target=\"_blank\" rel=\"noopener noreferrer\">http:\/\/www.google.com\/intl\/en\/analytics\/privacyoverview.html<\/a>. Die Datenschutzbestimmungen von Google finden Sie unter folgender Adresse: <a href=\"http:\/\/www.google.com\/intl\/it\/privacy\/privacy-policy.html\" target=\"_blank\" rel=\"noopener noreferrer\">http:\/\/www.google.com\/intl\/it\/privacy\/privacy-policy.html<\/a>.)<br \/>Weitere Informationen finden Sie unter <a href=\"http:\/\/www.google.it\/intl\/it\/policies\/technologies\/types\/\" target=\"_blank\" rel=\"noopener noreferrer\">http:\/\/www.google.it\/intl\/it\/policies\/technologies\/types\/ <\/a> und <a href=\"https:\/\/developers.google.com\/analytics\/devguides\/collection\/analyticsjs\/cookie-usage\" target=\"_blank\" rel=\"noopener noreferrer\">https:\/\/developers.google.com\/analytics\/devguides\/collection\/analyticsjs\/cookie-usage<\/a><\/p>\n<p><strong>Google Adwords &amp; Google Remarketing Cookies<\/strong><br \/>Die Website kann das Programm Google Adwords und die Technologie Google Remarketing verwenden. Beide werden von Google Inc. verwaltet. Auch die Conversion-Tracking-Funktion von AdWords verwendet Cookies. Um uns dabei zu helfen, Verk\u00e4ufe und andere Conversions zu verfolgen, wird ein Cookie auf dem Computer eines Nutzers gespeichert, sobald dieser Nutzer auf eine Anzeige klickt. Dieses Cookie ist 30 Tage lang g\u00fcltig und sammelt oder \u00fcberwacht keine Informationen, mit denen ein Nutzer pers\u00f6nlich identifiziert werden kann. Nutzer k\u00f6nnen die Conversion-Tracking-Cookies von Google in den Einstellungen ihres Internetbrowsers deaktivieren. In einigen F\u00e4llen k\u00f6nnen Cookies Probleme beim Anmelden oder beim Navigieren in Ihrem AdWords-Konto verursachen. Wenn dies geschieht, l\u00e4sst sich das Problem am besten beheben, indem Sie den Cache leeren und die f\u00fcr Ihren Internetbrowser gespeicherten Cookies l\u00f6schen.<br \/>Weitere Informationen finden Sie unter <a href=\"https:\/\/support.google.com\/adwords\/topic\/3121763?hl=it&amp;ref_topic=3119071\" target=\"\u201e_blank\u201c\" rel=\"noopener noreferrer\">hier klicken<\/a> <a href=\"https:\/\/www.google.es\/intl\/it\/policies\/privacy\/\" target=\"_blank\" rel=\"noopener noreferrer\">https:\/\/www.google.es\/intl\/it\/policies\/privacy\/<\/a>. Der Nutzer kann schlie\u00dflich die Cookies von Google Analytics deaktivieren, indem er ein spezielles Browser-Plugin herunterl\u00e4dt, das unter folgender URL verf\u00fcgbar ist: <a href=\"https:\/\/tools.google.com\/dlpage\/gaoptout\" target=\"_blank\" rel=\"noopener noreferrer\">https:\/\/tools.google.com\/dlpage\/gaoptout<\/a>.<\/p>\n<p><strong>Facebook-Cookies<\/strong><br \/>Die Website kann Cookies von Facebook Inc. verwenden, um den Verlauf von Facebook-Werbekampagnen und etwaige Remarketing-Ma\u00dfnahmen zu \u00fcberwachen. Klicken Sie hier, um weitere Informationen \u00fcber die Verwendung von Cookies durch Facebook zu erhalten: <a href=\"https:\/\/www.facebook.com\/help\/cookies\/\" target=\"_blank\" rel=\"noopener noreferrer\">https:\/\/www.facebook.com\/help\/cookies\/<\/a><br \/>Der Nutzer kann der Speicherung von dauerhaften Cookies auf seiner Festplatte widersprechen, indem er seinen Browser so konfiguriert, dass Cookies deaktiviert werden. Erfahren Sie, wie Sie Cookies in den g\u00e4ngigsten Browsern deaktivieren k\u00f6nnen: <a href=\"https:\/\/support.google.com\/accounts\/answer\/61416? hl=it\" target=\"_blank\" rel=\"noopener noreferrer\">Chrome<\/a>, <a href=\"https:\/\/support.mozilla.org\/en-US\/kb\/enable-and-disable-cookies-website-preferences\" target=\"_blank\" rel=\"noopener noreferrer\">Firefox<\/a>, <a href=\"http:\/\/windows.microsoft.com\/it-it\/windows-vista\/block-or-allow-cookies\" target=\"_blank\" rel=\"noopener noreferrer\">Internet Explorer<\/a>, <a href=\"https:\/\/support.apple.com\/kb\/PH5042? locale=en_US\" target=\"_blank\" rel=\"noopener noreferrer\">Safari<\/a>, <a href=\"http:\/\/www.opera.com\/help\/tutorials\/security\/privacy\/\" target=\"_blank\" rel=\"noopener noreferrer\">Opera<\/a>. Nach diesem Vorgang k\u00f6nnen jedoch einige Funktionen der Webseiten m\u00f6glicherweise nicht mehr ordnungsgem\u00e4\u00df ausgef\u00fchrt werden.<\/p>\n<p>Diese Datenschutzerkl\u00e4rung kann von Zeit zu Zeit ge\u00e4ndert werden, und die Verwendung der gesammelten Informationen unterliegt der zum Zeitpunkt der Verwendung geltenden Datenschutzerkl\u00e4rung. Das vorliegende Dokument, das unter der Adresse <strong>www.hotelardesia.com<\/strong> ver\u00f6ffentlicht ist, stellt die Datenschutzerkl\u00e4rung dieser Website dar und wird von Zeit zu Zeit aktualisiert, wobei das Datum der Aktualisierung angegeben wird.<\/p>\n<p><strong>5. L\u00f6schen und\/oder Blockieren von Cookies<\/strong><\/p>\n<p>Es gibt verschiedene M\u00f6glichkeiten, Cookies und andere Tracking-Tools zu l\u00f6schen.<\/p>\n<p>Browsereinstellungen<\/p>\n<p>Obwohl Cookies in den meisten Browsern standardm\u00e4\u00dfig akzeptiert werden, kann der Benutzer entscheiden, ob er alle Cookies akzeptieren, Cookies immer blockieren oder anhand ihrer Herkunft ausw\u00e4hlen m\u00f6chte, welche Cookies er akzeptieren m\u00f6chte.<\/p>\n<p>Sie k\u00f6nnen Ihren Browser auch so einstellen, dass er Cookies einzeln akzeptiert oder blockiert, bevor sie installiert werden. Der Browser erm\u00f6glicht es Ihnen auch, Cookies regelm\u00e4\u00dfig von Ihrem Ger\u00e4t zu l\u00f6schen. Denken Sie daran, alle Browser zu konfigurieren, die auf Ihren verschiedenen Ger\u00e4ten (Tablet, Smartphone, Computer usw.) installiert sind.<\/p>\n<p>Die Konfiguration der Verwaltung von Cookies und Benutzereinstellungen variiert von Browser zu Browser. Diese Einstellungen werden im Men\u00fc \u201eHilfe\u201d des verwendeten Browsers beschrieben, wo Sie auch Ihre Cookie-Einstellungen \u00e4ndern k\u00f6nnen. Zum Beispiel:<\/p>\n<ul>\n<li>F\u00fcr Microsoft Edge\u2122:<br \/>\n<a href=\"https:\/\/support.microsoft.com\/en-us\/windows\/microsoft-edge-browsing-data-and-privacy-bb8174ba -9d73-dcf2-9b4a-c582b4e640dd\">https:\/\/support.microsoft.com\/en-us\/windows\/microsoft-edge-browsing-data-and-privacy-bb8174ba-9d73-dcf2-9b4a-c582b4e640dd<\/a><\/li>\n<li>F\u00fcr Safari\u2122: <a href=\"https:\/\/support.apple.com\/guide\/safari\/manage-cookies-and-website-data-sfri11471\/mac\">https:\/\/support.apple.com\/guide\/safari\/manage-cookies-and-website-data-sfri11471\/mac<\/a><\/li>\n<li>F\u00fcr Chrome\u2122:<br \/>\n<u>https:\/\/support.google.com\/chrome\/answer\/95647<\/u><\/li>\n<li>F\u00fcr Firefox\u2122:<br \/>\n<a href=\"https:\/\/support.mozilla.org\/en-US\/kb\/block-websites-storing-cookies-site-data-firefox\">https:\/\/support.mozilla.org\/en-US\/kb\/block-websites-storing-cookies-site-data-firefox<\/a><\/li>\n<li>F\u00fcr Opera\u2122:<br \/>\n<a href=\"https:\/\/help.opera.com\/en\/latest\/web-preferences\/#cookies\">https:\/\/help.opera.com\/en\/latest\/web-preferences\/#cookies<\/a><\/li>\n<\/ul>\n<p>Der Nutzer hat die M\u00f6glichkeit zu entscheiden, ob er ein Cookie auf seinem Ger\u00e4t speichern m\u00f6chte oder nicht, und kann seine Wahl jederzeit und kostenlos \u00fcber die Einstellungen in seiner Browser-Software \u00e4ndern.<br \/>Wenn Ihr Browser so eingestellt ist, dass er Cookies auf Ihrem Ger\u00e4t akzeptiert, k\u00f6nnen die in den Seiten und Inhalten, die Sie anzeigen, integrierten Cookies vor\u00fcbergehend in einem daf\u00fcr vorgesehenen Bereich Ihres Ger\u00e4ts gespeichert werden. Cookies k\u00f6nnen nur vom Absender gelesen werden.<\/p>\n<p>Der Benutzer kann seinen Webbrowser jedoch so einstellen, dass Cookies blockiert werden. Bitte beachten Sie jedoch, dass durch die Einstellung der Cookie-Blockierung in Ihrem Browser der Zugriff auf bestimmte Funktionen, Seiten und Bereiche von https:\/\/hotelardesia.com\/ nicht m\u00f6glich ist und wir in diesem Fall keine Verantwortung daf\u00fcr \u00fcbernehmen.<\/p>\n<p>Spezialisierte Werbeplattformen<\/p>\n<p>Verschiedene professionelle Werbeplattformen erm\u00f6glichen es dem Nutzer, die von den Unternehmen, denen sie angeh\u00f6ren, verwendeten Cookies zu akzeptieren oder zu blockieren. Diese zentralisierten Mechanismen blockieren nicht die Anzeige von Werbung, sondern verhindern lediglich die Installation von Cookies, die die Werbung an die Interessen des Nutzers anpassen.<\/p>\n<p>Sie k\u00f6nnen beispielsweise die Website <a href=\"http:\/\/www.youronlinechoices.com\/\">http:\/\/www.youronlinechoices.com<\/a> besuchen, um die Installation von Cookies auf Ihrem Ger\u00e4t zu verhindern.<\/p>\n<p><em>Aktualisiert am 03.04.2025<\/em>[\/vc_column_text][\/vc_column][\/vc_row]<\/p>\n<\/div>","protected":false},"excerpt":{"rendered":"<p>[vc_row css_animation=&#8220;&#8220; row_type=&#8220;row&#8220; use_row_as_full_screen_section=&#8220;no&#8220; type=&#8220;full_width&#8220; angled_section=&#8220;no&#8220; text_align=&#8220;left&#8220; background_image_as_pattern=&#8220;without_pattern&#8220;][vc_column][vc_empty_space height=&#8220;60px&#8220;][vc_column_text] Cookie Policy [\/vc_column_text][vc_empty_space height=&#8220;60px&#8220;][\/vc_column][\/vc_row][vc_row css_animation=&#8220;&#8220; row_type=&#8220;row&#8220; use_row_as_full_screen_section=&#8220;no&#8220; type=&#8220;full_width&#8220; angled_section=&#8220;no&#8220; text_align=&#8220;left&#8220; background_image_as_pattern=&#8220;without_pattern&#8220;][vc_column][vc_column_text css=&#8220;&#8220;] Unternehmensinformationen Verantwortlicher f\u00fcr die Datenverarbeitung Gems Hotel Sas Adresse des Firmensitzes Viale delle Rimembranze, 80 47924 Bellariva, Rimini (RN) Umsatzsteuer-Identifikationsnummer 00267650406 Verantwortlicher f\u00fcr die&#8230;<\/p>\n","protected":false},"author":1,"featured_media":0,"parent":0,"menu_order":0,"comment_status":"closed","ping_status":"closed","template":"","meta":{"_monsterinsights_skip_tracking":false,"_monsterinsights_sitenote_active":false,"_monsterinsights_sitenote_note":"","_monsterinsights_sitenote_category":0,"footnotes":""},"class_list":["post-2990","page","type-page","status-publish","hentry"],"aioseo_notices":[],"_links":{"self":[{"href":"https:\/\/hotelardesia.com\/de\/wp-json\/wp\/v2\/pages\/2990","targetHints":{"allow":["GET"]}}],"collection":[{"href":"https:\/\/hotelardesia.com\/de\/wp-json\/wp\/v2\/pages"}],"about":[{"href":"https:\/\/hotelardesia.com\/de\/wp-json\/wp\/v2\/types\/page"}],"author":[{"embeddable":true,"href":"https:\/\/hotelardesia.com\/de\/wp-json\/wp\/v2\/users\/1"}],"replies":[{"embeddable":true,"href":"https:\/\/hotelardesia.com\/de\/wp-json\/wp\/v2\/comments?post=2990"}],"version-history":[{"count":0,"href":"https:\/\/hotelardesia.com\/de\/wp-json\/wp\/v2\/pages\/2990\/revisions"}],"wp:attachment":[{"href":"https:\/\/hotelardesia.com\/de\/wp-json\/wp\/v2\/media?parent=2990"}],"curies":[{"name":"wp","href":"https:\/\/api.w.org\/{rel}","templated":true}]}}