{"id":2993,"date":"2025-12-09T16:17:58","date_gmt":"2025-12-09T15:17:58","guid":{"rendered":"https:\/\/hotelardesia.com\/fiabilandia-3"},"modified":"2025-12-09T16:17:58","modified_gmt":"2025-12-09T15:17:58","slug":"fiabilandia-3","status":"publish","type":"page","link":"https:\/\/hotelardesia.com\/de\/fiabilandia-3","title":{"rendered":"Fiabilandia"},"content":{"rendered":"<div class=\"wpb-content-wrapper\"><p>[vc_row css_animation=&#8220;&#8220; row_type=&#8220;row&#8220; use_row_as_full_screen_section=&#8220;no&#8220; type=&#8220;full_width&#8220; angled_section=&#8220;no&#8220; text_align=&#8220;left&#8220; background_image_as_pattern=&#8220;without_pattern&#8220; el_class=&#8220;max-1400&#8243; z_index=&#8220;&#8220;][vc_column][vc_empty_space height=&#8220;60px&#8220;][vc_column_text]<\/p>\n<h1 style=\"text-align: center;\">Fiabilandia<\/h1>\n<p>\n[\/vc_column_text][vc_column_text css=&#8220;&#8220;]<\/p>\n<p style=\"text-align: center;\">In <strong>Fiabilandia in Rimini<\/strong> gibt es viele Attraktionen und Unterhaltung nur wenige Schritte von unserem <strong>Hotel in der N\u00e4he von Rimini Fiabilandia<\/strong> entfernt. Es handelt sich um einen Vergn\u00fcgungspark, der vor allem Kinder anspricht, aber auch Eltern zum L\u00e4cheln bringt, die f\u00fcr einen Tag wieder zu Kindern werden. Es handelt sich um den Vergn\u00fcgungspark mit der l\u00e4ngsten Geschichte an der <strong>Riviera Romagnola<\/strong>, eine M\u00e4rchenwelt, die vor allen anderen entstanden ist.<br \/>\n[\/vc_column_text][vc_empty_space height=&#8220;60px&#8220;][\/vc_column][\/vc_row][vc_row css_animation=&#8220;&#8220; row_type=&#8220;row&#8220; use_row_as_full_screen_section=&#8220;no&#8220; type=&#8220;full_width&#8220; angled_section=&#8220;no&#8220; text_align=&#8220;left&#8220; background_image_as_pattern=&#8220;without_pattern&#8220; el_class=&#8220;index-risto&#8220; z_index=&#8220;&#8220; css=&#8220;.vc_custom_1518098798166{background-color: #ffffff !important;}&#8220;][vc_column][qode_elements_holder number_of_columns=&#8220;two_columns&#8220;][qode_elements_holder_item advanced_animations=&#8220;no&#8220; item_padding=&#8220;0 15px 0 0&#8243;][vc_single_image image=&#8220;2115&#8243; img_size=&#8220;full&#8220; alignment=&#8220;right&#8220; css=&#8220;.vc_custom_1521471500446{padding-right: 15px !important;padding-left: 15px !important;}&#8220; qode_css_animation=&#8220;element_from_left&#8220;][\/qode_elements_holder_item][qode_elements_holder_item advanced_animations=&#8220;no&#8220; item_padding=&#8220;0 0 0 15px&#8220;][vc_column_text css=&#8220;.vc_custom_1683200978457{padding-right: 15px !important;padding-left: 15px !important;}&#8220;]<\/p>\n<p style=\"text-align: center;\">Es gibt zahlreiche <strong>Attraktionen f\u00fcr die ganze Familie in Fiabilandia<\/strong>, \u00fcber drei\u00dfig, zu denen noch <strong>Shows, Auff\u00fchrungen, Spiele und Dienstleistungen aller Art<\/strong> hinzukommen. Der Park erstreckt sich rund um den Lago Bernardo, umgeben von einer dichten nat\u00fcrlichen Vegetation, die jedes Jahr viele Vogelarten anzieht. Man kann das Becken mit dem bunten und unterhaltsamen Fiaby Boat \u00fcberqueren, w\u00e4hrend man mit dem Zug Fiabilandia Express in den Park hineinf\u00e4hrt und den Themenbereich des alten Westens erreicht, wo sich das Navaho-Dorf und das Apache-Dorf befinden, die man erkunden kann, um ein Abenteuer aus vergangenen Zeiten zu erleben. Im Saloon des Wilden Westens kann man aus einer Auswahl an ausgefallenen Gerichten w\u00e4hlen und themenbezogene Shows besuchen.<br \/>\n[\/vc_column_text][\/qode_elements_holder_item][\/qode_elements_holder][vc_empty_space height=&#8220;60px&#8220;][\/vc_column][\/vc_row][vc_row css_animation=&#8220;&#8220; row_type=&#8220;row&#8220; use_row_as_full_screen_section=&#8220;no&#8220; type=&#8220;full_width&#8220; angled_section=&#8220;no&#8220; text_align=&#8220;left&#8220; background_image_as_pattern=&#8220;without_pattern&#8220; z_index=&#8220;&#8220; css=&#8220;.vc_custom_1521192956462{background-color: #dfd9d4 !important;}&#8220;][vc_column][vc_column_text css=&#8220;.vc_custom_1521468332952{padding-top: 6% !important;padding-bottom: 6% !important;}&#8220;]<\/p>\n<p style=\"text-align: center;\">Das <strong>Schloss von Merlin<\/strong> ist zweifellos die Hauptattraktion des Parks, das schon vom Eingang aus zu sehen ist und mit seinen bizarren und m\u00e4rchenhaften Formen Neugier weckt.<\/p>\n<p>[\/vc_column_text][\/vc_column][\/vc_row][vc_row css_animation=&#8220;&#8220; row_type=&#8220;row&#8220; use_row_as_full_screen_section=&#8220;no&#8220; type=&#8220;full_width&#8220; angled_section=&#8220;no&#8220; text_align=&#8220;left&#8220; background_image_as_pattern=&#8220;without_pattern&#8220; el_class=&#8220;full&#8220; z_index=&#8220;&#8220;][vc_column][vc_raw_html]PGRpdiBjbGFzcz0icGFyYWxsYXggZmlhYmlsYW5kaWEiPjwvZGl2Pg==[\/vc_raw_html][\/vc_column][\/vc_row]<\/p>\n<\/div>","protected":false},"excerpt":{"rendered":"<p>[vc_row css_animation=&#8220;&#8220; row_type=&#8220;row&#8220; use_row_as_full_screen_section=&#8220;no&#8220; type=&#8220;full_width&#8220; angled_section=&#8220;no&#8220; text_align=&#8220;left&#8220; background_image_as_pattern=&#8220;without_pattern&#8220; el_class=&#8220;max-1400&#8243; z_index=&#8220;&#8220;][vc_column][vc_empty_space height=&#8220;60px&#8220;][vc_column_text] Fiabilandia [\/vc_column_text][vc_column_text css=&#8220;&#8220;] In Fiabilandia in Rimini gibt es viele Attraktionen und Unterhaltung nur wenige Schritte von unserem Hotel in der N\u00e4he von Rimini Fiabilandia entfernt. Es handelt sich um einen Vergn\u00fcgungspark, der vor&#8230;<\/p>\n","protected":false},"author":1,"featured_media":0,"parent":0,"menu_order":0,"comment_status":"closed","ping_status":"closed","template":"full_width.php","meta":{"_monsterinsights_skip_tracking":false,"_monsterinsights_sitenote_active":false,"_monsterinsights_sitenote_note":"","_monsterinsights_sitenote_category":0,"footnotes":""},"class_list":["post-2993","page","type-page","status-publish","hentry"],"aioseo_notices":[],"_links":{"self":[{"href":"https:\/\/hotelardesia.com\/de\/wp-json\/wp\/v2\/pages\/2993","targetHints":{"allow":["GET"]}}],"collection":[{"href":"https:\/\/hotelardesia.com\/de\/wp-json\/wp\/v2\/pages"}],"about":[{"href":"https:\/\/hotelardesia.com\/de\/wp-json\/wp\/v2\/types\/page"}],"author":[{"embeddable":true,"href":"https:\/\/hotelardesia.com\/de\/wp-json\/wp\/v2\/users\/1"}],"replies":[{"embeddable":true,"href":"https:\/\/hotelardesia.com\/de\/wp-json\/wp\/v2\/comments?post=2993"}],"version-history":[{"count":0,"href":"https:\/\/hotelardesia.com\/de\/wp-json\/wp\/v2\/pages\/2993\/revisions"}],"wp:attachment":[{"href":"https:\/\/hotelardesia.com\/de\/wp-json\/wp\/v2\/media?parent=2993"}],"curies":[{"name":"wp","href":"https:\/\/api.w.org\/{rel}","templated":true}]}}