{"id":2998,"date":"2025-12-09T16:23:03","date_gmt":"2025-12-09T15:23:03","guid":{"rendered":"https:\/\/hotelardesia.com\/zimmer-und-fruehstueck-rimini"},"modified":"2026-04-17T23:42:07","modified_gmt":"2026-04-17T21:42:07","slug":"zimmer-und-fruehstueck-rimini","status":"publish","type":"page","link":"https:\/\/hotelardesia.com\/de\/zimmer-und-fruehstueck-rimini","title":{"rendered":"Hotel Bed and Breakfast Rimini, ideal f\u00fcr Familien mit Kindern"},"content":{"rendered":"<div class=\"wpb-content-wrapper\"><p>[vc_row css_animation=&#8220;&#8220; row_type=&#8220;row&#8220; use_row_as_full_screen_section=&#8220;no&#8220; type=&#8220;full_width&#8220; angled_section=&#8220;no&#8220; text_align=&#8220;left&#8220; background_image_as_pattern=&#8220;without_pattern&#8220;][vc_column][vc_empty_space][vc_column_text css=&#8220;&#8220;]<\/p>\n<h3>Ideales Hotel in Rimini f\u00fcr Familien mit Kindern<\/h3>\n<p>Bellariva di Rimini ist ein Badeort in der N\u00e4he von Marina Centro, in einer der beliebtesten und zentralsten Gegenden der K\u00fcste von Rimini. Wenn Sie in unserem Hotel in Bellariva di Rimini \u00fcbernachten, stehen Ihnen Kabinen am ausgestatteten Strand zur Verf\u00fcgung, in denen Sie dank zahlreicher Annehmlichkeiten so viel Zeit verbringen k\u00f6nnen, wie Sie m\u00f6chten. Au\u00dferdem gibt es viele Gesch\u00e4fte zum Shoppen an der Strandpromenade und Nachtlokale, in denen Sie bis sp\u00e4t in die Nacht tanzen und Spa\u00df haben k\u00f6nnen.<\/p>\n<p>Einen Urlaub in einem Hotel in <strong>Bellariva di Rimini<\/strong> zu verbringen bedeutet, sich f\u00fcr einen der lebhaftesten Ortsteile der romagnolischen Stadt zu entscheiden, der sowohl von jungen Leuten als auch von Familien frequentiert wird. Das Hotel Ardesia bietet in der Tat viele Dienstleistungen, die speziell auf die Bed\u00fcrfnisse von Kindern zugeschnitten sind, sowohl f\u00fcr \u00e4ltere Kinder als auch f\u00fcr Kleinkinder, wie z. B. personalisierte Kindermen\u00fcs im Restaurant, ger\u00e4umige und helle Zimmer, die f\u00fcr Familien geeignet sind, Fahrr\u00e4der mit Kindersitzen, um die Kleinen mitzunehmen. Das Hotel ist eines der beliebtesten <strong>Kinderhotels in Rimini<\/strong>, auch dank seiner strategisch g\u00fcnstigen Lage in der N\u00e4he der Vergn\u00fcgungsparks der Romagna. Bei einem Aufenthalt im Hotel Ardesia werden Ihre Kinder unvergessliche Erinnerungen an Rimini mitnehmen, vor allem, wenn Sie ihnen einen Tag in den Wunderwelten von Fiabilandia und Italia in Miniatura, auf den Wasserrutschen des Aquafan und bei den Shows im Delfinarium g\u00f6nnen.<br \/>Unser <strong>Hotel in Rimini bietet Preise f\u00fcr Zimmer und Fr\u00fchst\u00fcck<\/strong> mit Urlaubspaketen, die sowohl f\u00fcr Familien als auch f\u00fcr Alleinreisende oder Paare geeignet sind. Im Preis inbegriffen sind neben dem Fr\u00fchst\u00fcck auch ger\u00e4umige, komfortable Zimmer mit Balkon, WLAN im gesamten Hotel, Strandkabinen im Bagno Vittorio 88 und eine Terrasse mit Garten zum Entspannen. Ein Hotel in Rimini mit Zimmer und Fr\u00fchst\u00fcck wie das Ardesia ist eine einmalige Gelegenheit f\u00fcr einen g\u00fcnstigen Urlaub am Meer in einem der aufregendsten Orte der Riviera Romagnola.[\/vc_column_text][vc_empty_space][\/vc_column][\/vc_row]<\/p>\n<\/div>","protected":false},"excerpt":{"rendered":"<p>[vc_row css_animation=&#8220;&#8220; row_type=&#8220;row&#8220; use_row_as_full_screen_section=&#8220;no&#8220; type=&#8220;full_width&#8220; angled_section=&#8220;no&#8220; text_align=&#8220;left&#8220; background_image_as_pattern=&#8220;without_pattern&#8220;][vc_column][vc_empty_space][vc_column_text css=&#8220;&#8220;] Ideales Hotel in Rimini f\u00fcr Familien mit Kindern Bellariva di Rimini ist ein Badeort in der N\u00e4he von Marina Centro, in einer der beliebtesten und zentralsten Gegenden der K\u00fcste von Rimini. Wenn Sie in unserem Hotel&#8230;<\/p>\n","protected":false},"author":1,"featured_media":0,"parent":0,"menu_order":0,"comment_status":"closed","ping_status":"closed","template":"","meta":{"_monsterinsights_skip_tracking":false,"_monsterinsights_sitenote_active":false,"_monsterinsights_sitenote_note":"","_monsterinsights_sitenote_category":0,"footnotes":""},"class_list":["post-2998","page","type-page","status-publish","hentry"],"aioseo_notices":[],"_links":{"self":[{"href":"https:\/\/hotelardesia.com\/de\/wp-json\/wp\/v2\/pages\/2998","targetHints":{"allow":["GET"]}}],"collection":[{"href":"https:\/\/hotelardesia.com\/de\/wp-json\/wp\/v2\/pages"}],"about":[{"href":"https:\/\/hotelardesia.com\/de\/wp-json\/wp\/v2\/types\/page"}],"author":[{"embeddable":true,"href":"https:\/\/hotelardesia.com\/de\/wp-json\/wp\/v2\/users\/1"}],"replies":[{"embeddable":true,"href":"https:\/\/hotelardesia.com\/de\/wp-json\/wp\/v2\/comments?post=2998"}],"version-history":[{"count":2,"href":"https:\/\/hotelardesia.com\/de\/wp-json\/wp\/v2\/pages\/2998\/revisions"}],"predecessor-version":[{"id":5115,"href":"https:\/\/hotelardesia.com\/de\/wp-json\/wp\/v2\/pages\/2998\/revisions\/5115"}],"wp:attachment":[{"href":"https:\/\/hotelardesia.com\/de\/wp-json\/wp\/v2\/media?parent=2998"}],"curies":[{"name":"wp","href":"https:\/\/api.w.org\/{rel}","templated":true}]}}