{"id":3011,"date":"2025-12-09T16:24:30","date_gmt":"2025-12-09T15:24:30","guid":{"rendered":"https:\/\/hotelardesia.com\/das-kongresszentrum-von-rimini"},"modified":"2025-12-09T16:24:32","modified_gmt":"2025-12-09T15:24:32","slug":"das-kongresszentrum-von-rimini","status":"publish","type":"page","link":"https:\/\/hotelardesia.com\/de\/das-kongresszentrum-von-rimini","title":{"rendered":"Das Kongresszentrum von Rimini"},"content":{"rendered":"<div class=\"wpb-content-wrapper\"><p>[vc_row css_animation=&#8220;&#8220; row_type=&#8220;row&#8220; use_row_as_full_screen_section=&#8220;no&#8220; type=&#8220;full_width&#8220; angled_section=&#8220;no&#8220; text_align=&#8220;left&#8220; background_image_as_pattern=&#8220;without_pattern&#8220;][vc_column][vc_empty_space][vc_column_text]<\/p>\n<h3>Das Kongresszentrum von Rimini<\/h3>\n<p>Die mittlerweile unbestrittene Eignung Riminis als Schauplatz prestigetr\u00e4chtiger und erfolgreicher Gesch\u00e4ftsveranstaltungen wird durch die neue Anlage unterstrichen, die zu den gr\u00f6\u00dften Italiens z\u00e4hlt und das Profil der Branche ver\u00e4ndern wird: das <strong>Kongresszentrum von Rimini<\/strong>.<\/p>\n<p>Das Kongresszentrum erstreckt sich \u00fcber eine Fl\u00e4che von 38.000 Quadratmetern und ist eine hochmoderne Anlage, die sich \u00fcber zwei Etagen und ein Untergeschoss erstreckt und 19 unterschiedlich gestaltbare S\u00e4le bietet, die im Plenarsaal der Piazza Platz f\u00fcr bis zu 4700 Personen bieten.<br \/>Die Vielseitigkeit des Kongresszentrums ist jedoch nahezu unbegrenzt: Es verf\u00fcgt \u00fcber eine 11.000 Quadratmeter gro\u00dfe Ausstellungsfl\u00e4che, die in mehrere R\u00e4ume unterteilt werden kann, um allen Anforderungen gerecht zu werden.<\/p>\n<p>Unser <strong>ganzj\u00e4hrig ge\u00f6ffnetes Hotel in Rimini<\/strong> ist die ideale L\u00f6sung f\u00fcr Gesch\u00e4ftskunden, die eine Unterkunft in der N\u00e4he des Kongresszentrums suchen, die den Bed\u00fcrfnissen von Gesch\u00e4ftsreisenden gerecht wird: Das Albergo Ardesia zeichnet sich auch dadurch aus, dass es ein Hotel in der N\u00e4he der Messe Rimini ist, sodass Sie an den vielen wichtigen Veranstaltungen teilnehmen k\u00f6nnen, die hier jedes Jahr stattfinden.<br \/>Die beiden strategischen M\u00f6glichkeiten zur Steigerung des eigenen Gesch\u00e4ftsvolumens sind ein Pluspunkt, der Rimini zur Hauptstadt des Gesch\u00e4ftstourismus gemacht hat und auch weiterhin machen wird.<br \/>Die Kombination aus dem bereits umfangreichen Messekalender, der sich an Makrosektoren richtet und von einem internationalen Besucherstrom gepr\u00e4gt ist, und der Pr\u00e4senz einer multifunktionalen Einrichtung f\u00fcr \u00f6ffentliche und private Veranstaltungen wie dem Palacongressi hat das Angebot von Rimini im Bereich Messen und Kongresse tats\u00e4chlich vervollst\u00e4ndigt.[\/vc_column_text][vc_empty_space][\/vc_column][\/vc_row]<\/p>\n<\/div>","protected":false},"excerpt":{"rendered":"<p>[vc_row css_animation=&#8220;&#8220; row_type=&#8220;row&#8220; use_row_as_full_screen_section=&#8220;no&#8220; type=&#8220;full_width&#8220; angled_section=&#8220;no&#8220; text_align=&#8220;left&#8220; background_image_as_pattern=&#8220;without_pattern&#8220;][vc_column][vc_empty_space][vc_column_text] Das Kongresszentrum von Rimini Die mittlerweile unbestrittene Eignung Riminis als Schauplatz prestigetr\u00e4chtiger und erfolgreicher Gesch\u00e4ftsveranstaltungen wird durch die neue Anlage unterstrichen, die zu den gr\u00f6\u00dften Italiens z\u00e4hlt und das Profil der Branche ver\u00e4ndern wird: das Kongresszentrum von&#8230;<\/p>\n","protected":false},"author":1,"featured_media":0,"parent":0,"menu_order":0,"comment_status":"closed","ping_status":"closed","template":"","meta":{"_monsterinsights_skip_tracking":false,"_monsterinsights_sitenote_active":false,"_monsterinsights_sitenote_note":"","_monsterinsights_sitenote_category":0,"footnotes":""},"class_list":["post-3011","page","type-page","status-publish","hentry"],"aioseo_notices":[],"_links":{"self":[{"href":"https:\/\/hotelardesia.com\/de\/wp-json\/wp\/v2\/pages\/3011","targetHints":{"allow":["GET"]}}],"collection":[{"href":"https:\/\/hotelardesia.com\/de\/wp-json\/wp\/v2\/pages"}],"about":[{"href":"https:\/\/hotelardesia.com\/de\/wp-json\/wp\/v2\/types\/page"}],"author":[{"embeddable":true,"href":"https:\/\/hotelardesia.com\/de\/wp-json\/wp\/v2\/users\/1"}],"replies":[{"embeddable":true,"href":"https:\/\/hotelardesia.com\/de\/wp-json\/wp\/v2\/comments?post=3011"}],"version-history":[{"count":0,"href":"https:\/\/hotelardesia.com\/de\/wp-json\/wp\/v2\/pages\/3011\/revisions"}],"wp:attachment":[{"href":"https:\/\/hotelardesia.com\/de\/wp-json\/wp\/v2\/media?parent=3011"}],"curies":[{"name":"wp","href":"https:\/\/api.w.org\/{rel}","templated":true}]}}