{"id":3020,"date":"2025-12-09T16:25:34","date_gmt":"2025-12-09T15:25:34","guid":{"rendered":"https:\/\/hotelardesia.com\/fahrraeder"},"modified":"2025-12-10T17:08:48","modified_gmt":"2025-12-10T16:08:48","slug":"fahrraeder","status":"publish","type":"page","link":"https:\/\/hotelardesia.com\/de\/dienstleistungen\/fahrraeder","title":{"rendered":"Fahrr\u00e4der"},"content":{"rendered":"<div class=\"wpb-content-wrapper\"><p>[vc_row css_animation=&#8220;&#8220; row_type=&#8220;row&#8220; use_row_as_full_screen_section=&#8220;no&#8220; type=&#8220;full_width&#8220; angled_section=&#8220;no&#8220; text_align=&#8220;left&#8220; background_image_as_pattern=&#8220;without_pattern&#8220;][vc_column][vc_empty_space][\/vc_column][\/vc_row][vc_row css_animation=&#8220;&#8220; row_type=&#8220;row&#8220; use_row_as_full_screen_section=&#8220;no&#8220; type=&#8220;full_width&#8220; angled_section=&#8220;no&#8220; text_align=&#8220;left&#8220; background_image_as_pattern=&#8220;without_pattern&#8220;][vc_column][vc_single_image image=&#8220;3021&#8243; img_size=&#8220;full&#8220; alignment=&#8220;center&#8220; css=&#8220;&#8220; qode_css_animation=&#8220;&#8220;][\/vc_column][\/vc_row][vc_row css_animation=&#8220;&#8220; row_type=&#8220;row&#8220; use_row_as_full_screen_section=&#8220;no&#8220; type=&#8220;full_width&#8220; angled_section=&#8220;no&#8220; text_align=&#8220;left&#8220; background_image_as_pattern=&#8220;without_pattern&#8220; css=&#8220;.vc_custom_1682210138308{margin-top: 3% !important;}&#8220; z_index=&#8220;&#8220;][vc_column][qode_elements_holder number_of_columns=&#8220;three_columns&#8220;][qode_elements_holder_item vertical_alignment=&#8220;middle&#8220; advanced_animations=&#8220;no&#8220; custom_class=&#8220;relative-box two&#8220;][vc_column_text css=&#8220;&#8220;]<\/p>\n<h1 style=\"text-align: center;\">FAHRR\u00c4DER<\/h1>\n<p><\/p>\n<h2 style=\"text-align: center;\"><strong>Fahrradverleih in Rimini \u2013 Entdecken Sie die Riviera in Freiheit!<\/strong><\/h2>\n<p><\/p>\n<p style=\"text-align: center;\">M\u00f6chten Sie Rimini bequem, umweltfreundlich und unterhaltsam erkunden?<\/p>\n<p><\/p>\n<p style=\"text-align: center;\">Unser Hotel Ardesia bietet Ihnen einen <strong>Fahrradverleih<\/strong>, damit Sie die Stadt und ihre Strandpromenade ganz ohne Stress entdecken k\u00f6nnen!<\/p>\n<p>&nbsp;<\/p>\n<p style=\"text-align: center;\">\ud83d\udeb4 <strong>Radeln Sie entlang der K\u00fcste<\/strong> und genie\u00dfen Sie die Meeresbrise auf dem wundersch\u00f6nen Radweg, der Rimini mit Riccione verbindet.<br \/>\n\ud83c\udfdb\ufe0f <strong>Besuchen Sie die Altstadt<\/strong> und bewundern Sie Sehensw\u00fcrdigkeiten wie die Tiberiusbr\u00fccke und den Augustusbogen.<br \/>\n\ud83c\udf33 <strong>Erkunden Sie den Parco del Mare<\/strong>, eine Gr\u00fcnanlage, die sich perfekt f\u00fcr eine entspannte Radtour eignet.\n<\/p>\n<p><\/p>\n<p style=\"text-align: center;\">Unsere Fahrr\u00e4der sind <strong>bequem, sicher und immer einsatzbereit<\/strong>.\n<\/p>\n<h5 style=\"text-align: center;\"><strong>F\u00fcr alle G\u00e4ste verf\u00fcgbar<\/strong> \u2013 fragen Sie an der Rezeption nach dem Verleih!<\/h5>\n<p>&nbsp;<\/p>\n<h3 style=\"text-align: center;\"><a href=\"https:\/\/www.scidoo.com\/preventivov2\/?cod=1028&amp;lang=0&amp;dataarr=2025-3-1&amp;notti=1&amp;adult=2&amp; IDsotto_struttura=0&amp;settore=1&amp;stop=1\">Buchen Sie jetzt<\/a> Ihren Aufenthalt und genie\u00dfen Sie <strong>Rimini auf zwei R\u00e4dern<\/strong>!<\/h3>\n<p>[\/vc_column_text][\/qode_elements_holder_item][\/qode_elements_holder][vc_empty_space height=&#8220;60px&#8220;][\/vc_column][\/vc_row][vc_row row_type=&#8220;parallax&#8220; header_style=&#8220;dark&#8220; parallax_content_width=&#8220;full_width&#8220; text_align=&#8220;center&#8220; full_screen_section_height=&#8220;no&#8220; background_image=&#8220;1781&#8243; section_height=&#8220;450&#8243; parallax_speed=&#8220;0.3&#8243;][vc_column][\/vc_column][\/vc_row]<\/p>\n<\/div>","protected":false},"excerpt":{"rendered":"<p>[vc_row css_animation=&#8220;&#8220; row_type=&#8220;row&#8220; use_row_as_full_screen_section=&#8220;no&#8220; type=&#8220;full_width&#8220; angled_section=&#8220;no&#8220; text_align=&#8220;left&#8220; background_image_as_pattern=&#8220;without_pattern&#8220;][vc_column][vc_empty_space][\/vc_column][\/vc_row][vc_row css_animation=&#8220;&#8220; row_type=&#8220;row&#8220; use_row_as_full_screen_section=&#8220;no&#8220; type=&#8220;full_width&#8220; angled_section=&#8220;no&#8220; text_align=&#8220;left&#8220; background_image_as_pattern=&#8220;without_pattern&#8220;][vc_column][vc_single_image image=&#8220;3021&#8243; img_size=&#8220;full&#8220; alignment=&#8220;center&#8220; css=&#8220;&#8220; qode_css_animation=&#8220;&#8220;][\/vc_column][\/vc_row][vc_row css_animation=&#8220;&#8220; row_type=&#8220;row&#8220; use_row_as_full_screen_section=&#8220;no&#8220; type=&#8220;full_width&#8220; angled_section=&#8220;no&#8220; text_align=&#8220;left&#8220; background_image_as_pattern=&#8220;without_pattern&#8220; css=&#8220;.vc_custom_1682210138308{margin-top: 3% !important;}&#8220; z_index=&#8220;&#8220;][vc_column][qode_elements_holder number_of_columns=&#8220;three_columns&#8220;][qode_elements_holder_item vertical_alignment=&#8220;middle&#8220; advanced_animations=&#8220;no&#8220; custom_class=&#8220;relative-box two&#8220;][vc_column_text css=&#8220;&#8220;] FAHRR\u00c4DER Fahrradverleih in Rimini \u2013 Entdecken Sie die&#8230;<\/p>\n","protected":false},"author":1,"featured_media":0,"parent":3162,"menu_order":0,"comment_status":"closed","ping_status":"closed","template":"","meta":{"_monsterinsights_skip_tracking":false,"_monsterinsights_sitenote_active":false,"_monsterinsights_sitenote_note":"","_monsterinsights_sitenote_category":0,"footnotes":""},"class_list":["post-3020","page","type-page","status-publish","hentry"],"aioseo_notices":[],"_links":{"self":[{"href":"https:\/\/hotelardesia.com\/de\/wp-json\/wp\/v2\/pages\/3020","targetHints":{"allow":["GET"]}}],"collection":[{"href":"https:\/\/hotelardesia.com\/de\/wp-json\/wp\/v2\/pages"}],"about":[{"href":"https:\/\/hotelardesia.com\/de\/wp-json\/wp\/v2\/types\/page"}],"author":[{"embeddable":true,"href":"https:\/\/hotelardesia.com\/de\/wp-json\/wp\/v2\/users\/1"}],"replies":[{"embeddable":true,"href":"https:\/\/hotelardesia.com\/de\/wp-json\/wp\/v2\/comments?post=3020"}],"version-history":[{"count":0,"href":"https:\/\/hotelardesia.com\/de\/wp-json\/wp\/v2\/pages\/3020\/revisions"}],"up":[{"embeddable":true,"href":"https:\/\/hotelardesia.com\/de\/wp-json\/wp\/v2\/pages\/3162"}],"wp:attachment":[{"href":"https:\/\/hotelardesia.com\/de\/wp-json\/wp\/v2\/media?parent=3020"}],"curies":[{"name":"wp","href":"https:\/\/api.w.org\/{rel}","templated":true}]}}