{"id":3026,"date":"2025-12-09T16:26:24","date_gmt":"2025-12-09T15:26:24","guid":{"rendered":"https:\/\/hotelardesia.com\/messe-rimini-wellness"},"modified":"2025-12-09T16:26:24","modified_gmt":"2025-12-09T15:26:24","slug":"messe-rimini-wellness","status":"publish","type":"page","link":"https:\/\/hotelardesia.com\/de\/messe-rimini-wellness","title":{"rendered":"Messe Rimini Wellness: das t\u00e4gliche Wohlbefinden"},"content":{"rendered":"<div class=\"wpb-content-wrapper\"><p>[vc_row css_animation=&#8220;&#8220; row_type=&#8220;row&#8220; use_row_as_full_screen_section=&#8220;no&#8220; type=&#8220;full_width&#8220; angled_section=&#8220;no&#8220; text_align=&#8220;left&#8220; background_image_as_pattern=&#8220;without_pattern&#8220;][vc_column][vc_empty_space][vc_column_text]<\/p>\n<h3>Messe Rimini Wellness: das t\u00e4gliche Wohlbefinden<\/h3>\n<p>Eine einzigartige Veranstaltung ist die <strong>Rimini Wellness<\/strong>, die jedes Jahr im Mai auf der <strong>Messe Rimini<\/strong> stattfindet, ein Event rund um das Wohlbefinden von K\u00f6rper und Geist, das die Elemente <strong>Sport<\/strong>, <strong>Wellness<\/strong> und <strong>Fitness<\/strong> miteinander verbindet, um Ideen, L\u00f6sungen und n\u00fctzliche Tipps zu vermitteln.<\/p>\n<p>Das Publikum, an das sich Rimini Wellness richtet, ist das eines Gro\u00dfereignisses, jedoch mit einer Besonderheit. Die Messe gliedert sich n\u00e4mlich in zwei Makrobereiche, <strong>WFUN<\/strong> und <strong>WPRO<\/strong>, die sich jeweils an die breite \u00d6ffentlichkeit, die stets auf der Suche nach Wohlbefinden ist, und an den Business-to-Business-Bereich, also einen Bereich des Austauschs und der Zusammenarbeit zwischen Experten der Branche, richten.<\/p>\n<p>Es ist eine Messe, die ihrem Publikum <strong>Vorf\u00fchrungen und Demonstrationen<\/strong> aller Art bietet, man denke nur an den rasanten Rhythmus der Spinner oder die deutlich ruhigeren Bewegungen des Yoga, die Fit-Education und die Trainings auf der B\u00fchne, die Gymnastik und \u00dcbungen f\u00fcr das Wohlbefinden des K\u00f6rpers anbieten, bis hin zu Fechtvorf\u00fchrungen oder Tanzauff\u00fchrungen.<br \/>Es gibt auch viele Neuheiten, die Rimini Wellness jedes Jahr mit einem Hauch von Originalit\u00e4t bereichern, zum Beispiel das Film Fest, eine echte Kinotherapie, die es dem Publikum erm\u00f6glicht, die Wartezeit bis zum Beginn eines Films mit speziell entwickelten Chromo- oder Aromatherapie-Sitzungen zu \u00fcberbr\u00fccken, um das Erlebnis noch besser genie\u00dfen zu k\u00f6nnen.<\/p>\n<p>Kurz gesagt, alles auf dieser Messe ist darauf ausgerichtet, Wellness und Entspannung in all ihren Formen wiederzuentdecken. Denn Rimini Wellness bietet nicht nur Sport, \u00dcbungen und Behandlungen, sondern ist auch ein Sammelbecken f\u00fcr Sponsoren, die neue Ideen f\u00fcr Sportbekleidung, Ger\u00e4te f\u00fcr Fitnessstudios und Wellnesszentren sowie Wellnessurlaube pr\u00e4sentieren.<\/p>\n<p>Die Messe Rimini ist leicht zu erreichen: Mit dem Bus vom Hauptbahnhof Rimini, Rimini S\u00fcd und Rimini Nord gibt es regelm\u00e4\u00dfige Verbindungen, mit dem <strong>Zug<\/strong> kann man dank einer speziellen Haltestelle direkt zum Messegel\u00e4nde fahren, und wer mit dem Zug zur Messe kommt, erh\u00e4lt einen Sonderrabatt f\u00fcr den Eintritt zur Rimini Wellness. F\u00fcr diejenigen, die mit dem Auto anreisen, steht ein gro\u00dfer Parkplatz vor dem Ausstellungsgel\u00e4nde zur Verf\u00fcgung.<br \/>Verpassen Sie also nicht diesen Termin mit Gesundheit und Wellness. Das <strong>Albergo Ardesia<\/strong> erwartet Sie nur wenige Schritte von der Messe Rimini entfernt und bietet Ihnen einen komfortablen und entspannten Aufenthalt.[\/vc_column_text][vc_empty_space][\/vc_column][\/vc_row]<\/p>\n<\/div>","protected":false},"excerpt":{"rendered":"<p>[vc_row css_animation=&#8220;&#8220; row_type=&#8220;row&#8220; use_row_as_full_screen_section=&#8220;no&#8220; type=&#8220;full_width&#8220; angled_section=&#8220;no&#8220; text_align=&#8220;left&#8220; background_image_as_pattern=&#8220;without_pattern&#8220;][vc_column][vc_empty_space][vc_column_text] Messe Rimini Wellness: das t\u00e4gliche Wohlbefinden Eine einzigartige Veranstaltung ist die Rimini Wellness, die jedes Jahr im Mai auf der Messe Rimini stattfindet, ein Event rund um das Wohlbefinden von K\u00f6rper und Geist, das die Elemente Sport,&#8230;<\/p>\n","protected":false},"author":1,"featured_media":0,"parent":0,"menu_order":0,"comment_status":"closed","ping_status":"closed","template":"","meta":{"_monsterinsights_skip_tracking":false,"_monsterinsights_sitenote_active":false,"_monsterinsights_sitenote_note":"","_monsterinsights_sitenote_category":0,"footnotes":""},"class_list":["post-3026","page","type-page","status-publish","hentry"],"aioseo_notices":[],"_links":{"self":[{"href":"https:\/\/hotelardesia.com\/de\/wp-json\/wp\/v2\/pages\/3026","targetHints":{"allow":["GET"]}}],"collection":[{"href":"https:\/\/hotelardesia.com\/de\/wp-json\/wp\/v2\/pages"}],"about":[{"href":"https:\/\/hotelardesia.com\/de\/wp-json\/wp\/v2\/types\/page"}],"author":[{"embeddable":true,"href":"https:\/\/hotelardesia.com\/de\/wp-json\/wp\/v2\/users\/1"}],"replies":[{"embeddable":true,"href":"https:\/\/hotelardesia.com\/de\/wp-json\/wp\/v2\/comments?post=3026"}],"version-history":[{"count":0,"href":"https:\/\/hotelardesia.com\/de\/wp-json\/wp\/v2\/pages\/3026\/revisions"}],"wp:attachment":[{"href":"https:\/\/hotelardesia.com\/de\/wp-json\/wp\/v2\/media?parent=3026"}],"curies":[{"name":"wp","href":"https:\/\/api.w.org\/{rel}","templated":true}]}}