{"id":3029,"date":"2025-12-09T16:27:56","date_gmt":"2025-12-09T15:27:56","guid":{"rendered":"https:\/\/hotelardesia.com\/familienhotels-in-rimini"},"modified":"2025-12-09T16:27:57","modified_gmt":"2025-12-09T15:27:57","slug":"familienhotels-in-rimini","status":"publish","type":"page","link":"https:\/\/hotelardesia.com\/de\/familienhotels-in-rimini","title":{"rendered":"Familienhotels in Rimini"},"content":{"rendered":"<div class=\"wpb-content-wrapper\"><p>[vc_row css_animation=&#8220;&#8220; row_type=&#8220;row&#8220; use_row_as_full_screen_section=&#8220;no&#8220; type=&#8220;full_width&#8220; angled_section=&#8220;no&#8220; text_align=&#8220;left&#8220; background_image_as_pattern=&#8220;without_pattern&#8220;][vc_column][vc_empty_space][vc_column_text]<\/p>\n<h3>Familienhotel in Rimini<\/h3>\n<p>Mit unserer Lage in Bellariva k\u00f6nnen wir uns als perfektes <strong>Familienhotel in Rimini<\/strong> bezeichnen, da wir eine <strong>herzliche, einladende<\/strong> und gleichzeitig zur\u00fcckhaltende Atmosph\u00e4re garantieren k\u00f6nnen, die auf die unterschiedlichen Bed\u00fcrfnisse unserer G\u00e4ste eingeht, auch auf die der <strong>Kleinsten<\/strong>, die bekanntlich oft st\u00e4ndig neue W\u00fcnsche haben, die schwer zu erf\u00fcllen sind.<\/p>\n<p>Hier f\u00fchlen sich nat\u00fcrlich alle wohl, aber wir m\u00f6chten uns gerne zu den <strong>Kinderhotels in Rimini<\/strong> z\u00e4hlen, denn wir wissen, dass der Urlaub oft davon abh\u00e4ngt, wie es dem \u201eschwachen Glied in der Kette\u201d geht, demjenigen, der die gr\u00f6\u00dften Schwierigkeiten und Bed\u00fcrfnisse hat und mit seiner Laune den Erfolg des gesamten Aufenthalts beeinflussen k\u00f6nnte.<\/p>\n<p>In diesem <strong>g\u00fcnstigen Hotel in Rimini<\/strong> <strong>werden sich hingegen alle wohlf\u00fchlen<\/strong>: Im Restaurant im gro\u00dfen, klimatisierten Speisesaal mit Blick auf den Garten werden Sie die Aromen und die Einfachheit der von Graziella direkt zubereiteten Gerichte begeistern; die hellen und komfortablen Zimmer werden Sie verw\u00f6hnen und Ihnen einen erholsamen Schlaf bescheren, und dann wird Ihnen unser Meer viele B\u00e4der und Spiele am Strand in Gesellschaft erm\u00f6glichen.<br \/>Wie bereits erw\u00e4hnt, werden insbesondere <strong>Kinder <\/strong>am gl\u00fccklichsten sein, wenn Sie <strong>unsere sehr vorteilhafte Lage nutzen<\/strong> und sie in die vielen <strong>Vergn\u00fcgungsparks<\/strong> und zu den zahlreichen <strong>Sehensw\u00fcrdigkeiten<\/strong> mitnehmen, die Sie hier in der Umgebung finden: angefangen bei Fiabilandia in Richtung Miramare, etwa 5 Autominuten von hier entfernt (seien Sie aber umweltbewusst und fragen Sie uns nach den kostenlosen Fahrr\u00e4dern, um dorthin zu gelangen: au\u00dfer der Luft wird es auch Ihrer Gesundheit gut tun), \u00fcber das Delfinarium von Rimini (das ebenfalls mit dem Fahrrad in etwa zehn Minuten erreichbar ist), <strong>Italia in Miniatura<\/strong>, wo Sie einmal alle Wunder Italiens (und Europas) auf einen Blick sehen k\u00f6nnen, Mirabilandia in Ravenna (45 Minuten), Oltremare und Aquafan in Riccione (15 Minuten).<\/p>\n<p>Und dann k\u00f6nnen Sie einen <strong>Ausflug mit der ganzen Familie<\/strong> in die wundersch\u00f6nen St\u00e4dtchen unweit von Rimini unternehmen: von <strong>Santarcangelo<\/strong> \u00fcber <strong>San Leo<\/strong> bis hin zu Sant&#8217;Agata Feltria, <strong>Montebello<\/strong>, <strong>Gradara<\/strong> und vielen anderen bezaubernden Orten!<\/p>\n<p>Haben Sie gesehen, wie viel es zu sehen gibt? Die Kleinen werden Spa\u00df haben und Sie werden sich in ihrem L\u00e4cheln wiedererkennen.[\/vc_column_text][vc_empty_space][\/vc_column][\/vc_row]<\/p>\n<\/div>","protected":false},"excerpt":{"rendered":"<p>[vc_row css_animation=&#8220;&#8220; row_type=&#8220;row&#8220; use_row_as_full_screen_section=&#8220;no&#8220; type=&#8220;full_width&#8220; angled_section=&#8220;no&#8220; text_align=&#8220;left&#8220; background_image_as_pattern=&#8220;without_pattern&#8220;][vc_column][vc_empty_space][vc_column_text] Familienhotel in Rimini Mit unserer Lage in Bellariva k\u00f6nnen wir uns als perfektes Familienhotel in Rimini bezeichnen, da wir eine herzliche, einladende und gleichzeitig zur\u00fcckhaltende Atmosph\u00e4re garantieren k\u00f6nnen, die auf die unterschiedlichen Bed\u00fcrfnisse unserer G\u00e4ste eingeht, auch&#8230;<\/p>\n","protected":false},"author":1,"featured_media":0,"parent":0,"menu_order":0,"comment_status":"closed","ping_status":"closed","template":"","meta":{"_monsterinsights_skip_tracking":false,"_monsterinsights_sitenote_active":false,"_monsterinsights_sitenote_note":"","_monsterinsights_sitenote_category":0,"footnotes":""},"class_list":["post-3029","page","type-page","status-publish","hentry"],"aioseo_notices":[],"_links":{"self":[{"href":"https:\/\/hotelardesia.com\/de\/wp-json\/wp\/v2\/pages\/3029","targetHints":{"allow":["GET"]}}],"collection":[{"href":"https:\/\/hotelardesia.com\/de\/wp-json\/wp\/v2\/pages"}],"about":[{"href":"https:\/\/hotelardesia.com\/de\/wp-json\/wp\/v2\/types\/page"}],"author":[{"embeddable":true,"href":"https:\/\/hotelardesia.com\/de\/wp-json\/wp\/v2\/users\/1"}],"replies":[{"embeddable":true,"href":"https:\/\/hotelardesia.com\/de\/wp-json\/wp\/v2\/comments?post=3029"}],"version-history":[{"count":0,"href":"https:\/\/hotelardesia.com\/de\/wp-json\/wp\/v2\/pages\/3029\/revisions"}],"wp:attachment":[{"href":"https:\/\/hotelardesia.com\/de\/wp-json\/wp\/v2\/media?parent=3029"}],"curies":[{"name":"wp","href":"https:\/\/api.w.org\/{rel}","templated":true}]}}