{"id":3036,"date":"2025-12-09T16:29:40","date_gmt":"2025-12-09T15:29:40","guid":{"rendered":"https:\/\/hotelardesia.com\/guenstiges-hotel-rimini"},"modified":"2025-12-09T16:29:40","modified_gmt":"2025-12-09T15:29:40","slug":"guenstiges-hotel-rimini","status":"publish","type":"page","link":"https:\/\/hotelardesia.com\/de\/guenstiges-hotel-rimini","title":{"rendered":"Unser Hotel in Rimini ist ein preisg\u00fcnstiges Hotel, das ganzj\u00e4hrig ge\u00f6ffnet ist."},"content":{"rendered":"<div class=\"wpb-content-wrapper\"><p>[vc_row css_animation=&#8220;&#8220; row_type=&#8220;row&#8220; use_row_as_full_screen_section=&#8220;no&#8220; type=&#8220;full_width&#8220; angled_section=&#8220;no&#8220; text_align=&#8220;left&#8220; background_image_as_pattern=&#8220;without_pattern&#8220;][vc_column][vc_empty_space][vc_column_text]<\/p>\n<h3>Unser Hotel in Rimini ist ein preisg\u00fcnstiges Hotel, das ganzj\u00e4hrig ge\u00f6ffnet ist<\/h3>\n<p>Das Albergo Ardesia ist ein<strong> preisg\u00fcnstiges Hotel in Rimini<\/strong> im Ortsteil Bellariva, umgeben von Gr\u00fcnfl\u00e4chen und nur wenige Meter vom Meer und vom Stadtzentrum entfernt. Dank seiner N\u00e4he zum Kongresszentrum und zur Messe Rimini ist dieses Hotel in Rimini <strong>ganzj\u00e4hrig ge\u00f6ffnet<\/strong>. Viele kommen n\u00e4mlich gesch\u00e4ftlich in die Stadt und bevorzugen eine Unterkunft in einem <strong>Hotel in der N\u00e4he der Messe Rimini<\/strong>, um diese mit den Stadtbussen in wenigen Minuten zu erreichen.<\/p>\n<p>Ein Hotel in der N\u00e4he der Messe Rimini ist vor allem f\u00fcr Aussteller und Besucher ideal, die den ganzen Tag auf der Messe verbringen m\u00fcssen. Bei einem Aufenthalt im Ardesia haben Sie die M\u00f6glichkeit, jederzeit eine Pause einzulegen und zum Hotel zur\u00fcckzukehren.<\/p>\n<p>Das Ardesia ist aber auch ein <strong>g\u00fcnstiges Hotel in Rimini<\/strong>, in dem Sie einen wundersch\u00f6nen Familienurlaub an der Riviera Romagnola verbringen k\u00f6nnen, ein Hotel in Rimini, das das ganze Jahr \u00fcber ge\u00f6ffnet ist, damit Sie die Sch\u00f6nheiten und Attraktionen von Rimini und seinem Hinterland genie\u00dfen k\u00f6nnen. Zu den Dienstleistungen geh\u00f6ren der nahe gelegene Partnerstrand (Bagno Vittorio 88) mit Kabinen f\u00fcr Hotelg\u00e4ste, die Terrasse mit Garten zum Entspannen, kostenloses WLAN im gesamten Hotel und Fahrr\u00e4der, die f\u00fcr einen Besuch der nahe gelegenen Altstadt oder der Strandpromenade zur Verf\u00fcgung stehen.<\/p>\n<p>Das <strong>Hotel Ardesia<\/strong> liegt au\u00dferdem nicht weit entfernt von den gr\u00f6\u00dften <strong>Vergn\u00fcgungsparks der Romagna<\/strong>, darunter Italia in Miniatura, Fiabilandia, Aquafan und das Delfinarium von Rimini, wo Sie unvergessliche Tage mit Ihren Kindern verbringen k\u00f6nnen.<\/p>\n<p>Das Ardesia ist ein besonders g\u00fcnstiges Hotel in Rimini, auch wegen seiner h\u00e4ufigen Sonderangebote, die sowohl f\u00fcr Urlauber als auch f\u00fcr Gesch\u00e4ftsreisende ideal sind. Die Angebote gelten sowohl f\u00fcr Feiertage als auch f\u00fcr Veranstaltungen der Messe Rimini, darunter die renommierte Rimini Wellness.<br \/>[\/vc_column_text][vc_empty_space][\/vc_column][\/vc_row]<\/p>\n<\/div>","protected":false},"excerpt":{"rendered":"<p>[vc_row css_animation=&#8220;&#8220; row_type=&#8220;row&#8220; use_row_as_full_screen_section=&#8220;no&#8220; type=&#8220;full_width&#8220; angled_section=&#8220;no&#8220; text_align=&#8220;left&#8220; background_image_as_pattern=&#8220;without_pattern&#8220;][vc_column][vc_empty_space][vc_column_text] Unser Hotel in Rimini ist ein preisg\u00fcnstiges Hotel, das ganzj\u00e4hrig ge\u00f6ffnet ist Das Albergo Ardesia ist ein preisg\u00fcnstiges Hotel in Rimini im Ortsteil Bellariva, umgeben von Gr\u00fcnfl\u00e4chen und nur wenige Meter vom Meer und vom Stadtzentrum entfernt&#8230;.<\/p>\n","protected":false},"author":1,"featured_media":0,"parent":0,"menu_order":0,"comment_status":"closed","ping_status":"closed","template":"","meta":{"_monsterinsights_skip_tracking":false,"_monsterinsights_sitenote_active":false,"_monsterinsights_sitenote_note":"","_monsterinsights_sitenote_category":0,"footnotes":""},"class_list":["post-3036","page","type-page","status-publish","hentry"],"aioseo_notices":[],"_links":{"self":[{"href":"https:\/\/hotelardesia.com\/de\/wp-json\/wp\/v2\/pages\/3036","targetHints":{"allow":["GET"]}}],"collection":[{"href":"https:\/\/hotelardesia.com\/de\/wp-json\/wp\/v2\/pages"}],"about":[{"href":"https:\/\/hotelardesia.com\/de\/wp-json\/wp\/v2\/types\/page"}],"author":[{"embeddable":true,"href":"https:\/\/hotelardesia.com\/de\/wp-json\/wp\/v2\/users\/1"}],"replies":[{"embeddable":true,"href":"https:\/\/hotelardesia.com\/de\/wp-json\/wp\/v2\/comments?post=3036"}],"version-history":[{"count":0,"href":"https:\/\/hotelardesia.com\/de\/wp-json\/wp\/v2\/pages\/3036\/revisions"}],"wp:attachment":[{"href":"https:\/\/hotelardesia.com\/de\/wp-json\/wp\/v2\/media?parent=3036"}],"curies":[{"name":"wp","href":"https:\/\/api.w.org\/{rel}","templated":true}]}}