{"id":3039,"date":"2025-12-09T16:30:43","date_gmt":"2025-12-09T15:30:43","guid":{"rendered":"https:\/\/hotelardesia.com\/angebote-messe-rimini"},"modified":"2025-12-09T16:30:43","modified_gmt":"2025-12-09T15:30:43","slug":"angebote-messe-rimini","status":"publish","type":"page","link":"https:\/\/hotelardesia.com\/de\/angebote-messe-rimini","title":{"rendered":"Angebote Messe Rimini"},"content":{"rendered":"<div class=\"wpb-content-wrapper\"><p>[vc_row css_animation=&#8220;&#8220; row_type=&#8220;row&#8220; use_row_as_full_screen_section=&#8220;no&#8220; type=&#8220;full_width&#8220; angled_section=&#8220;no&#8220; text_align=&#8220;left&#8220; background_image_as_pattern=&#8220;without_pattern&#8220;][vc_column][vc_empty_space][vc_column_text]<\/p>\n<h3>Angebote Messe Rimini<\/h3>\n<p>Das Hotel Ardesia ist eine der besten Unterkunftsm\u00f6glichkeiten, die Sie finden k\u00f6nnen, wenn Sie an Veranstaltungen im Messezentrum von Rimini teilnehmen m\u00f6chten. Unser <strong>ganzj\u00e4hrig ge\u00f6ffnetes Hotel<\/strong> liegt 10 Minuten von Rimini entfernt, nur wenige Schritte von der Strandpromenade und weniger als 10 Autominuten von der Messe. Eine wirklich strategisch g\u00fcnstige Lage, die es perfekt f\u00fcr jeden Bedarf macht. Im Ardesia genie\u00dfen Sie hochwertige 3-Sterne-Dienstleistungen, angefangen bei den Zimmern, in denen Sie nach einem Tag auf der Messe allen Komfort finden, den Sie f\u00fcr maximale Entspannung ben\u00f6tigen: eigenes Bad, Haartrockner, Ventilator oder Klimaanlage auf Anfrage, TV, Telefon, Safe und WLAN. Auch die Gemeinschaftsbereiche des Hotels sind gro\u00df und komfortabel, wie das Restaurant, in dem Sie die typische K\u00fcche der Romagna genie\u00dfen k\u00f6nnen (mit individuell anpassbaren Men\u00fcs f\u00fcr Erwachsene und Kinder), die sch\u00f6ne Gartenterrasse und der Privatstrand. F\u00fcr einen Spaziergang entlang der Strandpromenade stehen Ihnen au\u00dferdem Fahrr\u00e4der zur Verf\u00fcgung.<\/p>\n<p>Ein <strong>ganzj\u00e4hrig ge\u00f6ffnetes<\/strong> Hotel macht Rimini nicht nur im Sommer, sondern immer dann, wenn man privat oder gesch\u00e4ftlich in diese lebhafte Stadt reisen muss, besser nutzbar. Vom Hotel Ardesia aus ist die Messe Rimini leicht zu erreichen, und vor allem die Aussteller, die den ganzen Tag dort verbringen m\u00fcssen, vermeiden den Berufsverkehr und haben die M\u00f6glichkeit, zu jeder Tageszeit ins Hotel zur\u00fcckzukehren, auch f\u00fcr eine kurze Pause. Das <strong>Hotel Ardesia und die Messe Rimini<\/strong> werden mittlerweile von denjenigen miteinander in Verbindung gebracht, die uns regelm\u00e4\u00dfig ihr Vertrauen schenken und das hervorragende Preis-Leistungs-Verh\u00e4ltnis sch\u00e4tzen.<\/p>\n<p>Wer nach Angeboten f\u00fcr die Messe Rimini sucht, wird zweifellos unsere Angebote als die g\u00fcnstigsten finden. Unsere <span style=\"color: #e6b279;\"><a style=\"color: #e6b279;\" href=\u201e\/offerte\u201c>Angebote f\u00fcr Hotels in Rimini<\/a> <\/span>gelten f\u00fcr jede Veranstaltung und richten sich sowohl an Besucher als auch an \u201eFachleute\u201d des Messegel\u00e4ndes. Die Preise variieren je nach Veranstaltung und beinhalten alle \u00dcbernachtung mit Fr\u00fchst\u00fcck, das bereits in den fr\u00fchen Morgenstunden serviert wird, um Gesch\u00e4ftsreisenden entgegenzukommen.[\/vc_column_text][vc_empty_space][\/vc_column][\/vc_row]<\/p>\n<\/div>","protected":false},"excerpt":{"rendered":"<p>[vc_row css_animation=&#8220;&#8220; row_type=&#8220;row&#8220; use_row_as_full_screen_section=&#8220;no&#8220; type=&#8220;full_width&#8220; angled_section=&#8220;no&#8220; text_align=&#8220;left&#8220; background_image_as_pattern=&#8220;without_pattern&#8220;][vc_column][vc_empty_space][vc_column_text] Angebote Messe Rimini Das Hotel Ardesia ist eine der besten Unterkunftsm\u00f6glichkeiten, die Sie finden k\u00f6nnen, wenn Sie an Veranstaltungen im Messezentrum von Rimini teilnehmen m\u00f6chten. Unser ganzj\u00e4hrig ge\u00f6ffnetes Hotel liegt 10 Minuten von Rimini entfernt, nur wenige&#8230;<\/p>\n","protected":false},"author":1,"featured_media":0,"parent":0,"menu_order":0,"comment_status":"closed","ping_status":"closed","template":"","meta":{"_monsterinsights_skip_tracking":false,"_monsterinsights_sitenote_active":false,"_monsterinsights_sitenote_note":"","_monsterinsights_sitenote_category":0,"footnotes":""},"class_list":["post-3039","page","type-page","status-publish","hentry"],"aioseo_notices":[],"_links":{"self":[{"href":"https:\/\/hotelardesia.com\/de\/wp-json\/wp\/v2\/pages\/3039","targetHints":{"allow":["GET"]}}],"collection":[{"href":"https:\/\/hotelardesia.com\/de\/wp-json\/wp\/v2\/pages"}],"about":[{"href":"https:\/\/hotelardesia.com\/de\/wp-json\/wp\/v2\/types\/page"}],"author":[{"embeddable":true,"href":"https:\/\/hotelardesia.com\/de\/wp-json\/wp\/v2\/users\/1"}],"replies":[{"embeddable":true,"href":"https:\/\/hotelardesia.com\/de\/wp-json\/wp\/v2\/comments?post=3039"}],"version-history":[{"count":0,"href":"https:\/\/hotelardesia.com\/de\/wp-json\/wp\/v2\/pages\/3039\/revisions"}],"wp:attachment":[{"href":"https:\/\/hotelardesia.com\/de\/wp-json\/wp\/v2\/media?parent=3039"}],"curies":[{"name":"wp","href":"https:\/\/api.w.org\/{rel}","templated":true}]}}