{"id":3042,"date":"2025-12-09T16:31:44","date_gmt":"2025-12-09T15:31:44","guid":{"rendered":"https:\/\/hotelardesia.com\/hotel-ganzjaehrig-geoeffnet"},"modified":"2025-12-09T16:31:46","modified_gmt":"2025-12-09T15:31:46","slug":"hotel-ganzjaehrig-geoeffnet","status":"publish","type":"page","link":"https:\/\/hotelardesia.com\/de\/hotel-ganzjaehrig-geoeffnet","title":{"rendered":"Ihr ganzj\u00e4hrig ge\u00f6ffnetes Hotel in Rimini, um die Riviera vom Sommer bis zum Winter zu erleben"},"content":{"rendered":"<div class=\"wpb-content-wrapper\"><p>[vc_row css_animation=&#8220;&#8220; row_type=&#8220;row&#8220; use_row_as_full_screen_section=&#8220;no&#8220; type=&#8220;grid&#8220; angled_section=&#8220;no&#8220; text_align=&#8220;left&#8220; background_image_as_pattern=&#8220;without_pattern&#8220; z_index=&#8220;&#8220;][vc_column][vc_empty_space][vc_column_text]<\/p>\n<h3>Ihr ganzj\u00e4hrig ge\u00f6ffnetes Hotel in Rimini, um die Riviera von Sommer bis Winter zu erleben<\/h3>\n<p>Wenn Sie sich f\u00fcr unser ganzj\u00e4hrig ge\u00f6ffnetes Hotel in Rimini entscheiden, haben Sie die einmalige Gelegenheit, die unz\u00e4hligen Sch\u00e4tze der <strong>Riviera Romagnola<\/strong> und ihres <strong>Hinterlandes<\/strong> zu entdecken, und zwar nicht nur in der warmen Jahreszeit, sondern auch in den k\u00e4lteren Monaten, um so alle ihre unglaublichen Facetten kennenzulernen.<\/p>\n<p>F\u00fcr diejenigen, die zu jeder Jahreszeit unvergessliche Momente mit ihrer Familie verbringen m\u00f6chten, ist unser Hotel in Rimini Bellariva der ideale Ausgangspunkt f\u00fcr die sensationellen Vergn\u00fcgungsparks der Region, die durch g\u00fcnstige Sonderangebote mit kostenlosen Aufenthalten f\u00fcr Kinder und All-inclusive-L\u00f6sungen noch attraktiver werden.<\/p>\n<p>Sie k\u00f6nnen die fantastischen Attraktionen von <strong>Fiabilandia<\/strong> erreichen, das nur 6 Minuten entfernt liegt, wo Sie sich wieder wie ein Kind f\u00fchlen und gemeinsam mit Ihren Kindern zwischen m\u00e4rchenhaften Figuren und Kulissen staunen k\u00f6nnen, oder die Geheimnisse des Meeres und die Evolutionsgeschichte des Planeten und seiner Bewohner im <strong>Oltremare<\/strong> in Riccione entdecken, das nur 15 Minuten entfernt liegt, und schlie\u00dflich k\u00f6nnen Sie im etwa 2 km entfernten Einkaufszentrum <strong>Le Befane<\/strong> ein bisschen shoppen gehen.<\/p>\n<p>Dank der N\u00e4he zum Stadtzentrum k\u00f6nnen Sie die Geschichte und die monumentalen Sch\u00e4tze aus der R\u00f6merzeit entdecken, wie die <strong>Tiberiusbr\u00fccke<\/strong> und den <strong>Augustusbogen<\/strong>, oder aus der Zeit der Signoria, wie den <strong>Malatesta-Tempel<\/strong> und das <strong>Castel Sismondo<\/strong>.<\/p>\n<p>Die Lage unseres Hotels in Rimini in der N\u00e4he des Messegel\u00e4ndes macht es zum perfekten Ausgangspunkt f\u00fcr alle, die voller Energie und in aller Ruhe ihre Gesch\u00e4fte auf den zahlreichen Veranstaltungen t\u00e4tigen m\u00f6chten, die auf dem Messegel\u00e4nde der Stadt die ihrer Gr\u00f6\u00dfe und Bedeutung angemessene B\u00fchne finden.<\/p>\n<p><strong>Rimini Wellness<\/strong> ist die Fitnessmesse, die <strong>SIB<\/strong> f\u00fcr Technologien f\u00fcr Lokale, die <strong>SIGEP<\/strong> f\u00fcr die Welt der handwerklichen Eisherstellung, Konditorei und B\u00e4ckerei sowie die SUN f\u00fcr Au\u00dfenm\u00f6bel und -ausstattung sind nur einige der vielen Namen, die den Messekalender von Rimini im Laufe der 12 Monate bereichern und die Stadt zu einem unverzichtbaren Ort f\u00fcr Gesch\u00e4ftsleute aller Branchen machen.<\/p>\n<p>Was auch immer Sie dazu bewegt, das gro\u00dfartige Rimini zu jeder Jahreszeit, an jedem Wochenende oder an jedem Tag des Jahres zu besuchen, unser 3-Sterne-Hotel in Bellariva di Rimini mit seinen auf Gesch\u00e4fts- und Urlaubsg\u00e4ste zugeschnittenen Dienstleistungen wird all Ihre Bed\u00fcrfnisse erf\u00fcllen.[\/vc_column_text][vc_empty_space][\/vc_column][\/vc_row]<\/p>\n<\/div>","protected":false},"excerpt":{"rendered":"<p>[vc_row css_animation=&#8220;&#8220; row_type=&#8220;row&#8220; use_row_as_full_screen_section=&#8220;no&#8220; type=&#8220;grid&#8220; angled_section=&#8220;no&#8220; text_align=&#8220;left&#8220; background_image_as_pattern=&#8220;without_pattern&#8220; z_index=&#8220;&#8220;][vc_column][vc_empty_space][vc_column_text] Ihr ganzj\u00e4hrig ge\u00f6ffnetes Hotel in Rimini, um die Riviera von Sommer bis Winter zu erleben Wenn Sie sich f\u00fcr unser ganzj\u00e4hrig ge\u00f6ffnetes Hotel in Rimini entscheiden, haben Sie die einmalige Gelegenheit, die unz\u00e4hligen Sch\u00e4tze der Riviera&#8230;<\/p>\n","protected":false},"author":1,"featured_media":0,"parent":0,"menu_order":0,"comment_status":"closed","ping_status":"closed","template":"full_width.php","meta":{"_monsterinsights_skip_tracking":false,"_monsterinsights_sitenote_active":false,"_monsterinsights_sitenote_note":"","_monsterinsights_sitenote_category":0,"footnotes":""},"class_list":["post-3042","page","type-page","status-publish","hentry"],"aioseo_notices":[],"_links":{"self":[{"href":"https:\/\/hotelardesia.com\/de\/wp-json\/wp\/v2\/pages\/3042","targetHints":{"allow":["GET"]}}],"collection":[{"href":"https:\/\/hotelardesia.com\/de\/wp-json\/wp\/v2\/pages"}],"about":[{"href":"https:\/\/hotelardesia.com\/de\/wp-json\/wp\/v2\/types\/page"}],"author":[{"embeddable":true,"href":"https:\/\/hotelardesia.com\/de\/wp-json\/wp\/v2\/users\/1"}],"replies":[{"embeddable":true,"href":"https:\/\/hotelardesia.com\/de\/wp-json\/wp\/v2\/comments?post=3042"}],"version-history":[{"count":0,"href":"https:\/\/hotelardesia.com\/de\/wp-json\/wp\/v2\/pages\/3042\/revisions"}],"wp:attachment":[{"href":"https:\/\/hotelardesia.com\/de\/wp-json\/wp\/v2\/media?parent=3042"}],"curies":[{"name":"wp","href":"https:\/\/api.w.org\/{rel}","templated":true}]}}