{"id":3052,"date":"2025-12-09T16:36:08","date_gmt":"2025-12-09T15:36:08","guid":{"rendered":"https:\/\/hotelardesia.com\/familienurlaub-in-rimini"},"modified":"2025-12-09T16:36:09","modified_gmt":"2025-12-09T15:36:09","slug":"familienurlaub-in-rimini","status":"publish","type":"page","link":"https:\/\/hotelardesia.com\/de\/familienurlaub-in-rimini","title":{"rendered":"Unser Traumhotel f\u00fcr Familienurlaub in Rimini"},"content":{"rendered":"<div class=\"wpb-content-wrapper\"><p>[vc_row css_animation=&#8220;&#8220; row_type=&#8220;row&#8220; use_row_as_full_screen_section=&#8220;no&#8220; type=&#8220;full_width&#8220; angled_section=&#8220;no&#8220; text_align=&#8220;left&#8220; background_image_as_pattern=&#8220;without_pattern&#8220;][vc_column][vc_empty_space][vc_column_text]<\/p>\n<h3>Unser Traumhotel f\u00fcr Familienurlaube in Rimini<\/h3>\n<p><\/p>\n<p>Es gibt keinen besseren <strong>Familienurlaub in Rimini<\/strong> als den, den Sie als G\u00e4ste des Albergo Ardesia erleben k\u00f6nnen. Bringen Sie die ganze Familie mit in den Urlaub hierher, in die ideale Stadt, um Sie w\u00e4hrend Ihrer Ferien zu beherbergen. <\/p>\n<p><\/p>\n<p>Schon am Strand ist die Welt kindgerecht: Fast alle Strandb\u00e4der haben ein praktisches Anti-Verlust-Armband eingef\u00fchrt, damit Sie wundersch\u00f6ne Sonnentage in Sicherheit genie\u00dfen und Ihren Kindern einen fr\u00f6hlichen und unbeschwerten Urlaub bieten k\u00f6nnen. <\/p>\n<p><\/p>\n<p>Als G\u00e4ste unseres Familienhotels in Rimini brauchen Sie sich keine Sorgen zu machen: Spezielle Animationsangebote und kleine, gut ausgestattete Einrichtungen entlang des gesamten Strandes sorgen f\u00fcr Unterhaltung f\u00fcr die Kinder, w\u00e4hrend die Erwachsenen in der Sonne liegen und ihnen beim Spielen zusehen k\u00f6nnen.<\/p>\n<p>Die vielen Vergn\u00fcgungsparks sind das Ziel f\u00fcr alle, die unvergessliche Tage mit der ganzen Familie verbringen m\u00f6chten, wie zum Beispiel im Park <span style=\"color: #dca879;\"><a style=\"color: #dca879;\" href=\"https:\/\/hotelardesia.com\/de\/oltremare\">Oltremare in Riccione<\/a><\/span>, wo Sie in die Tiefen des Meeres eintauchen und eine Zeitreise in die Vergangenheit unternehmen k\u00f6nnen, um die Entwicklung der Erde zu entdecken. <\/p>\n<p><\/p>\n<p>Oder auch der spektakul\u00e4re Park <span style=\"color: #dca879;\"><a style=\"color: #dca879;\" href=\u201e\/mirabilandia\u201c>Mirabilandia<\/a><\/span>, einer der bekanntesten in Europa, mit unvergleichlichen und exklusiven Attraktionen wie dem Ispeed mit magnetischer Beschleunigung von 0 auf 100 km\/h in 2,2 Sekunden oder dem Discovery, bei dem man sich aus 60 Metern H\u00f6he in die Tiefe st\u00fcrzt.<\/p>\n<p>Um ihm einen perfekten Urlaub zu schenken, gibt es nichts Besseres, als unser Gast zu sein: Unser Hotel liegt n\u00e4mlich auch in der N\u00e4he von Fiabilandia, dem ber\u00fchmten Vergn\u00fcgungspark an der Riviera.<\/p>\n<p>In <span style=\"color: #dca879;\"><a style=\"color: #dca879;\" href=\"https:\/\/hotelardesia.com\/de\/fiabilandia-3\">Fiabilandia<\/a><\/span> kann Ihr Kind fantastische Abenteuer erleben, sowohl in den gro\u00dfen Naturr\u00e4umen, wo es auch etwas lernen kann, als auch auf einer der tausend Attraktionen, die f\u00fcr es und f\u00fcr Sie geschaffen wurden.<\/p>\n<p>Lassen Sie sich von der Aussicht vom Fiabilandia Express verzaubern, bevor Sie sich auf ein magisches Abenteuer im Labyrinth von Fu Ming oder im magischen Wilden Westen begeben.<br \/>Verpassen Sie nicht eine der vielen Shows des Parks, wie zum Beispiel \u201eLa Carica dei 101\u201d (Der Angriff der 101) oder \u201eTroll Story\u201d, in der ein alter Troll Sie mit magischen Legenden verzaubern wird, darunter die im Hinterland der Romagna ber\u00fchmte Legende vom Geist des Schlosses von Azzurrina.[\/vc_column_text][vc_empty_space][\/vc_column][\/vc_row]<\/p>\n<\/div>","protected":false},"excerpt":{"rendered":"<p>[vc_row css_animation=&#8220;&#8220; row_type=&#8220;row&#8220; use_row_as_full_screen_section=&#8220;no&#8220; type=&#8220;full_width&#8220; angled_section=&#8220;no&#8220; text_align=&#8220;left&#8220; background_image_as_pattern=&#8220;without_pattern&#8220;][vc_column][vc_empty_space][vc_column_text] Unser Traumhotel f\u00fcr Familienurlaube in Rimini Es gibt keinen besseren Familienurlaub in Rimini als den, den Sie als G\u00e4ste des Albergo Ardesia erleben k\u00f6nnen. Bringen Sie die ganze Familie mit in den Urlaub hierher, in die ideale&#8230;<\/p>\n","protected":false},"author":1,"featured_media":0,"parent":0,"menu_order":0,"comment_status":"closed","ping_status":"closed","template":"full_width.php","meta":{"_monsterinsights_skip_tracking":false,"_monsterinsights_sitenote_active":false,"_monsterinsights_sitenote_note":"","_monsterinsights_sitenote_category":0,"footnotes":""},"class_list":["post-3052","page","type-page","status-publish","hentry"],"aioseo_notices":[],"_links":{"self":[{"href":"https:\/\/hotelardesia.com\/de\/wp-json\/wp\/v2\/pages\/3052","targetHints":{"allow":["GET"]}}],"collection":[{"href":"https:\/\/hotelardesia.com\/de\/wp-json\/wp\/v2\/pages"}],"about":[{"href":"https:\/\/hotelardesia.com\/de\/wp-json\/wp\/v2\/types\/page"}],"author":[{"embeddable":true,"href":"https:\/\/hotelardesia.com\/de\/wp-json\/wp\/v2\/users\/1"}],"replies":[{"embeddable":true,"href":"https:\/\/hotelardesia.com\/de\/wp-json\/wp\/v2\/comments?post=3052"}],"version-history":[{"count":0,"href":"https:\/\/hotelardesia.com\/de\/wp-json\/wp\/v2\/pages\/3052\/revisions"}],"wp:attachment":[{"href":"https:\/\/hotelardesia.com\/de\/wp-json\/wp\/v2\/media?parent=3052"}],"curies":[{"name":"wp","href":"https:\/\/api.w.org\/{rel}","templated":true}]}}