{"id":3148,"date":"2025-12-10T16:59:27","date_gmt":"2025-12-10T15:59:27","guid":{"rendered":"https:\/\/hotelardesia.com\/3-sterne-hotel-bellariva-rimini"},"modified":"2025-12-10T16:59:28","modified_gmt":"2025-12-10T15:59:28","slug":"3-sterne-hotel-bellariva-rimini","status":"publish","type":"page","link":"https:\/\/hotelardesia.com\/de\/3-sterne-hotel-bellariva-rimini","title":{"rendered":"Ihr 3-Sterne-Hotel in Bellariva di Rimini"},"content":{"rendered":"<div class=\"wpb-content-wrapper\"><p>[vc_row css_animation=&#8220;&#8220; row_type=&#8220;row&#8220; use_row_as_full_screen_section=&#8220;no&#8220; type=&#8220;full_width&#8220; angled_section=&#8220;no&#8220; text_align=&#8220;left&#8220; background_image_as_pattern=&#8220;without_pattern&#8220;][vc_column][vc_empty_space][vc_column_text]&nbsp;<\/p>\n<h3>Ihr 3-Sterne-Hotel in Bellariva di Rimini<\/h3>\n<p>Wenn Sie Ihren Urlaub in unserem<strong> 3-Sterne-Hotel in Bellariva di Rimini<\/strong> verbringen, haben Sie die Freiheit, jeden Tag neu zu entscheiden, wie Sie Ihre Freizeit zwischen Strand und unterhaltsamen Abenden und Entspannung in der Stadt verbringen m\u00f6chten.<\/p>\n<p>Die besondere Lage des Hotels erm\u00f6glicht es Ihnen, alle Facetten von Rimini zu erleben, vom Badeort, der es in der kollektiven Vorstellung ber\u00fchmt gemacht hat, bis hin zu seinem faszinierenden historischen Teil, der w\u00fcrdig durch den Augustusbogen repr\u00e4sentiert wird, der das historische Zentrum idealerweise \u201e\u00f6ffnet\u201d.<\/p>\n<p>Nur wenige Minuten von unserem <strong>Familienhotel in Rimini<\/strong> entfernt, ist die Altstadt einer der beliebtesten Treffpunkte f\u00fcr M\u00fctter, V\u00e4ter und Kinder: Mit ihren zahlreichen Gesch\u00e4ften, historischen Sehensw\u00fcrdigkeiten und ausgezeichneten typischen Restaurants k\u00f6nnen Sie ein St\u00fcckchen der Seele dieser Stadt mit nach Hause nehmen. F\u00fcr einen zus\u00e4tzlichen Adrenalinkick k\u00f6nnen Sie sich und Ihren Kindern einen Ausflug in die nahe gelegenen Vergn\u00fcgungsparks wie Fiabilandia oder Mirabilandia g\u00f6nnen, wo sie sich wie nie zuvor am\u00fcsieren werden.<\/p>\n<p>Weniger als 10 Autominuten von unserem Hotel in <strong>Bellariva di Rimini<\/strong> entfernt befindet sich auch das Delfinarium der Stadt, ein einzigartiger Ort, an dem Sie diese sympathischen Tiere und ihre waghalsigen Kunstst\u00fccke im Wasser aus n\u00e4chster N\u00e4he beobachten k\u00f6nnen.<\/p>\n<p>Aber das Angebot einer Stadt wie Rimini k\u00f6nnte damit noch lange nicht zu Ende sein: Ausfl\u00fcge in die Umgebung, kleine verstreute und versteckte D\u00f6rfer, die es zu entdecken gilt, Radwege f\u00fcr einen Tag voller Sport und Panoramen.<br \/>Was auch immer Ihre Familie f\u00fcr einen Urlaub sucht, hier in Rimini, als Gast unseres Hotels in Bellariva, wird sie es finden.<br \/>Worauf warten Sie noch? \u00dcberzeugen Sie sich selbst, es wird eine sch\u00f6ne \u00dcberraschung sein.[\/vc_column_text][vc_empty_space][\/vc_column][\/vc_row]<\/p>\n<\/div>","protected":false},"excerpt":{"rendered":"<p>[vc_row css_animation=&#8220;&#8220; row_type=&#8220;row&#8220; use_row_as_full_screen_section=&#8220;no&#8220; type=&#8220;full_width&#8220; angled_section=&#8220;no&#8220; text_align=&#8220;left&#8220; background_image_as_pattern=&#8220;without_pattern&#8220;][vc_column][vc_empty_space][vc_column_text]&nbsp; Ihr 3-Sterne-Hotel in Bellariva di Rimini Wenn Sie Ihren Urlaub in unserem 3-Sterne-Hotel in Bellariva di Rimini verbringen, haben Sie die Freiheit, jeden Tag neu zu entscheiden, wie Sie Ihre Freizeit zwischen Strand und unterhaltsamen Abenden und&#8230;<\/p>\n","protected":false},"author":1,"featured_media":0,"parent":0,"menu_order":0,"comment_status":"closed","ping_status":"closed","template":"","meta":{"_monsterinsights_skip_tracking":false,"_monsterinsights_sitenote_active":false,"_monsterinsights_sitenote_note":"","_monsterinsights_sitenote_category":0,"footnotes":""},"class_list":["post-3148","page","type-page","status-publish","hentry"],"aioseo_notices":[],"_links":{"self":[{"href":"https:\/\/hotelardesia.com\/de\/wp-json\/wp\/v2\/pages\/3148","targetHints":{"allow":["GET"]}}],"collection":[{"href":"https:\/\/hotelardesia.com\/de\/wp-json\/wp\/v2\/pages"}],"about":[{"href":"https:\/\/hotelardesia.com\/de\/wp-json\/wp\/v2\/types\/page"}],"author":[{"embeddable":true,"href":"https:\/\/hotelardesia.com\/de\/wp-json\/wp\/v2\/users\/1"}],"replies":[{"embeddable":true,"href":"https:\/\/hotelardesia.com\/de\/wp-json\/wp\/v2\/comments?post=3148"}],"version-history":[{"count":0,"href":"https:\/\/hotelardesia.com\/de\/wp-json\/wp\/v2\/pages\/3148\/revisions"}],"wp:attachment":[{"href":"https:\/\/hotelardesia.com\/de\/wp-json\/wp\/v2\/media?parent=3148"}],"curies":[{"name":"wp","href":"https:\/\/api.w.org\/{rel}","templated":true}]}}