{"id":3155,"date":"2025-12-10T17:01:03","date_gmt":"2025-12-10T16:01:03","guid":{"rendered":"https:\/\/hotelardesia.com\/italia-in-miniatura"},"modified":"2025-12-10T17:01:03","modified_gmt":"2025-12-10T16:01:03","slug":"italia-in-miniatura","status":"publish","type":"page","link":"https:\/\/hotelardesia.com\/de\/italia-in-miniatura","title":{"rendered":"Italia in Miniatura"},"content":{"rendered":"<div class=\"wpb-content-wrapper\"><p>[vc_row css_animation=&#8220;&#8220; row_type=&#8220;row&#8220; use_row_as_full_screen_section=&#8220;no&#8220; type=&#8220;full_width&#8220; angled_section=&#8220;no&#8220; text_align=&#8220;left&#8220; background_image_as_pattern=&#8220;without_pattern&#8220; el_class=&#8220;max-1400&#8243; z_index=&#8220;&#8220;][vc_column][vc_empty_space height=&#8220;60px&#8220;][vc_column_text]<\/p>\n<h1 style=\"text-align: center;\">Italia in miniatura<\/h1>\n<p>\n[\/vc_column_text][vc_column_text css=&#8220;&#8220;]<\/p>\n<p style=\"text-align: center;\">Unter den <strong>Vergn\u00fcgungsparks an der Riviera Romagnola<\/strong> ist <a href=\"https:\/\/www.italiainminiatura.com\/\" ><strong>Italia in Miniatura<\/strong><\/a> eine au\u00dfergew\u00f6hnliche Welt, die es zu entdecken gilt und die es erm\u00f6glicht, eine aufregende Erfahrung zu machen und die architektonischen und kulturellen Sch\u00f6nheiten Italiens und der wichtigsten St\u00e4dte Europas zu entdecken, mit dem Vorteil, dass man alles an einem einzigen Tag besichtigen kann.<br \/>\n[\/vc_column_text][vc_empty_space height=&#8220;60px&#8220;][\/vc_column][\/vc_row][vc_row css_animation=&#8220;&#8220; row_type=&#8220;row&#8220; use_row_as_full_screen_section=&#8220;no&#8220; type=&#8220;full_width&#8220; angled_section=&#8220;no&#8220; text_align=&#8220;left&#8220; background_image_as_pattern=&#8220;without_pattern&#8220; el_class=&#8220;index-risto&#8220; z_index=&#8220;&#8220; css=&#8220;.vc_custom_1518098798166{background-color: #ffffff !important;}&#8220;][vc_column][qode_elements_holder number_of_columns=&#8220;two_columns&#8220;][qode_elements_holder_item advanced_animations=&#8220;no&#8220; item_padding=&#8220;0 15px 0 0&#8243;][vc_single_image image=&#8220;2188&#8243; img_size=&#8220;full&#8220; alignment=&#8220;right&#8220; css=&#8220;.vc_custom_1521466900788{padding-right: 15px !important;padding-left: 15px !important;}&#8220; qode_css_animation=&#8220;element_from_left&#8220;][\/qode_elements_holder_item][qode_elements_holder_item advanced_animations=&#8220;no&#8220; item_padding=&#8220;0 0 0 15px&#8220;][vc_column_text css=&#8220;.vc_custom_1764962260757{padding-right: 15px !important;padding-left: 15px !important;}&#8220;]<\/p>\n<p style=\"text-align: center;\">Der Besuch von Italia in Miniatura ist ein <strong>einzigartiges Erlebnis f\u00fcr Gro\u00df und Klein<\/strong>, die  die M\u00f6glichkeit haben, Spa\u00df zu haben, zu bewundern und gleichzeitig zu lernen, denn die Aktivit\u00e4ten des Parks sind eindeutig auf die Aufwertung des kulturellen, historischen und \u00f6kologischen Erbes des Belpaese ausgerichtet. <\/p>\n<p><\/p>\n<p style=\"text-align: center;\">L<strong>&#8218;Italia in Miniatura ist ein Themenpark<\/strong>, der wundersch\u00f6ne <strong>Modelle der wichtigsten nationalen Denkm\u00e4ler im Ma\u00dfstab 1:100<\/strong> beherbergt, die man beim Spaziergang durch die gr\u00fcnen Alleen, die sie verbinden, oder von oben mit der Monorotaia Arcobaleno, einer Monorailbahn, die in 6 Metern H\u00f6he f\u00e4hrt und deren Strecke von einer Sprachf\u00fchrung begleitet wird, die die Merkmale der Sehensw\u00fcrdigkeiten erkl\u00e4rt.<br \/>\n[\/vc_column_text][\/qode_elements_holder_item][\/qode_elements_holder][vc_empty_space height=&#8220;60px&#8220;][\/vc_column][\/vc_row][vc_row css_animation=&#8220;&#8220; row_type=&#8220;row&#8220; use_row_as_full_screen_section=&#8220;no&#8220; type=&#8220;full_width&#8220; angled_section=&#8220;no&#8220; text_align=&#8220;left&#8220; background_image_as_pattern=&#8220;without_pattern&#8220; z_index=&#8220;&#8220; css=&#8220;.vc_custom_1521192956462{background-color: #dfd9d4 !important;}&#8220;][vc_column][vc_column_text css=&#8220;.vc_custom_1521467049930{padding-top: 6% !important;padding-bottom: 6% !important;}&#8220;]<\/p>\n<p style=\"text-align: center;\">Zu den eindrucksvollsten Miniaturdenkm\u00e4lern, die man hier bewundern kann, geh\u00f6ren der<strong> Mail\u00e4nder Dom<\/strong>, der  <strong>Schiefe Turm von Pisa<\/strong>, das <strong>Mausoleum von Theoderich in Ravenna<\/strong>, das <strong>Kolosseum und der Petersdom<\/strong>, die <strong>Piazza del Plebiscito in Neapel<\/strong> und das <strong>Tal der Tempel in Agrigent<\/strong> zu den eindrucksvollsten Miniaturdenkm\u00e4lern, die man besichtigen kann.<br \/>\n[\/vc_column_text][\/vc_column][\/vc_row][vc_row css_animation=&#8220;&#8220; row_type=&#8220;row&#8220; use_row_as_full_screen_section=&#8220;no&#8220; type=&#8220;full_width&#8220; angled_section=&#8220;no&#8220; text_align=&#8220;left&#8220; background_image_as_pattern=&#8220;without_pattern&#8220; el_class=&#8220;full&#8220; z_index=&#8220;&#8220;][vc_column][vc_raw_html]PGRpdiBjbGFzcz0icGFyYWxsYXggaXRhbGlhLW1pbmlhdHVyYSI+PC9kaXY+[\/vc_raw_html][\/vc_column][\/vc_row]<\/p>\n<\/div>","protected":false},"excerpt":{"rendered":"<p>[vc_row css_animation=&#8220;&#8220; row_type=&#8220;row&#8220; use_row_as_full_screen_section=&#8220;no&#8220; type=&#8220;full_width&#8220; angled_section=&#8220;no&#8220; text_align=&#8220;left&#8220; background_image_as_pattern=&#8220;without_pattern&#8220; el_class=&#8220;max-1400&#8243; z_index=&#8220;&#8220;][vc_column][vc_empty_space height=&#8220;60px&#8220;][vc_column_text] Italia in miniatura [\/vc_column_text][vc_column_text css=&#8220;&#8220;] Unter den Vergn\u00fcgungsparks an der Riviera Romagnola ist Italia in Miniatura eine au\u00dfergew\u00f6hnliche Welt, die es zu entdecken gilt und die es erm\u00f6glicht, eine aufregende Erfahrung zu machen und&#8230;<\/p>\n","protected":false},"author":1,"featured_media":0,"parent":0,"menu_order":0,"comment_status":"closed","ping_status":"closed","template":"full_width.php","meta":{"_monsterinsights_skip_tracking":false,"_monsterinsights_sitenote_active":false,"_monsterinsights_sitenote_note":"","_monsterinsights_sitenote_category":0,"footnotes":""},"class_list":["post-3155","page","type-page","status-publish","hentry"],"aioseo_notices":[],"_links":{"self":[{"href":"https:\/\/hotelardesia.com\/de\/wp-json\/wp\/v2\/pages\/3155","targetHints":{"allow":["GET"]}}],"collection":[{"href":"https:\/\/hotelardesia.com\/de\/wp-json\/wp\/v2\/pages"}],"about":[{"href":"https:\/\/hotelardesia.com\/de\/wp-json\/wp\/v2\/types\/page"}],"author":[{"embeddable":true,"href":"https:\/\/hotelardesia.com\/de\/wp-json\/wp\/v2\/users\/1"}],"replies":[{"embeddable":true,"href":"https:\/\/hotelardesia.com\/de\/wp-json\/wp\/v2\/comments?post=3155"}],"version-history":[{"count":0,"href":"https:\/\/hotelardesia.com\/de\/wp-json\/wp\/v2\/pages\/3155\/revisions"}],"wp:attachment":[{"href":"https:\/\/hotelardesia.com\/de\/wp-json\/wp\/v2\/media?parent=3155"}],"curies":[{"name":"wp","href":"https:\/\/api.w.org\/{rel}","templated":true}]}}