{"id":3159,"date":"2025-12-10T17:06:27","date_gmt":"2025-12-10T16:06:27","guid":{"rendered":"https:\/\/hotelardesia.com\/privacy-policy"},"modified":"2025-12-10T17:06:27","modified_gmt":"2025-12-10T16:06:27","slug":"privacy-policy","status":"publish","type":"page","link":"https:\/\/hotelardesia.com\/de\/privacy-policy","title":{"rendered":"Privacy Policy"},"content":{"rendered":"<div class=\"wpb-content-wrapper\"><p>[vc_row css_animation=&#8220;&#8220; row_type=&#8220;row&#8220; use_row_as_full_screen_section=&#8220;no&#8220; type=&#8220;full_width&#8220; angled_section=&#8220;no&#8220; text_align=&#8220;left&#8220; background_image_as_pattern=&#8220;without_pattern&#8220;][vc_column][vc_empty_space height=&#8220;60px&#8220;][vc_column_text]<\/p>\n<h1 style=\"text-align: center;\">Privacy Policy<\/h1>\n<p>\n[\/vc_column_text][vc_empty_space height=&#8220;60px&#8220;][\/vc_column][\/vc_row][vc_row css_animation=&#8220;&#8220; row_type=&#8220;row&#8220; use_row_as_full_screen_section=&#8220;no&#8220; type=&#8220;full_width&#8220; angled_section=&#8220;no&#8220; text_align=&#8220;left&#8220; background_image_as_pattern=&#8220;without_pattern&#8220;][vc_column][vc_column_text css=&#8220;&#8220;]<\/p>\n<table width=\"100%\">\n<tbody>\n<tr>\n<th style=\"text-align: left;\" colspan=\"2\" valign=\"top\">Unternehmensinformationen<\/th>\n<\/tr>\n<tr>\n<td valign=\"top\" nowrap=\"nowrap\" width=\"30%\">Verantwortlicher f\u00fcr die Datenverarbeitung<\/td>\n<td valign=\"top\"><strong>Gems Hotel Sas<\/strong><\/td>\n<\/tr>\n<tr>\n<td valign=\"top\" nowrap=\"nowrap\" width=\"30%\">Adresse des Firmensitzes<\/td>\n<td valign=\"top\"><strong> Viale delle Rimembranze, 80 47924 Bellariva, Rimini (RN)<\/strong><\/td>\n<\/tr>\n<tr>\n<td valign=\"top\" nowrap=\"nowrap\" width=\"30%\">Umsatzsteuer-Identifikationsnummer<\/td>\n<td valign=\"top\"><strong>00267650406<\/strong><\/td>\n<\/tr>\n<tr>\n<td valign=\"top\" nowrap=\"nowrap\" width=\"30%\">Verantwortlicher f\u00fcr die Verarbeitung personenbezogener Daten<\/td>\n<td valign=\"top\"><strong>Guenda Mancini<\/strong><\/td>\n<\/tr>\n<tr>\n<td valign=\"top\" nowrap=\"nowrap\" width=\"30%\">Eintragungsnummer im Handelsregister<\/td>\n<td valign=\"top\"><strong>RN &#8211; 190807<\/strong><\/td>\n<\/tr>\n<tr>\n<td valign=\"top\" nowrap=\"nowrap\" width=\"30%\">Identifikationscode<\/td>\n<td valign=\"top\"><strong>CIR 099014-AL-01009 CIN IT099014A1ZCTZ4KQZ<\/strong><\/td>\n<\/tr>\n<\/tbody>\n<\/table>\n<p><\/p>\n<h4><\/h4>\n<p>&nbsp;<\/p>\n<h4><b>INFORMATION GEM\u00c4SS ART. 13 UND 14 \u2013 <\/b><b>EU-VERORDNUNG 2016\/679<\/b><\/h4>\n<p>&nbsp;<\/p>\n<h4><strong><u>Verarbeitung personenbezogener Daten<\/u><\/strong><\/h4>\n<p>Die vorliegende Datenschutzerkl\u00e4rung wurde erstellt, um die Grunds\u00e4tze der Vertraulichkeit bekannt zu machen, die die Verwendung der von den Kunden bereitgestellten Daten durch das <strong>Hotel Ardesia<\/strong> regeln, einschlie\u00dflich der \u00fcber diese Website erhobenen Daten. Auf dieser Seite wird beschrieben, wie die Website in Bezug auf die Verarbeitung der personenbezogenen Daten der Nutzer, die sie besuchen, verwaltet wird. Es handelt sich um eine Erkl\u00e4rung gem\u00e4\u00df Art. 13 des Gesetzesdekrets 196\/2003 (im Folgenden \u201eDatenschutzgesetz\u201d) und Art. 13 der EU-Verordnung Nr. 2016\/679 (im Folgenden \u201eDSGVO 2016\/679\u201d) f\u00fcr diejenigen, die mit den Webdiensten interagieren, die \u00fcber die Adresse <strong>www.hotelardesia.com<\/strong> telematisch zug\u00e4nglich sind. Die Informationen gelten nur f\u00fcr diese Website und nicht f\u00fcr andere Websites, die der Nutzer \u00fcber Links auf dieser Website aufrufen kann. Mit dem Besuch dieser Website erkl\u00e4ren Sie sich implizit damit einverstanden, dass Sie die in dieser Datenschutzerkl\u00e4rung beschriebenen Verarbeitungsmodalit\u00e4ten verstanden und akzeptiert haben.<\/p>\n<h4>Verantwortlicher f\u00fcr die Datenverarbeitung<\/h4>\n<p>Verantwortlicher f\u00fcr die Datenverarbeitung ist das Hotel Ardesia mit Sitz in Viale delle Rimembranze, 80 47924 Bellariva, Rimini (RN), erreichbar unter der Telefonnummer 0541.389363, E-Mail: info@hotelardesia.com. Firmenname: Gems Hotel sas di Guenda Mancini e C. mit Sitz in Viale delle Rimembranze, 80 47924 Bellariva, Rimini (RN). Diese ist f\u00fcr den Datenschutz verantwortlich (DPO).<\/p>\n<h4>Ort der Datenverarbeitung<\/h4>\n<p>Die mit den Webdiensten dieser Website verbundenen Verarbeitungen finden in Serverfarmen in Italien und Europa statt.<br \/>SH Web ist eine Webagentur mit Sitz in San Marino, einem Nicht-EU-Land, das derzeit die europ\u00e4ischen Vorschriften zur Verarbeitung personenbezogener Daten durch die Verabschiedung eigener staatlicher Vorschriften mit den gleichen Garantien wie die DSGVO umsetzt, und gew\u00e4hrleistet die Einhaltung der DSGVO.<\/p>\n<h4>Zweck der Verarbeitung<\/h4>\n<p>Die personenbezogenen Daten, die von Nutzern bereitgestellt werden, die Informationsmaterial anfordern oder sich f\u00fcr den Newsletter anmelden, werden ausschlie\u00dflich zum Zweck der Erbringung der angeforderten Dienstleistung oder Leistung verwendet. Diese Daten k\u00f6nnen auch f\u00fcr folgende Zwecke verwendet werden: a) Verwaltung der Kundenbeziehung; b) Aus\u00fcbung der wirtschaftlichen T\u00e4tigkeit des Unternehmens; c) andere Zwecke im Zusammenhang mit der T\u00e4tigkeit des Unternehmens und damit verbundene Zwecke (beispielsweise Verbesserung der angebotenen Produkte und Dienstleistungen, auch wenn diese nicht in direktem Zusammenhang mit den vom Betroffenen angeforderten Dienstleistungen stehen; Marktforschung zur Kundenzufriedenheit usw.). Wenn es erforderlich ist, Daten zu erheben, die die pers\u00f6nliche Identifizierung des Nutzers erm\u00f6glichen, um ihm eine bestimmte Dienstleistung zu erbringen, wird der Nutzer gebeten, die erforderlichen Daten freiwillig anzugeben, die ausschlie\u00dflich zum Zweck der Erbringung der Dienstleistung verarbeitet werden.<\/p>\n<p>Die Verarbeitung erfolgt automatisiert und\/oder manuell unter Einhaltung der Bestimmungen von Art. 32 der DSGVO 2016\/679 und Anhang B des Gesetzesdekrets 196\/2003 (Art. 33-36 des Kodex) in Bezug auf Sicherheitsma\u00dfnahmen, durch speziell beauftragte Personen und in \u00dcbereinstimmung mit den Bestimmungen von Art. 29 DSGVO 2016\/679.<\/p>\n<p>Wir weisen Sie darauf hin, dass Ihre personenbezogenen Daten gem\u00e4\u00df den Grunds\u00e4tzen der Rechtm\u00e4\u00dfigkeit, Zweckbindung und Datenminimierung gem\u00e4\u00df Art. 5 DSGVO 2016\/679 f\u00fcr den Zeitraum gespeichert werden, der f\u00fcr die Erreichung der Zwecke, f\u00fcr die sie erhoben und verarbeitet werden, als notwendig erachtet wird.<\/p>\n<p>Gem\u00e4\u00df den Artikeln 26 und 27 des Gesetzesdekrets 196\/2003 und den Artikeln 9 und 10 der EU-Verordnung Nr. 2016\/679 k\u00f6nnen Sie dem <strong>Hotel Ardesia<\/strong> Daten \u00fcbermitteln, die als \u201ebesondere Kategorien personenbezogener Daten\u201d einzustufen sind, d. h. Daten, aus denen \u201edie rassische oder ethnische Herkunft, politische Meinungen, religi\u00f6se oder philosophische \u00dcberzeugungen oder die Gewerkschaftszugeh\u00f6rigkeit sowie genetische Daten, biometrische Daten zur eindeutigen Identifizierung einer nat\u00fcrlichen Person, Daten \u00fcber die Gesundheit oder das Sexualleben oder die sexuelle Orientierung der Person\u201d offenlegen. Diese Datenkategorien d\u00fcrfen nur mit Ihrer freien und ausdr\u00fccklichen Zustimmung verarbeitet werden.<\/p>\n<p>Das <strong>Hotel Ardesia<\/strong> wendet keine automatisierten Entscheidungsprozesse, einschlie\u00dflich Profiling, gem\u00e4\u00df Artikel 22 Abs\u00e4tze 1 und 4 der EU-Verordnung Nr. 679\/2016 an.<\/p>\n<h4><strong><u>Direktmarketing<\/u><\/strong><\/h4>\n<p>Wie oben angegeben, m\u00f6chten wir Ihnen Informationen \u00fcber neue Produkte, Werbeaktionen, Sonderangebote und andere Informationen zukommen lassen, von denen wir glauben, dass sie f\u00fcr Sie von Interesse sein k\u00f6nnten. Wenn Sie uns durch Ankreuzen des entsprechenden K\u00e4stchens ausdr\u00fccklich dazu erm\u00e4chtigt haben, k\u00f6nnen wir Ihnen diese Informationen per Post und Telefon zusenden, sofern Sie bei der Registrierung nichts anderes angegeben haben. Wenn Sie zu irgendeinem Zeitpunkt w\u00fcnschen, dass Ihre Daten nicht f\u00fcr Direktmarketingzwecke verwendet werden, k\u00f6nnen Sie uns dies mitteilen, indem Sie sich per E-Mail an unseren Kundenservice unter der folgenden Adresse wenden: <strong>info@hotelardesia.com<\/strong>. Wir werden Ihnen dann keine weiteren kommerziellen Mitteilungen mehr zusenden. Wenn Sie der Verarbeitung Ihrer Daten nicht zugestimmt haben, erhalten Sie niemals kommerzielle Mitteilungen, und die von Ihnen angegebenen Daten werden ausschlie\u00dflich zur Beantwortung Ihrer Anfrage verwendet.<\/p>\n<h3>Arten der verarbeiteten Daten<\/h3>\n<p><\/p>\n<h4><strong><u>Navigationsdaten<\/u><\/strong><\/h4>\n<p>Die f\u00fcr den Betrieb dieser Website verwendeten IT-Systeme und Softwareverfahren erfassen w\u00e4hrend ihres normalen Betriebs einige personenbezogene Daten, deren \u00dcbermittlung bei der Verwendung von Internet-Kommunikationsprotokollen implizit erfolgt. Es handelt sich dabei um Informationen, die nicht erfasst werden, um mit identifizierten Personen in Verbindung gebracht zu werden, die jedoch aufgrund ihrer Beschaffenheit durch Verarbeitung und Verkn\u00fcpfung mit Daten im Besitz von Dritten eine Identifizierung der Nutzer erm\u00f6glichen k\u00f6nnten. Zu dieser Datenkategorie geh\u00f6ren die IP-Adressen oder Dom\u00e4nennamen der Computer, die von den Nutzern verwendet werden, die sich mit der Website verbinden, die URI-Adressen (Uniform Resource Identifier) der angeforderten Ressourcen, das Datum und die Uhrzeit der Anfrage, die Methode, mit der die Anfrage gestellt wurde, die Gr\u00f6\u00dfe der Antwortdatei, den Zahlencode, der den Status der vom Server gegebenen Antwort angibt, sowie andere Parameter, die sich auf das Betriebssystem und die IT-Umgebung des Nutzers beziehen. Diese Daten werden ausschlie\u00dflich dazu verwendet, anonyme statistische Informationen \u00fcber die Nutzung der Website zu erhalten und deren ordnungsgem\u00e4\u00dfe Funktion zu \u00fcberpr\u00fcfen. Sie werden unmittelbar nach der Verarbeitung gel\u00f6scht. Die Daten k\u00f6nnten ausschlie\u00dflich von den Justizbeh\u00f6rden zur Feststellung der Verantwortung im Falle hypothetischer Computerkriminalit\u00e4t zum Schaden der Website verwendet werden.<\/p>\n<h4><strong><u>Vom Nutzer freiwillig bereitgestellte Daten<\/u><\/strong><\/h4>\n<p>Die fakultative, ausdr\u00fcckliche und freiwillige Zusendung von E-Mails an die auf dieser Website angegebenen Adressen oder das Ausf\u00fcllen des Formulars f\u00fchrt zur Erfassung der Absenderadresse, die zur Beantwortung der Anfragen erforderlich ist, sowie aller anderen personenbezogenen Daten, die der Kunde in seiner Nachricht angegeben hat.<\/p>\n<h3><strong>Bereitstellung von Daten<\/strong><\/h3>\n<p>Es steht dem Nutzer frei, die in den Anfrageformularen oder in bestimmten Bereichen der Website angegebenen personenbezogenen Daten anzugeben, um die Zusendung von Informationsmaterial oder anderen Mitteilungen anzufordern. Die Nichtangabe dieser Daten hat nicht zur Folge, dass die angeforderten Informationen nicht auch in anonymisierter Form bereitgestellt werden k\u00f6nnen. Die personenbezogenen Daten werden mit automatisierten Tools f\u00fcr den Zeitraum verarbeitet, der zur Erreichung der Zwecke, f\u00fcr die sie erhoben wurden, unbedingt erforderlich ist. Es werden spezifische Sicherheitsma\u00dfnahmen beachtet, um Datenverlust, unerlaubte oder unsachgem\u00e4\u00dfe Verwendung und unbefugten Zugriff auf die Datenbank zu verhindern.<\/p>\n<h3><strong>Aufbewahrungsfrist der Daten<\/strong><\/h3>\n<p>Die Aufbewahrungsfrist f\u00fcr die Daten entspricht dem Zeitraum, der f\u00fcr die Zwecke der angeforderten Dienstleistungen erforderlich ist, zuz\u00fcglich einer weiteren Frist von 36 Monaten. Wenn die angeforderten Informationen Gegenstand einer Online-Transaktion sind, k\u00f6nnen diese Daten f\u00fcr Zwecke der Wirtschafts- und Steuerberichterstattung f\u00fcr einen Zeitraum von 10 Jahren aufbewahrt werden. Was die von der Website verwalteten technischen Daten wie Cookies betrifft, so wird die Aufbewahrungsfrist durch die technischen Eigenschaften der Cookies selbst bestimmt und in der Tabelle \u201eWebsite-Cookies\u201d angegeben.<\/p>\n<h4><strong><u>Modalit\u00e4ten und Sicherheit der Verarbeitung<\/u><\/strong><\/h4>\n<p>Ihre personenbezogenen Daten werden mit automatisierten Tools f\u00fcr den Zeitraum verarbeitet, der zur Erreichung der Zwecke, f\u00fcr die sie erhoben wurden, unbedingt erforderlich ist. Es werden spezifische Sicherheitsma\u00dfnahmen beachtet, um Datenverlust, unerlaubte oder unsachgem\u00e4\u00dfe Verwendung und unbefugten Zugriff zu verhindern.<br \/>Die Verarbeitung personenbezogener Daten erfolgt mit Hilfe von IT-Tools, die die Sicherheit und Vertraulichkeit der Daten gew\u00e4hrleisten, und in jedem Fall unter Einhaltung der angemessenen Sicherheitsma\u00dfnahmen gem\u00e4\u00df Art. 32 DSGVO, mittels sicherer Kommunikationsprotokolle mit SSL-Verschl\u00fcsselungsalgorithmen.<\/p>\n<h4><strong><u>Rechte der betroffenen Person<\/u><\/strong><\/h4>\n<p>Die betroffenen Personen haben gem\u00e4\u00df Art. 7 des Gesetzesdekrets 196\/2003 und Art. 15 bis 22 der EU-Verordnung Nr. 2016\/679 folgende Rechte, die Sie, sofern dies in Bezug auf den Zweck der Verarbeitung, f\u00fcr den Ihre Daten erhoben werden, konkret ausge\u00fcbt werden kann, jederzeit aus\u00fcben k\u00f6nnen:<\/p>\n<p style=\"padding-left: 30px;\">a) eine Best\u00e4tigung \u00fcber das Vorhandensein oder Nichtvorhandensein Ihrer personenbezogenen Daten zu verlangen;<br \/>\nb) Angaben \u00fcber die Zwecke der Verarbeitung, die Kategorien der personenbezogenen Daten, die Empf\u00e4nger oder Kategorien von Empf\u00e4ngern, an die die personenbezogenen Daten \u00fcbermittelt wurden oder werden, und, soweit m\u00f6glich, die Dauer der Speicherung zu erhalten;<br \/>\nc) die Berichtigung und L\u00f6schung der Daten zu verlangen;<br \/>\nd) die Einschr\u00e4nkung der Verarbeitung zu erwirken;<br \/>\ne) die Daten\u00fcbertragbarkeit zu erwirken, d. h. die Daten von einem Verantwortlichen in einem strukturierten, g\u00e4ngigen und maschinenlesbaren Format zu erhalten und sie ungehindert an einen anderen Verantwortlichen zu \u00fcbermitteln;<br \/>\nf) jederzeit Widerspruch gegen die Verarbeitung einzulegen, auch im Falle einer Verarbeitung zu Direktmarketingzwecken;<br \/>\ng) Widerspruch gegen automatisierte Entscheidungen in Bezug auf nat\u00fcrliche Personen, einschlie\u00dflich Profiling;<br \/>\nh) vom Verantwortlichen Zugang zu den personenbezogenen Daten und deren Berichtigung oder L\u00f6schung oder Einschr\u00e4nkung der Verarbeitung zu verlangen oder ihrer Verarbeitung zu widersprechen, zus\u00e4tzlich zum Recht auf Daten\u00fcbertragbarkeit;<br \/>\ni) die Einwilligung jederzeit zu widerrufen, ohne dass die Rechtm\u00e4\u00dfigkeit der Verarbeitung aufgrund der vor dem Widerruf erteilten Einwilligung beeintr\u00e4chtigt wird;<br \/>\nj) Beschwerde bei einer Aufsichtsbeh\u00f6rde einzulegen.<br \/>\nSie k\u00f6nnen Ihre Rechte durch eine schriftliche Anfrage an <strong>Hotel Ardesia<\/strong> an die Postanschrift des Firmensitzes oder an die E-Mail-Adresse <strong>info@hotelardesia.com<\/strong> aus\u00fcben.<\/p>\n<h4>Erweiterte Informationen zur Verwendung von Cookies<\/h4>\n<p>Erweiterte Informationen zur Verwendung von Cookies gem\u00e4\u00df der Verordnung Nr. 229\/2014 der Datenschutzbeh\u00f6rde f\u00fcr diejenigen, die mit den Webdiensten des Hotels Ardesia interagieren, die unter den Adressen www.hotelardesia.com zug\u00e4nglich sind. Die Website des Hotels Ardesia verwendet Cookies und \u00e4hnliche Technologien, um das ordnungsgem\u00e4\u00dfe Funktionieren der Verfahren zu gew\u00e4hrleisten und die Benutzerfreundlichkeit der Online-Anwendungen zu verbessern. Dieses Dokument enth\u00e4lt detaillierte Informationen \u00fcber die Verwendung von Cookies und \u00e4hnlichen Technologien, dar\u00fcber, wie sie vom Hotel Ardesia verwendet werden und wie Sie sie verwalten k\u00f6nnen.<\/p>\n<h4><a id=\"cookie\" name=\"cookie\"><\/a><strong><u>Cookies<\/u><\/strong><\/h4>\n<p>Cookies sind Daten, die von einem Server erstellt und in Textdateien auf der Festplatte Ihres Computers gespeichert werden. Sie erm\u00f6glichen den Betrieb dieser Website, die Nutzung einer vom Benutzer ausdr\u00fccklich angeforderten bestimmten Funktion oder verbessern die Funktionsweise dieser Website, wie z. B. Cookies, die das Surfen beschleunigen oder Inhalte anzeigen, die f\u00fcr den Benutzer aufgrund seiner fr\u00fcheren Auswahl von gr\u00f6\u00dferem Interesse sind. Cookies k\u00f6nnen dauerhaft sein (sogenannte persistente Cookies), aber auch eine begrenzte Lebensdauer haben (sogenannte Sitzungscookies). Diese Website verwendet sowohl persistente als auch Sitzungscookies. Sitzungscookies werden nicht dauerhaft auf Ihrem Computer gespeichert und verschwinden, wenn Sie den Browser schlie\u00dfen. Persistente Cookies dienen dazu, die Navigation entsprechend dem vom Nutzer verwendeten Ger\u00e4t (Computer, Tablet, Smartphone) anzupassen, ebenso wie Cookies von Drittanbietern, die dazu dienen, die Zugriffe auf die Website zu analysieren (z. B. Google Analytics) und den Nutzern zu erm\u00f6glichen, die Inhalte der Website \u00fcber soziale Netzwerke (FB) oder E-Mail (Add This) zu teilen. Diese Cookies werden dauerhaft auf Ihrem Computer gespeichert und haben eine variable Lebensdauer.<br \/>Die Website verwendet insbesondere die folgenden Cookies:<\/p>\n<p><strong>Website-Cookies<\/strong><\/p>\n<table width=\"100%\">\n<tbody>\n<tr bgcolor=\"\">\n<th>Cookie-Name<\/th>\n<th>Typ<\/th>\n<th>Dienstname<\/th>\n<th>Beschreibung<\/th>\n<th>Dauer<\/th>\n<th>Dom\u00e4ne<\/th>\n<\/tr>\n<tr>\n<td nowrap=\"nowrap\">_ga<\/td>\n<td>Analytik von Drittanbietern<\/td>\n<td>Google Analytics<\/td>\n<td>Wird von den APIs von Google Analytics verwendet<\/td>\n<td>6 Monate<\/td>\n<td>www.hotelardesia.com<\/td>\n<\/tr>\n<tr>\n<td nowrap=\"nowrap\">_gat<\/td>\n<td>Analytik von Drittanbietern<\/td>\n<td>Google Analytics<\/td>\n<td>Verwendet von den APIs von Google Analytics<\/td>\n<td>10 Minuten<\/td>\n<td>www.hotelardesia.com<\/td>\n<\/tr>\n<tr>\n<td nowrap=\"nowrap\">viewed_cookie_policy<\/td>\n<td>Funktional<\/td>\n<td>Datenschutzerkl\u00e4rung<\/td>\n<td>H\u00e4lt die Leiste mit der Datenschutzerkl\u00e4rung ausgeblendet<\/td>\n<td>1 Jahr<\/td>\n<td>www.hotelardesia.com<\/td>\n<\/tr>\n<tr>\n<td nowrap=\"nowrap\">wfvt_xxxxxxx<\/td>\n<td>analytisch<\/td>\n<td>Analytisch Wordfence<\/td>\n<td>Verfolgt die von einem Benutzer aufgerufenen Seiten<\/td>\n<td>30 Minuten<\/td>\n<td>www.hotelardesia.com<\/td>\n<\/tr>\n<tr>\n<td nowrap=\"nowrap\">googtrans<\/td>\n<td>funktional<\/td>\n<td>Translate<\/td>\n<td>Verfolgt die gew\u00e4hlte Sprache<\/td>\n<td>bis zum Ende der Browsersitzung<\/td>\n<td>www.hotelardesia.com<\/td>\n<\/tr>\n<tr>\n<td nowrap=\"nowrap\">PHPSESSID<\/td>\n<td>technisch<\/td>\n<td>WebServer<\/td>\n<td>Identifikationsnummer der Browsersitzung<\/td>\n<td>bis zum Ende der Browsersitzung<\/td>\n<td>www.hotelardesia.com<\/td>\n<\/tr>\n<tr>\n<td nowrap=\"nowrap\">SERVERID<\/td>\n<td>technisch<\/td>\n<td>WebServer<\/td>\n<td>Kennung des Servers, der die Anfrage des Benutzers bearbeitet hat<\/td>\n<td>bis zum Ende der Browsersitzung<\/td>\n<td>www.hotelardesia.com<\/td>\n<\/tr>\n<\/tbody>\n<\/table>\n<p><strong>Google Analytics Cookies<\/strong><br \/>Unsere Website nutzt Google Analytics von Google, Inc., einen Dienst, der mithilfe von Cookies Statistiken zur Messung und Analyse der Website-Leistung bereitstellt. Die Datenschutzerkl\u00e4rung von Google Analytics finden Sie unter <a href=\"http:\/\/www.google.com\/intl\/en\/analytics\/privacyoverview.html\" target=\"_blank\" rel=\"noopener noreferrer\">http:\/\/www.google.com\/intl\/en\/analytics\/privacyoverview.html<\/a>. Die Datenschutzbestimmungen von Google finden Sie unter folgender Adresse: <a href=\"http:\/\/www.google.com\/intl\/it\/privacy\/privacy-policy.html\" target=\"_blank\" rel=\"noopener noreferrer\">http:\/\/www.google.com\/intl\/it\/privacy\/privacy-policy.html<\/a>.)<br \/>Weitere Informationen finden Sie unter <a href=\"http:\/\/www.google.it\/intl\/it\/policies\/technologies\/types\/\" target=\"_blank\" rel=\"noopener noreferrer\">http:\/\/www.google.it\/intl\/it\/policies\/technologies\/types\/ <\/a> und <a href=\"https:\/\/developers.google.com\/analytics\/devguides\/collection\/analyticsjs\/cookie-usage\" target=\"_blank\" rel=\"noopener noreferrer\">https:\/\/developers.google.com\/analytics\/devguides\/collection\/analyticsjs\/cookie-usage<\/a><br \/><strong>Google Adwords &amp; Google Remarketing Cookies<\/strong><br \/>Die Website kann das Programm Google Adwords und die Technologie Google Remarketing verwenden. Beide werden von Google Inc. verwaltet. Auch die Conversion-Tracking-Funktion von AdWords verwendet Cookies. Um uns dabei zu helfen, Verk\u00e4ufe und andere Conversions zu verfolgen, wird ein Cookie auf dem Computer eines Nutzers gespeichert, sobald dieser Nutzer auf eine Anzeige klickt. Dieses Cookie ist 30 Tage lang g\u00fcltig und sammelt oder verfolgt keine Informationen, mit denen ein Nutzer pers\u00f6nlich identifiziert werden kann. Nutzer k\u00f6nnen die Conversion-Tracking-Cookies von Google in den Einstellungen ihres Internetbrowsers deaktivieren. In einigen F\u00e4llen k\u00f6nnen Cookies Probleme beim Anmelden oder beim Navigieren in Ihrem AdWords-Konto verursachen. In diesem Fall l\u00e4sst sich das Problem am besten beheben, indem Sie den Cache leeren und die f\u00fcr Ihren Internetbrowser gespeicherten Cookies l\u00f6schen. Weitere Informationen finden Sie unter <a href=\"https:\/\/support.google.com\/adwords\/topic\/3121763?hl=it&amp;ref_topic=3119071\" target=\"_blank\" rel=\"noopener noreferrer\">hier<\/a> <a href=\"\u201ehttps:\/\/www.google.es\/intl\/it\/policies\/privacy\/\u201c\" target=\"_blank\" rel=\"noopener noreferrer\">https:\/\/www.google.es\/intl\/it\/policies\/privacy\/<\/a>. Der Nutzer kann schlie\u00dflich die Cookies von Google Analytics deaktivieren, indem er ein spezielles Browser-Plugin herunterl\u00e4dt, das unter folgender URL verf\u00fcgbar ist: <a href=\"https:\/\/tools.google.com\/dlpage\/gaoptout\" target=\"_blank\" rel=\"noopener noreferrer\">https:\/\/tools.google.com\/dlpage\/gaoptout<\/a>.<\/p>\n<p><strong>Facebook-Cookies<\/strong><br \/>Die Website kann Cookies von Facebook Inc. verwenden, um den Verlauf von Facebook-Werbekampagnen und etwaige Remarketing-Ma\u00dfnahmen zu \u00fcberwachen. Klicken Sie hier, um weitere Informationen \u00fcber die Verwendung von Cookies durch Facebook zu erhalten: <a href=\"https:\/\/www.facebook.com\/help\/cookies\/\" target=\"_blank\" rel=\"noopener noreferrer\">https:\/\/www.facebook.com\/help\/cookies\/<\/a><br \/>Der Nutzer kann der Speicherung von dauerhaften Cookies auf seiner Festplatte widersprechen, indem er seinen Browser so konfiguriert, dass Cookies deaktiviert werden. Erfahren Sie, wie Sie Cookies in den g\u00e4ngigsten Browsern deaktivieren k\u00f6nnen: <a href=\"https:\/\/support.google.com\/accounts\/answer\/61416? hl=it\" target=\"_blank\" rel=\"noopener noreferrer\">Chrome<\/a>, <a href=\"https:\/\/support.mozilla.org\/en-US\/kb\/enable-and-disable-cookies-website-preferences\" target=\"_blank\" rel=\"noopener noreferrer\">Firefox<\/a>, <a href=\"http:\/\/windows.microsoft.com\/it-it\/windows-vista\/block-or-allow-cookies\" target=\"_blank\" rel=\"noopener noreferrer\">Internet Explorer<\/a>, <a href=\"https:\/\/support.apple.com\/kb\/PH5042? locale=en_US\" target=\"_blank\" rel=\"noopener noreferrer\">Safari<\/a>, <a href=\"http:\/\/www.opera.com\/help\/tutorials\/security\/privacy\/\" target=\"_blank\" rel=\"noopener noreferrer\">Opera<\/a>. Nach diesem Vorgang k\u00f6nnen jedoch einige Funktionen der Webseiten m\u00f6glicherweise nicht mehr ordnungsgem\u00e4\u00df ausgef\u00fchrt werden.<\/p>\n<p>Diese Datenschutzerkl\u00e4rung kann von Zeit zu Zeit ge\u00e4ndert werden, und die Verwendung der gesammelten Informationen unterliegt der zum Zeitpunkt der Verwendung geltenden Datenschutzerkl\u00e4rung. Das vorliegende Dokument, das unter der Adresse <strong>www.hotelardesia.com<\/strong> ver\u00f6ffentlicht ist, stellt die Datenschutzerkl\u00e4rung dieser Website dar und wird von Zeit zu Zeit aktualisiert, wobei das Datum der Aktualisierung angegeben wird.<\/p>\n<p><em>Aktualisiert am 01.05.2025<\/em>[\/vc_column_text][\/vc_column][\/vc_row]<\/p>\n<\/div>","protected":false},"excerpt":{"rendered":"<p>[vc_row css_animation=&#8220;&#8220; row_type=&#8220;row&#8220; use_row_as_full_screen_section=&#8220;no&#8220; type=&#8220;full_width&#8220; angled_section=&#8220;no&#8220; text_align=&#8220;left&#8220; background_image_as_pattern=&#8220;without_pattern&#8220;][vc_column][vc_empty_space height=&#8220;60px&#8220;][vc_column_text] Privacy Policy [\/vc_column_text][vc_empty_space height=&#8220;60px&#8220;][\/vc_column][\/vc_row][vc_row css_animation=&#8220;&#8220; row_type=&#8220;row&#8220; use_row_as_full_screen_section=&#8220;no&#8220; type=&#8220;full_width&#8220; angled_section=&#8220;no&#8220; text_align=&#8220;left&#8220; background_image_as_pattern=&#8220;without_pattern&#8220;][vc_column][vc_column_text css=&#8220;&#8220;] Unternehmensinformationen Verantwortlicher f\u00fcr die Datenverarbeitung Gems Hotel Sas Adresse des Firmensitzes Viale delle Rimembranze, 80 47924 Bellariva, Rimini (RN) Umsatzsteuer-Identifikationsnummer 00267650406 Verantwortlicher f\u00fcr die&#8230;<\/p>\n","protected":false},"author":1,"featured_media":0,"parent":0,"menu_order":0,"comment_status":"closed","ping_status":"closed","template":"","meta":{"_monsterinsights_skip_tracking":false,"_monsterinsights_sitenote_active":false,"_monsterinsights_sitenote_note":"","_monsterinsights_sitenote_category":0,"footnotes":""},"class_list":["post-3159","page","type-page","status-publish","hentry"],"aioseo_notices":[],"_links":{"self":[{"href":"https:\/\/hotelardesia.com\/de\/wp-json\/wp\/v2\/pages\/3159","targetHints":{"allow":["GET"]}}],"collection":[{"href":"https:\/\/hotelardesia.com\/de\/wp-json\/wp\/v2\/pages"}],"about":[{"href":"https:\/\/hotelardesia.com\/de\/wp-json\/wp\/v2\/types\/page"}],"author":[{"embeddable":true,"href":"https:\/\/hotelardesia.com\/de\/wp-json\/wp\/v2\/users\/1"}],"replies":[{"embeddable":true,"href":"https:\/\/hotelardesia.com\/de\/wp-json\/wp\/v2\/comments?post=3159"}],"version-history":[{"count":0,"href":"https:\/\/hotelardesia.com\/de\/wp-json\/wp\/v2\/pages\/3159\/revisions"}],"wp:attachment":[{"href":"https:\/\/hotelardesia.com\/de\/wp-json\/wp\/v2\/media?parent=3159"}],"curies":[{"name":"wp","href":"https:\/\/api.w.org\/{rel}","templated":true}]}}