{"id":3417,"date":"2025-12-11T14:37:34","date_gmt":"2025-12-11T13:37:34","guid":{"rendered":"https:\/\/hotelardesia.com\/sia-guest-rimini"},"modified":"2025-12-11T14:37:35","modified_gmt":"2025-12-11T13:37:35","slug":"sia-guest-rimini","status":"publish","type":"page","link":"https:\/\/hotelardesia.com\/de\/sia-guest-rimini","title":{"rendered":"Die Sia Guest in Rimini, die Messe f\u00fcr alle, die von Gastfreundschaft leben"},"content":{"rendered":"<div class=\"wpb-content-wrapper\"><p>[vc_row css_animation=&#8220;&#8220; row_type=&#8220;row&#8220; use_row_as_full_screen_section=&#8220;no&#8220; type=&#8220;full_width&#8220; angled_section=&#8220;no&#8220; text_align=&#8220;left&#8220; background_image_as_pattern=&#8220;without_pattern&#8220;][vc_column][vc_empty_space][vc_column_text]<\/p>\n<h3>Die Sia Guest in Rimini, die Messe f\u00fcr alle, die von Gastfreundschaft leben<\/h3>\n<p>Wenn Sie in unserem Hotel in der N\u00e4he der Messe Rimini \u00fcbernachten, das nur 8 Minuten entfernt und gut mit \u00f6ffentlichen Verkehrsmitteln zu erreichen ist, k\u00f6nnen Sie in aller Ruhe und voller Energie das unverzichtbare Ereignis der Messe Sia Guest in Rimini erleben.<\/p>\n<p>Die <strong>Sia Guest<\/strong>, Internationale Messe f\u00fcr Gastlichkeit, findet im Herbst, oft im November, statt und ist eine der wichtigsten Veranstaltungen im Bereich der Hotellerie. Sie erstreckt sich \u00fcber 10 Hallen, in denen 700 Unternehmen aus aller Welt vertreten sind, und zieht bei jeder Ausgabe etwa 48.000 Besucher an.<\/p>\n<p>Die Messe umfasst die Bereiche Einrichtung und Design mit Materialien f\u00fcr Bodenbel\u00e4ge und Verkleidungen, Beleuchtungsanlagen, Einrichtungen f\u00fcr Wellness- und Fitnessr\u00e4ume, Gro\u00dfausstattungen f\u00fcr die Gastronomie sowie die innovativsten L\u00f6sungen f\u00fcr Automatisierung und Energieeinsparung.<\/p>\n<p>Hier finden <strong>Schulungen<\/strong> und Fortbildungen statt, die n\u00fctzlich sind, um sich \u00fcber die neuesten Markttrends zu informieren, sowie interessante interaktive Kurse, um die Beziehungen zwischen Unternehmern und Lieferanten zu st\u00e4rken und die Kommunikation zu erleichtern.<\/p>\n<p>Vertreter der bekanntesten <strong>Hotelketten<\/strong>, Hoteldirektoren, K\u00fcchenchefs, Manager und alle anderen Akteure der Branche sollten sich die Gelegenheit nicht entgehen lassen, mit einer so gro\u00dfen Zahl potenzieller Kunden in Kontakt zu treten und Beziehungen zu den gr\u00f6\u00dften Lieferanten und Unternehmern der Branche aufzubauen und Gesch\u00e4fte abzuschlie\u00dfen.<\/p>\n<p>Wenn Sie sich f\u00fcr unser Hotel entscheiden, das sich unter den Hotels in der N\u00e4he der Messe Rimini durch eine Vielzahl von Dienstleistungen und Angeboten f\u00fcr Messeteilnehmer auszeichnet, k\u00f6nnen Sie Ihre Gesch\u00e4fte mit maximalem Komfort und Bequemlichkeit abwickeln, mit ruhigen Zimmern, die mit allem Komfort ausgestattet sind, einem Restaurant, das f\u00fcr jeden Geschmack etwas zu bieten hat, mit einem reichhaltigen Fr\u00fchst\u00fcck am Morgen und belebenden typischen lokalen Gerichten, wenn Sie von Ihren Terminen zur\u00fcckkehren.[\/vc_column_text][vc_empty_space][\/vc_column][\/vc_row]<\/p>\n<\/div>","protected":false},"excerpt":{"rendered":"<p>[vc_row css_animation=&#8220;&#8220; row_type=&#8220;row&#8220; use_row_as_full_screen_section=&#8220;no&#8220; type=&#8220;full_width&#8220; angled_section=&#8220;no&#8220; text_align=&#8220;left&#8220; background_image_as_pattern=&#8220;without_pattern&#8220;][vc_column][vc_empty_space][vc_column_text] Die Sia Guest in Rimini, die Messe f\u00fcr alle, die von Gastfreundschaft leben Wenn Sie in unserem Hotel in der N\u00e4he der Messe Rimini \u00fcbernachten, das nur 8 Minuten entfernt und gut mit \u00f6ffentlichen Verkehrsmitteln zu erreichen&#8230;<\/p>\n","protected":false},"author":1,"featured_media":0,"parent":0,"menu_order":0,"comment_status":"closed","ping_status":"closed","template":"","meta":{"_monsterinsights_skip_tracking":false,"_monsterinsights_sitenote_active":false,"_monsterinsights_sitenote_note":"","_monsterinsights_sitenote_category":0,"footnotes":""},"class_list":["post-3417","page","type-page","status-publish","hentry"],"aioseo_notices":[],"_links":{"self":[{"href":"https:\/\/hotelardesia.com\/de\/wp-json\/wp\/v2\/pages\/3417","targetHints":{"allow":["GET"]}}],"collection":[{"href":"https:\/\/hotelardesia.com\/de\/wp-json\/wp\/v2\/pages"}],"about":[{"href":"https:\/\/hotelardesia.com\/de\/wp-json\/wp\/v2\/types\/page"}],"author":[{"embeddable":true,"href":"https:\/\/hotelardesia.com\/de\/wp-json\/wp\/v2\/users\/1"}],"replies":[{"embeddable":true,"href":"https:\/\/hotelardesia.com\/de\/wp-json\/wp\/v2\/comments?post=3417"}],"version-history":[{"count":0,"href":"https:\/\/hotelardesia.com\/de\/wp-json\/wp\/v2\/pages\/3417\/revisions"}],"wp:attachment":[{"href":"https:\/\/hotelardesia.com\/de\/wp-json\/wp\/v2\/media?parent=3417"}],"curies":[{"name":"wp","href":"https:\/\/api.w.org\/{rel}","templated":true}]}}