{"id":3431,"date":"2025-12-11T14:39:23","date_gmt":"2025-12-11T13:39:23","guid":{"rendered":"https:\/\/hotelardesia.com\/zentrum-rimini"},"modified":"2025-12-11T14:39:25","modified_gmt":"2025-12-11T13:39:25","slug":"zentrum-rimini","status":"publish","type":"page","link":"https:\/\/hotelardesia.com\/de\/zentrum-rimini","title":{"rendered":"Das Hotel Ardesia liegt nur wenige Schritte von den Sehensw\u00fcrdigkeiten im Zentrum von Rimini entfernt."},"content":{"rendered":"<div class=\"wpb-content-wrapper\"><p>[vc_row css_animation=&#8220;&#8220; row_type=&#8220;row&#8220; use_row_as_full_screen_section=&#8220;no&#8220; type=&#8220;full_width&#8220; angled_section=&#8220;no&#8220; text_align=&#8220;left&#8220; background_image_as_pattern=&#8220;without_pattern&#8220;][vc_column][vc_empty_space height=&#8220;50px&#8220;][vc_column_text]<\/p>\n<h3>Das Hotel Ardesia, nur wenige Schritte von den Sehensw\u00fcrdigkeiten im Zentrum von Rimini entfernt<\/h3>\n<p>Rimini, Heimat der Entspannung und des Vergn\u00fcgens, bewahrt ein unglaubliches kulturelles Erbe, das in seiner Altstadt, in den Pal\u00e4sten, Kirchen und Pl\u00e4tzen zu bewundern ist und zu einem Urlaub im Zeichen der Kunst und Geschichte einl\u00e4dt.<\/p>\n<p>Was heute ein gl\u00e4nzender Ferienort ist, war einst eine der gr\u00f6\u00dften r\u00f6mischen Kolonien, von der au\u00dfergew\u00f6hnliche architektonische Zeugnisse erhalten geblieben sind, allen voran die <strong>Tiberiusbr\u00fccke<\/strong> und der <strong>Augustusbogen<\/strong>.<\/p>\n<p>Weitere pr\u00e4chtige Beispiele aus der Antike sind die drei Pl\u00e4tze, die auch heute noch den Mittelpunkt des gesellschaftlichen Lebens der Stadt bilden: die Piazza Tre Martiri, das antike r\u00f6mische Forum, die Piazza Cavour, umgeben von mittelalterlichen Pal\u00e4sten, darunter die Residenz des Potest\u00e0 von Rimini und Sitz des Stadtrats, mit der Fontana della Pigna und dem <strong>Teatro Galli<\/strong>, und schlie\u00dflich die <strong>Piazza Ferrari<\/strong> mit der <strong>Domus del Chirurgo<\/strong>, ebenfalls r\u00f6mischen Ursprungs; Zu den weiteren architektonischen Meisterwerken der Stadt Rimini z\u00e4hlen das <strong>r\u00f6mische Amphitheater<\/strong> und das Stadtmuseum.<\/p>\n<p>Rimini ist auch die Stadt von <strong>Castel Sismondo<\/strong> und dem <strong>Tempio Malatestiano<\/strong>, unverkennbare Zeichen der Herrschaft der Malatesta, die hier in der Renaissance regierten und heute Ausstellungen und Veranstaltungen von gro\u00dfem Reiz beherbergen.<\/p>\n<p>Das ganze Jahr \u00fcber finden in Rimini verschiedene kulturelle Veranstaltungen statt, vor allem aber im Sommer, wie die mittelalterliche Hochzeit zwischen Roberto Malatesta und Elisabetta da Montefeltro, ein Ereignis, das die Stadt in eine mittelalterliche Atmosph\u00e4re h\u00fcllt, das <strong>Festival del Mondo Antico<\/strong> mit Ausstellungen, Debatten, Konzerten und Begegnungen zur Entdeckung der Kultur und Geschichte, und das <strong>Sagra Malatestiana<\/strong> mit Konzerten bedeutender K\u00fcnstler, das im Winter stattfindet.<\/p>\n<p>Das Hotel Ardesia, nur wenige Schritte vom historischen Zentrum von Rimini entfernt, ist ein idealer Ort, um die wundersch\u00f6ne Stadt und ihre Sehensw\u00fcrdigkeiten sowie die spannenden Veranstaltungen, die hier stattfinden, zu besuchen.[\/vc_column_text][vc_empty_space height=&#8220;50px&#8220;][\/vc_column][\/vc_row]<\/p>\n<\/div>","protected":false},"excerpt":{"rendered":"<p>[vc_row css_animation=&#8220;&#8220; row_type=&#8220;row&#8220; use_row_as_full_screen_section=&#8220;no&#8220; type=&#8220;full_width&#8220; angled_section=&#8220;no&#8220; text_align=&#8220;left&#8220; background_image_as_pattern=&#8220;without_pattern&#8220;][vc_column][vc_empty_space height=&#8220;50px&#8220;][vc_column_text] Das Hotel Ardesia, nur wenige Schritte von den Sehensw\u00fcrdigkeiten im Zentrum von Rimini entfernt Rimini, Heimat der Entspannung und des Vergn\u00fcgens, bewahrt ein unglaubliches kulturelles Erbe, das in seiner Altstadt, in den Pal\u00e4sten, Kirchen und Pl\u00e4tzen&#8230;<\/p>\n","protected":false},"author":1,"featured_media":2200,"parent":0,"menu_order":0,"comment_status":"closed","ping_status":"closed","template":"full_width.php","meta":{"_monsterinsights_skip_tracking":false,"_monsterinsights_sitenote_active":false,"_monsterinsights_sitenote_note":"","_monsterinsights_sitenote_category":0,"footnotes":""},"class_list":["post-3431","page","type-page","status-publish","has-post-thumbnail","hentry"],"aioseo_notices":[],"_links":{"self":[{"href":"https:\/\/hotelardesia.com\/de\/wp-json\/wp\/v2\/pages\/3431","targetHints":{"allow":["GET"]}}],"collection":[{"href":"https:\/\/hotelardesia.com\/de\/wp-json\/wp\/v2\/pages"}],"about":[{"href":"https:\/\/hotelardesia.com\/de\/wp-json\/wp\/v2\/types\/page"}],"author":[{"embeddable":true,"href":"https:\/\/hotelardesia.com\/de\/wp-json\/wp\/v2\/users\/1"}],"replies":[{"embeddable":true,"href":"https:\/\/hotelardesia.com\/de\/wp-json\/wp\/v2\/comments?post=3431"}],"version-history":[{"count":0,"href":"https:\/\/hotelardesia.com\/de\/wp-json\/wp\/v2\/pages\/3431\/revisions"}],"wp:featuredmedia":[{"embeddable":true,"href":"https:\/\/hotelardesia.com\/de\/wp-json\/wp\/v2\/media\/2200"}],"wp:attachment":[{"href":"https:\/\/hotelardesia.com\/de\/wp-json\/wp\/v2\/media?parent=3431"}],"curies":[{"name":"wp","href":"https:\/\/api.w.org\/{rel}","templated":true}]}}