{"id":3442,"date":"2025-12-11T14:41:17","date_gmt":"2025-12-11T13:41:17","guid":{"rendered":"https:\/\/hotelardesia.com\/hinterland-der-romagna"},"modified":"2025-12-11T14:41:18","modified_gmt":"2025-12-11T13:41:18","slug":"hinterland-der-romagna","status":"publish","type":"page","link":"https:\/\/hotelardesia.com\/de\/hinterland-der-romagna","title":{"rendered":"Das Hotel Ardesia l\u00e4dt Sie ein, das Hinterland der Romagna zu entdecken."},"content":{"rendered":"<div class=\"wpb-content-wrapper\"><p>[vc_row css_animation=&#8220;&#8220; row_type=&#8220;row&#8220; use_row_as_full_screen_section=&#8220;no&#8220; type=&#8220;full_width&#8220; angled_section=&#8220;no&#8220; text_align=&#8220;left&#8220; background_image_as_pattern=&#8220;without_pattern&#8220;][vc_column][vc_empty_space height=&#8220;50px&#8220;][vc_column_text]<\/p>\n<h3><strong>Das Hotel Ardesia l\u00e4dt Sie ein, das Hinterland der Romagna zu entdecken<\/strong><\/h3>\n<p>Die Einzigartigkeit der <strong>Romagna<\/strong> teilt sich auf in eine lange Sandk\u00fcste und ein Hinterland, in dem sanfte H\u00fcgel von Fl\u00fcssen durchzogen sind, die durch die gr\u00fcnen T\u00e4ler zum Meer flie\u00dfen.<br \/>Gerade in dieser wundersch\u00f6nen Landschaft des <strong>Hinterlandes der Romagna<\/strong> kann man alte D\u00f6rfer und Burgen bewundern, die unvergleichliche Kunst, Kultur und Traditionen bergen. Insbesondere zwischen dem Valmarecchia und dem Valconca liegen D\u00f6rfer, Festungen, Mauern, T\u00fcrme und Panoramaterrassen von unglaublicher Sch\u00f6nheit.<\/p>\n<p>Im Valmarecchia sind die D\u00f6rfer <strong>Saiano<\/strong>, <strong>San Leo<\/strong> und <strong>San Marino<\/strong> besonders reizvoll, die auf schroffen Felsvorspr\u00fcngen liegen und auf lehmige H\u00fcgel, dichte und raue Vegetation und abwechslungsreiche, spannende und faszinierende Felslandschaften blicken.<br \/>In <strong>Santarcangelo<\/strong> beeindrucken die Rocca Malatestiana und die wundersch\u00f6ne Piazza, in Verucchio hingegen die antike Quelle und der Malatestiano-Brunnen; bezaubernd ist die Wallfahrtskirche Madonna in Saiano.<\/p>\n<p>Das Valconca erstreckt sich bis nach Cattolica und umfasst unter den landschaftlich und monumentalen Gesichtspunkten interessantesten Orten <strong>Morciano di Romagna<\/strong> und <strong>San Giovanni in Marignano<\/strong> mit dem Theater Massari aus dem 19. Jahrhundert, einem Stolz dieser Gegend.<br \/>An der Grenze zu Pesaro fasziniert Montegridolfo mit seinem mittelalterlichen Dorfkern, dessen Struktur intakt geblieben ist, w\u00e4hrend Montefiore Conca, die alte Festung der Malatesta, vom gesamten darunter liegenden Tal aus sichtbar ist. Gemmano ist der \u201eBalkon der Adria\u201d im bezaubernden Naturschutzgebiet Onferno, Montescudo besitzt das sehenswerte Museum der b\u00e4uerlichen Kultur.<br \/>Den Abschluss der Route bildet <strong>Carpegna<\/strong> am Fu\u00dfe des gleichnamigen Berges, aus dem der Fluss Conca entspringt.<\/p>\n<p>Ein ausgezeichneter Ausgangspunkt f\u00fcr unvergessliche Ausfl\u00fcge ins Hinterland der Romagna ist das Hotel Ardesia, das mit seinen komfortablen und entspannenden R\u00e4umlichkeiten nur wenige Schritte vom Zentrum von Rimini entfernt liegt.[\/vc_column_text][vc_empty_space height=&#8220;50px&#8220;][\/vc_column][\/vc_row]<\/p>\n<\/div>","protected":false},"excerpt":{"rendered":"<p>[vc_row css_animation=&#8220;&#8220; row_type=&#8220;row&#8220; use_row_as_full_screen_section=&#8220;no&#8220; type=&#8220;full_width&#8220; angled_section=&#8220;no&#8220; text_align=&#8220;left&#8220; background_image_as_pattern=&#8220;without_pattern&#8220;][vc_column][vc_empty_space height=&#8220;50px&#8220;][vc_column_text] Das Hotel Ardesia l\u00e4dt Sie ein, das Hinterland der Romagna zu entdecken Die Einzigartigkeit der Romagna teilt sich auf in eine lange Sandk\u00fcste und ein Hinterland, in dem sanfte H\u00fcgel von Fl\u00fcssen durchzogen sind, die durch&#8230;<\/p>\n","protected":false},"author":1,"featured_media":0,"parent":0,"menu_order":0,"comment_status":"closed","ping_status":"closed","template":"full_width.php","meta":{"_monsterinsights_skip_tracking":false,"_monsterinsights_sitenote_active":false,"_monsterinsights_sitenote_note":"","_monsterinsights_sitenote_category":0,"footnotes":""},"class_list":["post-3442","page","type-page","status-publish","hentry"],"aioseo_notices":[],"_links":{"self":[{"href":"https:\/\/hotelardesia.com\/de\/wp-json\/wp\/v2\/pages\/3442","targetHints":{"allow":["GET"]}}],"collection":[{"href":"https:\/\/hotelardesia.com\/de\/wp-json\/wp\/v2\/pages"}],"about":[{"href":"https:\/\/hotelardesia.com\/de\/wp-json\/wp\/v2\/types\/page"}],"author":[{"embeddable":true,"href":"https:\/\/hotelardesia.com\/de\/wp-json\/wp\/v2\/users\/1"}],"replies":[{"embeddable":true,"href":"https:\/\/hotelardesia.com\/de\/wp-json\/wp\/v2\/comments?post=3442"}],"version-history":[{"count":0,"href":"https:\/\/hotelardesia.com\/de\/wp-json\/wp\/v2\/pages\/3442\/revisions"}],"wp:attachment":[{"href":"https:\/\/hotelardesia.com\/de\/wp-json\/wp\/v2\/media?parent=3442"}],"curies":[{"name":"wp","href":"https:\/\/api.w.org\/{rel}","templated":true}]}}