{"id":3449,"date":"2025-12-11T14:44:10","date_gmt":"2025-12-11T13:44:10","guid":{"rendered":"https:\/\/hotelardesia.com\/sigep-messe-rimini"},"modified":"2025-12-11T14:44:11","modified_gmt":"2025-12-11T13:44:11","slug":"sigep-messe-rimini","status":"publish","type":"page","link":"https:\/\/hotelardesia.com\/de\/sigep-messe-rimini","title":{"rendered":"Das Hotel in der N\u00e4he der Messe Rimini, um die Sigep zu entdecken"},"content":{"rendered":"<div class=\"wpb-content-wrapper\"><p>[vc_row css_animation=&#8220;&#8220; row_type=&#8220;row&#8220; use_row_as_full_screen_section=&#8220;no&#8220; type=&#8220;full_width&#8220; angled_section=&#8220;no&#8220; text_align=&#8220;left&#8220; background_image_as_pattern=&#8220;without_pattern&#8220;][vc_column][vc_empty_space][vc_column_text]<\/p>\n<h3>Das Hotel in der N\u00e4he der Messe Rimini, um die Sigep zu entdecken<\/h3>\n<p>Als G\u00e4ste unseres Hotels in Bellariva di Rimini k\u00f6nnen Sie auch alle Business-Veranstaltungen, die j\u00e4hrlich auf dem Messegel\u00e4nde stattfinden, in vollen Z\u00fcgen genie\u00dfen.<\/p>\n<p>Wenn beispielsweise der Gaumen Ihre Lieblingss\u00fcnde ist, dann ist unser <strong>Hotel in der N\u00e4he der Messe Rimini<\/strong> der ideale Ausgangspunkt f\u00fcr einen Besuch der Sigep, der internationalen Fachmesse f\u00fcr handwerklich hergestellte Eiscreme, Konditoreiwaren und Backwaren, die Rimini jedes Jahr zur Hauptstadt der S\u00fc\u00dfigkeiten macht.<\/p>\n<p>Ob Sie nun zum St\u00f6bern hier sind oder gesch\u00e4ftlich zu tun haben, wenn Sie sich f\u00fcr eines unserer Hotels in der N\u00e4he der <strong>Messe Rimini<\/strong> entscheiden, werden Ihre Tage zu einer perfekten Mischung aus Messe und Entspannung: Sie sind nur wenige Minuten von der Sigep entfernt und k\u00f6nnen sich in unseren ger\u00e4umigen und hellen Zimmern nach Ihrer R\u00fcckkehr vollkommen entspannen.<\/p>\n<p>So erleben Sie auf die beste Art und Weise eine Veranstaltung, f\u00fcr die sich jedes Jahr fast 100.000 Menschen entscheiden, eine f\u00fchrende Veranstaltung in diesem Bereich auf europ\u00e4ischer Ebene, bei der sich etwa 700 Aussteller und die besten Konditoren aus aller Welt treffen.<br \/>Mit Wettbewerben, Ausstellungen, Konferenzen und Workshops gilt die Sigep mittlerweile als Dreh- und Angelpunkt der Branche, wo die Zukunft gestaltet wird, indem man aus den Fehlern der Vergangenheit lernt. Sie ist ein wichtiger Moment f\u00fcr die berufliche Weiterentwicklung, aber auch ein Ort, an dem Arbeitsbeziehungen gekn\u00fcpft werden, die das Made in Italy im Lebensmittelbereich in die Welt tragen.<\/p>\n<p>Entdecken Sie die s\u00fc\u00dfe und schmackhafte Welt der <strong>Sigep<\/strong> hautnah, vielleicht um die Weltmeisterschaft der Chocolatiers zu verfolgen oder um herauszufinden, wer den Gelato d&#8217;Oro gewinnen wird: Sie werden feststellen, dass das Gesch\u00e4ft manchmal auch angenehm sein kann.[\/vc_column_text][vc_empty_space][\/vc_column][\/vc_row]<\/p>\n<\/div>","protected":false},"excerpt":{"rendered":"<p>[vc_row css_animation=&#8220;&#8220; row_type=&#8220;row&#8220; use_row_as_full_screen_section=&#8220;no&#8220; type=&#8220;full_width&#8220; angled_section=&#8220;no&#8220; text_align=&#8220;left&#8220; background_image_as_pattern=&#8220;without_pattern&#8220;][vc_column][vc_empty_space][vc_column_text] Das Hotel in der N\u00e4he der Messe Rimini, um die Sigep zu entdecken Als G\u00e4ste unseres Hotels in Bellariva di Rimini k\u00f6nnen Sie auch alle Business-Veranstaltungen, die j\u00e4hrlich auf dem Messegel\u00e4nde stattfinden, in vollen Z\u00fcgen genie\u00dfen. Wenn&#8230;<\/p>\n","protected":false},"author":1,"featured_media":0,"parent":0,"menu_order":0,"comment_status":"closed","ping_status":"closed","template":"","meta":{"_monsterinsights_skip_tracking":false,"_monsterinsights_sitenote_active":false,"_monsterinsights_sitenote_note":"","_monsterinsights_sitenote_category":0,"footnotes":""},"class_list":["post-3449","page","type-page","status-publish","hentry"],"aioseo_notices":[],"_links":{"self":[{"href":"https:\/\/hotelardesia.com\/de\/wp-json\/wp\/v2\/pages\/3449","targetHints":{"allow":["GET"]}}],"collection":[{"href":"https:\/\/hotelardesia.com\/de\/wp-json\/wp\/v2\/pages"}],"about":[{"href":"https:\/\/hotelardesia.com\/de\/wp-json\/wp\/v2\/types\/page"}],"author":[{"embeddable":true,"href":"https:\/\/hotelardesia.com\/de\/wp-json\/wp\/v2\/users\/1"}],"replies":[{"embeddable":true,"href":"https:\/\/hotelardesia.com\/de\/wp-json\/wp\/v2\/comments?post=3449"}],"version-history":[{"count":0,"href":"https:\/\/hotelardesia.com\/de\/wp-json\/wp\/v2\/pages\/3449\/revisions"}],"wp:attachment":[{"href":"https:\/\/hotelardesia.com\/de\/wp-json\/wp\/v2\/media?parent=3449"}],"curies":[{"name":"wp","href":"https:\/\/api.w.org\/{rel}","templated":true}]}}