{"id":3456,"date":"2025-12-11T14:45:01","date_gmt":"2025-12-11T13:45:01","guid":{"rendered":"https:\/\/hotelardesia.com\/rimini-wellness"},"modified":"2025-12-11T14:45:02","modified_gmt":"2025-12-11T13:45:02","slug":"rimini-wellness","status":"publish","type":"page","link":"https:\/\/hotelardesia.com\/de\/rimini-wellness","title":{"rendered":"Die Messe Rimini Wellness f\u00fcr Ihr Wohlbefinden"},"content":{"rendered":"<div class=\"wpb-content-wrapper\"><p>[vc_row css_animation=&#8220;&#8220; row_type=&#8220;row&#8220; use_row_as_full_screen_section=&#8220;no&#8220; type=&#8220;grid&#8220; angled_section=&#8220;no&#8220; text_align=&#8220;left&#8220; background_image_as_pattern=&#8220;without_pattern&#8220; z_index=&#8220;&#8220;][vc_column][vc_empty_space][vc_column_text]<\/p>\n<h3>Die Messe Rimini Wellness f\u00fcr Ihr Wohlbefinden<\/h3>\n<p>Wenn Sie in unserem <strong>ganzj\u00e4hrig ge\u00f6ffneten Hotel in Rimini<\/strong> \u00fcbernachten, haben Sie die einmalige Gelegenheit, alle Veranstaltungen, die den Kalender der nahe gelegenen Messe Rimini bereichern, mit h\u00f6chstem Komfort zu erleben, wie beispielsweise die unverzichtbare <strong>Rimini Wellness<\/strong>, die nur 8 Minuten von uns entfernt und auch mit den effizienten \u00f6ffentlichen Verkehrsmitteln, die Bellariva gut bedienen, leicht zu erreichen ist.<\/p>\n<p>Die Rimini Wellness ist die wichtigste Veranstaltung zum Thema Wellness als Lebensphilosophie, die nicht nur den rein physischen Aspekt betrifft, sondern auch zahlreiche andere Bereiche des t\u00e4glichen Lebens, von Sport \u00fcber Ern\u00e4hrung bis hin zum Tourismus.<\/p>\n<p>Die Veranstaltung findet auf dem Messegel\u00e4nde in Rimini statt und ist in zwei gro\u00dfe Bereiche unterteilt. Der erste Bereich ist die WFUN, das Ziel f\u00fcr alle Liebhaber des guten Lebens, wo Sie faszinierende Vorf\u00fchrungen der unterschiedlichsten Sportarten sehen, Massagen und K\u00f6rperbehandlungen genie\u00dfen und an der Pr\u00e4sentation von Sportarten, Ger\u00e4ten und Sportbekleidung teilnehmen k\u00f6nnen.<\/p>\n<p>Der zweite Bereich ist die <strong>WPRO<\/strong>, die ein Muss f\u00fcr alle Akteure des Wellness-Marktes ist, die hier die M\u00f6glichkeit haben, sich mit den wichtigsten Herstellern und Lieferanten sowie mit K\u00e4ufern aus aller Welt zu treffen und an Fortbildungskursen und Konferenzen teilzunehmen, um sich \u00fcber die neuesten Entwicklungen und Trends der Branche zu informieren.<\/p>\n<p>Beauty und Fitness, SPA-Anlagen, Di\u00e4tnahrung, Rehabilitationstechniken \u2013 es gibt viele Bereiche, die von dieser wichtigen Veranstaltung abgedeckt werden. Wenn Sie in unserem Hotel in der N\u00e4he der Messe Rimini \u00fcbernachten, k\u00f6nnen Sie alle Facetten und Gesch\u00e4ftsm\u00f6glichkeiten entdecken und dabei von unseren g\u00fcnstigen Angeboten f\u00fcr Messeteilnehmer profitieren.[\/vc_column_text][vc_empty_space][\/vc_column][\/vc_row]<\/p>\n<\/div>","protected":false},"excerpt":{"rendered":"<p>[vc_row css_animation=&#8220;&#8220; row_type=&#8220;row&#8220; use_row_as_full_screen_section=&#8220;no&#8220; type=&#8220;grid&#8220; angled_section=&#8220;no&#8220; text_align=&#8220;left&#8220; background_image_as_pattern=&#8220;without_pattern&#8220; z_index=&#8220;&#8220;][vc_column][vc_empty_space][vc_column_text] Die Messe Rimini Wellness f\u00fcr Ihr Wohlbefinden Wenn Sie in unserem ganzj\u00e4hrig ge\u00f6ffneten Hotel in Rimini \u00fcbernachten, haben Sie die einmalige Gelegenheit, alle Veranstaltungen, die den Kalender der nahe gelegenen Messe Rimini bereichern, mit h\u00f6chstem Komfort&#8230;<\/p>\n","protected":false},"author":1,"featured_media":0,"parent":0,"menu_order":0,"comment_status":"closed","ping_status":"closed","template":"full_width.php","meta":{"_monsterinsights_skip_tracking":false,"_monsterinsights_sitenote_active":false,"_monsterinsights_sitenote_note":"","_monsterinsights_sitenote_category":0,"footnotes":""},"class_list":["post-3456","page","type-page","status-publish","hentry"],"aioseo_notices":[],"_links":{"self":[{"href":"https:\/\/hotelardesia.com\/de\/wp-json\/wp\/v2\/pages\/3456","targetHints":{"allow":["GET"]}}],"collection":[{"href":"https:\/\/hotelardesia.com\/de\/wp-json\/wp\/v2\/pages"}],"about":[{"href":"https:\/\/hotelardesia.com\/de\/wp-json\/wp\/v2\/types\/page"}],"author":[{"embeddable":true,"href":"https:\/\/hotelardesia.com\/de\/wp-json\/wp\/v2\/users\/1"}],"replies":[{"embeddable":true,"href":"https:\/\/hotelardesia.com\/de\/wp-json\/wp\/v2\/comments?post=3456"}],"version-history":[{"count":0,"href":"https:\/\/hotelardesia.com\/de\/wp-json\/wp\/v2\/pages\/3456\/revisions"}],"wp:attachment":[{"href":"https:\/\/hotelardesia.com\/de\/wp-json\/wp\/v2\/media?parent=3456"}],"curies":[{"name":"wp","href":"https:\/\/api.w.org\/{rel}","templated":true}]}}