{"id":3463,"date":"2025-12-11T14:46:01","date_gmt":"2025-12-11T13:46:01","guid":{"rendered":"https:\/\/hotelardesia.com\/last-minute-bellariva-rimini"},"modified":"2025-12-11T14:46:02","modified_gmt":"2025-12-11T13:46:02","slug":"last-minute-bellariva-rimini","status":"publish","type":"page","link":"https:\/\/hotelardesia.com\/de\/last-minute-bellariva-rimini","title":{"rendered":"Last Minute in Bellariva di Rimini: W\u00e4hlen Sie aus und fahren Sie los!"},"content":{"rendered":"<div class=\"wpb-content-wrapper\"><p>[vc_row css_animation=&#8220;&#8220; row_type=&#8220;row&#8220; use_row_as_full_screen_section=&#8220;no&#8220; type=&#8220;full_width&#8220; angled_section=&#8220;no&#8220; text_align=&#8220;left&#8220; background_image_as_pattern=&#8220;without_pattern&#8220;][vc_column][vc_empty_space][vc_column_text]<\/p>\n<h3>Last Minute in Bellariva di Rimini: W\u00e4hlen Sie aus und fahren Sie los!<\/h3>\n<p>Wenn Sie zu denjenigen geh\u00f6ren, die ihr Sommerurlaubsziel immer in letzter Minute w\u00e4hlen, haben wir auch an Sie gedacht: Entdecken Sie alle unsere <strong>Last-Minute-Angebote f\u00fcr Bellariva di Rimini<\/strong> und g\u00f6nnen Sie sich einen g\u00fcnstigen Urlaub im Reich des Vergn\u00fcgens, der Riviera Romagnola.<br \/>Hier finden Sie alles, was Sie sich f\u00fcr Ihren Urlaub w\u00fcnschen: Entspannung, Unterhaltung, kleine Naturoasen und wundersch\u00f6ne Kultur- und Kunstzentren, die es zu entdecken gilt.<br \/>Als Gast unseres <strong>Hotels in Bellariva<\/strong> erreichen Sie alles bequem, da es sich in einer ausgesprochen privilegierten Lage befindet: Hier finden Sie einen Pluspunkt, den man nicht kaufen kann, n\u00e4mlich Ihre Urlaubstage bequem und frei zu gestalten.<\/p>\n<p>Wenn Sie mit Ihren Lieben verreisen, k\u00f6nnen Sie unsere g\u00fcnstigen <strong>Angebote f\u00fcr Familien in Rimini<\/strong> nutzen und einfach die Stadt genie\u00dfen: Sie alle werden sch\u00e4tzen, was diese Perle der Romagna ihren G\u00e4sten seit Jahren zu bieten hat.<br \/>Vom Vergn\u00fcgen in Marina Centro, dem Herzen des Sommerlebens in Rimini, bis hin zu den Thermen, den Vergn\u00fcgungsparks und einer Altstadt von unvergleichlichem Charme werden Sie erstaunt sein, dass nicht nur das Meer die Attraktion ist, die dieses Land weltweit ber\u00fchmt gemacht hat.<\/p>\n<p>Von den typischen Gerichten bis hin zu den Weinen wird auch die \u00f6nogastronomische Seite Ihres Urlaubs zu einem unvergesslichen Teil Ihrer Erinnerungen werden.<br \/>Verpassen Sie nicht die Gelegenheit, Ihren Urlaub so zu erleben, wie Sie es sich immer ertr\u00e4umt haben: Tage voller purer und einfacher Entspannung. Als G\u00e4ste unseres Hotels in Bellariva di Rimini wird dieser Traum leicht Wirklichkeit werden.[\/vc_column_text][vc_empty_space][\/vc_column][\/vc_row]<\/p>\n<\/div>","protected":false},"excerpt":{"rendered":"<p>[vc_row css_animation=&#8220;&#8220; row_type=&#8220;row&#8220; use_row_as_full_screen_section=&#8220;no&#8220; type=&#8220;full_width&#8220; angled_section=&#8220;no&#8220; text_align=&#8220;left&#8220; background_image_as_pattern=&#8220;without_pattern&#8220;][vc_column][vc_empty_space][vc_column_text] Last Minute in Bellariva di Rimini: W\u00e4hlen Sie aus und fahren Sie los! Wenn Sie zu denjenigen geh\u00f6ren, die ihr Sommerurlaubsziel immer in letzter Minute w\u00e4hlen, haben wir auch an Sie gedacht: Entdecken Sie alle unsere Last-Minute-Angebote&#8230;<\/p>\n","protected":false},"author":1,"featured_media":0,"parent":0,"menu_order":0,"comment_status":"closed","ping_status":"closed","template":"","meta":{"_monsterinsights_skip_tracking":false,"_monsterinsights_sitenote_active":false,"_monsterinsights_sitenote_note":"","_monsterinsights_sitenote_category":0,"footnotes":""},"class_list":["post-3463","page","type-page","status-publish","hentry"],"aioseo_notices":[],"_links":{"self":[{"href":"https:\/\/hotelardesia.com\/de\/wp-json\/wp\/v2\/pages\/3463","targetHints":{"allow":["GET"]}}],"collection":[{"href":"https:\/\/hotelardesia.com\/de\/wp-json\/wp\/v2\/pages"}],"about":[{"href":"https:\/\/hotelardesia.com\/de\/wp-json\/wp\/v2\/types\/page"}],"author":[{"embeddable":true,"href":"https:\/\/hotelardesia.com\/de\/wp-json\/wp\/v2\/users\/1"}],"replies":[{"embeddable":true,"href":"https:\/\/hotelardesia.com\/de\/wp-json\/wp\/v2\/comments?post=3463"}],"version-history":[{"count":0,"href":"https:\/\/hotelardesia.com\/de\/wp-json\/wp\/v2\/pages\/3463\/revisions"}],"wp:attachment":[{"href":"https:\/\/hotelardesia.com\/de\/wp-json\/wp\/v2\/media?parent=3463"}],"curies":[{"name":"wp","href":"https:\/\/api.w.org\/{rel}","templated":true}]}}