{"id":3472,"date":"2025-12-11T14:46:41","date_gmt":"2025-12-11T13:46:41","guid":{"rendered":"https:\/\/hotelardesia.com\/thermen-rimini"},"modified":"2025-12-11T14:46:42","modified_gmt":"2025-12-11T13:46:42","slug":"thermen-rimini","status":"publish","type":"page","link":"https:\/\/hotelardesia.com\/de\/thermen-rimini","title":{"rendered":"Die Thermen von Rimini"},"content":{"rendered":"<div class=\"wpb-content-wrapper\"><p>[vc_row css_animation=&#8220;&#8220; row_type=&#8220;row&#8220; use_row_as_full_screen_section=&#8220;no&#8220; type=&#8220;full_width&#8220; angled_section=&#8220;no&#8220; text_align=&#8220;left&#8220; background_image_as_pattern=&#8220;without_pattern&#8220;][vc_column][vc_empty_space][vc_column_text]<\/p>\n<h3>Die Thermen von Rimini<\/h3>\n<p>Lust auf Entspannung? Dann sind die <strong>Thermen von Rimini<\/strong> genau das Richtige f\u00fcr Sie: Hier entdecken Sie alle wohltuenden Eigenschaften des Meerwassers in einem hochmodernen Zentrum, das Entspannung mit Physiotherapie, Thalassotherapie und purem Wellness verbindet.<br \/>Unser <strong>Hotel in der N\u00e4he von Rimini<\/strong> ist der ideale Ausgangspunkt, um die Thermen optimal zu nutzen, und erm\u00f6glicht es Ihnen, diese jederzeit zu erreichen, auch wenn Sie nur ein paar Stunden pure Entspannung genie\u00dfen m\u00f6chten.<br \/>Hier stehen Ihnen verschiedene Behandlungen f\u00fcr jeden Bedarf zur Verf\u00fcgung: Wer beispielsweise unter Beschwerden leidet oder eine Rehabilitation ben\u00f6tigt, findet ein aufmerksames medizinisches Personal vor, das sich bestm\u00f6glich um ihn k\u00fcmmert und die wohltuende Wirkung des Wassers und des Schlamms entsprechend der erforderlichen Behandlung optimal nutzt.<br \/>Wer hingegen einfach nur einen Ort sucht, an dem er sich verw\u00f6hnen lassen kann, wird das Wellnesscenter der Terme di Rimini besonders sch\u00e4tzen, wo er aus Dutzenden von Beauty- und Wellnessbehandlungen w\u00e4hlen kann.<\/p>\n<p>Von Ayurveda-Massagen bis hin zu den vielen Freizeit- und Sportaktivit\u00e4ten, die das Zentrum anbietet, wird Ihnen bestimmt nicht langweilig: F\u00fcr diejenigen, die Lust auf ein Bad im Meer haben, gibt es auch die Badeanstalt Blue Beach, wo Sie viele Aktivit\u00e4ten und sogar einen kleinen Fitnessraum am Meer finden.<\/p>\n<p>Unser Hotel in Bellariva di Rimini wird Ihr Zuhause am Meer sein, das Sie nach einem Tag voller Wellness willkommen hei\u00dft, um auch die letzten Stunden vor dem wohlverdienten Schlaf zu einer angenehmen Auszeit zu machen, die Ihnen hilft, neue Energie zu tanken, bevor Sie wieder an die Arbeit gehen![\/vc_column_text][vc_empty_space][\/vc_column][\/vc_row]<\/p>\n<\/div>","protected":false},"excerpt":{"rendered":"<p>[vc_row css_animation=&#8220;&#8220; row_type=&#8220;row&#8220; use_row_as_full_screen_section=&#8220;no&#8220; type=&#8220;full_width&#8220; angled_section=&#8220;no&#8220; text_align=&#8220;left&#8220; background_image_as_pattern=&#8220;without_pattern&#8220;][vc_column][vc_empty_space][vc_column_text] Die Thermen von Rimini Lust auf Entspannung? Dann sind die Thermen von Rimini genau das Richtige f\u00fcr Sie: Hier entdecken Sie alle wohltuenden Eigenschaften des Meerwassers in einem hochmodernen Zentrum, das Entspannung mit Physiotherapie, Thalassotherapie und purem&#8230;<\/p>\n","protected":false},"author":1,"featured_media":0,"parent":0,"menu_order":0,"comment_status":"closed","ping_status":"closed","template":"","meta":{"_monsterinsights_skip_tracking":false,"_monsterinsights_sitenote_active":false,"_monsterinsights_sitenote_note":"","_monsterinsights_sitenote_category":0,"footnotes":""},"class_list":["post-3472","page","type-page","status-publish","hentry"],"aioseo_notices":[],"_links":{"self":[{"href":"https:\/\/hotelardesia.com\/de\/wp-json\/wp\/v2\/pages\/3472","targetHints":{"allow":["GET"]}}],"collection":[{"href":"https:\/\/hotelardesia.com\/de\/wp-json\/wp\/v2\/pages"}],"about":[{"href":"https:\/\/hotelardesia.com\/de\/wp-json\/wp\/v2\/types\/page"}],"author":[{"embeddable":true,"href":"https:\/\/hotelardesia.com\/de\/wp-json\/wp\/v2\/users\/1"}],"replies":[{"embeddable":true,"href":"https:\/\/hotelardesia.com\/de\/wp-json\/wp\/v2\/comments?post=3472"}],"version-history":[{"count":0,"href":"https:\/\/hotelardesia.com\/de\/wp-json\/wp\/v2\/pages\/3472\/revisions"}],"wp:attachment":[{"href":"https:\/\/hotelardesia.com\/de\/wp-json\/wp\/v2\/media?parent=3472"}],"curies":[{"name":"wp","href":"https:\/\/api.w.org\/{rel}","templated":true}]}}