{"id":3479,"date":"2025-12-11T14:47:12","date_gmt":"2025-12-11T13:47:12","guid":{"rendered":"https:\/\/hotelardesia.com\/my-special-car-rimini"},"modified":"2025-12-11T14:47:13","modified_gmt":"2025-12-11T13:47:13","slug":"my-special-car-rimini","status":"publish","type":"page","link":"https:\/\/hotelardesia.com\/de\/my-special-car-rimini","title":{"rendered":"My special Car Rimini"},"content":{"rendered":"<div class=\"wpb-content-wrapper\"><p>[vc_row css_animation=&#8220;&#8220; row_type=&#8220;row&#8220; use_row_as_full_screen_section=&#8220;no&#8220; type=&#8220;full_width&#8220; angled_section=&#8220;no&#8220; text_align=&#8220;left&#8220; background_image_as_pattern=&#8220;without_pattern&#8220;][vc_column][vc_empty_space][vc_column_text]<\/p>\n<h3>My special Car in Rimini<\/h3>\n<p>Autoliebhaber kennen den Namen dieser Veranstaltung gut, die im M\u00e4rz die gesamte Riviera mit dem Dr\u00f6hnen der leistungsst\u00e4rksten Motoren der Welt erf\u00fcllt.<\/p>\n<p>Die <strong>My Special Car Show<\/strong> in Rimini ist ein Muss f\u00fcr alle, die ihr Auto individuell gestalten m\u00f6chten. Jedes Jahr kommen durchschnittlich mehr als 90.000 Besucher, um sich Tausende von Fahrzeugen anzusehen.<br \/>Das Tuning, also die Individualisierung von Autos nach den unterschiedlichsten Bed\u00fcrfnissen, ist ein stark wachsender Sektor, der in der <strong>My Special Car<\/strong> einen der italienischen und internationalen Bezugspunkte sieht.<br \/>Zwischen Fest, Ausstellungen, spannenden Wettbewerben, aber auch Konferenzen und Branchentreffen bedeutet ein Besuch hier nicht nur, seine Leidenschaften zu verw\u00f6hnen, sondern auch, gegebenenfalls vorteilhafte Gesch\u00e4fte zu machen, wenn Tuning Ihr Bereich ist.<\/p>\n<p>Als G\u00e4ste unseres Hotels in der N\u00e4he der <strong>Messe Rimini<\/strong> k\u00f6nnen Sie die My Special Car Show auch bequem mit dem Bus erreichen.<br \/>Ohne Stress beim Parken sparen Sie wertvolle Zeit, die Sie ganz den vielen hier ausgestellten Autos widmen k\u00f6nnen, oder vielleicht einem der organisierten Wettbewerbe wie dem Tractor Pulling, einer einzigartigen Disziplin, bei der modifizierte Autos gegeneinander antreten, indem sie einen Anh\u00e4nger, einen sogenannten Schlitten, ziehen, der bis zu 25.000 Kilogramm wiegen kann.<\/p>\n<p>Warten Sie nicht l\u00e4nger und reservieren Sie Ihr Ticket f\u00fcr die <strong>My Special Car Show<\/strong>, das auch online erh\u00e4ltlich ist.<br \/>Nutzen Sie unser Hotel in Rimini, um sich unterhaltsame Tage zu g\u00f6nnen, an denen Sie von fantastischen Autos wie dem Uragano tr\u00e4umen k\u00f6nnen, einem vollst\u00e4ndig handgefertigten Supersportwagen, der theoretisch die beeindruckende Geschwindigkeit von 350 Stundenkilometern erreichen kann.[\/vc_column_text][vc_empty_space][\/vc_column][\/vc_row]<\/p>\n<\/div>","protected":false},"excerpt":{"rendered":"<p>[vc_row css_animation=&#8220;&#8220; row_type=&#8220;row&#8220; use_row_as_full_screen_section=&#8220;no&#8220; type=&#8220;full_width&#8220; angled_section=&#8220;no&#8220; text_align=&#8220;left&#8220; background_image_as_pattern=&#8220;without_pattern&#8220;][vc_column][vc_empty_space][vc_column_text] My special Car in Rimini Autoliebhaber kennen den Namen dieser Veranstaltung gut, die im M\u00e4rz die gesamte Riviera mit dem Dr\u00f6hnen der leistungsst\u00e4rksten Motoren der Welt erf\u00fcllt. Die My Special Car Show in Rimini ist ein Muss&#8230;<\/p>\n","protected":false},"author":1,"featured_media":0,"parent":0,"menu_order":0,"comment_status":"closed","ping_status":"closed","template":"","meta":{"_monsterinsights_skip_tracking":false,"_monsterinsights_sitenote_active":false,"_monsterinsights_sitenote_note":"","_monsterinsights_sitenote_category":0,"footnotes":""},"class_list":["post-3479","page","type-page","status-publish","hentry"],"aioseo_notices":[],"_links":{"self":[{"href":"https:\/\/hotelardesia.com\/de\/wp-json\/wp\/v2\/pages\/3479","targetHints":{"allow":["GET"]}}],"collection":[{"href":"https:\/\/hotelardesia.com\/de\/wp-json\/wp\/v2\/pages"}],"about":[{"href":"https:\/\/hotelardesia.com\/de\/wp-json\/wp\/v2\/types\/page"}],"author":[{"embeddable":true,"href":"https:\/\/hotelardesia.com\/de\/wp-json\/wp\/v2\/users\/1"}],"replies":[{"embeddable":true,"href":"https:\/\/hotelardesia.com\/de\/wp-json\/wp\/v2\/comments?post=3479"}],"version-history":[{"count":0,"href":"https:\/\/hotelardesia.com\/de\/wp-json\/wp\/v2\/pages\/3479\/revisions"}],"wp:attachment":[{"href":"https:\/\/hotelardesia.com\/de\/wp-json\/wp\/v2\/media?parent=3479"}],"curies":[{"name":"wp","href":"https:\/\/api.w.org\/{rel}","templated":true}]}}