{"id":3482,"date":"2025-12-11T14:47:43","date_gmt":"2025-12-11T13:47:43","guid":{"rendered":"https:\/\/hotelardesia.com\/mirabilandia"},"modified":"2025-12-11T14:47:44","modified_gmt":"2025-12-11T13:47:44","slug":"mirabilandia","status":"publish","type":"page","link":"https:\/\/hotelardesia.com\/de\/mirabilandia","title":{"rendered":"Mirabilandia: ein Park, ein Traum"},"content":{"rendered":"<div class=\"wpb-content-wrapper\"><p>[vc_row css_animation=&#8220;&#8220; row_type=&#8220;row&#8220; use_row_as_full_screen_section=&#8220;no&#8220; type=&#8220;full_width&#8220; angled_section=&#8220;no&#8220; text_align=&#8220;left&#8220; background_image_as_pattern=&#8220;without_pattern&#8220;][vc_column][vc_empty_space][vc_column_text]<\/p>\n<h3>Mirabilandia: ein Park, ein Traum<\/h3>\n<p>Stellen Sie sich einen gro\u00dfen Vergn\u00fcgungspark vor und multiplizieren Sie ihn mit unendlich \u2013 das Ergebnis ist fast die Welt von <strong>Mirabilandia<\/strong>, wo Spa\u00df zur Realit\u00e4t wird.<br \/>Nur wenige Kilometer von unserem Hotel in Bellariva di Rimini entfernt k\u00f6nnen Sie mit eigenen Augen einen der sch\u00f6nsten Vergn\u00fcgungsparks Europas entdecken, einen der sch\u00f6nsten Orte f\u00fcr einen Familienurlaub in Rimini.<\/p>\n<p>Es versteht sich von selbst, dass Mirabilandia ein Name ist, der perfekt zu allem passt, was der Park zu bieten hat: eine Vielzahl von <strong>Karussells<\/strong>, <strong>Shows<\/strong> und <strong>Attraktionen<\/strong>, die an das Schlaraffenland erinnern und f\u00fcr Gro\u00df und Klein geeignet sind.<\/p>\n<p>Hier finden die Mutigsten den Nervenkitzel und den Adrenalinschub der rasanten und unvorhersehbaren Fahrten von Fahrgesch\u00e4ften wie <strong>Katun<\/strong>, der Achterbahn mit 100 km\/h, Sierra Tonante, der einzigen Holzachterbahn Europas, oder Niagara mit einem Wasserfall von etwa 30 Metern, der das Herz in die Kehle steigen l\u00e4sst.<br \/>Die brandneue Ispeed schie\u00dft Sie mit beeindruckender Geschwindigkeit in die H\u00f6he, sodass Sie in wenigen Augenblicken einen einzigartigen Nervenkitzel erleben.<\/p>\n<p>Es gibt auch viele Bereiche und Attraktionen, die speziell f\u00fcr Kinder gedacht sind, wie Leprotto Express, die Mini-Achterbahn, Monosaurus, eine lustige Reise in die Urzeit, und Ghostville, eine kuriose Geisterstadt.<\/p>\n<p>In einer Landschaft wie der Riviera Romagnola darf nat\u00fcrlich etwas nicht fehlen, das eng mit dem Meer verbunden ist. Deshalb finden Sie hier in Mirabilandia einen Strand, den Mirabilandia Beach, ein perfekt nachgebildetes tropisches Paradies f\u00fcr alle, die einfach nicht ohne Meer leben k\u00f6nnen. Ein angenehmes Bad f\u00fchrt Sie dann zu El Castillo, einem kleinen Segelschiff, auf dem Sie spielen und sich mit Wasserspritzern vergn\u00fcgen k\u00f6nnen, w\u00e4hrend Sie in Ihrer Fantasie die Abenteuer der Piraten nacherleben.<\/p>\n<p>Au\u00dferdem k\u00f6nnen Sie wirklich spannende Animationsshows wie die der Polizeischule oder der Blues Brothers besuchen, ohne die atemberaubenden Darbietungen der geschickten Stuntmen zu vergessen.<br \/>Am Abend, vielleicht nach einem Abendessen im Restaurant im Park, erwartet Sie die zauberhafte Night Show in der N\u00e4he des Sees vor dem Riesenrad Eurowheel.<br \/>Wasserfont\u00e4nen, bunte Laser, Musik und Magie verbinden sich zu au\u00dfergew\u00f6hnlichen Spezialeffekten, die den Tag in Mirabilandia wundersch\u00f6n ausklingen lassen.[\/vc_column_text][vc_empty_space][\/vc_column][\/vc_row]<\/p>\n<\/div>","protected":false},"excerpt":{"rendered":"<p>[vc_row css_animation=&#8220;&#8220; row_type=&#8220;row&#8220; use_row_as_full_screen_section=&#8220;no&#8220; type=&#8220;full_width&#8220; angled_section=&#8220;no&#8220; text_align=&#8220;left&#8220; background_image_as_pattern=&#8220;without_pattern&#8220;][vc_column][vc_empty_space][vc_column_text] Mirabilandia: ein Park, ein Traum Stellen Sie sich einen gro\u00dfen Vergn\u00fcgungspark vor und multiplizieren Sie ihn mit unendlich \u2013 das Ergebnis ist fast die Welt von Mirabilandia, wo Spa\u00df zur Realit\u00e4t wird.Nur wenige Kilometer von unserem Hotel&#8230;<\/p>\n","protected":false},"author":1,"featured_media":0,"parent":0,"menu_order":0,"comment_status":"closed","ping_status":"closed","template":"","meta":{"_monsterinsights_skip_tracking":false,"_monsterinsights_sitenote_active":false,"_monsterinsights_sitenote_note":"","_monsterinsights_sitenote_category":0,"footnotes":""},"class_list":["post-3482","page","type-page","status-publish","hentry"],"aioseo_notices":[],"_links":{"self":[{"href":"https:\/\/hotelardesia.com\/de\/wp-json\/wp\/v2\/pages\/3482","targetHints":{"allow":["GET"]}}],"collection":[{"href":"https:\/\/hotelardesia.com\/de\/wp-json\/wp\/v2\/pages"}],"about":[{"href":"https:\/\/hotelardesia.com\/de\/wp-json\/wp\/v2\/types\/page"}],"author":[{"embeddable":true,"href":"https:\/\/hotelardesia.com\/de\/wp-json\/wp\/v2\/users\/1"}],"replies":[{"embeddable":true,"href":"https:\/\/hotelardesia.com\/de\/wp-json\/wp\/v2\/comments?post=3482"}],"version-history":[{"count":0,"href":"https:\/\/hotelardesia.com\/de\/wp-json\/wp\/v2\/pages\/3482\/revisions"}],"wp:attachment":[{"href":"https:\/\/hotelardesia.com\/de\/wp-json\/wp\/v2\/media?parent=3482"}],"curies":[{"name":"wp","href":"https:\/\/api.w.org\/{rel}","templated":true}]}}