{"id":3498,"date":"2025-12-11T14:49:56","date_gmt":"2025-12-11T13:49:56","guid":{"rendered":"https:\/\/hotelardesia.com\/poliklinik-nuova-ricerca-in-rimini"},"modified":"2025-12-11T14:49:57","modified_gmt":"2025-12-11T13:49:57","slug":"poliklinik-nuova-ricerca-in-rimini","status":"publish","type":"page","link":"https:\/\/hotelardesia.com\/de\/poliklinik-nuova-ricerca-in-rimini","title":{"rendered":"Anfahrt zur Poliklinik Nuova Ricerca in Rimini vom Hotel Ardesia aus"},"content":{"rendered":"<div class=\"wpb-content-wrapper\"><p>[vc_row css_animation=&#8220;&#8220; row_type=&#8220;row&#8220; use_row_as_full_screen_section=&#8220;no&#8220; type=&#8220;full_width&#8220; angled_section=&#8220;no&#8220; text_align=&#8220;left&#8220; background_image_as_pattern=&#8220;without_pattern&#8220;][vc_column][vc_empty_space][vc_column_text]<\/p>\n<h3>Anfahrt zur <a href=\"https:\/\/www.nuovaricerca.com\/\">Poliambulatorio Nuova Ricerca<\/a> in Rimini vom Hotel Ardesia aus<\/h3>\n<p>In zentraler Lage innerhalb der Stadt <strong>Rimini<\/strong> befindet sich <strong>Nuova Ricerca<\/strong>, ein privates multidisziplin\u00e4res <strong>Medizinisches Zentrum<\/strong> mit einem Analyselabor und einer Tagesklinik.<br \/>Da sich die Einrichtung im Stadtzentrum befindet, ist sie mit dem Auto leicht zu erreichen, von einem gr\u00fcnen Park umgeben und verf\u00fcgt \u00fcber einen gro\u00dfen Parkplatz f\u00fcr G\u00e4ste. Au\u00dferdem ist der Zugang zum Geb\u00e4ude auch f\u00fcr Menschen mit Behinderung problemlos m\u00f6glich.<\/p>\n<p>Es handelt sich um eines der modernsten medizinischen Zentren Italiens hinsichtlich der verwendeten Technologien und der angebotenen medizinischen Leistungen. Das hochspezialisierte und erfahrene Personal betreut die Patienten bei den diagnostischen Untersuchungen und w\u00e4hrend des Aufenthalts.<\/p>\n<p>Das medizinische Institut bietet die Dienstleistungen einer Poliklinik, <strong>Diagnostik<\/strong>, Tageschirurgie und <strong>medizinisches Labor<\/strong> an. Zu den durchgef\u00fchrten T\u00e4tigkeiten geh\u00f6ren daher klinische Analysen zu diagnostischen Zwecken, Tagesklinik-Chirurgie, Augenmikrochirurgie und medizinische Eingriffe zur Behandlung von Hernien, Krampfadern und anderen Erkrankungen.<\/p>\n<p>Die R\u00e4umlichkeiten im Medizinischen Zentrum Nuova Ricerca sind logisch organisiert, um die Privatsph\u00e4re der Patienten zu wahren. Der Empfangsservice liefert n\u00fctzliche Informationen und steht den Patienten jederzeit zur Verf\u00fcgung. Die Warter\u00e4ume und Krankenzimmer sind komfortabel und privat.<\/p>\n<p>In Bellariva, nur wenige Minuten vom Stadtzentrum und dem Medizinischen Zentrum Nuova Ricerca entfernt, bietet das Hotel Ardesia einen ruhigen und friedlichen Aufenthalt f\u00fcr Begleitpersonen von Patienten mit hellen Zimmern und funktionalen Dienstleistungen. Das Hotel ist mit \u00f6ffentlichen Verkehrsmitteln gut an das Zentrum von Rimini angebunden.[\/vc_column_text][vc_empty_space][\/vc_column][\/vc_row]<\/p>\n<\/div>","protected":false},"excerpt":{"rendered":"<p>[vc_row css_animation=&#8220;&#8220; row_type=&#8220;row&#8220; use_row_as_full_screen_section=&#8220;no&#8220; type=&#8220;full_width&#8220; angled_section=&#8220;no&#8220; text_align=&#8220;left&#8220; background_image_as_pattern=&#8220;without_pattern&#8220;][vc_column][vc_empty_space][vc_column_text] Anfahrt zur Poliambulatorio Nuova Ricerca in Rimini vom Hotel Ardesia aus In zentraler Lage innerhalb der Stadt Rimini befindet sich Nuova Ricerca, ein privates multidisziplin\u00e4res Medizinisches Zentrum mit einem Analyselabor und einer Tagesklinik.Da sich die Einrichtung im&#8230;<\/p>\n","protected":false},"author":1,"featured_media":0,"parent":0,"menu_order":0,"comment_status":"closed","ping_status":"closed","template":"","meta":{"_monsterinsights_skip_tracking":false,"_monsterinsights_sitenote_active":false,"_monsterinsights_sitenote_note":"","_monsterinsights_sitenote_category":0,"footnotes":""},"class_list":["post-3498","page","type-page","status-publish","hentry"],"aioseo_notices":[],"_links":{"self":[{"href":"https:\/\/hotelardesia.com\/de\/wp-json\/wp\/v2\/pages\/3498","targetHints":{"allow":["GET"]}}],"collection":[{"href":"https:\/\/hotelardesia.com\/de\/wp-json\/wp\/v2\/pages"}],"about":[{"href":"https:\/\/hotelardesia.com\/de\/wp-json\/wp\/v2\/types\/page"}],"author":[{"embeddable":true,"href":"https:\/\/hotelardesia.com\/de\/wp-json\/wp\/v2\/users\/1"}],"replies":[{"embeddable":true,"href":"https:\/\/hotelardesia.com\/de\/wp-json\/wp\/v2\/comments?post=3498"}],"version-history":[{"count":0,"href":"https:\/\/hotelardesia.com\/de\/wp-json\/wp\/v2\/pages\/3498\/revisions"}],"wp:attachment":[{"href":"https:\/\/hotelardesia.com\/de\/wp-json\/wp\/v2\/media?parent=3498"}],"curies":[{"name":"wp","href":"https:\/\/api.w.org\/{rel}","templated":true}]}}