{"id":3527,"date":"2025-12-11T14:50:48","date_gmt":"2025-12-11T13:50:48","guid":{"rendered":"https:\/\/hotelardesia.com\/san-marino"},"modified":"2025-12-11T14:50:49","modified_gmt":"2025-12-11T13:50:49","slug":"san-marino","status":"publish","type":"page","link":"https:\/\/hotelardesia.com\/de\/san-marino","title":{"rendered":"San Marino, ein Ausflug zwischen Legende und Realit\u00e4t"},"content":{"rendered":"<div class=\"wpb-content-wrapper\"><p>[vc_row css_animation=&#8220;&#8220; row_type=&#8220;row&#8220; use_row_as_full_screen_section=&#8220;no&#8220; type=&#8220;full_width&#8220; angled_section=&#8220;no&#8220; text_align=&#8220;left&#8220; background_image_as_pattern=&#8220;without_pattern&#8220;][vc_column][vc_empty_space][vc_column_text]<\/p>\n<h3>San Marino, ein Ausflug zwischen Legende und Realit\u00e4t<\/h3>\n<p>Wie ein kostbarer Knopf, der in eine besondere Knopfleiste, n\u00e4mlich die des Panoramas der Romagna, eingearbeitet ist, zeichnet sich <strong>San Marino<\/strong> durch sein Aussehen und seinen reichen Schatz an Traditionen aus, den es eifers\u00fcchtig h\u00fctet, aber den Besuchern, die es entdecken wollen, freundlich pr\u00e4sentiert.<\/p>\n<p>San Marino, ein autonomer Staat zwischen der Romagna und den Marken, bietet freien Zugang f\u00fcr alle, die ihn besuchen m\u00f6chten, und liegt auf 700 Metern H\u00f6he auf dem <strong>Monte Titano<\/strong>, von wo aus er die T\u00e4ler des Montefeltro \u00fcberragt.<\/p>\n<p>Schon von weitem kann man die mittelalterliche Anlage erkennen, die die Geb\u00e4ude dieses Ortes pr\u00e4gt, aus denen drei T\u00fcrme herausragen, die durch eine Reihe von Stadtmauern verbunden sind, die in der Antike zum Schutz des Territoriums errichtet wurden.<br \/>Noch heute kann man die besonderen Steinkonstruktionen bewundern, die typisch f\u00fcr das Mittelalter sind und deutlich die Zeichen einer Kunst zeigen, n\u00e4mlich der Steinmetzkunst, die ihre Traditionen bewahrt hat.<\/p>\n<p>Im historischen Zentrum von San Marino angekommen, muss man einfach die Basilika del Santo aus dem Jahr 1826 und die <strong>Kirche San Francesco<\/strong>, die \u00e4lteste des Landes, bewundern.<br \/>Der <strong>Palazzo Pubblico di San Marino<\/strong> befindet sich auf der Piazza della Libert\u00e0, einer Panoramaterrasse, von der aus man einen herrlichen Blick von der Adriak\u00fcste bis zu den Apenninen genie\u00dfen kann.<\/p>\n<p>Im Staatsmuseum auf der Piazza Titano sind wichtige Fundst\u00fccke aufbewahrt, die die Entwicklung dieses besonderen Ortes dokumentieren.<\/p>\n<p>Drei Festungen dominieren mit ihrer Imposanz San Marino und das umliegende Gebiet: der <strong>Prima Torre<\/strong>, die <strong>Rocca Cesta<\/strong> mit dem sehenswerten Waffenmuseum und die <strong>Rocca Montale<\/strong>.<br \/>In den Gassen, die ein dichtes Netz zwischen diesen drei alten Festungen bilden, herrscht jedes Jahr im September eine besondere Atmosph\u00e4re, die des Nationalfeiertags. Bei dieser Gelegenheit kann man eine Gruppe von Fahnenschwingern und Armbrustsch\u00fctzen sehen, die in Anlehnung an eine alte Tradition des Landes in einer Parade auftreten und eine Show aus vergangenen Zeiten darbieten.<\/p>\n<p>Dann beginnen die <strong>Mittelaltertage von San Marino<\/strong>, deren H\u00f6hepunkt eine spannende Vorf\u00fchrung in der <strong>Cava dei Balestrieri<\/strong> ist, wo eine Gruppe gut ausgebildeter junger Leute in einem Turnier mit der Waffe gegeneinander antritt, die seit jeher das wichtigste alte Verteidigungsinstrument des Dorfes symbolisiert.<\/p>\n<p>Entdecken Sie San Marino mit seinen Sehensw\u00fcrdigkeiten und Veranstaltungen und erleben Sie unvergessliche Momente. Vom <strong>Albergo Ardesia di Bellariva aus sind es nur wenige Minuten<\/strong> bis dorthin![\/vc_column_text][vc_empty_space][\/vc_column][\/vc_row]<\/p>\n<\/div>","protected":false},"excerpt":{"rendered":"<p>[vc_row css_animation=&#8220;&#8220; row_type=&#8220;row&#8220; use_row_as_full_screen_section=&#8220;no&#8220; type=&#8220;full_width&#8220; angled_section=&#8220;no&#8220; text_align=&#8220;left&#8220; background_image_as_pattern=&#8220;without_pattern&#8220;][vc_column][vc_empty_space][vc_column_text] San Marino, ein Ausflug zwischen Legende und Realit\u00e4t Wie ein kostbarer Knopf, der in eine besondere Knopfleiste, n\u00e4mlich die des Panoramas der Romagna, eingearbeitet ist, zeichnet sich San Marino durch sein Aussehen und seinen reichen Schatz an&#8230;<\/p>\n","protected":false},"author":1,"featured_media":0,"parent":0,"menu_order":0,"comment_status":"closed","ping_status":"closed","template":"","meta":{"_monsterinsights_skip_tracking":false,"_monsterinsights_sitenote_active":false,"_monsterinsights_sitenote_note":"","_monsterinsights_sitenote_category":0,"footnotes":""},"class_list":["post-3527","page","type-page","status-publish","hentry"],"aioseo_notices":[],"_links":{"self":[{"href":"https:\/\/hotelardesia.com\/de\/wp-json\/wp\/v2\/pages\/3527","targetHints":{"allow":["GET"]}}],"collection":[{"href":"https:\/\/hotelardesia.com\/de\/wp-json\/wp\/v2\/pages"}],"about":[{"href":"https:\/\/hotelardesia.com\/de\/wp-json\/wp\/v2\/types\/page"}],"author":[{"embeddable":true,"href":"https:\/\/hotelardesia.com\/de\/wp-json\/wp\/v2\/users\/1"}],"replies":[{"embeddable":true,"href":"https:\/\/hotelardesia.com\/de\/wp-json\/wp\/v2\/comments?post=3527"}],"version-history":[{"count":0,"href":"https:\/\/hotelardesia.com\/de\/wp-json\/wp\/v2\/pages\/3527\/revisions"}],"wp:attachment":[{"href":"https:\/\/hotelardesia.com\/de\/wp-json\/wp\/v2\/media?parent=3527"}],"curies":[{"name":"wp","href":"https:\/\/api.w.org\/{rel}","templated":true}]}}