{"id":3541,"date":"2025-12-11T14:52:27","date_gmt":"2025-12-11T13:52:27","guid":{"rendered":"https:\/\/hotelardesia.com\/einkaufszentrum-befane-rimini"},"modified":"2025-12-11T14:52:29","modified_gmt":"2025-12-11T13:52:29","slug":"einkaufszentrum-befane-rimini","status":"publish","type":"page","link":"https:\/\/hotelardesia.com\/de\/einkaufszentrum-befane-rimini","title":{"rendered":"Shopping und Entspannung im Einkaufszentrum von Rimini, nur wenige Schritte von unserem Hotel entfernt"},"content":{"rendered":"<div class=\"wpb-content-wrapper\"><p>[vc_row css_animation=&#8220;&#8220; row_type=&#8220;row&#8220; use_row_as_full_screen_section=&#8220;no&#8220; type=&#8220;full_width&#8220; angled_section=&#8220;no&#8220; text_align=&#8220;left&#8220; background_image_as_pattern=&#8220;without_pattern&#8220;][vc_column][vc_empty_space height=&#8220;50px&#8220;][vc_column_text]<\/p>\n<h3>Shopping und Entspannung im <a href=\"https:\/\/www.lebefane.it\/\">Einkaufszentrum Le Befane<\/a> in Rimini, nur wenige Schritte vom Hotel Ardesia entfernt<\/h3>\n<p>Ein Familienurlaub in Rimini ist immer ein Vergn\u00fcgen f\u00fcr alle, die sich entspannen m\u00f6chten, denn diese Stadt ist nicht nur die K\u00f6nigin unter den italienischen Badeorten, sondern auch ein wertvoller Mikrokosmos voller \u00dcberraschungen, Attraktionen, Aktivit\u00e4ten und Momente der Unterhaltung in Gesellschaft.<\/p>\n<p>Unser Familienhotel in Rimini liegt nur wenige Schritte vom <strong>Einkaufszentrum Le Befane<\/strong> entfernt, einem kleinen Wunderland, in dem man einen Nachmittag oder Abend voller Unterhaltung und Entspannung verbringen kann, aber auch ein wahres Spielzeugland f\u00fcr die Kleinsten. Das Einkaufszentrum Le Befane ist nur wenige Minuten von unserem Hotel in Bellariva di Rimini entfernt und kann zu Fu\u00df, mit dem Fahrrad oder auch mit dem Bus erreicht werden.<\/p>\n<p>Im Einkaufszentrum gibt es etwa 130 Gesch\u00e4fte aller Art, eine beleuchtete und funkelnde Galerie mit Schaufenstern, in denen Sie von Sportartikeln bis hin zu Boutiquen renommierter Marken, von Juwelieren bis hin zu trendigen oder l\u00e4ssigen Gesch\u00e4ften und sogar einem Hypermarkt alles finden k\u00f6nnen.<\/p>\n<p>Bars, in denen man einen Snack oder einen Kaffee genie\u00dfen kann, Restaurants, Pizzerien und Fastfood-Lokale, Eisdielen und farbenfrohe Treffpunkte f\u00fcr einen Aperitif oder einen Drink runden einen Spaziergang mit der ganzen Familie durch das Einkaufszentrum ab. In einer der gro\u00dfen zentralen Hallen sorgen au\u00dferdem Animation und Spiele f\u00fcr Kinder f\u00fcr eine lebhafte Atmosph\u00e4re, Attraktionen, die selbst die Aufmerksamkeit der lebhaftesten Kinder auf sich ziehen.<\/p>\n<p>Im Einkaufszentrum Le Befane gibt es auch Friseursalons, kleine Wellnesszentren, Elektronikgesch\u00e4fte und ein <strong>Multiplex-Kino mit 12 S\u00e4len<\/strong>, in denen die aktuellsten Filme und die neuesten Filme und Zeichentrickfilme gezeigt werden, die Ihnen einen angenehmen Abend mit der Familie bescheren.<\/p>\n<p>Eine Oase der Ruhe, nur wenige Schritte von unserem 3-Sterne-Hotel in Bellariva di Rimini entfernt, wo Ihnen kostenloses WLAN und ein Restaurant mit kindgerechten Men\u00fcs zur Verf\u00fcgung stehen. Unser qualifiziertes und zuvorkommendes Personal steht Ihnen zu jeder Tageszeit zur Verf\u00fcgung.[\/vc_column_text][vc_empty_space height=&#8220;50px&#8220;][\/vc_column][\/vc_row]<\/p>\n<\/div>","protected":false},"excerpt":{"rendered":"<p>[vc_row css_animation=&#8220;&#8220; row_type=&#8220;row&#8220; use_row_as_full_screen_section=&#8220;no&#8220; type=&#8220;full_width&#8220; angled_section=&#8220;no&#8220; text_align=&#8220;left&#8220; background_image_as_pattern=&#8220;without_pattern&#8220;][vc_column][vc_empty_space height=&#8220;50px&#8220;][vc_column_text] Shopping und Entspannung im Einkaufszentrum Le Befane in Rimini, nur wenige Schritte vom Hotel Ardesia entfernt Ein Familienurlaub in Rimini ist immer ein Vergn\u00fcgen f\u00fcr alle, die sich entspannen m\u00f6chten, denn diese Stadt ist nicht nur&#8230;<\/p>\n","protected":false},"author":1,"featured_media":0,"parent":0,"menu_order":0,"comment_status":"closed","ping_status":"closed","template":"full_width.php","meta":{"_monsterinsights_skip_tracking":false,"_monsterinsights_sitenote_active":false,"_monsterinsights_sitenote_note":"","_monsterinsights_sitenote_category":0,"footnotes":""},"class_list":["post-3541","page","type-page","status-publish","hentry"],"aioseo_notices":[],"_links":{"self":[{"href":"https:\/\/hotelardesia.com\/de\/wp-json\/wp\/v2\/pages\/3541","targetHints":{"allow":["GET"]}}],"collection":[{"href":"https:\/\/hotelardesia.com\/de\/wp-json\/wp\/v2\/pages"}],"about":[{"href":"https:\/\/hotelardesia.com\/de\/wp-json\/wp\/v2\/types\/page"}],"author":[{"embeddable":true,"href":"https:\/\/hotelardesia.com\/de\/wp-json\/wp\/v2\/users\/1"}],"replies":[{"embeddable":true,"href":"https:\/\/hotelardesia.com\/de\/wp-json\/wp\/v2\/comments?post=3541"}],"version-history":[{"count":0,"href":"https:\/\/hotelardesia.com\/de\/wp-json\/wp\/v2\/pages\/3541\/revisions"}],"wp:attachment":[{"href":"https:\/\/hotelardesia.com\/de\/wp-json\/wp\/v2\/media?parent=3541"}],"curies":[{"name":"wp","href":"https:\/\/api.w.org\/{rel}","templated":true}]}}