{"id":3548,"date":"2025-12-11T14:53:15","date_gmt":"2025-12-11T13:53:15","guid":{"rendered":"https:\/\/hotelardesia.com\/ttg-rimini-fiera"},"modified":"2025-12-11T14:53:15","modified_gmt":"2025-12-11T13:53:15","slug":"ttg-rimini-fiera","status":"publish","type":"page","link":"https:\/\/hotelardesia.com\/de\/ttg-rimini-fiera","title":{"rendered":"Entdecken Sie die TTG in Rimini. Unser Hotel liegt in der N\u00e4he der Messe."},"content":{"rendered":"<div class=\"wpb-content-wrapper\"><p>[vc_row css_animation=&#8220;&#8220; row_type=&#8220;row&#8220; use_row_as_full_screen_section=&#8220;no&#8220; type=&#8220;full_width&#8220; angled_section=&#8220;no&#8220; text_align=&#8220;left&#8220; background_image_as_pattern=&#8220;without_pattern&#8220;][vc_column][vc_empty_space][vc_column_text]<\/p>\n<h3>Entdecken Sie die TTG in Rimini \u2013 unser Hotel liegt in der N\u00e4he der Messe<\/h3>\n<p>Die<strong> TTG in Rimini ist eine der wichtigsten Messen<\/strong> der Tourismusbranche, die Aussteller aus \u00fcber 100 L\u00e4ndern anzieht und Tausende von Unternehmen der Branche einbezieht, sodass jedes Jahr mehr als 35.000 Besucher gez\u00e4hlt werden. Diese gro\u00dfe Veranstaltung ist ein hervorragendes Sprungbrett f\u00fcr die Tourismusbranche in Italien und umfasst Workshops und Konferenzen, in denen internationalen Eink\u00e4ufern die unendlichen Sch\u00f6nheiten unseres Landes pr\u00e4sentiert werden. Die <strong>TTG in Rimini ist eine Messe<\/strong>, die sich aus drei Veranstaltungen zusammensetzt: TTG Incontri, eine dreit\u00e4gige B2B-Tourismusmesse, die normalerweise im Oktober stattfindet; die gleichzeitig stattfindende TTI (Travel Trade Italia), ein Treffen zwischen Eink\u00e4ufern und Verk\u00e4ufern des Incoming-Tourismus in Italien; die Btc (Borsa del Turismo Congressuale), ein Treffen, das dem Mice-Sektor (Akronym f\u00fcr Meetings, Incentives, Conventions and Exhibitions) gewidmet ist, der sich mit der Welt der Kongresse, Tagungen und Ausstellungen befasst und in der Regel zwischen Juni und Juli stattfindet.<\/p>\n<p>Diese Gro\u00dfveranstaltungen finden in der Messe Rimini statt, einer seit \u00fcber 60 Jahren bestehenden, hochmodernen Einrichtung, die 16 ger\u00e4umige und technologisch ausgestattete Hallen, Gastronomie- und Einkaufsbereiche, gro\u00dfe Parkpl\u00e4tze und alles bietet, was man braucht, um die Veranstaltungstage mit maximalem Komfort zu erleben. Das <strong>Hotel Ardesia liegt nur 3 km von der Messe Rimini entfernt<\/strong>, die mit dem Auto in weniger als 10 Minuten zu erreichen ist, und ist aufgrund seiner N\u00e4he zum Flughafen Fellini in Rimini die ideale Unterkunft f\u00fcr Gesch\u00e4ftsreisende. Von unserem Hotel aus ist die Messe Rimini sehr bequem zu erreichen, weshalb wir bei Ausstellern und Besuchern der TTG-Veranstaltung sehr beliebt sind.<\/p>\n<p>Das Hotel Ardesia ist ganzj\u00e4hrig ge\u00f6ffnet, da Rimini eine Stadt ist, die niemals schl\u00e4ft und neben dem Sommertourismus auch Kongresstourismus zu bieten hat. Daher ist sie in der Lage, t\u00e4glich Tausende von Besuchern zu beherbergen und zu versorgen. Wer ein <strong>ganzj\u00e4hrig ge\u00f6ffnetes Hotel in Rimini<\/strong> sucht, findet in unserem 3-Sterne-Hotel einen tadellosen Empfang, exzellenten Service und erm\u00e4\u00dfigte Preise gerade w\u00e4hrend der Messezeit, einschlie\u00dflich der TTG.[\/vc_column_text][vc_empty_space][\/vc_column][\/vc_row]<\/p>\n<\/div>","protected":false},"excerpt":{"rendered":"<p>[vc_row css_animation=&#8220;&#8220; row_type=&#8220;row&#8220; use_row_as_full_screen_section=&#8220;no&#8220; type=&#8220;full_width&#8220; angled_section=&#8220;no&#8220; text_align=&#8220;left&#8220; background_image_as_pattern=&#8220;without_pattern&#8220;][vc_column][vc_empty_space][vc_column_text] Entdecken Sie die TTG in Rimini \u2013 unser Hotel liegt in der N\u00e4he der Messe Die TTG in Rimini ist eine der wichtigsten Messen der Tourismusbranche, die Aussteller aus \u00fcber 100 L\u00e4ndern anzieht und Tausende von Unternehmen&#8230;<\/p>\n","protected":false},"author":1,"featured_media":0,"parent":0,"menu_order":0,"comment_status":"closed","ping_status":"closed","template":"","meta":{"_monsterinsights_skip_tracking":false,"_monsterinsights_sitenote_active":false,"_monsterinsights_sitenote_note":"","_monsterinsights_sitenote_category":0,"footnotes":""},"class_list":["post-3548","page","type-page","status-publish","hentry"],"aioseo_notices":[],"_links":{"self":[{"href":"https:\/\/hotelardesia.com\/de\/wp-json\/wp\/v2\/pages\/3548","targetHints":{"allow":["GET"]}}],"collection":[{"href":"https:\/\/hotelardesia.com\/de\/wp-json\/wp\/v2\/pages"}],"about":[{"href":"https:\/\/hotelardesia.com\/de\/wp-json\/wp\/v2\/types\/page"}],"author":[{"embeddable":true,"href":"https:\/\/hotelardesia.com\/de\/wp-json\/wp\/v2\/users\/1"}],"replies":[{"embeddable":true,"href":"https:\/\/hotelardesia.com\/de\/wp-json\/wp\/v2\/comments?post=3548"}],"version-history":[{"count":0,"href":"https:\/\/hotelardesia.com\/de\/wp-json\/wp\/v2\/pages\/3548\/revisions"}],"wp:attachment":[{"href":"https:\/\/hotelardesia.com\/de\/wp-json\/wp\/v2\/media?parent=3548"}],"curies":[{"name":"wp","href":"https:\/\/api.w.org\/{rel}","templated":true}]}}