{"id":3558,"date":"2025-12-11T14:55:47","date_gmt":"2025-12-11T13:55:47","guid":{"rendered":"https:\/\/hotelardesia.com\/hotel-meer-rimini"},"modified":"2025-12-11T14:55:47","modified_gmt":"2025-12-11T13:55:47","slug":"hotel-meer-rimini","status":"publish","type":"page","link":"https:\/\/hotelardesia.com\/de\/hotel-meer-rimini","title":{"rendered":"Ein Hotel am Meer in Rimini f\u00fcr Ihren Erholungsurlaub"},"content":{"rendered":"<div class=\"wpb-content-wrapper\"><p>[vc_row css_animation=&#8220;&#8220; row_type=&#8220;row&#8220; use_row_as_full_screen_section=&#8220;no&#8220; type=&#8220;full_width&#8220; angled_section=&#8220;no&#8220; text_align=&#8220;left&#8220; background_image_as_pattern=&#8220;without_pattern&#8220;][vc_column][vc_empty_space][vc_column_text]<\/p>\n<h3>Ein Hotel am Meer in Rimini f\u00fcr Ihren Erholungsurlaub<\/h3>\n<p>Alle Sehensw\u00fcrdigkeiten einer Stadt wie Rimini in unmittelbarer N\u00e4he zu haben, ist nicht schwer, wenn Sie in <strong>unserem Hotel in Bellariva<\/strong> \u00fcbernachten.<br \/>Von hier aus k\u00f6nnen Sie bequem mit den Fahrr\u00e4dern, die wir Ihnen zur Verf\u00fcgung stellen, sowohl das Stadtzentrum erreichen als auch die weniger bekannten Seiten von Rimini entdecken, wie zum Beispiel das wundersch\u00f6ne Borgo San Giuliano, das Federico Fellini, den ber\u00fchmten Sohn dieser Stadt, zu einem Teil seines Werks inspirierte.<br \/>Unser <strong>Hotel am Meer in Rimini<\/strong> ist der ideale Ausgangspunkt, um Ihren Strandurlaub in vollen Z\u00fcgen zu genie\u00dfen: Dank unserer eigenen Strandkabinen m\u00fcssen Sie sich um nichts anderes k\u00fcmmern, als sich zu br\u00e4unen und Spa\u00df zu haben.<br \/>Dank der vielen Aktivit\u00e4ten, die das Leben der Badeg\u00e4ste entlang der K\u00fcste von Rimini beleben, wird Ihnen kein Moment langweilig werden.<br \/>Um sich zu erholen, gibt es nichts Besseres als einen langen Spaziergang am Strand, in der Sonne gebadet und sanft vom Wasser unseres Meeres erfrischt.<\/p>\n<p>Nach Sonnenuntergang bietet Rimini Ihnen die M\u00f6glichkeit, die Strandpromenade auf eine andere, unterhaltsame Weise zu erleben, mit Spielen, Spazierg\u00e4ngen und Lokalen, in denen Sie einen angenehm entspannten Abend verbringen k\u00f6nnen.<br \/>Nicht zu vergessen sind die zahlreichen Attraktionen f\u00fcr Kinder jeden Alters, die nur wenige Kilometer von der Stadt entfernt liegen, von den versteckten St\u00e4dten und D\u00f6rfern in der Umgebung bis hin zu den ber\u00fchmten Vergn\u00fcgungsparks, die jedes Jahr Tausende von Touristen anziehen, die einfach nur unbeschwert Spa\u00df haben wollen.<\/p>\n<p>All dies nur wenige Schritte von unserem <strong>Familienhotel in Rimini<\/strong> entfernt, dem Ausgangspunkt f\u00fcr einen unvergesslichen Urlaub mit Kindern an der Riviera Romagnola.[\/vc_column_text][vc_empty_space][\/vc_column][\/vc_row]<\/p>\n<\/div>","protected":false},"excerpt":{"rendered":"<p>[vc_row css_animation=&#8220;&#8220; row_type=&#8220;row&#8220; use_row_as_full_screen_section=&#8220;no&#8220; type=&#8220;full_width&#8220; angled_section=&#8220;no&#8220; text_align=&#8220;left&#8220; background_image_as_pattern=&#8220;without_pattern&#8220;][vc_column][vc_empty_space][vc_column_text] Ein Hotel am Meer in Rimini f\u00fcr Ihren Erholungsurlaub Alle Sehensw\u00fcrdigkeiten einer Stadt wie Rimini in unmittelbarer N\u00e4he zu haben, ist nicht schwer, wenn Sie in unserem Hotel in Bellariva \u00fcbernachten.Von hier aus k\u00f6nnen Sie bequem mit&#8230;<\/p>\n","protected":false},"author":1,"featured_media":0,"parent":0,"menu_order":0,"comment_status":"closed","ping_status":"closed","template":"full_width.php","meta":{"_monsterinsights_skip_tracking":false,"_monsterinsights_sitenote_active":false,"_monsterinsights_sitenote_note":"","_monsterinsights_sitenote_category":0,"footnotes":""},"class_list":["post-3558","page","type-page","status-publish","hentry"],"aioseo_notices":[],"_links":{"self":[{"href":"https:\/\/hotelardesia.com\/de\/wp-json\/wp\/v2\/pages\/3558","targetHints":{"allow":["GET"]}}],"collection":[{"href":"https:\/\/hotelardesia.com\/de\/wp-json\/wp\/v2\/pages"}],"about":[{"href":"https:\/\/hotelardesia.com\/de\/wp-json\/wp\/v2\/types\/page"}],"author":[{"embeddable":true,"href":"https:\/\/hotelardesia.com\/de\/wp-json\/wp\/v2\/users\/1"}],"replies":[{"embeddable":true,"href":"https:\/\/hotelardesia.com\/de\/wp-json\/wp\/v2\/comments?post=3558"}],"version-history":[{"count":0,"href":"https:\/\/hotelardesia.com\/de\/wp-json\/wp\/v2\/pages\/3558\/revisions"}],"wp:attachment":[{"href":"https:\/\/hotelardesia.com\/de\/wp-json\/wp\/v2\/media?parent=3558"}],"curies":[{"name":"wp","href":"https:\/\/api.w.org\/{rel}","templated":true}]}}