{"id":3724,"date":"2025-12-15T19:52:02","date_gmt":"2025-12-15T18:52:02","guid":{"rendered":"https:\/\/hotelardesia.com\/feria-de-rimini"},"modified":"2025-12-15T19:52:02","modified_gmt":"2025-12-15T18:52:02","slug":"feria-de-rimini","status":"publish","type":"page","link":"https:\/\/hotelardesia.com\/es\/feria-de-rimini","title":{"rendered":"Hotel Ardesia cerca alla Fiera di Rimini"},"content":{"rendered":"<div class=\"wpb-content-wrapper\"><p>[vc_row css_animation=\u00bb\u00bb row_type=\u00bbrow\u00bb use_row_as_full_screen_section=\u00bbno\u00bb type=\u00bbgrid\u00bb angled_section=\u00bbno\u00bb text_align=\u00bbleft\u00bb background_image_as_pattern=\u00bbwithout_pattern\u00bb z_index=\u00bb\u00bb][vc_column][vc_empty_space][vc_column_text css=\u00bb\u00bb]<\/p>\n<h3>El Hotel Ardesia, a cinco minutos de la Feria de R\u00edmini<\/h3>\n<p>Entre sus m\u00faltiples recursos, R\u00edmini cuenta con un recinto ferial que, con el paso de los a\u00f1os, se ha convertido en un punto de encuentro de gran inter\u00e9s para empresas nacionales e internacionales, que en \u00e9l han presentado muchas de las innovaciones que caracterizan el mundo contempor\u00e1neo.<\/p>\n<p>La Feria de R\u00edmini es un gran centro a la vanguardia en tecnolog\u00eda y servicios ofrecidos, un mundo de negocios capaz de atraer cada a\u00f1o a un n\u00famero considerable de visitantes, entre profesionales del sector y simples visitantes.<\/p>\n<p>M\u00e1s de cuarenta eventos tienen lugar cada a\u00f1o en la Feria de R\u00edmini, que abarcan diversos sectores, entre ellos el turismo, el bienestar, el ocio, la ingenier\u00eda industrial y muchos m\u00e1s.<br \/>Una imponente instalaci\u00f3n acoge a los visitantes, en la que todos los espacios est\u00e1n optimizados para ofrecer la m\u00e1xima funcionalidad y modernidad, y en la que se encuentran, adem\u00e1s de los espacios expositivos dotados de todo tipo de servicios, salas de prensa, zonas de recepci\u00f3n, puntos de restauraci\u00f3n y otros elementos que convierten la feria en una ciudad dentro de la ciudad, construida con especial atenci\u00f3n al impacto medioambiental, como se desprende claramente de una estructura que privilegia la madera y el verde, con plantas de diversos tipos y espectaculares fuentes.<\/p>\n<p>Siguiendo el recorrido entre logias y p\u00f3rticos que conectan los distintos pabellones expositivos, se pueden observar las propuestas de las diferentes empresas participantes en las ferias, entre las que destacan: SIGEP, feria de helader\u00eda y pasteler\u00eda; Pianeta Birra, dedicada a la cerveza, las bebidas y los aperitivos, MIA, la feria de la agroalimentaci\u00f3n de calidad, Rimini Wellness, dedicada al bienestar y a todas las actividades relacionadas, Mondo Natura, con autocaravanas, caravanas y todo lo relacionado con el turismo al aire libre, y Ecomondo, con todas las \u00faltimas propuestas sobre nuevas energ\u00edas y materiales capaces de crear un desarrollo ecol\u00f3gico.<\/p>\n<p>Para los apasionados de los coches de carreras y personalizados, no se pueden perder la cita con My Special Car, donde podr\u00e1n observar y apreciar los coches deportivos m\u00e1s innovadores y los \u00abespeciales\u00bb m\u00e1s creativos, o para cualquiera que quiera hacer negocios en el mundo de la hosteler\u00eda, la feria Sia Guest deber\u00e1 ocupar necesariamente un lugar en su agenda.<\/p>\n<p>La Feria de R\u00edmini es un mundo que nunca deja de sorprender, un entorno extraordinario que se adapta y se transforma en funci\u00f3n de sus eventos; a pocos pasos del recinto ferial se encuentra el Hotel Ardesia, un c\u00f3modo punto de apoyo para unas vacaciones de placer o de trabajo.[\/vc_column_text][vc_empty_space][\/vc_column][\/vc_row]<\/p>\n<\/div>","protected":false},"excerpt":{"rendered":"<p>[vc_row css_animation=\u00bb\u00bb row_type=\u00bbrow\u00bb use_row_as_full_screen_section=\u00bbno\u00bb type=\u00bbgrid\u00bb angled_section=\u00bbno\u00bb text_align=\u00bbleft\u00bb background_image_as_pattern=\u00bbwithout_pattern\u00bb z_index=\u00bb\u00bb][vc_column][vc_empty_space][vc_column_text css=\u00bb\u00bb] El Hotel Ardesia, a cinco minutos de la Feria de R\u00edmini Entre sus m\u00faltiples recursos, R\u00edmini cuenta con un recinto ferial que, con el paso de los a\u00f1os, se ha convertido en un punto de&#8230;<\/p>\n","protected":false},"author":1,"featured_media":0,"parent":0,"menu_order":0,"comment_status":"closed","ping_status":"closed","template":"full_width.php","meta":{"_monsterinsights_skip_tracking":false,"_monsterinsights_sitenote_active":false,"_monsterinsights_sitenote_note":"","_monsterinsights_sitenote_category":0,"footnotes":""},"class_list":["post-3724","page","type-page","status-publish","hentry"],"aioseo_notices":[],"_links":{"self":[{"href":"https:\/\/hotelardesia.com\/es\/wp-json\/wp\/v2\/pages\/3724","targetHints":{"allow":["GET"]}}],"collection":[{"href":"https:\/\/hotelardesia.com\/es\/wp-json\/wp\/v2\/pages"}],"about":[{"href":"https:\/\/hotelardesia.com\/es\/wp-json\/wp\/v2\/types\/page"}],"author":[{"embeddable":true,"href":"https:\/\/hotelardesia.com\/es\/wp-json\/wp\/v2\/users\/1"}],"replies":[{"embeddable":true,"href":"https:\/\/hotelardesia.com\/es\/wp-json\/wp\/v2\/comments?post=3724"}],"version-history":[{"count":0,"href":"https:\/\/hotelardesia.com\/es\/wp-json\/wp\/v2\/pages\/3724\/revisions"}],"wp:attachment":[{"href":"https:\/\/hotelardesia.com\/es\/wp-json\/wp\/v2\/media?parent=3724"}],"curies":[{"name":"wp","href":"https:\/\/api.w.org\/{rel}","templated":true}]}}