{"id":3727,"date":"2025-12-15T19:53:13","date_gmt":"2025-12-15T18:53:13","guid":{"rendered":"https:\/\/hotelardesia.com\/parque-oltremare"},"modified":"2025-12-15T19:53:13","modified_gmt":"2025-12-15T18:53:13","slug":"parque-oltremare","status":"publish","type":"page","link":"https:\/\/hotelardesia.com\/es\/parque-oltremare","title":{"rendered":"Descubriendo el evocador mundo de Oltremare"},"content":{"rendered":"<div class=\"wpb-content-wrapper\"><p>[vc_row css_animation=\u00bb\u00bb row_type=\u00bbrow\u00bb use_row_as_full_screen_section=\u00bbno\u00bb type=\u00bbfull_width\u00bb angled_section=\u00bbno\u00bb text_align=\u00bbleft\u00bb background_image_as_pattern=\u00bbwithout_pattern\u00bb][vc_column][vc_empty_space][vc_column_text css=\u00bb\u00bb]<\/p>\n<h3>Descubriendo el fascinante mundo de Oltremare<\/h3>\n<p>Visitar <strong>Oltremare<\/strong> es como hojear un libro de p\u00e1ginas m\u00e1gicas, que muestran los detalles de un mundo que tenemos ante nuestros ojos pero que se nos escapa continuamente. En este incre\u00edble parque, situado en Riccione, cerca del Aquafan, har\u00e1s emocionantes descubrimientos sobre la tierra, su historia y el mar que la ba\u00f1a.<\/p>\n<p>Hay muchas criaturas que podr\u00e1s admirar visitando Oltremare, desde las marinas, como los delfines o los caballitos de mar, hasta las terrestres, como aves, insectos y animales de granja.<\/p>\n<p>El viaje a Oltremare comienza con la historia de <strong>Pianeta terra<\/strong> (Planeta Tierra), un recorrido dise\u00f1ado espec\u00edficamente para mostrar todos los detalles de la evoluci\u00f3n terrestre, desde la Prehistoria hasta la aparici\u00f3n del hombre, un viaje de millones de a\u00f1os, en definitiva, con reproducciones realistas de dinosaurios.<\/p>\n<p>Por su parte, <strong>Planeta mar<\/strong> es una enorme exposici\u00f3n dedicada al medio marino, con ejemplares de los peces m\u00e1s grandes, como los tiburones, y extra\u00f1os, como los peces luna. En concreto, en 2010 se introducen dos novedades, con grandes acuarios y tanques interactivos para encontrarse cara a cara con las especies m\u00e1s extra\u00f1as y divertidas del mar. El recorrido termina con la observaci\u00f3n de los delfines desde una gran ventana submarina, con explicaciones y curiosidades contadas por los entrenadores.<\/p>\n<p>Por cierto, t\u00fa tambi\u00e9n puedes convertirte en entrenador por un d\u00eda y vivir la emoci\u00f3n de estar junto a estas fant\u00e1sticas criaturas que realizan hermosas acrobacias en la <strong>Laguna dei Delfini<\/strong> (Laguna de los Delfines). Entre los once ejemplares que alberga el parque, conocer\u00e1n a Ulises, el delf\u00edn curioso.<\/p>\n<p>Otra novedad de este a\u00f1o es la posibilidad de convertirse en cetreros, aprendiendo el verdadero arte del adiestramiento de halcones, seg\u00fan t\u00e9cnicas especiales conocidas desde la antig\u00fcedad.<\/p>\n<p>La visita a la zona <strong>Hippocampus<\/strong>, una reserva donde se alojan caballitos de mar, peces aguja y dragones marinos, libres para moverse en su h\u00e1bitat natural, resultar\u00e1 sorprendente, no solo para los m\u00e1s peque\u00f1os.<\/p>\n<p>Para terminar con broche de oro, no pod\u00eda faltar la guinda del pastel, el I max, una experiencia cinematogr\u00e1fica \u00fanica que le envolver\u00e1 en proyecciones tridimensionales de documentales sobre la naturaleza, con efectos de v\u00eddeo y audio que le dar\u00e1n la impresi\u00f3n de estar viviendo la proyecci\u00f3n en la realidad.<\/p>\n<p>Reserve su estancia en el <strong>Albergo Ardesia<\/strong>, donde se alojar\u00e1 en un <strong>ambiente familiar a dos pasos del mar y a pocos minutos de Oltremare<\/strong>, con muchas ofertas para usted y sus hijos.[\/vc_column_text][vc_empty_space][\/vc_column][\/vc_row]<\/p>\n<\/div>","protected":false},"excerpt":{"rendered":"<p>[vc_row css_animation=\u00bb\u00bb row_type=\u00bbrow\u00bb use_row_as_full_screen_section=\u00bbno\u00bb type=\u00bbfull_width\u00bb angled_section=\u00bbno\u00bb text_align=\u00bbleft\u00bb background_image_as_pattern=\u00bbwithout_pattern\u00bb][vc_column][vc_empty_space][vc_column_text css=\u00bb\u00bb] Descubriendo el fascinante mundo de Oltremare Visitar Oltremare es como hojear un libro de p\u00e1ginas m\u00e1gicas, que muestran los detalles de un mundo que tenemos ante nuestros ojos pero que se nos escapa continuamente. En este&#8230;<\/p>\n","protected":false},"author":1,"featured_media":0,"parent":0,"menu_order":0,"comment_status":"closed","ping_status":"closed","template":"","meta":{"_monsterinsights_skip_tracking":false,"_monsterinsights_sitenote_active":false,"_monsterinsights_sitenote_note":"","_monsterinsights_sitenote_category":0,"footnotes":""},"class_list":["post-3727","page","type-page","status-publish","hentry"],"aioseo_notices":[],"_links":{"self":[{"href":"https:\/\/hotelardesia.com\/es\/wp-json\/wp\/v2\/pages\/3727","targetHints":{"allow":["GET"]}}],"collection":[{"href":"https:\/\/hotelardesia.com\/es\/wp-json\/wp\/v2\/pages"}],"about":[{"href":"https:\/\/hotelardesia.com\/es\/wp-json\/wp\/v2\/types\/page"}],"author":[{"embeddable":true,"href":"https:\/\/hotelardesia.com\/es\/wp-json\/wp\/v2\/users\/1"}],"replies":[{"embeddable":true,"href":"https:\/\/hotelardesia.com\/es\/wp-json\/wp\/v2\/comments?post=3727"}],"version-history":[{"count":0,"href":"https:\/\/hotelardesia.com\/es\/wp-json\/wp\/v2\/pages\/3727\/revisions"}],"wp:attachment":[{"href":"https:\/\/hotelardesia.com\/es\/wp-json\/wp\/v2\/media?parent=3727"}],"curies":[{"name":"wp","href":"https:\/\/api.w.org\/{rel}","templated":true}]}}