{"id":3730,"date":"2025-12-15T19:54:14","date_gmt":"2025-12-15T18:54:14","guid":{"rendered":"https:\/\/hotelardesia.com\/otro-texto"},"modified":"2025-12-15T19:54:14","modified_gmt":"2025-12-15T18:54:14","slug":"otro-texto","status":"publish","type":"page","link":"https:\/\/hotelardesia.com\/es\/otro-texto","title":{"rendered":"OTRO TEXTO"},"content":{"rendered":"<p>Albergo Ardesia &#8211; Viale delle Rimembranze, 80 &#8211; 47924 Bellariva, Rimini (RN) &#8211; P.iva 00267650406<br \/>\nTel. 0541.389363 \/ 0541.389453 Fax. 0541.305357 M\u00f3vil. 328\/7425826 &#8211; Correo electr\u00f3nico: info@hotelardesia.com<\/p>\n<p>Hotel Rimini Abierto todo el a\u00f1o<\/p>\n<p>Con una ubicaci\u00f3n privilegiada, en Bellariva di Rimini, a pocos pasos del centro de Rimini, f\u00e1cilmente accesible en bicicleta o en autob\u00fas, el Albergo Ardesia es un hotel de 3 estrellas con pensi\u00f3n completa en Rimini, abierto todo el a\u00f1o con servicios dedicados a las familias, hasta el punto de poder ser considerado uno de los mejores hoteles para ni\u00f1os de la costa de Roma\u00f1a. Nuestro hotel familiar en R\u00edmini est\u00e1 muy cerca de la playa y a pocos minutos del parque de atracciones para ni\u00f1os Fiabilandia, sin olvidar el Delfinario y Italia in Miniatura.<br \/>\nLas visitas que parten de nuestro hotel econ\u00f3mico en R\u00edmini y conducen al descubrimiento de lugares donde el tiempo parece haberse detenido son emocionantes, pueblos caracter\u00edsticos del interior de Roma\u00f1a como San Marino, donde no hay que perderse las m\u00e1gicas Jornadas Medievales, con recreaciones hist\u00f3ricas y torneos de ballestas, de los que esta tierra presume de una gran tradici\u00f3n.<br \/>\nDurante las vacaciones en familia en R\u00edmini, se pueden vivir intensamente d\u00edas divertidos y despreocupados en los parques de los que est\u00e1 repleta la Roma\u00f1a, aprovechando la proximidad de nuestro hotel junto al mar cerca de R\u00edmini a cada uno de ellos. Para una tarde de compras o un paseo relajante, a pocos minutos de nuestro hotel para familias en R\u00edmini se encuentra el centro comercial Le Befane, que tambi\u00e9n cuenta con un cine multiplex con 12 salas, y a poca distancia se encuentran las termas de R\u00edmini, ideales para un momento de puro relax.<\/p>\n<p>A pocos metros del hotel se encuentra tambi\u00e9n el Poliambulatorio Nuova Ricerca, un centro m\u00e9dico de vanguardia para toda la regi\u00f3n de Roma\u00f1a.<br \/>\nHotel cerca de la Feria de R\u00edmini<\/p>\n<p>Quienes se encuentran en la ciudad por motivos de trabajo, en cambio, encontrar\u00e1n en este hotel de 3 estrellas en Bellariva di Rimini un excelente punto de apoyo para llegar a la Feria de R\u00edmini y participar en los prestigiosos eventos que enriquecen su calendario, como Sigep, Rimini Wellness y TTG.<br \/>\nUna oferta empresarial que ahora se ha ampliado hasta convertir a la ciudad en la capital del sector de congresos y reuniones, gracias al nuevo Palacongressi de R\u00edmini, que ha completado el panorama de posibilidades para que los empresarios de la ciudad organicen o participen en eventos de \u00e9xito seguro.<\/p>\n<p>La comodidad y la discreci\u00f3n son los elementos que caracterizan al hotel para una estancia de negocios, con un servicio de personal siempre a disposici\u00f3n del hu\u00e9sped: aprovechando una oferta de \u00faltima hora en Bellariva di Rimini, quiz\u00e1s con motivo de alguna feria, podr\u00e1 comprobarlo con sus propios ojos, consultando primero una de las diferentes ofertas para ferias en Rimini de nuestro hotel.<\/p>\n<p>Al elegir entre nuestras ofertas y servicios, tendr\u00e1 a su disposici\u00f3n recursos \u00fatiles para las vacaciones.<\/p>\n<p>Creaci\u00f3n de sitios web, alojamiento y posicionamiento en motores de b\u00fasqueda a cargo de Network Service para los hoteles de R\u00edmini<br \/>\nCopyright \u00a9 2025 &#8211; Todos los derechos reservados<\/p>\n","protected":false},"excerpt":{"rendered":"<p>Albergo Ardesia &#8211; Viale delle Rimembranze, 80 &#8211; 47924 Bellariva, Rimini (RN) &#8211; P.iva 00267650406 Tel. 0541.389363 \/ 0541.389453 Fax. 0541.305357 M\u00f3vil. 328\/7425826 &#8211; Correo electr\u00f3nico: info@hotelardesia.com Hotel Rimini Abierto todo el a\u00f1o Con una ubicaci\u00f3n privilegiada, en Bellariva di Rimini, a pocos pasos del&#8230;<\/p>\n","protected":false},"author":1,"featured_media":0,"parent":0,"menu_order":0,"comment_status":"closed","ping_status":"closed","template":"","meta":{"_monsterinsights_skip_tracking":false,"_monsterinsights_sitenote_active":false,"_monsterinsights_sitenote_note":"","_monsterinsights_sitenote_category":0,"footnotes":""},"class_list":["post-3730","page","type-page","status-publish","hentry"],"aioseo_notices":[],"_links":{"self":[{"href":"https:\/\/hotelardesia.com\/es\/wp-json\/wp\/v2\/pages\/3730","targetHints":{"allow":["GET"]}}],"collection":[{"href":"https:\/\/hotelardesia.com\/es\/wp-json\/wp\/v2\/pages"}],"about":[{"href":"https:\/\/hotelardesia.com\/es\/wp-json\/wp\/v2\/types\/page"}],"author":[{"embeddable":true,"href":"https:\/\/hotelardesia.com\/es\/wp-json\/wp\/v2\/users\/1"}],"replies":[{"embeddable":true,"href":"https:\/\/hotelardesia.com\/es\/wp-json\/wp\/v2\/comments?post=3730"}],"version-history":[{"count":0,"href":"https:\/\/hotelardesia.com\/es\/wp-json\/wp\/v2\/pages\/3730\/revisions"}],"wp:attachment":[{"href":"https:\/\/hotelardesia.com\/es\/wp-json\/wp\/v2\/media?parent=3730"}],"curies":[{"name":"wp","href":"https:\/\/api.w.org\/{rel}","templated":true}]}}