{"id":3731,"date":"2025-12-15T19:56:17","date_gmt":"2025-12-15T18:56:17","guid":{"rendered":"https:\/\/hotelardesia.com\/parque-aquafan"},"modified":"2025-12-15T19:56:17","modified_gmt":"2025-12-15T18:56:17","slug":"parque-aquafan","status":"publish","type":"page","link":"https:\/\/hotelardesia.com\/es\/parque-aquafan","title":{"rendered":"Aquafan"},"content":{"rendered":"<div class=\"wpb-content-wrapper\"><p>[vc_row css_animation=\u00bb\u00bb row_type=\u00bbrow\u00bb use_row_as_full_screen_section=\u00bbno\u00bb type=\u00bbfull_width\u00bb angled_section=\u00bbno\u00bb text_align=\u00bbleft\u00bb background_image_as_pattern=\u00bbwithout_pattern\u00bb el_class=\u00bbmax-1400&#8243; z_index=\u00bb\u00bb][vc_column][vc_empty_space height=\u00bb60px\u00bb][vc_column_text]<\/p>\n<h1 style=\"text-align: center;\">Aquafan<\/h1>\n<p>[\/vc_column_text][vc_column_text]<\/p>\n<p style=\"text-align: center;\">El <strong>Aquafan<\/strong> es el <strong>extraordinario parque acu\u00e1tico de Riccione<\/strong> que ofrece una  gran variedad de atracciones y animaciones y que cada a\u00f1o sorprende a sus visitantes con muchas sorpresas.<br \/>Se trata del <strong>parque acu\u00e1tico m\u00e1s famoso de Europa<\/strong>, con 150 000 metros cuadrados de toboganes acu\u00e1ticos, que se articulan entre recorridos acrob\u00e1ticos y emocionantes. El Aquafan ofrece diversi\u00f3n para todos, grandes y peque\u00f1os, familias y grupos de j\u00f3venes que quedan encantados con este parque.<br \/>\n[\/vc_column_text][vc_empty_space height=\u00bb60px\u00bb][\/vc_column][\/vc_row][vc_row css_animation=\u00bb\u00bb row_type=\u00bbrow\u00bb use_row_as_full_screen_section=\u00bbno\u00bb type=\u00bbfull_width\u00bb angled_section=\u00bbno\u00bb text_align=\u00bbleft\u00bb background_image_as_pattern=\u00bbwithout_pattern\u00bb el_class=\u00bbindex-risto\u00bb z_index=\u00bb\u00bb css=\u00bb.vc_custom_1518098798166{background-color: #ffffff !important;}\u00bb][vc_column][qode_elements_holder number_of_columns=\u00bbtwo_columns\u00bb][qode_elements_holder_item advanced_animations=\u00bbno\u00bb item_padding=\u00bb0 15px 0 0&#8243;][vc_single_image image=\u00bb3732&#8243; img_size=\u00bbfull\u00bb alignment=\u00bbright\u00bb qode_css_animation=\u00bbelement_from_left\u00bb css=\u00bb.vc_custom_1521471594276{padding-right: 15px !important;padding-left: 15px !important;}\u00bb][\/qode_elements_holder_item][qode_elements_holder_item advanced_animations=\u00bbno\u00bb item_padding=\u00bb0 0 0 15px\u00bb][vc_column_text css=\u00bb.vc_custom_1683201003460{padding-right: 15px !important;padding-left: 15px !important;}\u00bb]<\/p>\n<p style=\"text-align: center;\">En primer lugar, toboganes y descensos vertiginosos: los amantes de las emociones fuertes y los m\u00e1s atrevidos encontrar\u00e1n  el  Kamikaze, la atracci\u00f3n m\u00e1s antigua del parque y la que sigue siendo la m\u00e1s adrenal\u00ednica, con dos pistas de 90 metros en las que se alcanza una velocidad libre de 65 km\/h, o River Run, un largo y empinado recorrido que se realiza a bordo de botes de goma, o Twist, donde tres conductos se entrelazan vertiginosamente, y, por \u00faltimo, Speedriul, un sistema de tubos y embudos que se cruzan para un descenso a alta velocidad.<br \/>\n[\/vc_column_text][\/qode_elements_holder_item][\/qode_elements_holder][vc_empty_space height=\u00bb60px\u00bb][\/vc_column][\/vc_row][vc_row css_animation=\u00bb\u00bb row_type=\u00bbrow\u00bb use_row_as_full_screen_section=\u00bbno\u00bb type=\u00bbfull_width\u00bb angled_section=\u00bbno\u00bb text_align=\u00bbleft\u00bb background_image_as_pattern=\u00bbwithout_pattern\u00bb z_index=\u00bb\u00bb css=\u00bb.vc_custom_1521192956462{background-color: #dfd9d4 !important;}\u00bb][vc_column][vc_column_text css=\u00bb.vc_custom_1521470491330{padding-top: 6% !important;padding-bottom: 6% !important;}\u00bb]<\/p>\n<p style=\"text-align: center;\" >Los m\u00e1s peque\u00f1os tambi\u00e9n podr\u00e1n divertirse en el agua con el Arca  de No\u00e9, donde podr\u00e1n trepar con total seguridad para descubrir a bordo las diferentes especies de animales y luego bajar por tubos de colores, la Piscina del Elefante, donde simp\u00e1ticos toboganes se extienden desde el vientre del elefante rosa que roc\u00eda agua con su trompa, y Antartic Baby Beach, donde podr\u00e1n jugar con un curioso oso polar. <\/p>\n<p>\n[\/vc_column_text][\/vc_column][\/vc_row][vc_row css_animation=\u00bb\u00bb row_type=\u00bbrow\u00bb use_row_as_full_screen_section=\u00bbno\u00bb type=\u00bbfull_width\u00bb angled_section=\u00bbno\u00bb text_align=\u00bbleft\u00bb background_image_as_pattern=\u00bbwithout_pattern\u00bb el_class=\u00bbfull\u00bb z_index=\u00bb\u00bb][vc_column][vc_raw_html]PGRpdiBjbGFzcz0icGFyYWxsYXggYXF1YWZhbiI+PC9kaXY+[\/vc_raw_html][\/vc_column][\/vc_row]<\/p>\n<\/div>","protected":false},"excerpt":{"rendered":"<p>[vc_row css_animation=\u00bb\u00bb row_type=\u00bbrow\u00bb use_row_as_full_screen_section=\u00bbno\u00bb type=\u00bbfull_width\u00bb angled_section=\u00bbno\u00bb text_align=\u00bbleft\u00bb background_image_as_pattern=\u00bbwithout_pattern\u00bb el_class=\u00bbmax-1400&#8243; z_index=\u00bb\u00bb][vc_column][vc_empty_space height=\u00bb60px\u00bb][vc_column_text] Aquafan [\/vc_column_text][vc_column_text] El Aquafan es el extraordinario parque acu\u00e1tico de Riccione que ofrece una gran variedad de atracciones y animaciones y que cada a\u00f1o sorprende a sus visitantes con muchas sorpresas.Se trata del parque&#8230;<\/p>\n","protected":false},"author":1,"featured_media":0,"parent":0,"menu_order":0,"comment_status":"closed","ping_status":"closed","template":"full_width.php","meta":{"_monsterinsights_skip_tracking":false,"_monsterinsights_sitenote_active":false,"_monsterinsights_sitenote_note":"","_monsterinsights_sitenote_category":0,"footnotes":""},"class_list":["post-3731","page","type-page","status-publish","hentry"],"aioseo_notices":[],"_links":{"self":[{"href":"https:\/\/hotelardesia.com\/es\/wp-json\/wp\/v2\/pages\/3731","targetHints":{"allow":["GET"]}}],"collection":[{"href":"https:\/\/hotelardesia.com\/es\/wp-json\/wp\/v2\/pages"}],"about":[{"href":"https:\/\/hotelardesia.com\/es\/wp-json\/wp\/v2\/types\/page"}],"author":[{"embeddable":true,"href":"https:\/\/hotelardesia.com\/es\/wp-json\/wp\/v2\/users\/1"}],"replies":[{"embeddable":true,"href":"https:\/\/hotelardesia.com\/es\/wp-json\/wp\/v2\/comments?post=3731"}],"version-history":[{"count":0,"href":"https:\/\/hotelardesia.com\/es\/wp-json\/wp\/v2\/pages\/3731\/revisions"}],"wp:attachment":[{"href":"https:\/\/hotelardesia.com\/es\/wp-json\/wp\/v2\/media?parent=3731"}],"curies":[{"name":"wp","href":"https:\/\/api.w.org\/{rel}","templated":true}]}}