{"id":3736,"date":"2025-12-15T19:57:07","date_gmt":"2025-12-15T18:57:07","guid":{"rendered":"https:\/\/hotelardesia.com\/bellariva-de-rimini"},"modified":"2025-12-15T19:57:07","modified_gmt":"2025-12-15T18:57:07","slug":"bellariva-de-rimini","status":"publish","type":"page","link":"https:\/\/hotelardesia.com\/es\/bellariva-de-rimini","title":{"rendered":"Bellariva, para descubrir las maravillas de la Riviera Romagnola"},"content":{"rendered":"<div class=\"wpb-content-wrapper\"><p>[vc_row css_animation=\u00bb\u00bb row_type=\u00bbrow\u00bb use_row_as_full_screen_section=\u00bbno\u00bb type=\u00bbfull_width\u00bb angled_section=\u00bbno\u00bb text_align=\u00bbleft\u00bb background_image_as_pattern=\u00bbwithout_pattern\u00bb][vc_column][vc_empty_space][vc_column_text css=\u00bb\u00bb]<\/p>\n<h3>Bellariva, para descubrir las maravillas de la Riviera Romagnola<\/h3>\n<p>Al alojarse en nuestro hotel en Bellariva di Rimini, tendr\u00e1 a pocos pasos los mejores recursos que la Riviera Romagnola ofrece a sus queridos visitantes.<\/p>\n<p>Bellariva, situada en una posici\u00f3n estrat\u00e9gica junto al mar, entre R\u00edmini y Riccione, es un punto de partida inigualable hacia los parques de atracciones, la feria, los principales centros comerciales y mucho m\u00e1s.<\/p>\n<p>Aloj\u00e1ndose en uno de los hoteles m\u00e1s acogedores de Bellariva di Rimini, como el nuestro, que ofrece una amplia gama de servicios para satisfacer todas las necesidades, podr\u00e1 disfrutar de todo esto con la m\u00e1xima comodidad y relajaci\u00f3n.<\/p>\n<p>Si busca diversi\u00f3n para usted y su familia, a solo 6 minutos se encuentra el fant\u00e1stico parque Fiabilandia, con numerosas atracciones tem\u00e1ticas para el disfrute de grandes y peque\u00f1os, o a poco m\u00e1s de 10 minutos, la asombrosa Italia in Miniatura, con m\u00e1s de 270 reproducciones de los principales monumentos italianos y numerosas atracciones para toda la familia.<\/p>\n<p>Si lo que deseas es conocer los misterios del mar y entrar en contacto directo con \u00e9l, a unos quince minutos en coche se encuentra el parque <strong>Oltremare<\/strong> de Riccione, o a solo 8 minutos, el emocionante Delfinario de R\u00edmini, donde podr\u00e1s asistir a espectaculares exhibiciones y emocionantes espect\u00e1culos realizados por los habitantes m\u00e1s inteligentes del mar.<\/p>\n<p>Adem\u00e1s, a pocos pasos del centro hist\u00f3rico de R\u00edmini, el hotel le ofrece la posibilidad de dar agradables y relajantes paseos entre magn\u00edficos monumentos, entre los que destacan el <strong>Templo Malatestiano<\/strong>, el <strong>Puente de Tiberio<\/strong> o la <strong>Domus del Cirujano<\/strong>, deteni\u00e9ndose de vez en cuando para tomar un caf\u00e9 o un helado en uno de los elegantes bares de las principales plazas de la ciudad.<\/p>\n<p>Por \u00faltimo, para disfrutar de un fant\u00e1stico d\u00eda de <strong>compras<\/strong>, a solo 2 km de nosotros se encuentra el grandioso centro comercial <strong>Le Befane<\/strong>, el m\u00e1s grande de Roma\u00f1a, con m\u00e1s de 130 tiendas y un espectacular multicine con 12 salas equipadas con la tecnolog\u00eda audiovisual m\u00e1s innovadora.<\/p>\n<p>Con nuestro hotel, uno de los m\u00e1s econ\u00f3micos de R\u00edmini, podr\u00e1 disfrutar de todo esto y mucho m\u00e1s con total comodidad y a un precio asequible, para unas vacaciones inolvidables en la costa.[\/vc_column_text][\/vc_column][\/vc_row][vc_row css_animation=\u00bb\u00bb row_type=\u00bbrow\u00bb use_row_as_full_screen_section=\u00bbno\u00bb type=\u00bbfull_width\u00bb angled_section=\u00bbno\u00bb text_align=\u00bbleft\u00bb background_image_as_pattern=\u00bbwithout_pattern\u00bb][vc_column][vc_empty_space][\/vc_column][\/vc_row]<\/p>\n<\/div>","protected":false},"excerpt":{"rendered":"<p>[vc_row css_animation=\u00bb\u00bb row_type=\u00bbrow\u00bb use_row_as_full_screen_section=\u00bbno\u00bb type=\u00bbfull_width\u00bb angled_section=\u00bbno\u00bb text_align=\u00bbleft\u00bb background_image_as_pattern=\u00bbwithout_pattern\u00bb][vc_column][vc_empty_space][vc_column_text css=\u00bb\u00bb] Bellariva, para descubrir las maravillas de la Riviera Romagnola Al alojarse en nuestro hotel en Bellariva di Rimini, tendr\u00e1 a pocos pasos los mejores recursos que la Riviera Romagnola ofrece a sus queridos visitantes. Bellariva, situada&#8230;<\/p>\n","protected":false},"author":1,"featured_media":0,"parent":0,"menu_order":0,"comment_status":"closed","ping_status":"closed","template":"","meta":{"_monsterinsights_skip_tracking":false,"_monsterinsights_sitenote_active":false,"_monsterinsights_sitenote_note":"","_monsterinsights_sitenote_category":0,"footnotes":""},"class_list":["post-3736","page","type-page","status-publish","hentry"],"aioseo_notices":[],"_links":{"self":[{"href":"https:\/\/hotelardesia.com\/es\/wp-json\/wp\/v2\/pages\/3736","targetHints":{"allow":["GET"]}}],"collection":[{"href":"https:\/\/hotelardesia.com\/es\/wp-json\/wp\/v2\/pages"}],"about":[{"href":"https:\/\/hotelardesia.com\/es\/wp-json\/wp\/v2\/types\/page"}],"author":[{"embeddable":true,"href":"https:\/\/hotelardesia.com\/es\/wp-json\/wp\/v2\/users\/1"}],"replies":[{"embeddable":true,"href":"https:\/\/hotelardesia.com\/es\/wp-json\/wp\/v2\/comments?post=3736"}],"version-history":[{"count":0,"href":"https:\/\/hotelardesia.com\/es\/wp-json\/wp\/v2\/pages\/3736\/revisions"}],"wp:attachment":[{"href":"https:\/\/hotelardesia.com\/es\/wp-json\/wp\/v2\/media?parent=3736"}],"curies":[{"name":"wp","href":"https:\/\/api.w.org\/{rel}","templated":true}]}}