{"id":3739,"date":"2025-12-15T19:59:38","date_gmt":"2025-12-15T18:59:38","guid":{"rendered":"https:\/\/hotelardesia.com\/convenios-empresariales"},"modified":"2025-12-15T20:23:42","modified_gmt":"2025-12-15T19:23:42","slug":"convenios-empresariales","status":"publish","type":"page","link":"https:\/\/hotelardesia.com\/es\/convenios-empresariales","title":{"rendered":"Negocios"},"content":{"rendered":"<div class=\"wpb-content-wrapper\"><p>[vc_row css_animation=\u00bb\u00bb row_type=\u00bbrow\u00bb use_row_as_full_screen_section=\u00bbno\u00bb type=\u00bbfull_width\u00bb angled_section=\u00bbno\u00bb text_align=\u00bbleft\u00bb background_image_as_pattern=\u00bbwithout_pattern\u00bb el_class=\u00bbmax-1400&#8243; z_index=\u00bb\u00bb][vc_column][vc_empty_space height=\u00bb60px\u00bb][vc_column_text]<\/p>\n<h1 style=\"text-align: center;\">La feria y el Palacio de Congresos<\/h1>\n<p>[\/vc_column_text][vc_column_text]<\/p>\n<p style=\"text-align: center;\">La <strong>Feria de R\u00edmini<\/strong> representa desde hace tiempo un importante punto de encuentro econ\u00f3mico y social que ofrece resultados cada vez mejores a\u00f1o tras a\u00f1o.<\/p>\n<p><\/p>\n<p style=\"text-align: center;\">Inaugurada en 2001, cuenta con una superficie total de 460 000 m\u00b2, dispone de una estaci\u00f3n de tren interna y de una zona de aterrizaje para helic\u00f3pteros.<\/p>\n<p style=\"text-align: center;\" >Distribuido en una sola planta, el recinto ferial cuenta con tres entradas, 113 000 m\u00b2 de superficie expositiva, 16 pabellones climatizados y oscurecibles, 20 salas de congresos modulares, un centro de negocios, tres salas de prensa, dos restaurantes, tres locales de libre acceso, diez puntos de restauraci\u00f3n y aparcamientos para 11 000 coches.<br \/>\n[\/vc_column_text][vc_empty_space height=\u00bb60px\u00bb][\/vc_column][\/vc_row][vc_row css_animation=\u00bb\u00bb row_type=\u00bbrow\u00bb use_row_as_full_screen_section=\u00bbno\u00bb type=\u00bbfull_width\u00bb angled_section=\u00bbno\u00bb text_align=\u00bbleft\u00bb background_image_as_pattern=\u00bbwithout_pattern\u00bb el_class=\u00bbfull\u00bb z_index=\u00bb\u00bb][vc_column][vc_empty_space height=\u00bb60px\u00bb][vc_raw_html]W21ldGFzbGlkZXIgaWQ9IjEyNzYiXQ==[\/vc_raw_html][vc_empty_space height=\u00bb60px\u00bb][\/vc_column][\/vc_row][vc_row css_animation=\u00bb\u00bb row_type=\u00bbrow\u00bb use_row_as_full_screen_section=\u00bbno\u00bb type=\u00bbfull_width\u00bb angled_section=\u00bbno\u00bb text_align=\u00bbleft\u00bb background_image_as_pattern=\u00bbwithout_pattern\u00bb el_class=\u00bbindex-risto\u00bb z_index=\u00bb\u00bb css=\u00bb.vc_custom_1518098798166{background-color: #ffffff !important;}\u00bb][vc_column][qode_elements_holder number_of_columns=\u00bbtwo_columns\u00bb][qode_elements_holder_item advanced_animations=\u00bbno\u00bb item_padding=\u00bb0 15px 0 0&#8243;][vc_single_image image=\u00bb3741&#8243; img_size=\u00bbfull\u00bb alignment=\u00bbright\u00bb css=\u00bb.vc_custom_1702072996345{padding-right: 15px !important;padding-left: 15px !important;}\u00bb qode_css_animation=\u00bbelement_from_fade\u00bb][\/qode_elements_holder_item][qode_elements_holder_item advanced_animations=\u00bbno\u00bb item_padding=\u00bb0 0 0 15px\u00bb][vc_column_text css=\u00bb.vc_custom_1702072960390{padding-right: 15px !important;padding-left: 15px !important;}\u00bb]<\/p>\n<p style=\"text-align: center;\">El moderno recinto ferial destaca por la cantidad de metros cuadrados disponibles para exposiciones y por el n\u00famero de eventos anuales, bienales y trienales que se celebran aqu\u00ed.<\/p>\n<p><\/p>\n<p style=\"text-align: center;\">Los sectores del turismo, el entretenimiento y el ocio, y la ingenier\u00eda industrial son algunos de los principales protagonistas de las exposiciones de <strong>Rimini Fiera<\/strong>, y entre los eventos de mayor inter\u00e9s se encuentran: <a href=\"https:\/\/www.riminiwellness.com\/\" ><strong>Rimini Wellness<\/strong><\/a>, <a href=\"https:\/\/en.sigep.it\/\"><strong>SIGEP<\/strong><\/a>, <a href=\"https:\/\/www.sunexpo.it\/\" ><strong>SUN Expo<\/strong><\/a>, <a href=\"https:\/\/en.enada.it\/\"><strong>Enada<\/strong><\/a> y <strong><a href=\"https:\/\/en.beerandfoodattraction.it\/\">Beer&amp; Food attraction<\/a>, <a href=\"https:\/\/en.key-expo.com\/\">Key Energy<\/a>, <a href=\"https:\/\/www.macfrut.com\/\">Macfruit<\/a>, <a href=\"https:\/\/www.tecnaexpo.com\/\">Tecna<\/a><\/strong>.<\/p>\n<p><\/p>\n<p style=\"text-align: center;\" >En la Feria de R\u00edmini se celebran desde hace varios a\u00f1os los <strong><a href=\"https:\/\/www.federginnastica.it\/news\/27952-rimini-%E2%80%93-apre-la-biglietteria-per-i-campionati-europei-di-artistica-maschile-e-femminile-del-2024.html \">Campeonatos de gimnasia art\u00edstica masculina y femenina<\/a> y los <a href=\"https:\/\/www.federdanza.it\/\">Campeonatos italianos de danza FIDS<\/a>.<\/strong><\/p>\n<p>\n[\/vc_column_text][\/qode_elements_holder_item][\/qode_elements_holder][vc_empty_space height=\u00bb60px\u00bb][\/vc_column][\/vc_row][vc_row css_animation=\u00bb\u00bb row_type=\u00bbrow\u00bb use_row_as_full_screen_section=\u00bbno\u00bb type=\u00bbfull_width\u00bb angled_section=\u00bbno\u00bb text_align=\u00bbright\u00bb background_image_as_pattern=\u00bbwithout_pattern\u00bb el_class=\u00bbindex-risto\u00bb z_index=\u00bb\u00bb css=\u00bb.vc_custom_1702072643551{background-color: #ffffff !important;}\u00bb][vc_column][qode_elements_holder number_of_columns=\u00bbtwo_columns\u00bb][qode_elements_holder_item advanced_animations=\u00bbno\u00bb item_padding=\u00bb0 0 0 15px\u00bb][vc_column_text css=\u00bb.vc_custom_1719921601201{padding-right: 15px !important;padding-left: 15px !important;}\u00bb]<\/p>\n<p style=\"text-align: center;\">Otro centro de gran importancia es el <strong><a href=\"https:\/\/www.riminipalacongressi.it\/\">Palacongressi<\/a> de R\u00edmini, <\/strong>una ubicaci\u00f3n moderna, tecnol\u00f3gica, elegante y sostenible que acoge cada a\u00f1o importantes eventos, entre los que se incluyen <a href=\"https:\/\/congress.anmco.it\/\" ><strong>Congreso M\u00e9dico<\/strong><\/a>, <strong><a href=\"https:\/\/www.scivacrimini.it\/it\/\">Congreso Veterinario SCIVAC<\/a>, <a href=\"https:\/\/simposio.afiscientifica.it\/\">Simposio AFI<\/a>, <a href=\"https:\/\/ihss2024. azuleon.org\/\">IHSS<\/a>, <a href=\"https:\/\/ecscw.eusset.eu\/2024\/\">ECSCW2024 <\/a>.<\/strong><\/p>\n<p>\n[\/vc_column_text][\/qode_elements_holder_item][qode_elements_holder_item advanced_animations=\u00bbno\u00bb item_padding=\u00bb0 15px 0 0&#8243;][vc_single_image image=\u00bb3742&#8243; img_size=\u00bbfull\u00bb css=\u00bb.vc_custom_1702073008516{padding-right: 15px !important;padding-left: 15px !important;}\u00bb qode_css_animation=\u00bbelement_from_fade\u00bb][\/qode_elements_holder_item][\/qode_elements_holder][vc_empty_space height=\u00bb60px\u00bb][\/vc_column][\/vc_row][vc_row css_animation=\u00bb\u00bb row_type=\u00bbrow\u00bb use_row_as_full_screen_section=\u00bbno\u00bb type=\u00bbfull_width\u00bb angled_section=\u00bbno\u00bb text_align=\u00bbleft\u00bb background_image_as_pattern=\u00bbwithout_pattern\u00bb z_index=\u00bb\u00bb css=\u00bb.vc_custom_1521192956462{background-color: #dfd9d4 !important;}\u00bb][vc_column][vc_column_text css=\u00bb.vc_custom_1702073062270{padding-top: 6% !important;padding-bottom: 6% !important;}\u00bb]<\/p>\n<p style=\"text-align: center;\" ><span style=\"color: #5f5959;\">Los espacios a disposici\u00f3n de los expositores cuentan con todo tipo de servicios log\u00edsticos y tecnol\u00f3gicos, a la vanguardia en cuanto a desarrollo y usabilidad, y se distribuyen en <strong>16 pabellones modulares<\/strong> flanqueados por \u00e1reas de recepci\u00f3n, salas de prensa, salas de conferencias y otros servicios de \u00e9lite.<\/span><\/p>\n<p><\/p>\n<p style=\"text-align: center;\"><span style=\"color: #5f5959;\">Se puede acceder a la <strong>feria<\/strong> por tres entradas, conectadas por <strong>autobuses lanzadera<\/strong>, lo que permite la celebraci\u00f3n simult\u00e1nea de varios eventos sin crear ning\u00fan obst\u00e1culo.<br \/>\n El coraz\u00f3n del centro ferial lo constituye un vest\u00edbulo central con una espectacular c\u00fapula de 20 metros de altura, rodeado de numerosos servicios. <\/p>\n<p style=\"text-align: center;\"><a class=\"qbutton read_more_button blue\" href=\"https:\/\/hotelardesia.com\/es\/donde-estamos\">Vea d\u00f3nde estamos<\/a><\/p>\n<p>\n[\/vc_column_text][\/vc_column][\/vc_row]<\/p>\n<\/div>","protected":false},"excerpt":{"rendered":"<p>[vc_row css_animation=\u00bb\u00bb row_type=\u00bbrow\u00bb use_row_as_full_screen_section=\u00bbno\u00bb type=\u00bbfull_width\u00bb angled_section=\u00bbno\u00bb text_align=\u00bbleft\u00bb background_image_as_pattern=\u00bbwithout_pattern\u00bb el_class=\u00bbmax-1400&#8243; z_index=\u00bb\u00bb][vc_column][vc_empty_space height=\u00bb60px\u00bb][vc_column_text] La feria y el Palacio de Congresos [\/vc_column_text][vc_column_text] La Feria de R\u00edmini representa desde hace tiempo un importante punto de encuentro econ\u00f3mico y social que ofrece resultados cada vez mejores a\u00f1o tras a\u00f1o. Inaugurada&#8230;<\/p>\n","protected":false},"author":1,"featured_media":0,"parent":0,"menu_order":0,"comment_status":"closed","ping_status":"closed","template":"full_width.php","meta":{"_monsterinsights_skip_tracking":false,"_monsterinsights_sitenote_active":false,"_monsterinsights_sitenote_note":"","_monsterinsights_sitenote_category":0,"footnotes":""},"class_list":["post-3739","page","type-page","status-publish","hentry"],"aioseo_notices":[],"_links":{"self":[{"href":"https:\/\/hotelardesia.com\/es\/wp-json\/wp\/v2\/pages\/3739","targetHints":{"allow":["GET"]}}],"collection":[{"href":"https:\/\/hotelardesia.com\/es\/wp-json\/wp\/v2\/pages"}],"about":[{"href":"https:\/\/hotelardesia.com\/es\/wp-json\/wp\/v2\/types\/page"}],"author":[{"embeddable":true,"href":"https:\/\/hotelardesia.com\/es\/wp-json\/wp\/v2\/users\/1"}],"replies":[{"embeddable":true,"href":"https:\/\/hotelardesia.com\/es\/wp-json\/wp\/v2\/comments?post=3739"}],"version-history":[{"count":0,"href":"https:\/\/hotelardesia.com\/es\/wp-json\/wp\/v2\/pages\/3739\/revisions"}],"wp:attachment":[{"href":"https:\/\/hotelardesia.com\/es\/wp-json\/wp\/v2\/media?parent=3739"}],"curies":[{"name":"wp","href":"https:\/\/api.w.org\/{rel}","templated":true}]}}