{"id":3746,"date":"2025-12-15T20:05:19","date_gmt":"2025-12-15T19:05:19","guid":{"rendered":"https:\/\/hotelardesia.com\/habitaciones"},"modified":"2025-12-15T20:26:17","modified_gmt":"2025-12-15T19:26:17","slug":"habitaciones","status":"publish","type":"page","link":"https:\/\/hotelardesia.com\/es\/habitaciones","title":{"rendered":"Habitaciones"},"content":{"rendered":"<div class=\"wpb-content-wrapper\"><p>[vc_row css_animation=\u00bb\u00bb row_type=\u00bbrow\u00bb use_row_as_full_screen_section=\u00bbno\u00bb type=\u00bbfull_width\u00bb angled_section=\u00bbno\u00bb text_align=\u00bbcenter\u00bb background_image_as_pattern=\u00bbwithout_pattern\u00bb z_index=\u00bb\u00bb background_color=\u00bb#dfd9d4&#8243; css=\u00bb.vc_custom_1708328100632{background-color: #dfd9d4 !important;}\u00bb][vc_column][vc_empty_space height=\u00bb60px\u00bb el_class=\u00bbempty60&#8243;][vc_column_text]<\/p>\n<h1 style=\"text-align: center;\">Las habitaciones<\/h1>\n<p>[\/vc_column_text][vc_column_text css=\u00bb\u00bb]<\/p>\n<p style=\"text-align: center;\">Nuestras habitaciones te recibir\u00e1n en un ambiente <strong>relajante y confortable<\/strong>, pensado para ofrecerte el m\u00e1ximo confort durante tu estancia.<\/p>\n<p><\/p>\n<p style=\"text-align: center;\">Gracias a los numerosos <strong>servicios a su disposici\u00f3n<\/strong>, podr\u00e1 disfrutar de unas vacaciones agradables y sin preocupaciones, tanto si viaja por placer como por trabajo.<\/p>\n<p style=\"text-align: center;\">Todas las habitaciones son <strong>amplias, luminosas y est\u00e1n decoradas con buen gusto<\/strong>, para garantizarle una experiencia acogedora y funcional. Cada habitaci\u00f3n est\u00e1 dise\u00f1ada para satisfacer las necesidades de <strong>familias, parejas y viajeros individuales<\/strong>, ofreciendo <strong>espacios c\u00f3modos y bien organizados<\/strong> para la m\u00e1xima practicidad. <\/p>\n<p><\/p>\n<p style=\"text-align: center;\">Podr\u00e1s disfrutar de <strong>servicios exclusivos<\/strong>, como conexi\u00f3n Wi-Fi gratuita, aire acondicionado, TV de pantalla plana y mucho m\u00e1s. <\/p>\n<p><\/p>\n<p style=\"text-align: center;\">La ubicaci\u00f3n estrat\u00e9gica del establecimiento le permitir\u00e1 llegar f\u00e1cilmente a las principales atracciones de la zona, lo que har\u00e1 que su estancia sea a\u00fan m\u00e1s agradable.<\/p>\n<p><\/p>\n<p style=\"text-align: center;\">\u00a1Reserve ahora su habitaci\u00f3n y disfrute de una estancia relajante y c\u00f3moda!<\/p>\n<p>\n[\/vc_column_text][vc_empty_space height=\u00bb64px\u00bb][\/vc_column][\/vc_row][vc_row css_animation=\u00bb\u00bb row_type=\u00bbrow\u00bb use_row_as_full_screen_section=\u00bbno\u00bb type=\u00bbfull_width\u00bb angled_section=\u00bbno\u00bb text_align=\u00bbcenter\u00bb background_image_as_pattern=\u00bbwithout_pattern\u00bb z_index=\u00bb\u00bb css=\u00bb.vc_custom_1737657202127{padding-top: 2% !important;padding-bottom: 2% !important;background-color: #a6a09b !important;background-position: center !important;background-repeat: no-repeat !important;background-size: cover !important;}\u00bb el_id=\u00bbguenda-bg\u00bb][vc_column][vc_column_text]<script type=\"text\/javascript\" id=\"scidoo-widget-inlinev2\" src=\"https:\/\/www.scidoo.com\/preventivo_picker\/include_widget_inlinev2.js\" data-codice=\"1028\" data-container=\"booking\" data-lang=\"1\" data-struttura=\"-1\" data-provenienza=\"0\"><\/script><\/p>\n<div id=\"booking\"><\/div>\n<p>\n[\/vc_column_text][\/vc_column][\/vc_row][vc_row css_animation=\u00bb\u00bb row_type=\u00bbrow\u00bb use_row_as_full_screen_section=\u00bbno\u00bb type=\u00bbfull_width\u00bb angled_section=\u00bbno\u00bb text_align=\u00bbleft\u00bb background_image_as_pattern=\u00bbwithout_pattern\u00bb css=\u00bb.vc_custom_1521456416472{margin-top: 3.5% !important;background-color: #a6a09b !important;}\u00bb z_index=\u00bb\u00bb el_class=\u00bbindex-risto\u00bb el_id=\u00bbrooms-my\u00bb][vc_column][qode_elements_holder number_of_columns=\u00bbthree_columns\u00bb][qode_elements_holder_item advanced_animations=\u00bbno\u00bb custom_class=\u00bbrelative-box one\u00bb][vc_single_image image=\u00bb3753&#8243; img_size=\u00bbfull\u00bb qode_css_animation=\u00bbelement_from_left\u00bb][\/qode_elements_holder_item][qode_elements_holder_item advanced_animations=\u00bbno\u00bb custom_class=\u00bbrelative-box two\u00bb][vc_single_image image=\u00bb3748&#8243; img_size=\u00bbfull\u00bb qode_css_animation=\u00bbelement_from_right\u00bb][\/qode_elements_holder_item][qode_elements_holder_item advanced_animations=\u00bbno\u00bb custom_class=\u00bbristo-home\u00bb][vc_column_text css=\u00bb.vc_custom_1683200820005{padding-top: 60px !important;padding-right: 60px !important;padding-bottom: 60px !important;padding-left: 60px !important;}\u00bb el_class=\u00bbtext-rooms\u00bb]<\/p>\n<h3 style=\"text-align: center;\"><span style=\"color: #ffffff;\">Muchas comodidades para ti<\/span><\/h3>\n<p><\/p>\n<p style=\"text-align: center;\"><span style=\"color: #ffffff;\">Todas las habitaciones disponen de ba\u00f1o privado con ducha o cabina de ducha, secador de pelo, ventilador de techo (tambi\u00e9n se puede solicitar aire acondicionado), TV en color, l\u00ednea telef\u00f3nica directa y caja fuerte.<\/span><\/p>\n<p><\/p>\n<p style=\"text-align: center;\"><a class=\"qbutton read_more_button white\" href=\"https:\/\/hotelardesia.com\/es\/contacto-hotel-ardesia\">Cont\u00e1ctenos para m\u00e1s informaci\u00f3n<\/a><\/p>\n<p>[\/vc_column_text][\/qode_elements_holder_item][\/qode_elements_holder][\/vc_column][\/vc_row][vc_row css_animation=\u00bb\u00bb row_type=\u00bbrow\u00bb use_row_as_full_screen_section=\u00bbno\u00bb type=\u00bbfull_width\u00bb angled_section=\u00bbno\u00bb text_align=\u00bbleft\u00bb background_image_as_pattern=\u00bbwithout_pattern\u00bb][vc_column][vc_empty_space height=\u00bb64px\u00bb][\/vc_column][\/vc_row][vc_row css_animation=\u00bb\u00bb row_type=\u00bbrow\u00bb use_row_as_full_screen_section=\u00bbno\u00bb type=\u00bbfull_width\u00bb angled_section=\u00bbno\u00bb text_align=\u00bbleft\u00bb background_image_as_pattern=\u00bbwithout_pattern\u00bb][vc_column][vc_column_text]<\/p>\n<h2 style=\"text-align: center;\">Habitaci\u00f3n doble est\u00e1ndar<\/h2>\n<p>[\/vc_column_text][\/vc_column][\/vc_row][vc_row css_animation=\u00bb\u00bb row_type=\u00bbrow\u00bb use_row_as_full_screen_section=\u00bbno\u00bb type=\u00bbfull_width\u00bb angled_section=\u00bbno\u00bb text_align=\u00bbleft\u00bb background_image_as_pattern=\u00bbwithout_pattern\u00bb][vc_column][vc_column_text css=\u00bb\u00bb]<\/p>\n<h4 style=\"text-align: center;\"><strong>Habitaciones est\u00e1ndar matrimoniales o dobles: sencillez y comodidad para una estancia pr\u00e1ctica<\/strong><\/h4>\n<p><\/p>\n<p style=\"text-align: center;\">Las <strong>habitaciones est\u00e1ndar<\/strong> de nuestro hotel Ardesia en <strong>Bellariva di Rimini<\/strong> son la elecci\u00f3n perfecta para quienes buscan un <strong>alojamiento c\u00f3modo<\/strong>, con una excelente relaci\u00f3n calidad-precio y una ubicaci\u00f3n estrat\u00e9gica cerca del mar. Ideales para parejas, familias y viajeros de negocios, ofrecen <strong>funcionalidad y practicidad<\/strong>, garantizando una estancia relajante y sin preocupaciones.<\/p>\n<p style=\"text-align: center;\">Gracias a los <strong>servicios completos<\/strong>, las habitaciones est\u00e1n dise\u00f1adas para ofrecer el m\u00e1ximo confort:<\/p>\n<ul>\n<li style=\"text-align: center;\"><strong>Ba\u00f1o privado<\/strong> con cabina de ducha, kit de cortes\u00eda y secador de pelo<\/li>\n<li style=\"text-align: center;\"><strong>Aire acondicionado regulable<\/strong>, para un clima siempre perfecto<\/li>\n<li style=\"text-align: center;\"><strong>Limpieza diaria<\/strong> para que los espacios est\u00e9n siempre ordenados y acogedores<\/li>\n<li style=\"text-align: center;\"><strong>TV de pantalla plana<\/strong>, para su entretenimiento<\/li>\n<li style=\"text-align: center;\"><strong>Conexi\u00f3n Wi-Fi r\u00e1pida y gratuita<\/strong>, ideal para trabajar o mantenerse en contacto con amigos y familiares<\/li>\n<li style=\"text-align: center;\"><strong>Tel\u00e9fono directo y caja fuerte<\/strong>, para mayor seguridad y comodidad<\/li>\n<\/ul>\n<p><\/p>\n<p style=\"text-align: center;\">Nuestras <strong>habitaciones amplias y luminosas<\/strong> est\u00e1n decoradas con un estilo moderno y acogedor, perfecto para quienes desean un descanso relajante despu\u00e9s de un d\u00eda dedicado a disfrutar de las bellezas de <strong>Rimini y la Riviera Romagnola<\/strong>.<\/p>\n<p>&nbsp;<\/p>\n<div class=\"post-link\" style=\"text-align: center;\"><a class=\"post-link__btn\" href=\"https:\/\/www.scidoo.com\/preventivov2\/?cod=1028&#038;lang=1&amp;dataarr=2026-4-1&amp;notti=2&amp;adult=2&amp; IDsotto_struttura=0&amp;settore=1\" target=\"_blank\" rel=\"noopener noreferrer\">Reserva una habitaci\u00f3n est\u00e1ndar<\/a><\/div>\n<p>&nbsp;<\/p>\n<div style=\"text-align: center;\">\u00a1Y disfruta de una estancia relajante y c\u00f3moda a pocos pasos del mar!<\/div>\n<p>\n[\/vc_column_text][vc_empty_space][\/vc_column][\/vc_row][vc_row css_animation=\u00bb\u00bb row_type=\u00bbrow\u00bb use_row_as_full_screen_section=\u00bbno\u00bb type=\u00bbfull_width\u00bb angled_section=\u00bbno\u00bb text_align=\u00bbleft\u00bb background_image_as_pattern=\u00bbwithout_pattern\u00bb][vc_column][qode_content_slider][qode_content_slider_item][vc_single_image image=\u00bb1403&#8243; img_size=\u00bblarge\u00bb alignment=\u00bbcenter\u00bb qode_css_animation=\u00bb\u00bb][\/qode_content_slider_item][qode_content_slider_item][vc_single_image image=\u00bb1404&#8243; img_size=\u00bblarge\u00bb alignment=\u00bbcenter\u00bb qode_css_animation=\u00bb\u00bb][\/qode_content_slider_item][qode_content_slider_item][vc_single_image image=\u00bb1402&#8243; img_size=\u00bblarge\u00bb alignment=\u00bbcenter\u00bb qode_css_animation=\u00bb\u00bb][\/qode_content_slider_item][\/qode_content_slider][vc_empty_space][vc_separator css_animation=\u00bbbounceInDown\u00bb type=\u00bbnormal\u00bb color=\u00bb#bcbcbc\u00bb][\/vc_column][\/vc_row][vc_row css_animation=\u00bb\u00bb row_type=\u00bbrow\u00bb use_row_as_full_screen_section=\u00bbno\u00bb type=\u00bbfull_width\u00bb angled_section=\u00bbno\u00bb text_align=\u00bbleft\u00bb background_image_as_pattern=\u00bbwithout_pattern\u00bb][vc_column][vc_empty_space height=\u00bb64px\u00bb][\/vc_column][\/vc_row][vc_row css_animation=\u00bb\u00bb row_type=\u00bbrow\u00bb use_row_as_full_screen_section=\u00bbno\u00bb type=\u00bbfull_width\u00bb angled_section=\u00bbno\u00bb text_align=\u00bbleft\u00bb background_image_as_pattern=\u00bbwithout_pattern\u00bb][vc_column][vc_column_text]<\/p>\n<h2 style=\"text-align: center;\">Habitaci\u00f3n doble Economy<\/h2>\n<p>[\/vc_column_text][\/vc_column][\/vc_row][vc_row css_animation=\u00bb\u00bb row_type=\u00bbrow\u00bb use_row_as_full_screen_section=\u00bbno\u00bb type=\u00bbfull_width\u00bb angled_section=\u00bbno\u00bb text_align=\u00bbleft\u00bb background_image_as_pattern=\u00bbwithout_pattern\u00bb][vc_column][vc_column_text css=\u00bb\u00bb]<\/p>\n<h4 style=\"text-align: center;\"><strong>Habitaciones Economy Matrimoniales o Dobles: estancia econ\u00f3mica sin renunciar a la comodidad<\/strong><\/h4>\n<p><\/p>\n<p style=\"text-align: center;\">Las <strong>habitaciones Economy Matrimoniales o Dobles<\/strong> son la soluci\u00f3n ideal para quienes buscan una <strong>estancia sencilla pero c\u00f3moda<\/strong> en <strong>Bellariva di Rimini<\/strong>, sin renunciar a los servicios esenciales. Perfectas para parejas, amigos o viajeros individuales, ofrecen un ambiente pr\u00e1ctico y funcional, ideal para quienes desean pasar unas vacaciones sin lujos, pero c\u00f3modas y relajantes. <\/p>\n<p style=\"text-align: center;\">Las <strong>habitaciones Economy<\/strong> est\u00e1n equipadas con:<\/p>\n<p>\n[\/vc_column_text][vc_column_text css=\u00bb\u00bb]<\/p>\n<ul>\n<li style=\"text-align: center;\"><strong>Ba\u00f1o privado<\/strong> con cabina de ducha, kit de cortes\u00eda y secador de pelo<\/li>\n<li style=\"text-align: center;\"><strong>Aire acondicionado regulable<\/strong>, para un clima siempre perfecto<\/li>\n<li style=\"text-align: center;\"><strong>Limpieza diaria<\/strong> para que los espacios est\u00e9n siempre ordenados y acogedores<\/li>\n<li style=\"text-align: center;\"><strong>TV de pantalla plana<\/strong>, para tu entretenimiento<\/li>\n<li style=\"text-align: center;\"><strong>Conexi\u00f3n Wi-Fi r\u00e1pida y gratuita<\/strong>, ideal para trabajar o mantenerse en contacto con amigos y familiares<\/li>\n<li style=\"text-align: center;\"><strong>Tel\u00e9fono directo y caja fuerte<\/strong>, para mayor seguridad y comodidad<\/li>\n<\/ul>\n<p>\n[\/vc_column_text][vc_column_text css=\u00bb\u00bb]<\/p>\n<p style=\"text-align: center;\">Aunque las <strong>habitaciones Economy<\/strong> no disponen de <strong>cabina de ducha ni plato de ducha<\/strong>, son ideales para quienes buscan una <strong>soluci\u00f3n econ\u00f3mica pero completa<\/strong>, en una ubicaci\u00f3n estrat\u00e9gica a pocos pasos del mar y de las atracciones tur\u00edsticas de R\u00edmini. Si deseas una estancia pr\u00e1ctica y econ\u00f3mica sin renunciar a la calidad<\/p>\n<p>&nbsp;<\/p>\n<div class=\"post-link\" style=\"text-align: center;\"><a class=\"post-link__btn\" href=\"https:\/\/www.scidoo.com\/preventivov2\/?cod=1028&#038;lang=1&amp;dataarr=2026-4-1&amp;notti=2&amp;adult=2&amp; IDsotto_struttura=0&amp;settore=1\" target=\"_blank\" rel=\"noopener noreferrer\">Reservar habitaci\u00f3n Economy<\/a><\/div>\n<p>&nbsp;<\/p>\n<div style=\"text-align: center;\">\u00a1La elecci\u00f3n perfecta para ti!<\/div>\n<p>\n[\/vc_column_text][vc_empty_space][\/vc_column][\/vc_row][vc_row css_animation=\u00bb\u00bb row_type=\u00bbrow\u00bb use_row_as_full_screen_section=\u00bbno\u00bb type=\u00bbfull_width\u00bb angled_section=\u00bbno\u00bb text_align=\u00bbleft\u00bb background_image_as_pattern=\u00bbwithout_pattern\u00bb][vc_column][qode_content_slider][qode_content_slider_item][vc_single_image image=\u00bb3759&#8243; img_size=\u00bblarge\u00bb alignment=\u00bbcenter\u00bb qode_css_animation=\u00bb\u00bb][\/qode_content_slider_item][qode_content_slider_item][vc_single_image image=\u00bb3758&#8243; img_size=\u00bblarge\u00bb alignment=\u00bbcenter\u00bb qode_css_animation=\u00bb\u00bb][\/qode_content_slider_item][qode_content_slider_item][vc_single_image image=\u00bb3760&#8243; img_size=\u00bblarge\u00bb alignment=\u00bbcenter\u00bb qode_css_animation=\u00bb\u00bb][\/qode_content_slider_item][\/qode_content_slider][vc_empty_space][vc_separator css_animation=\u00bbbounceInDown\u00bb type=\u00bbnormal\u00bb color=\u00bb#bcbcbc\u00bb][\/vc_column][\/vc_row][vc_row css_animation=\u00bb\u00bb row_type=\u00bbrow\u00bb use_row_as_full_screen_section=\u00bbno\u00bb type=\u00bbfull_width\u00bb angled_section=\u00bbno\u00bb text_align=\u00bbleft\u00bb background_image_as_pattern=\u00bbwithout_pattern\u00bb][vc_column][vc_empty_space height=\u00bb64px\u00bb][\/vc_column][\/vc_row][vc_row css_animation=\u00bb\u00bb row_type=\u00bbrow\u00bb use_row_as_full_screen_section=\u00bbno\u00bb type=\u00bbfull_width\u00bb angled_section=\u00bbno\u00bb text_align=\u00bbleft\u00bb background_image_as_pattern=\u00bbwithout_pattern\u00bb][vc_column][vc_column_text]<\/p>\n<h2 style=\"text-align: center;\">Habitaci\u00f3n familiar<\/h2>\n<p>[\/vc_column_text][\/vc_column][\/vc_row][vc_row css_animation=\u00bb\u00bb row_type=\u00bbrow\u00bb use_row_as_full_screen_section=\u00bbno\u00bb type=\u00bbfull_width\u00bb angled_section=\u00bbno\u00bb text_align=\u00bbleft\u00bb background_image_as_pattern=\u00bbwithout_pattern\u00bb][vc_column][vc_column_text css=\u00bb\u00bb]<\/p>\n<h4 style=\"text-align: center;\"><strong>Habitaciones familiares: espacio y comodidad para familias y grupos<\/strong><\/h4>\n<p><\/p>\n<p style=\"text-align: center;\">Las <strong>habitaciones familiares<\/strong> est\u00e1n pensadas para familias o grupos de amigos que desean un <strong>alojamiento c\u00f3modo<\/strong>, funcional y pr\u00e1ctico.<\/p>\n<p><\/p>\n<p style=\"text-align: center;\">Amplias y <strong>luminosas<\/strong>, ofrecen todo el espacio necesario para garantizar una estancia tranquila y relajante.<\/p>\n<p style=\"text-align: center;\">Las habitaciones est\u00e1n equipadas con:<\/p>\n<ul style=\"text-align: center;\">\n<li><strong>Ba\u00f1o privado<\/strong> con <strong>ducha<\/strong>, kit de cortes\u00eda y secador de pelo<\/li>\n<li><strong>Aire acondicionado<\/strong>, para el m\u00e1ximo confort en cualquier \u00e9poca del a\u00f1o<\/li>\n<li><strong>Limpieza diaria<\/strong> para que los espacios est\u00e9n siempre ordenados y acogedores<\/li>\n<li><strong>TV de pantalla plana<\/strong> para el entretenimiento de todos<\/li>\n<li><strong>Tel\u00e9fono<\/strong> e <strong>Internet Wi-Fi gratuito<\/strong>, para estar siempre conectado<\/li>\n<li><strong>Caja fuerte<\/strong>, para garantizar la seguridad de sus objetos personales<\/li>\n<\/ul>\n<p><\/p>\n<p style=\"text-align: center;\">Las <strong>habitaciones familiares<\/strong> pueden alojar c\u00f3modamente a <strong>tres o cuatro personas<\/strong>, ofreciendo un ambiente ideal para familias y grupos peque\u00f1os.<\/p>\n<p style=\"text-align: center;\">Con una ubicaci\u00f3n estrat\u00e9gica en <strong>Bellariva di Rimini<\/strong>, estas habitaciones son perfectas para unas vacaciones relajantes y pr\u00e1cticas.<br \/>&nbsp;<\/p>\n<div class=\"post-link\" style=\"text-align: center;\"><a class=\"post-link__btn\" href=\"https:\/\/www.scidoo.com\/preventivov2\/?cod=1028&#038;lang=0&amp;dataarr=2026-4-1&amp;notti=2&amp;adult=2&amp; IDsotto_struttura=0&amp;settore=1\" target=\"_blank\" rel=\"noopener noreferrer\">Reservar habitaci\u00f3n familiar<\/a><\/div>\n<p>\n[\/vc_column_text][vc_empty_space][\/vc_column][\/vc_row][vc_row css_animation=\u00bb\u00bb row_type=\u00bbrow\u00bb use_row_as_full_screen_section=\u00bbno\u00bb type=\u00bbfull_width\u00bb angled_section=\u00bbno\u00bb text_align=\u00bbleft\u00bb background_image_as_pattern=\u00bbwithout_pattern\u00bb][vc_column][qode_content_slider][qode_content_slider_item][vc_single_image image=\u00bb1412&#8243; img_size=\u00bblarge\u00bb alignment=\u00bbcenter\u00bb qode_css_animation=\u00bb\u00bb][\/qode_content_slider_item][qode_content_slider_item][vc_single_image image=\u00bb1421&#8243; img_size=\u00bblarge\u00bb alignment=\u00bbcenter\u00bb qode_css_animation=\u00bb\u00bb][\/qode_content_slider_item][qode_content_slider_item][vc_single_image image=\u00bb1411&#8243; img_size=\u00bblarge\u00bb alignment=\u00bbcenter\u00bb qode_css_animation=\u00bb\u00bb][\/qode_content_slider_item][qode_content_slider_item][vc_single_image image=\u00bb1410&#8243; img_size=\u00bblarge\u00bb alignment=\u00bbcenter\u00bb qode_css_animation=\u00bb\u00bb][\/qode_content_slider_item][\/qode_content_slider][\/vc_column][\/vc_row][vc_row css_animation=\u00bb\u00bb row_type=\u00bbrow\u00bb use_row_as_full_screen_section=\u00bbno\u00bb type=\u00bbfull_width\u00bb angled_section=\u00bbno\u00bb text_align=\u00bbleft\u00bb background_image_as_pattern=\u00bbwithout_pattern\u00bb][vc_column][vc_empty_space height=\u00bb64px\u00bb][\/vc_column][\/vc_row][vc_row css_animation=\u00bb\u00bb row_type=\u00bbrow\u00bb use_row_as_full_screen_section=\u00bbno\u00bb type=\u00bbfull_width\u00bb angled_section=\u00bbno\u00bb text_align=\u00bbleft\u00bb background_image_as_pattern=\u00bbwithout_pattern\u00bb z_index=\u00bb\u00bb css=\u00bb.vc_custom_1521128407800{padding-top: 7% !important;padding-bottom: 7% !important;background-color: #dfd9d4 !important;}\u00bb][vc_column][vc_column_text el_class=\u00bbrooms-my\u00bb]<\/p>\n<p style=\"text-align: center;\"><span style=\"color: #5f5959;\"><strong>Disfrute de unas vacaciones en perfecta tranquilidad, siempre podr\u00e1 contar con un personal amable y atento a sus necesidades.<\/strong><\/span><\/p>\n<p>\n[\/vc_column_text][\/vc_column][\/vc_row][vc_row css_animation=\u00bb\u00bb row_type=\u00bbrow\u00bb use_row_as_full_screen_section=\u00bbno\u00bb type=\u00bbfull_width\u00bb angled_section=\u00bbno\u00bb text_align=\u00bbleft\u00bb background_image_as_pattern=\u00bbwithout_pattern\u00bb][vc_column][vc_empty_space height=\u00bb64px\u00bb][\/vc_column][\/vc_row]<\/p>\n<\/div>","protected":false},"excerpt":{"rendered":"<p>[vc_row css_animation=\u00bb\u00bb row_type=\u00bbrow\u00bb use_row_as_full_screen_section=\u00bbno\u00bb type=\u00bbfull_width\u00bb angled_section=\u00bbno\u00bb text_align=\u00bbcenter\u00bb background_image_as_pattern=\u00bbwithout_pattern\u00bb z_index=\u00bb\u00bb background_color=\u00bb#dfd9d4&#8243; css=\u00bb.vc_custom_1708328100632{background-color: #dfd9d4 !important;}\u00bb][vc_column][vc_empty_space height=\u00bb60px\u00bb el_class=\u00bbempty60&#8243;][vc_column_text] Las habitaciones [\/vc_column_text][vc_column_text css=\u00bb\u00bb] Nuestras habitaciones te recibir\u00e1n en un ambiente relajante y confortable, pensado para ofrecerte el m\u00e1ximo confort durante tu estancia. Gracias a los numerosos servicios a su&#8230;<\/p>\n","protected":false},"author":1,"featured_media":0,"parent":0,"menu_order":0,"comment_status":"closed","ping_status":"closed","template":"","meta":{"_monsterinsights_skip_tracking":false,"_monsterinsights_sitenote_active":false,"_monsterinsights_sitenote_note":"","_monsterinsights_sitenote_category":0,"footnotes":""},"class_list":["post-3746","page","type-page","status-publish","hentry"],"aioseo_notices":[],"_links":{"self":[{"href":"https:\/\/hotelardesia.com\/es\/wp-json\/wp\/v2\/pages\/3746","targetHints":{"allow":["GET"]}}],"collection":[{"href":"https:\/\/hotelardesia.com\/es\/wp-json\/wp\/v2\/pages"}],"about":[{"href":"https:\/\/hotelardesia.com\/es\/wp-json\/wp\/v2\/types\/page"}],"author":[{"embeddable":true,"href":"https:\/\/hotelardesia.com\/es\/wp-json\/wp\/v2\/users\/1"}],"replies":[{"embeddable":true,"href":"https:\/\/hotelardesia.com\/es\/wp-json\/wp\/v2\/comments?post=3746"}],"version-history":[{"count":0,"href":"https:\/\/hotelardesia.com\/es\/wp-json\/wp\/v2\/pages\/3746\/revisions"}],"wp:attachment":[{"href":"https:\/\/hotelardesia.com\/es\/wp-json\/wp\/v2\/media?parent=3746"}],"curies":[{"name":"wp","href":"https:\/\/api.w.org\/{rel}","templated":true}]}}